{"id":6296,"date":"2024-04-15T08:37:22","date_gmt":"2024-04-15T06:37:22","guid":{"rendered":"https:\/\/delorenzoglobal.com\/?post_type=product&#038;p=6296"},"modified":"2025-01-27T14:13:19","modified_gmt":"2025-01-27T13:13:19","slug":"configuracion-completa","status":"publish","type":"product","link":"https:\/\/delorenzoglobal.com\/es\/producto\/configuracion-completa\/","title":{"rendered":"CONFIGURACI\u00d3N COMPLETA"},"content":{"rendered":"<p>De Lorenzo ha dise\u00f1ado un laboratorio para el estudio de la tecnolog\u00eda dom\u00f3tica que permite al alumno una formaci\u00f3n pr\u00e1ctica, basada en la realizaci\u00f3n de ejercicios guiados experimentos.<\/p>\n<p>Para este laboratorio se han utilizado componentes de tipo industrial. adaptado educativamente mediante el uso del sistema de paneles modulares que permite su montaje paso a paso desde los m\u00e1s sencillos circuito hasta los sistemas m\u00e1s complejos.<\/p>\n<p>Partiendo de los principios b\u00e1sicos el alumno sigue un camino educativo que lo lleva, con la ayuda de manuales did\u00e1cticos, al estudio de las m\u00e1s complejas circuitos de forma gradual y sistem\u00e1tica.<\/p>\n<p>Los temas de estudio incluyen las siguientes categor\u00edas:<\/p>\n<p>Planta de iluminaci\u00f3n BEI LP<\/p>\n<p>EIB SCP Planta de control de persianas<\/p>\n<p>BEI SP Planta de seguridad<\/p>\n<p>EIB HAP Planta de calefacci\u00f3n\/aire acondicionado<\/p>\n<p>M\u00f3dulo Escenario EIB SM<\/p>\n<p>Planta EIB PTT con PLC, panel t\u00e1ctil e interruptor horario<\/p>\n<p>CONFIGURACI\u00d3N TOTAL BEI TOTAL<\/p>\n","protected":false},"excerpt":{"rendered":"<p>De Lorenzo ha dise\u00f1ado un laboratorio para el estudio de la tecnolog\u00eda dom\u00f3tica que permite al alumno una formaci\u00f3n pr\u00e1ctica, basada en la realizaci\u00f3n de ejercicios guiados experimentos. Para este laboratorio se han utilizado componentes de tipo industrial. adaptado educativamente mediante el uso del sistema de paneles modulares que permite su montaje paso a paso [&hellip;]<\/p>\n","protected":false},"featured_media":6285,"template":"","meta":{"_acf_changed":false},"product_brand":[],"product_cat":[293],"product_tag":[],"class_list":{"0":"post-6296","1":"product","2":"type-product","3":"status-publish","4":"has-post-thumbnail","6":"product_cat-domotica-es","8":"first","9":"instock","10":"shipping-taxable","11":"product-type-simple"},"acf":[],"yoast_head":"<!-- This site is optimized with the Yoast SEO plugin v27.4 - https:\/\/yoast.com\/product\/yoast-seo-wordpress\/ -->\n<title>CONFIGURACI\u00d3N COMPLETA - De Lorenzo Training &amp; Didactical Equipment<\/title>\n<meta name=\"robots\" content=\"index, follow, max-snippet:-1, max-image-preview:large, max-video-preview:-1\" \/>\n<link rel=\"canonical\" href=\"https:\/\/delorenzoglobal.com\/es\/producto\/configuracion-completa\/\" \/>\n<meta property=\"og:locale\" content=\"es_ES\" \/>\n<meta property=\"og:type\" content=\"article\" \/>\n<meta property=\"og:title\" content=\"CONFIGURACI\u00d3N COMPLETA - De Lorenzo Training &amp; Didactical Equipment\" \/>\n<meta property=\"og:description\" content=\"De Lorenzo ha dise\u00f1ado un laboratorio para el estudio de la tecnolog\u00eda dom\u00f3tica que permite al alumno una formaci\u00f3n pr\u00e1ctica, basada en la realizaci\u00f3n de ejercicios guiados experimentos. Para este laboratorio se han utilizado componentes de tipo industrial. adaptado educativamente mediante el uso del sistema de paneles modulares que permite su montaje paso a paso [&hellip;]\" \/>\n<meta property=\"og:url\" content=\"https:\/\/delorenzoglobal.com\/es\/producto\/configuracion-completa\/\" \/>\n<meta property=\"og:site_name\" content=\"De Lorenzo Training &amp; Didactical Equipment\" \/>\n<meta property=\"article:modified_time\" content=\"2025-01-27T13:13:19+00:00\" \/>\n<meta property=\"og:image\" content=\"https:\/\/delorenzoglobal.com\/wp-content\/uploads\/2024\/04\/EIB-TOT-scaled.jpg\" \/>\n\t<meta property=\"og:image:width\" content=\"2560\" \/>\n\t<meta property=\"og:image:height\" content=\"2225\" \/>\n\t<meta property=\"og:image:type\" content=\"image\/jpeg\" \/>\n<meta name=\"twitter:card\" content=\"summary_large_image\" \/>\n<meta name=\"twitter:label1\" content=\"Tiempo de lectura\" \/>\n\t<meta name=\"twitter:data1\" content=\"1 minuto\" \/>\n<script type=\"application\/ld+json\" class=\"yoast-schema-graph\">{\"@context\":\"https:\\\/\\\/schema.org\",\"@graph\":[{\"@type\":\"WebPage\",\"@id\":\"https:\\\/\\\/delorenzoglobal.com\\\/es\\\/producto\\\/configuracion-completa\\\/\",\"url\":\"https:\\\/\\\/delorenzoglobal.com\\\/es\\\/producto\\\/configuracion-completa\\\/\",\"name\":\"CONFIGURACI\u00d3N COMPLETA - De Lorenzo Training &amp; Didactical Equipment\",\"isPartOf\":{\"@id\":\"https:\\\/\\\/delorenzoglobal.com\\\/es\\\/#website\"},\"primaryImageOfPage\":{\"@id\":\"https:\\\/\\\/delorenzoglobal.com\\\/es\\\/producto\\\/configuracion-completa\\\/#primaryimage\"},\"image\":{\"@id\":\"https:\\\/\\\/delorenzoglobal.com\\\/es\\\/producto\\\/configuracion-completa\\\/#primaryimage\"},\"thumbnailUrl\":\"https:\\\/\\\/delorenzoglobal.com\\\/wp-content\\\/uploads\\\/2024\\\/04\\\/EIB-TOT-scaled.jpg\",\"datePublished\":\"2024-04-15T06:37:22+00:00\",\"dateModified\":\"2025-01-27T13:13:19+00:00\",\"breadcrumb\":{\"@id\":\"https:\\\/\\\/delorenzoglobal.com\\\/es\\\/producto\\\/configuracion-completa\\\/#breadcrumb\"},\"inLanguage\":\"es\",\"potentialAction\":[{\"@type\":\"ReadAction\",\"target\":[\"https:\\\/\\\/delorenzoglobal.com\\\/es\\\/producto\\\/configuracion-completa\\\/\"]}]},{\"@type\":\"ImageObject\",\"inLanguage\":\"es\",\"@id\":\"https:\\\/\\\/delorenzoglobal.com\\\/es\\\/producto\\\/configuracion-completa\\\/#primaryimage\",\"url\":\"https:\\\/\\\/delorenzoglobal.com\\\/wp-content\\\/uploads\\\/2024\\\/04\\\/EIB-TOT-scaled.jpg\",\"contentUrl\":\"https:\\\/\\\/delorenzoglobal.com\\\/wp-content\\\/uploads\\\/2024\\\/04\\\/EIB-TOT-scaled.jpg\",\"width\":2560,\"height\":2225},{\"@type\":\"BreadcrumbList\",\"@id\":\"https:\\\/\\\/delorenzoglobal.com\\\/es\\\/producto\\\/configuracion-completa\\\/#breadcrumb\",\"itemListElement\":[{\"@type\":\"ListItem\",\"position\":1,\"name\":\"Home\",\"item\":\"https:\\\/\\\/delorenzoglobal.com\\\/es\\\/\"},{\"@type\":\"ListItem\",\"position\":2,\"name\":\"Tienda\",\"item\":\"https:\\\/\\\/delorenzoglobal.com\\\/es\\\/tienda\\\/\"},{\"@type\":\"ListItem\",\"position\":3,\"name\":\"CONFIGURACI\u00d3N COMPLETA\"}]},{\"@type\":\"WebSite\",\"@id\":\"https:\\\/\\\/delorenzoglobal.com\\\/es\\\/#website\",\"url\":\"https:\\\/\\\/delorenzoglobal.com\\\/es\\\/\",\"name\":\"De Lorenzo Training &amp; Didactical Equipment\",\"description\":\"\",\"potentialAction\":[{\"@type\":\"SearchAction\",\"target\":{\"@type\":\"EntryPoint\",\"urlTemplate\":\"https:\\\/\\\/delorenzoglobal.com\\\/es\\\/?s={search_term_string}\"},\"query-input\":{\"@type\":\"PropertyValueSpecification\",\"valueRequired\":true,\"valueName\":\"search_term_string\"}}],\"inLanguage\":\"es\"}]}<\/script>\n<!-- \/ Yoast SEO plugin. -->","yoast_head_json":{"title":"CONFIGURACI\u00d3N COMPLETA - De Lorenzo Training &amp; Didactical Equipment","robots":{"index":"index","follow":"follow","max-snippet":"max-snippet:-1","max-image-preview":"max-image-preview:large","max-video-preview":"max-video-preview:-1"},"canonical":"https:\/\/delorenzoglobal.com\/es\/producto\/configuracion-completa\/","og_locale":"es_ES","og_type":"article","og_title":"CONFIGURACI\u00d3N COMPLETA - De Lorenzo Training &amp; Didactical Equipment","og_description":"De Lorenzo ha dise\u00f1ado un laboratorio para el estudio de la tecnolog\u00eda dom\u00f3tica que permite al alumno una formaci\u00f3n pr\u00e1ctica, basada en la realizaci\u00f3n de ejercicios guiados experimentos. Para este laboratorio se han utilizado componentes de tipo industrial. adaptado educativamente mediante el uso del sistema de paneles modulares que permite su montaje paso a paso [&hellip;]","og_url":"https:\/\/delorenzoglobal.com\/es\/producto\/configuracion-completa\/","og_site_name":"De Lorenzo Training &amp; Didactical Equipment","article_modified_time":"2025-01-27T13:13:19+00:00","og_image":[{"width":2560,"height":2225,"url":"https:\/\/delorenzoglobal.com\/wp-content\/uploads\/2024\/04\/EIB-TOT-scaled.jpg","type":"image\/jpeg"}],"twitter_card":"summary_large_image","twitter_misc":{"Tiempo de lectura":"1 minuto"},"schema":{"@context":"https:\/\/schema.org","@graph":[{"@type":"WebPage","@id":"https:\/\/delorenzoglobal.com\/es\/producto\/configuracion-completa\/","url":"https:\/\/delorenzoglobal.com\/es\/producto\/configuracion-completa\/","name":"CONFIGURACI\u00d3N COMPLETA - De Lorenzo Training &amp; Didactical Equipment","isPartOf":{"@id":"https:\/\/delorenzoglobal.com\/es\/#website"},"primaryImageOfPage":{"@id":"https:\/\/delorenzoglobal.com\/es\/producto\/configuracion-completa\/#primaryimage"},"image":{"@id":"https:\/\/delorenzoglobal.com\/es\/producto\/configuracion-completa\/#primaryimage"},"thumbnailUrl":"https:\/\/delorenzoglobal.com\/wp-content\/uploads\/2024\/04\/EIB-TOT-scaled.jpg","datePublished":"2024-04-15T06:37:22+00:00","dateModified":"2025-01-27T13:13:19+00:00","breadcrumb":{"@id":"https:\/\/delorenzoglobal.com\/es\/producto\/configuracion-completa\/#breadcrumb"},"inLanguage":"es","potentialAction":[{"@type":"ReadAction","target":["https:\/\/delorenzoglobal.com\/es\/producto\/configuracion-completa\/"]}]},{"@type":"ImageObject","inLanguage":"es","@id":"https:\/\/delorenzoglobal.com\/es\/producto\/configuracion-completa\/#primaryimage","url":"https:\/\/delorenzoglobal.com\/wp-content\/uploads\/2024\/04\/EIB-TOT-scaled.jpg","contentUrl":"https:\/\/delorenzoglobal.com\/wp-content\/uploads\/2024\/04\/EIB-TOT-scaled.jpg","width":2560,"height":2225},{"@type":"BreadcrumbList","@id":"https:\/\/delorenzoglobal.com\/es\/producto\/configuracion-completa\/#breadcrumb","itemListElement":[{"@type":"ListItem","position":1,"name":"Home","item":"https:\/\/delorenzoglobal.com\/es\/"},{"@type":"ListItem","position":2,"name":"Tienda","item":"https:\/\/delorenzoglobal.com\/es\/tienda\/"},{"@type":"ListItem","position":3,"name":"CONFIGURACI\u00d3N COMPLETA"}]},{"@type":"WebSite","@id":"https:\/\/delorenzoglobal.com\/es\/#website","url":"https:\/\/delorenzoglobal.com\/es\/","name":"De Lorenzo Training &amp; Didactical Equipment","description":"","potentialAction":[{"@type":"SearchAction","target":{"@type":"EntryPoint","urlTemplate":"https:\/\/delorenzoglobal.com\/es\/?s={search_term_string}"},"query-input":{"@type":"PropertyValueSpecification","valueRequired":true,"valueName":"search_term_string"}}],"inLanguage":"es"}]}},"_links":{"self":[{"href":"https:\/\/delorenzoglobal.com\/es\/wp-json\/wp\/v2\/product\/6296","targetHints":{"allow":["GET"]}}],"collection":[{"href":"https:\/\/delorenzoglobal.com\/es\/wp-json\/wp\/v2\/product"}],"about":[{"href":"https:\/\/delorenzoglobal.com\/es\/wp-json\/wp\/v2\/types\/product"}],"wp:featuredmedia":[{"embeddable":true,"href":"https:\/\/delorenzoglobal.com\/es\/wp-json\/wp\/v2\/media\/6285"}],"wp:attachment":[{"href":"https:\/\/delorenzoglobal.com\/es\/wp-json\/wp\/v2\/media?parent=6296"}],"wp:term":[{"taxonomy":"product_brand","embeddable":true,"href":"https:\/\/delorenzoglobal.com\/es\/wp-json\/wp\/v2\/product_brand?post=6296"},{"taxonomy":"product_cat","embeddable":true,"href":"https:\/\/delorenzoglobal.com\/es\/wp-json\/wp\/v2\/product_cat?post=6296"},{"taxonomy":"product_tag","embeddable":true,"href":"https:\/\/delorenzoglobal.com\/es\/wp-json\/wp\/v2\/product_tag?post=6296"}],"curies":[{"name":"wp","href":"https:\/\/api.w.org\/{rel}","templated":true}]}}