{"id":6242,"date":"2024-04-12T16:26:29","date_gmt":"2024-04-12T14:26:29","guid":{"rendered":"https:\/\/delorenzoglobal.com\/?post_type=product&#038;p=6242"},"modified":"2025-01-27T14:12:48","modified_gmt":"2025-01-27T13:12:48","slug":"sistema-de-escenas","status":"publish","type":"product","link":"https:\/\/delorenzoglobal.com\/es\/producto\/sistema-de-escenas\/","title":{"rendered":"SISTEMA DE ESCENAS"},"content":{"rendered":"<p>Este laboratorio est\u00e1 dise\u00f1ado para el estudio del m\u00f3dulo de escenograf\u00eda y permitir al alumno una formaci\u00f3n pr\u00e1ctica, basada en la realizaci\u00f3n de experimentos guiados.<\/p>\n<p>Los componentes de tipo industrial se adaptan educativamente mediante el uso de un sistema modular sistema de panel para permitir el montaje paso a paso desde el circuito m\u00e1s simple hasta el sistema m\u00e1s complejo.<\/p>\n<p>La configuraci\u00f3n permite la realizaci\u00f3n de los siguientes ejercicios:<\/p>\n<ul>\n<li>Control de escena\/evento El manual incluye ejercicios pr\u00e1cticos utilizando componentes est\u00e1ndar de EIB.<\/li>\n<\/ul>\n<p>Cada experimento describe desde el dise\u00f1o y configuraci\u00f3n hasta la puesta en marcha del sistema.<\/p>\n<p>Al mismo tiempo, el estudiante ser\u00e1 capaz de encontrar importantes informaci\u00f3n con terminolog\u00edas relevantes requeridas para el montaje de los sistemas de dom\u00f3tica.<\/p>\n","protected":false},"excerpt":{"rendered":"<p>Este laboratorio est\u00e1 dise\u00f1ado para el estudio del m\u00f3dulo de escenograf\u00eda y permitir al alumno una formaci\u00f3n pr\u00e1ctica, basada en la realizaci\u00f3n de experimentos guiados. Los componentes de tipo industrial se adaptan educativamente mediante el uso de un sistema modular sistema de panel para permitir el montaje paso a paso desde el circuito m\u00e1s simple [&hellip;]<\/p>\n","protected":false},"featured_media":6231,"template":"","meta":{"_acf_changed":false},"product_brand":[],"product_cat":[293],"product_tag":[],"class_list":{"0":"post-6242","1":"product","2":"type-product","3":"status-publish","4":"has-post-thumbnail","6":"product_cat-domotica-es","8":"first","9":"instock","10":"shipping-taxable","11":"product-type-simple"},"acf":[],"yoast_head":"<!-- This site is optimized with the Yoast SEO plugin v27.4 - https:\/\/yoast.com\/product\/yoast-seo-wordpress\/ -->\n<title>SISTEMA DE ESCENAS - De Lorenzo Training &amp; Didactical Equipment<\/title>\n<meta name=\"robots\" content=\"index, follow, max-snippet:-1, max-image-preview:large, max-video-preview:-1\" \/>\n<link rel=\"canonical\" href=\"https:\/\/delorenzoglobal.com\/es\/producto\/sistema-de-escenas\/\" \/>\n<meta property=\"og:locale\" content=\"es_ES\" \/>\n<meta property=\"og:type\" content=\"article\" \/>\n<meta property=\"og:title\" content=\"SISTEMA DE ESCENAS - De Lorenzo Training &amp; Didactical Equipment\" \/>\n<meta property=\"og:description\" content=\"Este laboratorio est\u00e1 dise\u00f1ado para el estudio del m\u00f3dulo de escenograf\u00eda y permitir al alumno una formaci\u00f3n pr\u00e1ctica, basada en la realizaci\u00f3n de experimentos guiados. Los componentes de tipo industrial se adaptan educativamente mediante el uso de un sistema modular sistema de panel para permitir el montaje paso a paso desde el circuito m\u00e1s simple [&hellip;]\" \/>\n<meta property=\"og:url\" content=\"https:\/\/delorenzoglobal.com\/es\/producto\/sistema-de-escenas\/\" \/>\n<meta property=\"og:site_name\" content=\"De Lorenzo Training &amp; Didactical Equipment\" \/>\n<meta property=\"article:modified_time\" content=\"2025-01-27T13:12:48+00:00\" \/>\n<meta property=\"og:image\" content=\"https:\/\/delorenzoglobal.com\/wp-content\/uploads\/2024\/04\/EIB-SM-scaled.jpg\" \/>\n\t<meta property=\"og:image:width\" content=\"2560\" \/>\n\t<meta property=\"og:image:height\" content=\"1899\" \/>\n\t<meta property=\"og:image:type\" content=\"image\/jpeg\" \/>\n<meta name=\"twitter:card\" content=\"summary_large_image\" \/>\n<meta name=\"twitter:label1\" content=\"Tiempo de lectura\" \/>\n\t<meta name=\"twitter:data1\" content=\"1 minuto\" \/>\n<script type=\"application\/ld+json\" class=\"yoast-schema-graph\">{\"@context\":\"https:\\\/\\\/schema.org\",\"@graph\":[{\"@type\":\"WebPage\",\"@id\":\"https:\\\/\\\/delorenzoglobal.com\\\/es\\\/producto\\\/sistema-de-escenas\\\/\",\"url\":\"https:\\\/\\\/delorenzoglobal.com\\\/es\\\/producto\\\/sistema-de-escenas\\\/\",\"name\":\"SISTEMA DE ESCENAS - De Lorenzo Training &amp; Didactical Equipment\",\"isPartOf\":{\"@id\":\"https:\\\/\\\/delorenzoglobal.com\\\/es\\\/#website\"},\"primaryImageOfPage\":{\"@id\":\"https:\\\/\\\/delorenzoglobal.com\\\/es\\\/producto\\\/sistema-de-escenas\\\/#primaryimage\"},\"image\":{\"@id\":\"https:\\\/\\\/delorenzoglobal.com\\\/es\\\/producto\\\/sistema-de-escenas\\\/#primaryimage\"},\"thumbnailUrl\":\"https:\\\/\\\/delorenzoglobal.com\\\/wp-content\\\/uploads\\\/2024\\\/04\\\/EIB-SM-scaled.jpg\",\"datePublished\":\"2024-04-12T14:26:29+00:00\",\"dateModified\":\"2025-01-27T13:12:48+00:00\",\"breadcrumb\":{\"@id\":\"https:\\\/\\\/delorenzoglobal.com\\\/es\\\/producto\\\/sistema-de-escenas\\\/#breadcrumb\"},\"inLanguage\":\"es\",\"potentialAction\":[{\"@type\":\"ReadAction\",\"target\":[\"https:\\\/\\\/delorenzoglobal.com\\\/es\\\/producto\\\/sistema-de-escenas\\\/\"]}]},{\"@type\":\"ImageObject\",\"inLanguage\":\"es\",\"@id\":\"https:\\\/\\\/delorenzoglobal.com\\\/es\\\/producto\\\/sistema-de-escenas\\\/#primaryimage\",\"url\":\"https:\\\/\\\/delorenzoglobal.com\\\/wp-content\\\/uploads\\\/2024\\\/04\\\/EIB-SM-scaled.jpg\",\"contentUrl\":\"https:\\\/\\\/delorenzoglobal.com\\\/wp-content\\\/uploads\\\/2024\\\/04\\\/EIB-SM-scaled.jpg\",\"width\":2560,\"height\":1899},{\"@type\":\"BreadcrumbList\",\"@id\":\"https:\\\/\\\/delorenzoglobal.com\\\/es\\\/producto\\\/sistema-de-escenas\\\/#breadcrumb\",\"itemListElement\":[{\"@type\":\"ListItem\",\"position\":1,\"name\":\"Home\",\"item\":\"https:\\\/\\\/delorenzoglobal.com\\\/es\\\/\"},{\"@type\":\"ListItem\",\"position\":2,\"name\":\"Tienda\",\"item\":\"https:\\\/\\\/delorenzoglobal.com\\\/es\\\/tienda\\\/\"},{\"@type\":\"ListItem\",\"position\":3,\"name\":\"SISTEMA DE ESCENAS\"}]},{\"@type\":\"WebSite\",\"@id\":\"https:\\\/\\\/delorenzoglobal.com\\\/es\\\/#website\",\"url\":\"https:\\\/\\\/delorenzoglobal.com\\\/es\\\/\",\"name\":\"De Lorenzo Training &amp; Didactical Equipment\",\"description\":\"\",\"potentialAction\":[{\"@type\":\"SearchAction\",\"target\":{\"@type\":\"EntryPoint\",\"urlTemplate\":\"https:\\\/\\\/delorenzoglobal.com\\\/es\\\/?s={search_term_string}\"},\"query-input\":{\"@type\":\"PropertyValueSpecification\",\"valueRequired\":true,\"valueName\":\"search_term_string\"}}],\"inLanguage\":\"es\"}]}<\/script>\n<!-- \/ Yoast SEO plugin. -->","yoast_head_json":{"title":"SISTEMA DE ESCENAS - De Lorenzo Training &amp; Didactical Equipment","robots":{"index":"index","follow":"follow","max-snippet":"max-snippet:-1","max-image-preview":"max-image-preview:large","max-video-preview":"max-video-preview:-1"},"canonical":"https:\/\/delorenzoglobal.com\/es\/producto\/sistema-de-escenas\/","og_locale":"es_ES","og_type":"article","og_title":"SISTEMA DE ESCENAS - De Lorenzo Training &amp; Didactical Equipment","og_description":"Este laboratorio est\u00e1 dise\u00f1ado para el estudio del m\u00f3dulo de escenograf\u00eda y permitir al alumno una formaci\u00f3n pr\u00e1ctica, basada en la realizaci\u00f3n de experimentos guiados. Los componentes de tipo industrial se adaptan educativamente mediante el uso de un sistema modular sistema de panel para permitir el montaje paso a paso desde el circuito m\u00e1s simple [&hellip;]","og_url":"https:\/\/delorenzoglobal.com\/es\/producto\/sistema-de-escenas\/","og_site_name":"De Lorenzo Training &amp; Didactical Equipment","article_modified_time":"2025-01-27T13:12:48+00:00","og_image":[{"width":2560,"height":1899,"url":"https:\/\/delorenzoglobal.com\/wp-content\/uploads\/2024\/04\/EIB-SM-scaled.jpg","type":"image\/jpeg"}],"twitter_card":"summary_large_image","twitter_misc":{"Tiempo de lectura":"1 minuto"},"schema":{"@context":"https:\/\/schema.org","@graph":[{"@type":"WebPage","@id":"https:\/\/delorenzoglobal.com\/es\/producto\/sistema-de-escenas\/","url":"https:\/\/delorenzoglobal.com\/es\/producto\/sistema-de-escenas\/","name":"SISTEMA DE ESCENAS - De Lorenzo Training &amp; Didactical Equipment","isPartOf":{"@id":"https:\/\/delorenzoglobal.com\/es\/#website"},"primaryImageOfPage":{"@id":"https:\/\/delorenzoglobal.com\/es\/producto\/sistema-de-escenas\/#primaryimage"},"image":{"@id":"https:\/\/delorenzoglobal.com\/es\/producto\/sistema-de-escenas\/#primaryimage"},"thumbnailUrl":"https:\/\/delorenzoglobal.com\/wp-content\/uploads\/2024\/04\/EIB-SM-scaled.jpg","datePublished":"2024-04-12T14:26:29+00:00","dateModified":"2025-01-27T13:12:48+00:00","breadcrumb":{"@id":"https:\/\/delorenzoglobal.com\/es\/producto\/sistema-de-escenas\/#breadcrumb"},"inLanguage":"es","potentialAction":[{"@type":"ReadAction","target":["https:\/\/delorenzoglobal.com\/es\/producto\/sistema-de-escenas\/"]}]},{"@type":"ImageObject","inLanguage":"es","@id":"https:\/\/delorenzoglobal.com\/es\/producto\/sistema-de-escenas\/#primaryimage","url":"https:\/\/delorenzoglobal.com\/wp-content\/uploads\/2024\/04\/EIB-SM-scaled.jpg","contentUrl":"https:\/\/delorenzoglobal.com\/wp-content\/uploads\/2024\/04\/EIB-SM-scaled.jpg","width":2560,"height":1899},{"@type":"BreadcrumbList","@id":"https:\/\/delorenzoglobal.com\/es\/producto\/sistema-de-escenas\/#breadcrumb","itemListElement":[{"@type":"ListItem","position":1,"name":"Home","item":"https:\/\/delorenzoglobal.com\/es\/"},{"@type":"ListItem","position":2,"name":"Tienda","item":"https:\/\/delorenzoglobal.com\/es\/tienda\/"},{"@type":"ListItem","position":3,"name":"SISTEMA DE ESCENAS"}]},{"@type":"WebSite","@id":"https:\/\/delorenzoglobal.com\/es\/#website","url":"https:\/\/delorenzoglobal.com\/es\/","name":"De Lorenzo Training &amp; Didactical Equipment","description":"","potentialAction":[{"@type":"SearchAction","target":{"@type":"EntryPoint","urlTemplate":"https:\/\/delorenzoglobal.com\/es\/?s={search_term_string}"},"query-input":{"@type":"PropertyValueSpecification","valueRequired":true,"valueName":"search_term_string"}}],"inLanguage":"es"}]}},"_links":{"self":[{"href":"https:\/\/delorenzoglobal.com\/es\/wp-json\/wp\/v2\/product\/6242","targetHints":{"allow":["GET"]}}],"collection":[{"href":"https:\/\/delorenzoglobal.com\/es\/wp-json\/wp\/v2\/product"}],"about":[{"href":"https:\/\/delorenzoglobal.com\/es\/wp-json\/wp\/v2\/types\/product"}],"wp:featuredmedia":[{"embeddable":true,"href":"https:\/\/delorenzoglobal.com\/es\/wp-json\/wp\/v2\/media\/6231"}],"wp:attachment":[{"href":"https:\/\/delorenzoglobal.com\/es\/wp-json\/wp\/v2\/media?parent=6242"}],"wp:term":[{"taxonomy":"product_brand","embeddable":true,"href":"https:\/\/delorenzoglobal.com\/es\/wp-json\/wp\/v2\/product_brand?post=6242"},{"taxonomy":"product_cat","embeddable":true,"href":"https:\/\/delorenzoglobal.com\/es\/wp-json\/wp\/v2\/product_cat?post=6242"},{"taxonomy":"product_tag","embeddable":true,"href":"https:\/\/delorenzoglobal.com\/es\/wp-json\/wp\/v2\/product_tag?post=6242"}],"curies":[{"name":"wp","href":"https:\/\/api.w.org\/{rel}","templated":true}]}}