{"id":6218,"date":"2024-04-12T16:14:58","date_gmt":"2024-04-12T14:14:58","guid":{"rendered":"https:\/\/delorenzoglobal.com\/?post_type=product&#038;p=6218"},"modified":"2025-01-27T14:12:31","modified_gmt":"2025-01-27T13:12:31","slug":"planta-de-calefaccion","status":"publish","type":"product","link":"https:\/\/delorenzoglobal.com\/es\/producto\/planta-de-calefaccion\/","title":{"rendered":"PLANTA DE CALEFACCI\u00d3N"},"content":{"rendered":"<p>Este laboratorio est\u00e1 dise\u00f1ado para el estudio de la Planta de Calefacci\u00f3n\/Aire Acondicionado y para permitir al alumno una pr\u00e1ctica entrenamiento, basado en la realizaci\u00f3n de experimentos guiados.<\/p>\n<p>Los componentes de tipo industrial son adaptados educativamente por utilizando un sistema de paneles modulares para permitir el montaje paso a paso desde el circuito m\u00e1s simple hasta el m\u00e1s complejo sistema.<\/p>\n<p>La configuraci\u00f3n permite la realizaci\u00f3n de los siguientes ejercicios:<\/p>\n<ul>\n<li>Planta de Calefacci\u00f3n\/Aire Acondicionado El manual incluye ejercicios pr\u00e1cticos utilizando componentes est\u00e1ndar de EIB.<\/li>\n<\/ul>\n<p>Cada experimento describe desde el dise\u00f1o y configuraci\u00f3n hasta la puesta en marcha del sistema.<\/p>\n<p>Al mismo tiempo, el estudiante ser\u00e1 capaz de encontrar importantes informaci\u00f3n con terminolog\u00edas relevantes requeridas para el montaje de los sistemas de dom\u00f3tica.<\/p>\n","protected":false},"excerpt":{"rendered":"<p>Este laboratorio est\u00e1 dise\u00f1ado para el estudio de la Planta de Calefacci\u00f3n\/Aire Acondicionado y para permitir al alumno una pr\u00e1ctica entrenamiento, basado en la realizaci\u00f3n de experimentos guiados. Los componentes de tipo industrial son adaptados educativamente por utilizando un sistema de paneles modulares para permitir el montaje paso a paso desde el circuito m\u00e1s simple [&hellip;]<\/p>\n","protected":false},"featured_media":6207,"template":"","meta":{"_acf_changed":false},"product_brand":[],"product_cat":[293],"product_tag":[],"class_list":{"0":"post-6218","1":"product","2":"type-product","3":"status-publish","4":"has-post-thumbnail","6":"product_cat-domotica-es","8":"first","9":"instock","10":"shipping-taxable","11":"product-type-simple"},"acf":[],"yoast_head":"<!-- This site is optimized with the Yoast SEO plugin v27.4 - https:\/\/yoast.com\/product\/yoast-seo-wordpress\/ -->\n<title>PLANTA DE CALEFACCI\u00d3N - De Lorenzo Training &amp; Didactical Equipment<\/title>\n<meta name=\"robots\" content=\"index, follow, max-snippet:-1, max-image-preview:large, max-video-preview:-1\" \/>\n<link rel=\"canonical\" href=\"https:\/\/delorenzoglobal.com\/es\/producto\/planta-de-calefaccion\/\" \/>\n<meta property=\"og:locale\" content=\"es_ES\" \/>\n<meta property=\"og:type\" content=\"article\" \/>\n<meta property=\"og:title\" content=\"PLANTA DE CALEFACCI\u00d3N - De Lorenzo Training &amp; Didactical Equipment\" \/>\n<meta property=\"og:description\" content=\"Este laboratorio est\u00e1 dise\u00f1ado para el estudio de la Planta de Calefacci\u00f3n\/Aire Acondicionado y para permitir al alumno una pr\u00e1ctica entrenamiento, basado en la realizaci\u00f3n de experimentos guiados. Los componentes de tipo industrial son adaptados educativamente por utilizando un sistema de paneles modulares para permitir el montaje paso a paso desde el circuito m\u00e1s simple [&hellip;]\" \/>\n<meta property=\"og:url\" content=\"https:\/\/delorenzoglobal.com\/es\/producto\/planta-de-calefaccion\/\" \/>\n<meta property=\"og:site_name\" content=\"De Lorenzo Training &amp; Didactical Equipment\" \/>\n<meta property=\"article:modified_time\" content=\"2025-01-27T13:12:31+00:00\" \/>\n<meta property=\"og:image\" content=\"https:\/\/delorenzoglobal.com\/wp-content\/uploads\/2024\/04\/EIB-HAP-scaled.jpg\" \/>\n\t<meta property=\"og:image:width\" content=\"2560\" \/>\n\t<meta property=\"og:image:height\" content=\"1924\" \/>\n\t<meta property=\"og:image:type\" content=\"image\/jpeg\" \/>\n<meta name=\"twitter:card\" content=\"summary_large_image\" \/>\n<meta name=\"twitter:label1\" content=\"Tiempo de lectura\" \/>\n\t<meta name=\"twitter:data1\" content=\"1 minuto\" \/>\n<script type=\"application\/ld+json\" class=\"yoast-schema-graph\">{\"@context\":\"https:\\\/\\\/schema.org\",\"@graph\":[{\"@type\":\"WebPage\",\"@id\":\"https:\\\/\\\/delorenzoglobal.com\\\/es\\\/producto\\\/planta-de-calefaccion\\\/\",\"url\":\"https:\\\/\\\/delorenzoglobal.com\\\/es\\\/producto\\\/planta-de-calefaccion\\\/\",\"name\":\"PLANTA DE CALEFACCI\u00d3N - De Lorenzo Training &amp; Didactical Equipment\",\"isPartOf\":{\"@id\":\"https:\\\/\\\/delorenzoglobal.com\\\/es\\\/#website\"},\"primaryImageOfPage\":{\"@id\":\"https:\\\/\\\/delorenzoglobal.com\\\/es\\\/producto\\\/planta-de-calefaccion\\\/#primaryimage\"},\"image\":{\"@id\":\"https:\\\/\\\/delorenzoglobal.com\\\/es\\\/producto\\\/planta-de-calefaccion\\\/#primaryimage\"},\"thumbnailUrl\":\"https:\\\/\\\/delorenzoglobal.com\\\/wp-content\\\/uploads\\\/2024\\\/04\\\/EIB-HAP-scaled.jpg\",\"datePublished\":\"2024-04-12T14:14:58+00:00\",\"dateModified\":\"2025-01-27T13:12:31+00:00\",\"breadcrumb\":{\"@id\":\"https:\\\/\\\/delorenzoglobal.com\\\/es\\\/producto\\\/planta-de-calefaccion\\\/#breadcrumb\"},\"inLanguage\":\"es\",\"potentialAction\":[{\"@type\":\"ReadAction\",\"target\":[\"https:\\\/\\\/delorenzoglobal.com\\\/es\\\/producto\\\/planta-de-calefaccion\\\/\"]}]},{\"@type\":\"ImageObject\",\"inLanguage\":\"es\",\"@id\":\"https:\\\/\\\/delorenzoglobal.com\\\/es\\\/producto\\\/planta-de-calefaccion\\\/#primaryimage\",\"url\":\"https:\\\/\\\/delorenzoglobal.com\\\/wp-content\\\/uploads\\\/2024\\\/04\\\/EIB-HAP-scaled.jpg\",\"contentUrl\":\"https:\\\/\\\/delorenzoglobal.com\\\/wp-content\\\/uploads\\\/2024\\\/04\\\/EIB-HAP-scaled.jpg\",\"width\":2560,\"height\":1924},{\"@type\":\"BreadcrumbList\",\"@id\":\"https:\\\/\\\/delorenzoglobal.com\\\/es\\\/producto\\\/planta-de-calefaccion\\\/#breadcrumb\",\"itemListElement\":[{\"@type\":\"ListItem\",\"position\":1,\"name\":\"Home\",\"item\":\"https:\\\/\\\/delorenzoglobal.com\\\/es\\\/\"},{\"@type\":\"ListItem\",\"position\":2,\"name\":\"Tienda\",\"item\":\"https:\\\/\\\/delorenzoglobal.com\\\/es\\\/tienda\\\/\"},{\"@type\":\"ListItem\",\"position\":3,\"name\":\"PLANTA DE CALEFACCI\u00d3N\"}]},{\"@type\":\"WebSite\",\"@id\":\"https:\\\/\\\/delorenzoglobal.com\\\/es\\\/#website\",\"url\":\"https:\\\/\\\/delorenzoglobal.com\\\/es\\\/\",\"name\":\"De Lorenzo Training &amp; Didactical Equipment\",\"description\":\"\",\"potentialAction\":[{\"@type\":\"SearchAction\",\"target\":{\"@type\":\"EntryPoint\",\"urlTemplate\":\"https:\\\/\\\/delorenzoglobal.com\\\/es\\\/?s={search_term_string}\"},\"query-input\":{\"@type\":\"PropertyValueSpecification\",\"valueRequired\":true,\"valueName\":\"search_term_string\"}}],\"inLanguage\":\"es\"}]}<\/script>\n<!-- \/ Yoast SEO plugin. -->","yoast_head_json":{"title":"PLANTA DE CALEFACCI\u00d3N - De Lorenzo Training &amp; Didactical Equipment","robots":{"index":"index","follow":"follow","max-snippet":"max-snippet:-1","max-image-preview":"max-image-preview:large","max-video-preview":"max-video-preview:-1"},"canonical":"https:\/\/delorenzoglobal.com\/es\/producto\/planta-de-calefaccion\/","og_locale":"es_ES","og_type":"article","og_title":"PLANTA DE CALEFACCI\u00d3N - De Lorenzo Training &amp; Didactical Equipment","og_description":"Este laboratorio est\u00e1 dise\u00f1ado para el estudio de la Planta de Calefacci\u00f3n\/Aire Acondicionado y para permitir al alumno una pr\u00e1ctica entrenamiento, basado en la realizaci\u00f3n de experimentos guiados. Los componentes de tipo industrial son adaptados educativamente por utilizando un sistema de paneles modulares para permitir el montaje paso a paso desde el circuito m\u00e1s simple [&hellip;]","og_url":"https:\/\/delorenzoglobal.com\/es\/producto\/planta-de-calefaccion\/","og_site_name":"De Lorenzo Training &amp; Didactical Equipment","article_modified_time":"2025-01-27T13:12:31+00:00","og_image":[{"width":2560,"height":1924,"url":"https:\/\/delorenzoglobal.com\/wp-content\/uploads\/2024\/04\/EIB-HAP-scaled.jpg","type":"image\/jpeg"}],"twitter_card":"summary_large_image","twitter_misc":{"Tiempo de lectura":"1 minuto"},"schema":{"@context":"https:\/\/schema.org","@graph":[{"@type":"WebPage","@id":"https:\/\/delorenzoglobal.com\/es\/producto\/planta-de-calefaccion\/","url":"https:\/\/delorenzoglobal.com\/es\/producto\/planta-de-calefaccion\/","name":"PLANTA DE CALEFACCI\u00d3N - De Lorenzo Training &amp; Didactical Equipment","isPartOf":{"@id":"https:\/\/delorenzoglobal.com\/es\/#website"},"primaryImageOfPage":{"@id":"https:\/\/delorenzoglobal.com\/es\/producto\/planta-de-calefaccion\/#primaryimage"},"image":{"@id":"https:\/\/delorenzoglobal.com\/es\/producto\/planta-de-calefaccion\/#primaryimage"},"thumbnailUrl":"https:\/\/delorenzoglobal.com\/wp-content\/uploads\/2024\/04\/EIB-HAP-scaled.jpg","datePublished":"2024-04-12T14:14:58+00:00","dateModified":"2025-01-27T13:12:31+00:00","breadcrumb":{"@id":"https:\/\/delorenzoglobal.com\/es\/producto\/planta-de-calefaccion\/#breadcrumb"},"inLanguage":"es","potentialAction":[{"@type":"ReadAction","target":["https:\/\/delorenzoglobal.com\/es\/producto\/planta-de-calefaccion\/"]}]},{"@type":"ImageObject","inLanguage":"es","@id":"https:\/\/delorenzoglobal.com\/es\/producto\/planta-de-calefaccion\/#primaryimage","url":"https:\/\/delorenzoglobal.com\/wp-content\/uploads\/2024\/04\/EIB-HAP-scaled.jpg","contentUrl":"https:\/\/delorenzoglobal.com\/wp-content\/uploads\/2024\/04\/EIB-HAP-scaled.jpg","width":2560,"height":1924},{"@type":"BreadcrumbList","@id":"https:\/\/delorenzoglobal.com\/es\/producto\/planta-de-calefaccion\/#breadcrumb","itemListElement":[{"@type":"ListItem","position":1,"name":"Home","item":"https:\/\/delorenzoglobal.com\/es\/"},{"@type":"ListItem","position":2,"name":"Tienda","item":"https:\/\/delorenzoglobal.com\/es\/tienda\/"},{"@type":"ListItem","position":3,"name":"PLANTA DE CALEFACCI\u00d3N"}]},{"@type":"WebSite","@id":"https:\/\/delorenzoglobal.com\/es\/#website","url":"https:\/\/delorenzoglobal.com\/es\/","name":"De Lorenzo Training &amp; Didactical Equipment","description":"","potentialAction":[{"@type":"SearchAction","target":{"@type":"EntryPoint","urlTemplate":"https:\/\/delorenzoglobal.com\/es\/?s={search_term_string}"},"query-input":{"@type":"PropertyValueSpecification","valueRequired":true,"valueName":"search_term_string"}}],"inLanguage":"es"}]}},"_links":{"self":[{"href":"https:\/\/delorenzoglobal.com\/es\/wp-json\/wp\/v2\/product\/6218","targetHints":{"allow":["GET"]}}],"collection":[{"href":"https:\/\/delorenzoglobal.com\/es\/wp-json\/wp\/v2\/product"}],"about":[{"href":"https:\/\/delorenzoglobal.com\/es\/wp-json\/wp\/v2\/types\/product"}],"wp:featuredmedia":[{"embeddable":true,"href":"https:\/\/delorenzoglobal.com\/es\/wp-json\/wp\/v2\/media\/6207"}],"wp:attachment":[{"href":"https:\/\/delorenzoglobal.com\/es\/wp-json\/wp\/v2\/media?parent=6218"}],"wp:term":[{"taxonomy":"product_brand","embeddable":true,"href":"https:\/\/delorenzoglobal.com\/es\/wp-json\/wp\/v2\/product_brand?post=6218"},{"taxonomy":"product_cat","embeddable":true,"href":"https:\/\/delorenzoglobal.com\/es\/wp-json\/wp\/v2\/product_cat?post=6218"},{"taxonomy":"product_tag","embeddable":true,"href":"https:\/\/delorenzoglobal.com\/es\/wp-json\/wp\/v2\/product_tag?post=6218"}],"curies":[{"name":"wp","href":"https:\/\/api.w.org\/{rel}","templated":true}]}}