{"id":61934,"date":"2025-07-18T15:27:09","date_gmt":"2025-07-18T13:27:09","guid":{"rendered":"https:\/\/delorenzoglobal.com\/?post_type=product&#038;p=61934"},"modified":"2025-10-07T10:30:29","modified_gmt":"2025-10-07T08:30:29","slug":"modelo-de-elevador-simple","status":"publish","type":"product","link":"https:\/\/delorenzoglobal.com\/es\/producto\/modelo-de-elevador-simple\/","title":{"rendered":"MODELO DE ELEVADOR SIMPLE"},"content":{"rendered":"<p>Este equipo entrena principalmente a los talentos de instalaci\u00f3n, puesta en marcha y mantenimiento dedicados a la industria de elevadores. Se centra en los sistemas de control mec\u00e1nico y electr\u00f3nico, los flujos de procesos, y en cultivar la capacidad pr\u00e1ctica de los estudiantes para resolver problemas y lograr el efecto de extraer inferencias de un ejemplo, para tambi\u00e9n averiguar la causa de las fallas de forma r\u00e1pida y precisa y eliminarlas en el trabajo real mejorando las habilidades de pensamiento y an\u00e1lisis de los estudiantes.<\/p>\n","protected":false},"excerpt":{"rendered":"<p>Este equipo entrena principalmente a los talentos de instalaci\u00f3n, puesta en marcha y mantenimiento dedicados a la industria de elevadores. Se centra en los sistemas de control mec\u00e1nico y electr\u00f3nico, los flujos de procesos, y en cultivar la capacidad pr\u00e1ctica de los estudiantes para resolver problemas y lograr el efecto de extraer inferencias de un [&hellip;]<\/p>\n","protected":false},"featured_media":61918,"template":"","meta":{"_acf_changed":false},"product_brand":[],"product_cat":[172],"product_tag":[],"class_list":{"0":"post-61934","1":"product","2":"type-product","3":"status-publish","4":"has-post-thumbnail","6":"product_cat-aplicaciones-de-hardware","8":"first","9":"instock","10":"shipping-taxable","11":"product-type-simple"},"acf":[],"yoast_head":"<!-- This site is optimized with the Yoast SEO plugin v27.0 - https:\/\/yoast.com\/product\/yoast-seo-wordpress\/ -->\n<title>MODELO DE ELEVADOR SIMPLE - De Lorenzo Training &amp; Didactical Equipment<\/title>\n<meta name=\"robots\" content=\"index, follow, max-snippet:-1, max-image-preview:large, max-video-preview:-1\" \/>\n<link rel=\"canonical\" href=\"https:\/\/delorenzoglobal.com\/es\/producto\/modelo-de-elevador-simple\/\" \/>\n<meta property=\"og:locale\" content=\"es_ES\" \/>\n<meta property=\"og:type\" content=\"article\" \/>\n<meta property=\"og:title\" content=\"MODELO DE ELEVADOR SIMPLE - De Lorenzo Training &amp; Didactical Equipment\" \/>\n<meta property=\"og:description\" content=\"Este equipo entrena principalmente a los talentos de instalaci\u00f3n, puesta en marcha y mantenimiento dedicados a la industria de elevadores. Se centra en los sistemas de control mec\u00e1nico y electr\u00f3nico, los flujos de procesos, y en cultivar la capacidad pr\u00e1ctica de los estudiantes para resolver problemas y lograr el efecto de extraer inferencias de un [&hellip;]\" \/>\n<meta property=\"og:url\" content=\"https:\/\/delorenzoglobal.com\/es\/producto\/modelo-de-elevador-simple\/\" \/>\n<meta property=\"og:site_name\" content=\"De Lorenzo Training &amp; Didactical Equipment\" \/>\n<meta property=\"article:modified_time\" content=\"2025-10-07T08:30:29+00:00\" \/>\n<meta property=\"og:image\" content=\"https:\/\/delorenzoglobal.com\/wp-content\/uploads\/2025\/07\/DL-LIFT2.0.jpg\" \/>\n\t<meta property=\"og:image:width\" content=\"555\" \/>\n\t<meta property=\"og:image:height\" content=\"386\" \/>\n\t<meta property=\"og:image:type\" content=\"image\/jpeg\" \/>\n<meta name=\"twitter:card\" content=\"summary_large_image\" \/>\n<meta name=\"twitter:label1\" content=\"Tiempo de lectura\" \/>\n\t<meta name=\"twitter:data1\" content=\"1 minuto\" \/>\n<script type=\"application\/ld+json\" class=\"yoast-schema-graph\">{\"@context\":\"https:\/\/schema.org\",\"@graph\":[{\"@type\":\"WebPage\",\"@id\":\"https:\/\/delorenzoglobal.com\/es\/producto\/modelo-de-elevador-simple\/\",\"url\":\"https:\/\/delorenzoglobal.com\/es\/producto\/modelo-de-elevador-simple\/\",\"name\":\"MODELO DE ELEVADOR SIMPLE - De Lorenzo Training &amp; Didactical Equipment\",\"isPartOf\":{\"@id\":\"https:\/\/delorenzoglobal.com\/es\/#website\"},\"primaryImageOfPage\":{\"@id\":\"https:\/\/delorenzoglobal.com\/es\/producto\/modelo-de-elevador-simple\/#primaryimage\"},\"image\":{\"@id\":\"https:\/\/delorenzoglobal.com\/es\/producto\/modelo-de-elevador-simple\/#primaryimage\"},\"thumbnailUrl\":\"https:\/\/delorenzoglobal.com\/wp-content\/uploads\/2025\/07\/DL-LIFT2.0.jpg\",\"datePublished\":\"2025-07-18T13:27:09+00:00\",\"dateModified\":\"2025-10-07T08:30:29+00:00\",\"breadcrumb\":{\"@id\":\"https:\/\/delorenzoglobal.com\/es\/producto\/modelo-de-elevador-simple\/#breadcrumb\"},\"inLanguage\":\"es\",\"potentialAction\":[{\"@type\":\"ReadAction\",\"target\":[\"https:\/\/delorenzoglobal.com\/es\/producto\/modelo-de-elevador-simple\/\"]}]},{\"@type\":\"ImageObject\",\"inLanguage\":\"es\",\"@id\":\"https:\/\/delorenzoglobal.com\/es\/producto\/modelo-de-elevador-simple\/#primaryimage\",\"url\":\"https:\/\/delorenzoglobal.com\/wp-content\/uploads\/2025\/07\/DL-LIFT2.0.jpg\",\"contentUrl\":\"https:\/\/delorenzoglobal.com\/wp-content\/uploads\/2025\/07\/DL-LIFT2.0.jpg\",\"width\":555,\"height\":386},{\"@type\":\"BreadcrumbList\",\"@id\":\"https:\/\/delorenzoglobal.com\/es\/producto\/modelo-de-elevador-simple\/#breadcrumb\",\"itemListElement\":[{\"@type\":\"ListItem\",\"position\":1,\"name\":\"Home\",\"item\":\"https:\/\/delorenzoglobal.com\/es\/\"},{\"@type\":\"ListItem\",\"position\":2,\"name\":\"Tienda\",\"item\":\"https:\/\/delorenzoglobal.com\/es\/tienda\/\"},{\"@type\":\"ListItem\",\"position\":3,\"name\":\"MODELO DE ELEVADOR SIMPLE\"}]},{\"@type\":\"WebSite\",\"@id\":\"https:\/\/delorenzoglobal.com\/es\/#website\",\"url\":\"https:\/\/delorenzoglobal.com\/es\/\",\"name\":\"De Lorenzo Training &amp; Didactical Equipment\",\"description\":\"\",\"potentialAction\":[{\"@type\":\"SearchAction\",\"target\":{\"@type\":\"EntryPoint\",\"urlTemplate\":\"https:\/\/delorenzoglobal.com\/es\/?s={search_term_string}\"},\"query-input\":{\"@type\":\"PropertyValueSpecification\",\"valueRequired\":true,\"valueName\":\"search_term_string\"}}],\"inLanguage\":\"es\"}]}<\/script>\n<!-- \/ Yoast SEO plugin. -->","yoast_head_json":{"title":"MODELO DE ELEVADOR SIMPLE - De Lorenzo Training &amp; Didactical Equipment","robots":{"index":"index","follow":"follow","max-snippet":"max-snippet:-1","max-image-preview":"max-image-preview:large","max-video-preview":"max-video-preview:-1"},"canonical":"https:\/\/delorenzoglobal.com\/es\/producto\/modelo-de-elevador-simple\/","og_locale":"es_ES","og_type":"article","og_title":"MODELO DE ELEVADOR SIMPLE - De Lorenzo Training &amp; Didactical Equipment","og_description":"Este equipo entrena principalmente a los talentos de instalaci\u00f3n, puesta en marcha y mantenimiento dedicados a la industria de elevadores. Se centra en los sistemas de control mec\u00e1nico y electr\u00f3nico, los flujos de procesos, y en cultivar la capacidad pr\u00e1ctica de los estudiantes para resolver problemas y lograr el efecto de extraer inferencias de un [&hellip;]","og_url":"https:\/\/delorenzoglobal.com\/es\/producto\/modelo-de-elevador-simple\/","og_site_name":"De Lorenzo Training &amp; Didactical Equipment","article_modified_time":"2025-10-07T08:30:29+00:00","og_image":[{"width":555,"height":386,"url":"https:\/\/delorenzoglobal.com\/wp-content\/uploads\/2025\/07\/DL-LIFT2.0.jpg","type":"image\/jpeg"}],"twitter_card":"summary_large_image","twitter_misc":{"Tiempo de lectura":"1 minuto"},"schema":{"@context":"https:\/\/schema.org","@graph":[{"@type":"WebPage","@id":"https:\/\/delorenzoglobal.com\/es\/producto\/modelo-de-elevador-simple\/","url":"https:\/\/delorenzoglobal.com\/es\/producto\/modelo-de-elevador-simple\/","name":"MODELO DE ELEVADOR SIMPLE - De Lorenzo Training &amp; Didactical Equipment","isPartOf":{"@id":"https:\/\/delorenzoglobal.com\/es\/#website"},"primaryImageOfPage":{"@id":"https:\/\/delorenzoglobal.com\/es\/producto\/modelo-de-elevador-simple\/#primaryimage"},"image":{"@id":"https:\/\/delorenzoglobal.com\/es\/producto\/modelo-de-elevador-simple\/#primaryimage"},"thumbnailUrl":"https:\/\/delorenzoglobal.com\/wp-content\/uploads\/2025\/07\/DL-LIFT2.0.jpg","datePublished":"2025-07-18T13:27:09+00:00","dateModified":"2025-10-07T08:30:29+00:00","breadcrumb":{"@id":"https:\/\/delorenzoglobal.com\/es\/producto\/modelo-de-elevador-simple\/#breadcrumb"},"inLanguage":"es","potentialAction":[{"@type":"ReadAction","target":["https:\/\/delorenzoglobal.com\/es\/producto\/modelo-de-elevador-simple\/"]}]},{"@type":"ImageObject","inLanguage":"es","@id":"https:\/\/delorenzoglobal.com\/es\/producto\/modelo-de-elevador-simple\/#primaryimage","url":"https:\/\/delorenzoglobal.com\/wp-content\/uploads\/2025\/07\/DL-LIFT2.0.jpg","contentUrl":"https:\/\/delorenzoglobal.com\/wp-content\/uploads\/2025\/07\/DL-LIFT2.0.jpg","width":555,"height":386},{"@type":"BreadcrumbList","@id":"https:\/\/delorenzoglobal.com\/es\/producto\/modelo-de-elevador-simple\/#breadcrumb","itemListElement":[{"@type":"ListItem","position":1,"name":"Home","item":"https:\/\/delorenzoglobal.com\/es\/"},{"@type":"ListItem","position":2,"name":"Tienda","item":"https:\/\/delorenzoglobal.com\/es\/tienda\/"},{"@type":"ListItem","position":3,"name":"MODELO DE ELEVADOR SIMPLE"}]},{"@type":"WebSite","@id":"https:\/\/delorenzoglobal.com\/es\/#website","url":"https:\/\/delorenzoglobal.com\/es\/","name":"De Lorenzo Training &amp; Didactical Equipment","description":"","potentialAction":[{"@type":"SearchAction","target":{"@type":"EntryPoint","urlTemplate":"https:\/\/delorenzoglobal.com\/es\/?s={search_term_string}"},"query-input":{"@type":"PropertyValueSpecification","valueRequired":true,"valueName":"search_term_string"}}],"inLanguage":"es"}]}},"_links":{"self":[{"href":"https:\/\/delorenzoglobal.com\/es\/wp-json\/wp\/v2\/product\/61934","targetHints":{"allow":["GET"]}}],"collection":[{"href":"https:\/\/delorenzoglobal.com\/es\/wp-json\/wp\/v2\/product"}],"about":[{"href":"https:\/\/delorenzoglobal.com\/es\/wp-json\/wp\/v2\/types\/product"}],"wp:featuredmedia":[{"embeddable":true,"href":"https:\/\/delorenzoglobal.com\/es\/wp-json\/wp\/v2\/media\/61918"}],"wp:attachment":[{"href":"https:\/\/delorenzoglobal.com\/es\/wp-json\/wp\/v2\/media?parent=61934"}],"wp:term":[{"taxonomy":"product_brand","embeddable":true,"href":"https:\/\/delorenzoglobal.com\/es\/wp-json\/wp\/v2\/product_brand?post=61934"},{"taxonomy":"product_cat","embeddable":true,"href":"https:\/\/delorenzoglobal.com\/es\/wp-json\/wp\/v2\/product_cat?post=61934"},{"taxonomy":"product_tag","embeddable":true,"href":"https:\/\/delorenzoglobal.com\/es\/wp-json\/wp\/v2\/product_tag?post=61934"}],"curies":[{"name":"wp","href":"https:\/\/api.w.org\/{rel}","templated":true}]}}