{"id":61384,"date":"2025-06-30T11:02:31","date_gmt":"2025-06-30T09:02:31","guid":{"rendered":"https:\/\/delorenzoglobal.com\/?post_type=product&#038;p=61384"},"modified":"2025-06-30T11:09:53","modified_gmt":"2025-06-30T09:09:53","slug":"entrenador-de-iluminacion-inteligente","status":"publish","type":"product","link":"https:\/\/delorenzoglobal.com\/es\/producto\/entrenador-de-iluminacion-inteligente\/","title":{"rendered":"ENTRENADOR DE ILUMINACI\u00d3N INTELIGENTE"},"content":{"rendered":"<p>Este sistema de iluminaci\u00f3n espec\u00edfico es un centro de capacitaci\u00f3n de vanguardia dedicado a avanzar en los estudios de tecnolog\u00eda de iluminaci\u00f3n. Utiliza la tecnolog\u00eda <strong>DALI <\/strong>(<strong>D<\/strong>igital <strong>A<\/strong>ddressable <strong>L<\/strong>ighting <strong>I<\/strong>nterface) como protocolo para el control digital de la iluminaci\u00f3n. Est\u00e1 especializado en fundamentos de DALI, instalaci\u00f3n y resoluci\u00f3n de problemas, control y automatizaci\u00f3n, supervisi\u00f3n e integraci\u00f3n de sistemas y soluciones de iluminaci\u00f3n <strong>basadas en IA<\/strong>. Su misi\u00f3n es formar ingenieros y t\u00e9cnicos cualificados para el sector de la iluminaci\u00f3n de edificios inteligentes.<\/p>\n<p>&nbsp;<\/p>\n","protected":false},"excerpt":{"rendered":"<p>Este sistema de iluminaci\u00f3n espec\u00edfico es un centro de capacitaci\u00f3n de vanguardia dedicado a avanzar en los estudios de tecnolog\u00eda de iluminaci\u00f3n. Utiliza la tecnolog\u00eda DALI (Digital Addressable Lighting Interface) como protocolo para el control digital de la iluminaci\u00f3n. Est\u00e1 especializado en fundamentos de DALI, instalaci\u00f3n y resoluci\u00f3n de problemas, control y automatizaci\u00f3n, supervisi\u00f3n e [&hellip;]<\/p>\n","protected":false},"featured_media":61373,"template":"","meta":{"_acf_changed":false},"product_brand":[],"product_cat":[3137],"product_tag":[],"class_list":{"0":"post-61384","1":"product","2":"type-product","3":"status-publish","4":"has-post-thumbnail","6":"product_cat-laboratorio-smart-building-es","8":"first","9":"instock","10":"shipping-taxable","11":"product-type-simple"},"acf":[],"yoast_head":"<!-- This site is optimized with the Yoast SEO plugin v27.4 - https:\/\/yoast.com\/product\/yoast-seo-wordpress\/ -->\n<title>ENTRENADOR DE ILUMINACI\u00d3N INTELIGENTE - De Lorenzo Training &amp; Didactical Equipment<\/title>\n<meta name=\"robots\" content=\"index, follow, max-snippet:-1, max-image-preview:large, max-video-preview:-1\" \/>\n<link rel=\"canonical\" href=\"https:\/\/delorenzoglobal.com\/es\/producto\/entrenador-de-iluminacion-inteligente\/\" \/>\n<meta property=\"og:locale\" content=\"es_ES\" \/>\n<meta property=\"og:type\" content=\"article\" \/>\n<meta property=\"og:title\" content=\"ENTRENADOR DE ILUMINACI\u00d3N INTELIGENTE - De Lorenzo Training &amp; Didactical Equipment\" \/>\n<meta property=\"og:description\" content=\"Este sistema de iluminaci\u00f3n espec\u00edfico es un centro de capacitaci\u00f3n de vanguardia dedicado a avanzar en los estudios de tecnolog\u00eda de iluminaci\u00f3n. Utiliza la tecnolog\u00eda DALI (Digital Addressable Lighting Interface) como protocolo para el control digital de la iluminaci\u00f3n. Est\u00e1 especializado en fundamentos de DALI, instalaci\u00f3n y resoluci\u00f3n de problemas, control y automatizaci\u00f3n, supervisi\u00f3n e [&hellip;]\" \/>\n<meta property=\"og:url\" content=\"https:\/\/delorenzoglobal.com\/es\/producto\/entrenador-de-iluminacion-inteligente\/\" \/>\n<meta property=\"og:site_name\" content=\"De Lorenzo Training &amp; Didactical Equipment\" \/>\n<meta property=\"article:modified_time\" content=\"2025-06-30T09:09:53+00:00\" \/>\n<meta property=\"og:image\" content=\"https:\/\/delorenzoglobal.com\/wp-content\/uploads\/2025\/06\/DL-SMART-DALI.jpg\" \/>\n\t<meta property=\"og:image:width\" content=\"831\" \/>\n\t<meta property=\"og:image:height\" content=\"628\" \/>\n\t<meta property=\"og:image:type\" content=\"image\/jpeg\" \/>\n<meta name=\"twitter:card\" content=\"summary_large_image\" \/>\n<meta name=\"twitter:label1\" content=\"Tiempo de lectura\" \/>\n\t<meta name=\"twitter:data1\" content=\"1 minuto\" \/>\n<script type=\"application\/ld+json\" class=\"yoast-schema-graph\">{\"@context\":\"https:\\\/\\\/schema.org\",\"@graph\":[{\"@type\":\"WebPage\",\"@id\":\"https:\\\/\\\/delorenzoglobal.com\\\/es\\\/producto\\\/entrenador-de-iluminacion-inteligente\\\/\",\"url\":\"https:\\\/\\\/delorenzoglobal.com\\\/es\\\/producto\\\/entrenador-de-iluminacion-inteligente\\\/\",\"name\":\"ENTRENADOR DE ILUMINACI\u00d3N INTELIGENTE - De Lorenzo Training &amp; Didactical Equipment\",\"isPartOf\":{\"@id\":\"https:\\\/\\\/delorenzoglobal.com\\\/es\\\/#website\"},\"primaryImageOfPage\":{\"@id\":\"https:\\\/\\\/delorenzoglobal.com\\\/es\\\/producto\\\/entrenador-de-iluminacion-inteligente\\\/#primaryimage\"},\"image\":{\"@id\":\"https:\\\/\\\/delorenzoglobal.com\\\/es\\\/producto\\\/entrenador-de-iluminacion-inteligente\\\/#primaryimage\"},\"thumbnailUrl\":\"https:\\\/\\\/delorenzoglobal.com\\\/wp-content\\\/uploads\\\/2025\\\/06\\\/DL-SMART-DALI.jpg\",\"datePublished\":\"2025-06-30T09:02:31+00:00\",\"dateModified\":\"2025-06-30T09:09:53+00:00\",\"breadcrumb\":{\"@id\":\"https:\\\/\\\/delorenzoglobal.com\\\/es\\\/producto\\\/entrenador-de-iluminacion-inteligente\\\/#breadcrumb\"},\"inLanguage\":\"es\",\"potentialAction\":[{\"@type\":\"ReadAction\",\"target\":[\"https:\\\/\\\/delorenzoglobal.com\\\/es\\\/producto\\\/entrenador-de-iluminacion-inteligente\\\/\"]}]},{\"@type\":\"ImageObject\",\"inLanguage\":\"es\",\"@id\":\"https:\\\/\\\/delorenzoglobal.com\\\/es\\\/producto\\\/entrenador-de-iluminacion-inteligente\\\/#primaryimage\",\"url\":\"https:\\\/\\\/delorenzoglobal.com\\\/wp-content\\\/uploads\\\/2025\\\/06\\\/DL-SMART-DALI.jpg\",\"contentUrl\":\"https:\\\/\\\/delorenzoglobal.com\\\/wp-content\\\/uploads\\\/2025\\\/06\\\/DL-SMART-DALI.jpg\",\"width\":831,\"height\":628},{\"@type\":\"BreadcrumbList\",\"@id\":\"https:\\\/\\\/delorenzoglobal.com\\\/es\\\/producto\\\/entrenador-de-iluminacion-inteligente\\\/#breadcrumb\",\"itemListElement\":[{\"@type\":\"ListItem\",\"position\":1,\"name\":\"Home\",\"item\":\"https:\\\/\\\/delorenzoglobal.com\\\/es\\\/\"},{\"@type\":\"ListItem\",\"position\":2,\"name\":\"Tienda\",\"item\":\"https:\\\/\\\/delorenzoglobal.com\\\/es\\\/tienda\\\/\"},{\"@type\":\"ListItem\",\"position\":3,\"name\":\"ENTRENADOR DE ILUMINACI\u00d3N INTELIGENTE\"}]},{\"@type\":\"WebSite\",\"@id\":\"https:\\\/\\\/delorenzoglobal.com\\\/es\\\/#website\",\"url\":\"https:\\\/\\\/delorenzoglobal.com\\\/es\\\/\",\"name\":\"De Lorenzo Training &amp; Didactical Equipment\",\"description\":\"\",\"potentialAction\":[{\"@type\":\"SearchAction\",\"target\":{\"@type\":\"EntryPoint\",\"urlTemplate\":\"https:\\\/\\\/delorenzoglobal.com\\\/es\\\/?s={search_term_string}\"},\"query-input\":{\"@type\":\"PropertyValueSpecification\",\"valueRequired\":true,\"valueName\":\"search_term_string\"}}],\"inLanguage\":\"es\"}]}<\/script>\n<!-- \/ Yoast SEO plugin. -->","yoast_head_json":{"title":"ENTRENADOR DE ILUMINACI\u00d3N INTELIGENTE - De Lorenzo Training &amp; Didactical Equipment","robots":{"index":"index","follow":"follow","max-snippet":"max-snippet:-1","max-image-preview":"max-image-preview:large","max-video-preview":"max-video-preview:-1"},"canonical":"https:\/\/delorenzoglobal.com\/es\/producto\/entrenador-de-iluminacion-inteligente\/","og_locale":"es_ES","og_type":"article","og_title":"ENTRENADOR DE ILUMINACI\u00d3N INTELIGENTE - De Lorenzo Training &amp; Didactical Equipment","og_description":"Este sistema de iluminaci\u00f3n espec\u00edfico es un centro de capacitaci\u00f3n de vanguardia dedicado a avanzar en los estudios de tecnolog\u00eda de iluminaci\u00f3n. Utiliza la tecnolog\u00eda DALI (Digital Addressable Lighting Interface) como protocolo para el control digital de la iluminaci\u00f3n. Est\u00e1 especializado en fundamentos de DALI, instalaci\u00f3n y resoluci\u00f3n de problemas, control y automatizaci\u00f3n, supervisi\u00f3n e [&hellip;]","og_url":"https:\/\/delorenzoglobal.com\/es\/producto\/entrenador-de-iluminacion-inteligente\/","og_site_name":"De Lorenzo Training &amp; Didactical Equipment","article_modified_time":"2025-06-30T09:09:53+00:00","og_image":[{"width":831,"height":628,"url":"https:\/\/delorenzoglobal.com\/wp-content\/uploads\/2025\/06\/DL-SMART-DALI.jpg","type":"image\/jpeg"}],"twitter_card":"summary_large_image","twitter_misc":{"Tiempo de lectura":"1 minuto"},"schema":{"@context":"https:\/\/schema.org","@graph":[{"@type":"WebPage","@id":"https:\/\/delorenzoglobal.com\/es\/producto\/entrenador-de-iluminacion-inteligente\/","url":"https:\/\/delorenzoglobal.com\/es\/producto\/entrenador-de-iluminacion-inteligente\/","name":"ENTRENADOR DE ILUMINACI\u00d3N INTELIGENTE - De Lorenzo Training &amp; Didactical Equipment","isPartOf":{"@id":"https:\/\/delorenzoglobal.com\/es\/#website"},"primaryImageOfPage":{"@id":"https:\/\/delorenzoglobal.com\/es\/producto\/entrenador-de-iluminacion-inteligente\/#primaryimage"},"image":{"@id":"https:\/\/delorenzoglobal.com\/es\/producto\/entrenador-de-iluminacion-inteligente\/#primaryimage"},"thumbnailUrl":"https:\/\/delorenzoglobal.com\/wp-content\/uploads\/2025\/06\/DL-SMART-DALI.jpg","datePublished":"2025-06-30T09:02:31+00:00","dateModified":"2025-06-30T09:09:53+00:00","breadcrumb":{"@id":"https:\/\/delorenzoglobal.com\/es\/producto\/entrenador-de-iluminacion-inteligente\/#breadcrumb"},"inLanguage":"es","potentialAction":[{"@type":"ReadAction","target":["https:\/\/delorenzoglobal.com\/es\/producto\/entrenador-de-iluminacion-inteligente\/"]}]},{"@type":"ImageObject","inLanguage":"es","@id":"https:\/\/delorenzoglobal.com\/es\/producto\/entrenador-de-iluminacion-inteligente\/#primaryimage","url":"https:\/\/delorenzoglobal.com\/wp-content\/uploads\/2025\/06\/DL-SMART-DALI.jpg","contentUrl":"https:\/\/delorenzoglobal.com\/wp-content\/uploads\/2025\/06\/DL-SMART-DALI.jpg","width":831,"height":628},{"@type":"BreadcrumbList","@id":"https:\/\/delorenzoglobal.com\/es\/producto\/entrenador-de-iluminacion-inteligente\/#breadcrumb","itemListElement":[{"@type":"ListItem","position":1,"name":"Home","item":"https:\/\/delorenzoglobal.com\/es\/"},{"@type":"ListItem","position":2,"name":"Tienda","item":"https:\/\/delorenzoglobal.com\/es\/tienda\/"},{"@type":"ListItem","position":3,"name":"ENTRENADOR DE ILUMINACI\u00d3N INTELIGENTE"}]},{"@type":"WebSite","@id":"https:\/\/delorenzoglobal.com\/es\/#website","url":"https:\/\/delorenzoglobal.com\/es\/","name":"De Lorenzo Training &amp; Didactical Equipment","description":"","potentialAction":[{"@type":"SearchAction","target":{"@type":"EntryPoint","urlTemplate":"https:\/\/delorenzoglobal.com\/es\/?s={search_term_string}"},"query-input":{"@type":"PropertyValueSpecification","valueRequired":true,"valueName":"search_term_string"}}],"inLanguage":"es"}]}},"_links":{"self":[{"href":"https:\/\/delorenzoglobal.com\/es\/wp-json\/wp\/v2\/product\/61384","targetHints":{"allow":["GET"]}}],"collection":[{"href":"https:\/\/delorenzoglobal.com\/es\/wp-json\/wp\/v2\/product"}],"about":[{"href":"https:\/\/delorenzoglobal.com\/es\/wp-json\/wp\/v2\/types\/product"}],"wp:featuredmedia":[{"embeddable":true,"href":"https:\/\/delorenzoglobal.com\/es\/wp-json\/wp\/v2\/media\/61373"}],"wp:attachment":[{"href":"https:\/\/delorenzoglobal.com\/es\/wp-json\/wp\/v2\/media?parent=61384"}],"wp:term":[{"taxonomy":"product_brand","embeddable":true,"href":"https:\/\/delorenzoglobal.com\/es\/wp-json\/wp\/v2\/product_brand?post=61384"},{"taxonomy":"product_cat","embeddable":true,"href":"https:\/\/delorenzoglobal.com\/es\/wp-json\/wp\/v2\/product_cat?post=61384"},{"taxonomy":"product_tag","embeddable":true,"href":"https:\/\/delorenzoglobal.com\/es\/wp-json\/wp\/v2\/product_tag?post=61384"}],"curies":[{"name":"wp","href":"https:\/\/api.w.org\/{rel}","templated":true}]}}