{"id":6098,"date":"2024-04-12T14:55:08","date_gmt":"2024-04-12T12:55:08","guid":{"rendered":"https:\/\/delorenzoglobal.com\/?post_type=product&#038;p=6098"},"modified":"2025-04-23T15:30:47","modified_gmt":"2025-04-23T13:30:47","slug":"conjunto-de-modulos-para-el-estudio-de-las-medidas-electricas","status":"publish","type":"product","link":"https:\/\/delorenzoglobal.com\/es\/producto\/conjunto-de-modulos-para-el-estudio-de-las-medidas-electricas\/","title":{"rendered":"CONJUNTO DE M\u00d3DULOS PARA EL ESTUDIO DE LAS MEDIDAS EL\u00c9CTRICAS"},"content":{"rendered":"<p>Este sistema estudia los temas relacionados con las mediciones el\u00e9ctricas.<\/p>\n<p>Tiene una estructura modular y consta de paneles did\u00e1cticos instalados en un marco vertical.<\/p>\n<p>La modularidad de este sistema did\u00e1ctico otorga a los estudiantes una aproximaci\u00f3n directa e inmediata a los temas, ofreciendo la oportunidad de estudiar diversas asignaturas realizando varios experimentos.<\/p>\n<p>En esta secci\u00f3n, se estudian los siguientes dispositivos:<\/p>\n<ul>\n<li>Medici\u00f3n de la corriente CC<\/li>\n<li>Medici\u00f3n de la corriente CA<\/li>\n<li>Medici\u00f3n de la tensi\u00f3n CC<\/li>\n<li>Medici\u00f3n de la tensi\u00f3n CA<\/li>\n<li>Ley de OHM<\/li>\n<li>Circuito puente<\/li>\n<li>Reactancia de capacidad<\/li>\n<li>Potencia en circuitos CC<\/li>\n<li>Potencia en circuitos monof\u00e1sicos<\/li>\n<li>Medici\u00f3n PF en circuitos monof\u00e1sicos<\/li>\n<li>Reactancia inductiva<\/li>\n<li>M\u00e9todo de un vat\u00edmetro<\/li>\n<li>M\u00e9todo de dos vat\u00edmetros<\/li>\n<li>Medici\u00f3n PF en circuitos trif\u00e1sicos<\/li>\n<li>M\u00e9todo de cuatro lecturas<\/li>\n<li>Circuito puente de seis impulsos<\/li>\n<li>Sincronizaci\u00f3n de un alternador trif\u00e1sico<\/li>\n<\/ul>\n","protected":false},"excerpt":{"rendered":"<p>Este sistema estudia los temas relacionados con las mediciones el\u00e9ctricas. Tiene una estructura modular y consta de paneles did\u00e1cticos instalados en un marco vertical. La modularidad de este sistema did\u00e1ctico otorga a los estudiantes una aproximaci\u00f3n directa e inmediata a los temas, ofreciendo la oportunidad de estudiar diversas asignaturas realizando varios experimentos. En esta secci\u00f3n, [&hellip;]<\/p>\n","protected":false},"featured_media":6095,"template":"","meta":{"_acf_changed":false},"product_brand":[],"product_cat":[296],"product_tag":[],"class_list":{"0":"post-6098","1":"product","2":"type-product","3":"status-publish","4":"has-post-thumbnail","6":"product_cat-mediciones-electricas","8":"first","9":"instock","10":"shipping-taxable","11":"product-type-simple"},"acf":[],"yoast_head":"<!-- This site is optimized with the Yoast SEO plugin v27.4 - https:\/\/yoast.com\/product\/yoast-seo-wordpress\/ -->\n<title>CONJUNTO DE M\u00d3DULOS PARA EL ESTUDIO DE LAS MEDIDAS EL\u00c9CTRICAS - De Lorenzo Training &amp; Didactical Equipment<\/title>\n<meta name=\"robots\" content=\"index, follow, max-snippet:-1, max-image-preview:large, max-video-preview:-1\" \/>\n<link rel=\"canonical\" href=\"https:\/\/delorenzoglobal.com\/es\/producto\/conjunto-de-modulos-para-el-estudio-de-las-medidas-electricas\/\" \/>\n<meta property=\"og:locale\" content=\"es_ES\" \/>\n<meta property=\"og:type\" content=\"article\" \/>\n<meta property=\"og:title\" content=\"CONJUNTO DE M\u00d3DULOS PARA EL ESTUDIO DE LAS MEDIDAS EL\u00c9CTRICAS - De Lorenzo Training &amp; Didactical Equipment\" \/>\n<meta property=\"og:description\" content=\"Este sistema estudia los temas relacionados con las mediciones el\u00e9ctricas. Tiene una estructura modular y consta de paneles did\u00e1cticos instalados en un marco vertical. La modularidad de este sistema did\u00e1ctico otorga a los estudiantes una aproximaci\u00f3n directa e inmediata a los temas, ofreciendo la oportunidad de estudiar diversas asignaturas realizando varios experimentos. En esta secci\u00f3n, [&hellip;]\" \/>\n<meta property=\"og:url\" content=\"https:\/\/delorenzoglobal.com\/es\/producto\/conjunto-de-modulos-para-el-estudio-de-las-medidas-electricas\/\" \/>\n<meta property=\"og:site_name\" content=\"De Lorenzo Training &amp; Didactical Equipment\" \/>\n<meta property=\"article:modified_time\" content=\"2025-04-23T13:30:47+00:00\" \/>\n<meta property=\"og:image\" content=\"https:\/\/delorenzoglobal.com\/wp-content\/uploads\/2024\/04\/DL-2109TM.jpg\" \/>\n\t<meta property=\"og:image:width\" content=\"1024\" \/>\n\t<meta property=\"og:image:height\" content=\"637\" \/>\n\t<meta property=\"og:image:type\" content=\"image\/jpeg\" \/>\n<meta name=\"twitter:card\" content=\"summary_large_image\" \/>\n<meta name=\"twitter:label1\" content=\"Tiempo de lectura\" \/>\n\t<meta name=\"twitter:data1\" content=\"1 minuto\" \/>\n<script type=\"application\/ld+json\" class=\"yoast-schema-graph\">{\"@context\":\"https:\\\/\\\/schema.org\",\"@graph\":[{\"@type\":\"WebPage\",\"@id\":\"https:\\\/\\\/delorenzoglobal.com\\\/es\\\/producto\\\/conjunto-de-modulos-para-el-estudio-de-las-medidas-electricas\\\/\",\"url\":\"https:\\\/\\\/delorenzoglobal.com\\\/es\\\/producto\\\/conjunto-de-modulos-para-el-estudio-de-las-medidas-electricas\\\/\",\"name\":\"CONJUNTO DE M\u00d3DULOS PARA EL ESTUDIO DE LAS MEDIDAS EL\u00c9CTRICAS - De Lorenzo Training &amp; Didactical Equipment\",\"isPartOf\":{\"@id\":\"https:\\\/\\\/delorenzoglobal.com\\\/es\\\/#website\"},\"primaryImageOfPage\":{\"@id\":\"https:\\\/\\\/delorenzoglobal.com\\\/es\\\/producto\\\/conjunto-de-modulos-para-el-estudio-de-las-medidas-electricas\\\/#primaryimage\"},\"image\":{\"@id\":\"https:\\\/\\\/delorenzoglobal.com\\\/es\\\/producto\\\/conjunto-de-modulos-para-el-estudio-de-las-medidas-electricas\\\/#primaryimage\"},\"thumbnailUrl\":\"https:\\\/\\\/delorenzoglobal.com\\\/wp-content\\\/uploads\\\/2024\\\/04\\\/DL-2109TM.jpg\",\"datePublished\":\"2024-04-12T12:55:08+00:00\",\"dateModified\":\"2025-04-23T13:30:47+00:00\",\"breadcrumb\":{\"@id\":\"https:\\\/\\\/delorenzoglobal.com\\\/es\\\/producto\\\/conjunto-de-modulos-para-el-estudio-de-las-medidas-electricas\\\/#breadcrumb\"},\"inLanguage\":\"es\",\"potentialAction\":[{\"@type\":\"ReadAction\",\"target\":[\"https:\\\/\\\/delorenzoglobal.com\\\/es\\\/producto\\\/conjunto-de-modulos-para-el-estudio-de-las-medidas-electricas\\\/\"]}]},{\"@type\":\"ImageObject\",\"inLanguage\":\"es\",\"@id\":\"https:\\\/\\\/delorenzoglobal.com\\\/es\\\/producto\\\/conjunto-de-modulos-para-el-estudio-de-las-medidas-electricas\\\/#primaryimage\",\"url\":\"https:\\\/\\\/delorenzoglobal.com\\\/wp-content\\\/uploads\\\/2024\\\/04\\\/DL-2109TM.jpg\",\"contentUrl\":\"https:\\\/\\\/delorenzoglobal.com\\\/wp-content\\\/uploads\\\/2024\\\/04\\\/DL-2109TM.jpg\",\"width\":1024,\"height\":637},{\"@type\":\"BreadcrumbList\",\"@id\":\"https:\\\/\\\/delorenzoglobal.com\\\/es\\\/producto\\\/conjunto-de-modulos-para-el-estudio-de-las-medidas-electricas\\\/#breadcrumb\",\"itemListElement\":[{\"@type\":\"ListItem\",\"position\":1,\"name\":\"Home\",\"item\":\"https:\\\/\\\/delorenzoglobal.com\\\/es\\\/\"},{\"@type\":\"ListItem\",\"position\":2,\"name\":\"Tienda\",\"item\":\"https:\\\/\\\/delorenzoglobal.com\\\/es\\\/tienda\\\/\"},{\"@type\":\"ListItem\",\"position\":3,\"name\":\"CONJUNTO DE M\u00d3DULOS PARA EL ESTUDIO DE LAS MEDIDAS EL\u00c9CTRICAS\"}]},{\"@type\":\"WebSite\",\"@id\":\"https:\\\/\\\/delorenzoglobal.com\\\/es\\\/#website\",\"url\":\"https:\\\/\\\/delorenzoglobal.com\\\/es\\\/\",\"name\":\"De Lorenzo Training &amp; Didactical Equipment\",\"description\":\"\",\"potentialAction\":[{\"@type\":\"SearchAction\",\"target\":{\"@type\":\"EntryPoint\",\"urlTemplate\":\"https:\\\/\\\/delorenzoglobal.com\\\/es\\\/?s={search_term_string}\"},\"query-input\":{\"@type\":\"PropertyValueSpecification\",\"valueRequired\":true,\"valueName\":\"search_term_string\"}}],\"inLanguage\":\"es\"}]}<\/script>\n<!-- \/ Yoast SEO plugin. -->","yoast_head_json":{"title":"CONJUNTO DE M\u00d3DULOS PARA EL ESTUDIO DE LAS MEDIDAS EL\u00c9CTRICAS - De Lorenzo Training &amp; Didactical Equipment","robots":{"index":"index","follow":"follow","max-snippet":"max-snippet:-1","max-image-preview":"max-image-preview:large","max-video-preview":"max-video-preview:-1"},"canonical":"https:\/\/delorenzoglobal.com\/es\/producto\/conjunto-de-modulos-para-el-estudio-de-las-medidas-electricas\/","og_locale":"es_ES","og_type":"article","og_title":"CONJUNTO DE M\u00d3DULOS PARA EL ESTUDIO DE LAS MEDIDAS EL\u00c9CTRICAS - De Lorenzo Training &amp; Didactical Equipment","og_description":"Este sistema estudia los temas relacionados con las mediciones el\u00e9ctricas. Tiene una estructura modular y consta de paneles did\u00e1cticos instalados en un marco vertical. La modularidad de este sistema did\u00e1ctico otorga a los estudiantes una aproximaci\u00f3n directa e inmediata a los temas, ofreciendo la oportunidad de estudiar diversas asignaturas realizando varios experimentos. En esta secci\u00f3n, [&hellip;]","og_url":"https:\/\/delorenzoglobal.com\/es\/producto\/conjunto-de-modulos-para-el-estudio-de-las-medidas-electricas\/","og_site_name":"De Lorenzo Training &amp; Didactical Equipment","article_modified_time":"2025-04-23T13:30:47+00:00","og_image":[{"width":1024,"height":637,"url":"https:\/\/delorenzoglobal.com\/wp-content\/uploads\/2024\/04\/DL-2109TM.jpg","type":"image\/jpeg"}],"twitter_card":"summary_large_image","twitter_misc":{"Tiempo de lectura":"1 minuto"},"schema":{"@context":"https:\/\/schema.org","@graph":[{"@type":"WebPage","@id":"https:\/\/delorenzoglobal.com\/es\/producto\/conjunto-de-modulos-para-el-estudio-de-las-medidas-electricas\/","url":"https:\/\/delorenzoglobal.com\/es\/producto\/conjunto-de-modulos-para-el-estudio-de-las-medidas-electricas\/","name":"CONJUNTO DE M\u00d3DULOS PARA EL ESTUDIO DE LAS MEDIDAS EL\u00c9CTRICAS - De Lorenzo Training &amp; Didactical Equipment","isPartOf":{"@id":"https:\/\/delorenzoglobal.com\/es\/#website"},"primaryImageOfPage":{"@id":"https:\/\/delorenzoglobal.com\/es\/producto\/conjunto-de-modulos-para-el-estudio-de-las-medidas-electricas\/#primaryimage"},"image":{"@id":"https:\/\/delorenzoglobal.com\/es\/producto\/conjunto-de-modulos-para-el-estudio-de-las-medidas-electricas\/#primaryimage"},"thumbnailUrl":"https:\/\/delorenzoglobal.com\/wp-content\/uploads\/2024\/04\/DL-2109TM.jpg","datePublished":"2024-04-12T12:55:08+00:00","dateModified":"2025-04-23T13:30:47+00:00","breadcrumb":{"@id":"https:\/\/delorenzoglobal.com\/es\/producto\/conjunto-de-modulos-para-el-estudio-de-las-medidas-electricas\/#breadcrumb"},"inLanguage":"es","potentialAction":[{"@type":"ReadAction","target":["https:\/\/delorenzoglobal.com\/es\/producto\/conjunto-de-modulos-para-el-estudio-de-las-medidas-electricas\/"]}]},{"@type":"ImageObject","inLanguage":"es","@id":"https:\/\/delorenzoglobal.com\/es\/producto\/conjunto-de-modulos-para-el-estudio-de-las-medidas-electricas\/#primaryimage","url":"https:\/\/delorenzoglobal.com\/wp-content\/uploads\/2024\/04\/DL-2109TM.jpg","contentUrl":"https:\/\/delorenzoglobal.com\/wp-content\/uploads\/2024\/04\/DL-2109TM.jpg","width":1024,"height":637},{"@type":"BreadcrumbList","@id":"https:\/\/delorenzoglobal.com\/es\/producto\/conjunto-de-modulos-para-el-estudio-de-las-medidas-electricas\/#breadcrumb","itemListElement":[{"@type":"ListItem","position":1,"name":"Home","item":"https:\/\/delorenzoglobal.com\/es\/"},{"@type":"ListItem","position":2,"name":"Tienda","item":"https:\/\/delorenzoglobal.com\/es\/tienda\/"},{"@type":"ListItem","position":3,"name":"CONJUNTO DE M\u00d3DULOS PARA EL ESTUDIO DE LAS MEDIDAS EL\u00c9CTRICAS"}]},{"@type":"WebSite","@id":"https:\/\/delorenzoglobal.com\/es\/#website","url":"https:\/\/delorenzoglobal.com\/es\/","name":"De Lorenzo Training &amp; Didactical Equipment","description":"","potentialAction":[{"@type":"SearchAction","target":{"@type":"EntryPoint","urlTemplate":"https:\/\/delorenzoglobal.com\/es\/?s={search_term_string}"},"query-input":{"@type":"PropertyValueSpecification","valueRequired":true,"valueName":"search_term_string"}}],"inLanguage":"es"}]}},"_links":{"self":[{"href":"https:\/\/delorenzoglobal.com\/es\/wp-json\/wp\/v2\/product\/6098","targetHints":{"allow":["GET"]}}],"collection":[{"href":"https:\/\/delorenzoglobal.com\/es\/wp-json\/wp\/v2\/product"}],"about":[{"href":"https:\/\/delorenzoglobal.com\/es\/wp-json\/wp\/v2\/types\/product"}],"wp:featuredmedia":[{"embeddable":true,"href":"https:\/\/delorenzoglobal.com\/es\/wp-json\/wp\/v2\/media\/6095"}],"wp:attachment":[{"href":"https:\/\/delorenzoglobal.com\/es\/wp-json\/wp\/v2\/media?parent=6098"}],"wp:term":[{"taxonomy":"product_brand","embeddable":true,"href":"https:\/\/delorenzoglobal.com\/es\/wp-json\/wp\/v2\/product_brand?post=6098"},{"taxonomy":"product_cat","embeddable":true,"href":"https:\/\/delorenzoglobal.com\/es\/wp-json\/wp\/v2\/product_cat?post=6098"},{"taxonomy":"product_tag","embeddable":true,"href":"https:\/\/delorenzoglobal.com\/es\/wp-json\/wp\/v2\/product_tag?post=6098"}],"curies":[{"name":"wp","href":"https:\/\/api.w.org\/{rel}","templated":true}]}}