{"id":604,"date":"2024-04-08T13:41:59","date_gmt":"2024-04-08T11:41:59","guid":{"rendered":"https:\/\/delorenzoglobal.com\/?post_type=product&#038;p=604"},"modified":"2025-04-03T16:14:37","modified_gmt":"2025-04-03T14:14:37","slug":"fabrica-automatizada-estacion-de-transporte-y-deteccion-de-materiales","status":"publish","type":"product","link":"https:\/\/delorenzoglobal.com\/es\/producto\/fabrica-automatizada-estacion-de-transporte-y-deteccion-de-materiales\/","title":{"rendered":"FABRICA AUTOMATIZADA ESTACION DE TRANSPORTE Y DETECCION DE MATERIALES"},"content":{"rendered":"<p>CIM (fabricaci\u00f3n integrada por computadora) es un m\u00e9todo de fabricaci\u00f3n, en el que todo el proceso de producci\u00f3n est\u00e1 automatizado y controlado por computadora para reducir los errores y aumentar su eficiencia.<\/p>\n<p>El DL CIM-PMC01 reproduce una estaci\u00f3n reducida de transporte y detecci\u00f3n de materiales.<\/p>\n<p>La c\u00e9lula de fabricaci\u00f3n est\u00e1 controlada por un controlador l\u00f3gico programable (PLC) que permite la automatizaci\u00f3n de los procesos y el funcionamiento de la l\u00ednea de producci\u00f3n industrial.<\/p>\n<p>Es un control de lazo cerrado basado en PLC que intercambia informaci\u00f3n recopilada de sensores y cubre \u00e1reas funcionales del sistema CIM como dise\u00f1o, an\u00e1lisis, planificaci\u00f3n, compras, contabilidad de costos, control de inventario o funciones m\u00e1s aplicadas: manejo y gesti\u00f3n de materiales, control directo y monitoreo de todas las operaciones.<\/p>\n<p>La f\u00e1brica automatizada simula el montaje de cubos compuestos por dos partes, una base met\u00e1lica y una tapa de pl\u00e1stico (blanco y negro), unidas entre s\u00ed con tapones.<\/p>\n<p>El DL CIM-PMC01 es la primera estaci\u00f3n de la cadena.<\/p>\n<p>Est\u00e1 compuesto por 2 contenedores de alimentaci\u00f3n verticales que contienen la materia prima (partes inferior y superior del cubo).<\/p>\n<p>Cuando una pieza se descarga en la correa, diferentes sensores detectar\u00e1n su material, color y agujero perforado antes de desplazarse a la siguiente estaci\u00f3n para ser procesada o desechada.<\/p>\n","protected":false},"excerpt":{"rendered":"<p>CIM (fabricaci\u00f3n integrada por computadora) es un m\u00e9todo de fabricaci\u00f3n, en el que todo el proceso de producci\u00f3n est\u00e1 automatizado y controlado por computadora para reducir los errores y aumentar su eficiencia. El DL CIM-PMC01 reproduce una estaci\u00f3n reducida de transporte y detecci\u00f3n de materiales. La c\u00e9lula de fabricaci\u00f3n est\u00e1 controlada por un controlador l\u00f3gico [&hellip;]<\/p>\n","protected":false},"featured_media":547,"template":"","meta":{"_acf_changed":false},"product_brand":[],"product_cat":[155],"product_tag":[],"class_list":{"0":"post-604","1":"product","2":"type-product","3":"status-publish","4":"has-post-thumbnail","6":"product_cat-aplicaciones-industriales","8":"first","9":"instock","10":"shipping-taxable","11":"product-type-simple"},"acf":[],"yoast_head":"<!-- This site is optimized with the Yoast SEO plugin v27.0 - https:\/\/yoast.com\/product\/yoast-seo-wordpress\/ -->\n<title>FABRICA AUTOMATIZADA ESTACION DE TRANSPORTE Y DETECCION DE MATERIALES - De Lorenzo Training &amp; Didactical Equipment<\/title>\n<meta name=\"robots\" content=\"index, follow, max-snippet:-1, max-image-preview:large, max-video-preview:-1\" \/>\n<link rel=\"canonical\" href=\"https:\/\/delorenzoglobal.com\/es\/producto\/fabrica-automatizada-estacion-de-transporte-y-deteccion-de-materiales\/\" \/>\n<meta property=\"og:locale\" content=\"es_ES\" \/>\n<meta property=\"og:type\" content=\"article\" \/>\n<meta property=\"og:title\" content=\"FABRICA AUTOMATIZADA ESTACION DE TRANSPORTE Y DETECCION DE MATERIALES - De Lorenzo Training &amp; Didactical Equipment\" \/>\n<meta property=\"og:description\" content=\"CIM (fabricaci\u00f3n integrada por computadora) es un m\u00e9todo de fabricaci\u00f3n, en el que todo el proceso de producci\u00f3n est\u00e1 automatizado y controlado por computadora para reducir los errores y aumentar su eficiencia. El DL CIM-PMC01 reproduce una estaci\u00f3n reducida de transporte y detecci\u00f3n de materiales. La c\u00e9lula de fabricaci\u00f3n est\u00e1 controlada por un controlador l\u00f3gico [&hellip;]\" \/>\n<meta property=\"og:url\" content=\"https:\/\/delorenzoglobal.com\/es\/producto\/fabrica-automatizada-estacion-de-transporte-y-deteccion-de-materiales\/\" \/>\n<meta property=\"og:site_name\" content=\"De Lorenzo Training &amp; Didactical Equipment\" \/>\n<meta property=\"article:modified_time\" content=\"2025-04-03T14:14:37+00:00\" \/>\n<meta property=\"og:image\" content=\"https:\/\/delorenzoglobal.com\/wp-content\/uploads\/2024\/04\/DL-CIM-PMC01-711x1024.png\" \/>\n\t<meta property=\"og:image:width\" content=\"711\" \/>\n\t<meta property=\"og:image:height\" content=\"1024\" \/>\n\t<meta property=\"og:image:type\" content=\"image\/png\" \/>\n<meta name=\"twitter:card\" content=\"summary_large_image\" \/>\n<meta name=\"twitter:label1\" content=\"Tiempo de lectura\" \/>\n\t<meta name=\"twitter:data1\" content=\"2 minutos\" \/>\n<script type=\"application\/ld+json\" class=\"yoast-schema-graph\">{\"@context\":\"https:\/\/schema.org\",\"@graph\":[{\"@type\":\"WebPage\",\"@id\":\"https:\/\/delorenzoglobal.com\/es\/producto\/fabrica-automatizada-estacion-de-transporte-y-deteccion-de-materiales\/\",\"url\":\"https:\/\/delorenzoglobal.com\/es\/producto\/fabrica-automatizada-estacion-de-transporte-y-deteccion-de-materiales\/\",\"name\":\"FABRICA AUTOMATIZADA ESTACION DE TRANSPORTE Y DETECCION DE MATERIALES - De Lorenzo Training &amp; Didactical Equipment\",\"isPartOf\":{\"@id\":\"https:\/\/delorenzoglobal.com\/es\/#website\"},\"primaryImageOfPage\":{\"@id\":\"https:\/\/delorenzoglobal.com\/es\/producto\/fabrica-automatizada-estacion-de-transporte-y-deteccion-de-materiales\/#primaryimage\"},\"image\":{\"@id\":\"https:\/\/delorenzoglobal.com\/es\/producto\/fabrica-automatizada-estacion-de-transporte-y-deteccion-de-materiales\/#primaryimage\"},\"thumbnailUrl\":\"https:\/\/delorenzoglobal.com\/wp-content\/uploads\/2024\/04\/DL-CIM-PMC01.png\",\"datePublished\":\"2024-04-08T11:41:59+00:00\",\"dateModified\":\"2025-04-03T14:14:37+00:00\",\"breadcrumb\":{\"@id\":\"https:\/\/delorenzoglobal.com\/es\/producto\/fabrica-automatizada-estacion-de-transporte-y-deteccion-de-materiales\/#breadcrumb\"},\"inLanguage\":\"es\",\"potentialAction\":[{\"@type\":\"ReadAction\",\"target\":[\"https:\/\/delorenzoglobal.com\/es\/producto\/fabrica-automatizada-estacion-de-transporte-y-deteccion-de-materiales\/\"]}]},{\"@type\":\"ImageObject\",\"inLanguage\":\"es\",\"@id\":\"https:\/\/delorenzoglobal.com\/es\/producto\/fabrica-automatizada-estacion-de-transporte-y-deteccion-de-materiales\/#primaryimage\",\"url\":\"https:\/\/delorenzoglobal.com\/wp-content\/uploads\/2024\/04\/DL-CIM-PMC01.png\",\"contentUrl\":\"https:\/\/delorenzoglobal.com\/wp-content\/uploads\/2024\/04\/DL-CIM-PMC01.png\",\"width\":2803,\"height\":4038},{\"@type\":\"BreadcrumbList\",\"@id\":\"https:\/\/delorenzoglobal.com\/es\/producto\/fabrica-automatizada-estacion-de-transporte-y-deteccion-de-materiales\/#breadcrumb\",\"itemListElement\":[{\"@type\":\"ListItem\",\"position\":1,\"name\":\"Home\",\"item\":\"https:\/\/delorenzoglobal.com\/es\/\"},{\"@type\":\"ListItem\",\"position\":2,\"name\":\"Tienda\",\"item\":\"https:\/\/delorenzoglobal.com\/es\/tienda\/\"},{\"@type\":\"ListItem\",\"position\":3,\"name\":\"FABRICA AUTOMATIZADA ESTACION DE TRANSPORTE Y DETECCION DE MATERIALES\"}]},{\"@type\":\"WebSite\",\"@id\":\"https:\/\/delorenzoglobal.com\/es\/#website\",\"url\":\"https:\/\/delorenzoglobal.com\/es\/\",\"name\":\"De Lorenzo Training &amp; Didactical Equipment\",\"description\":\"\",\"potentialAction\":[{\"@type\":\"SearchAction\",\"target\":{\"@type\":\"EntryPoint\",\"urlTemplate\":\"https:\/\/delorenzoglobal.com\/es\/?s={search_term_string}\"},\"query-input\":{\"@type\":\"PropertyValueSpecification\",\"valueRequired\":true,\"valueName\":\"search_term_string\"}}],\"inLanguage\":\"es\"}]}<\/script>\n<!-- \/ Yoast SEO plugin. -->","yoast_head_json":{"title":"FABRICA AUTOMATIZADA ESTACION DE TRANSPORTE Y DETECCION DE MATERIALES - De Lorenzo Training &amp; Didactical Equipment","robots":{"index":"index","follow":"follow","max-snippet":"max-snippet:-1","max-image-preview":"max-image-preview:large","max-video-preview":"max-video-preview:-1"},"canonical":"https:\/\/delorenzoglobal.com\/es\/producto\/fabrica-automatizada-estacion-de-transporte-y-deteccion-de-materiales\/","og_locale":"es_ES","og_type":"article","og_title":"FABRICA AUTOMATIZADA ESTACION DE TRANSPORTE Y DETECCION DE MATERIALES - De Lorenzo Training &amp; Didactical Equipment","og_description":"CIM (fabricaci\u00f3n integrada por computadora) es un m\u00e9todo de fabricaci\u00f3n, en el que todo el proceso de producci\u00f3n est\u00e1 automatizado y controlado por computadora para reducir los errores y aumentar su eficiencia. El DL CIM-PMC01 reproduce una estaci\u00f3n reducida de transporte y detecci\u00f3n de materiales. La c\u00e9lula de fabricaci\u00f3n est\u00e1 controlada por un controlador l\u00f3gico [&hellip;]","og_url":"https:\/\/delorenzoglobal.com\/es\/producto\/fabrica-automatizada-estacion-de-transporte-y-deteccion-de-materiales\/","og_site_name":"De Lorenzo Training &amp; Didactical Equipment","article_modified_time":"2025-04-03T14:14:37+00:00","og_image":[{"width":711,"height":1024,"url":"https:\/\/delorenzoglobal.com\/wp-content\/uploads\/2024\/04\/DL-CIM-PMC01-711x1024.png","type":"image\/png"}],"twitter_card":"summary_large_image","twitter_misc":{"Tiempo de lectura":"2 minutos"},"schema":{"@context":"https:\/\/schema.org","@graph":[{"@type":"WebPage","@id":"https:\/\/delorenzoglobal.com\/es\/producto\/fabrica-automatizada-estacion-de-transporte-y-deteccion-de-materiales\/","url":"https:\/\/delorenzoglobal.com\/es\/producto\/fabrica-automatizada-estacion-de-transporte-y-deteccion-de-materiales\/","name":"FABRICA AUTOMATIZADA ESTACION DE TRANSPORTE Y DETECCION DE MATERIALES - De Lorenzo Training &amp; Didactical Equipment","isPartOf":{"@id":"https:\/\/delorenzoglobal.com\/es\/#website"},"primaryImageOfPage":{"@id":"https:\/\/delorenzoglobal.com\/es\/producto\/fabrica-automatizada-estacion-de-transporte-y-deteccion-de-materiales\/#primaryimage"},"image":{"@id":"https:\/\/delorenzoglobal.com\/es\/producto\/fabrica-automatizada-estacion-de-transporte-y-deteccion-de-materiales\/#primaryimage"},"thumbnailUrl":"https:\/\/delorenzoglobal.com\/wp-content\/uploads\/2024\/04\/DL-CIM-PMC01.png","datePublished":"2024-04-08T11:41:59+00:00","dateModified":"2025-04-03T14:14:37+00:00","breadcrumb":{"@id":"https:\/\/delorenzoglobal.com\/es\/producto\/fabrica-automatizada-estacion-de-transporte-y-deteccion-de-materiales\/#breadcrumb"},"inLanguage":"es","potentialAction":[{"@type":"ReadAction","target":["https:\/\/delorenzoglobal.com\/es\/producto\/fabrica-automatizada-estacion-de-transporte-y-deteccion-de-materiales\/"]}]},{"@type":"ImageObject","inLanguage":"es","@id":"https:\/\/delorenzoglobal.com\/es\/producto\/fabrica-automatizada-estacion-de-transporte-y-deteccion-de-materiales\/#primaryimage","url":"https:\/\/delorenzoglobal.com\/wp-content\/uploads\/2024\/04\/DL-CIM-PMC01.png","contentUrl":"https:\/\/delorenzoglobal.com\/wp-content\/uploads\/2024\/04\/DL-CIM-PMC01.png","width":2803,"height":4038},{"@type":"BreadcrumbList","@id":"https:\/\/delorenzoglobal.com\/es\/producto\/fabrica-automatizada-estacion-de-transporte-y-deteccion-de-materiales\/#breadcrumb","itemListElement":[{"@type":"ListItem","position":1,"name":"Home","item":"https:\/\/delorenzoglobal.com\/es\/"},{"@type":"ListItem","position":2,"name":"Tienda","item":"https:\/\/delorenzoglobal.com\/es\/tienda\/"},{"@type":"ListItem","position":3,"name":"FABRICA AUTOMATIZADA ESTACION DE TRANSPORTE Y DETECCION DE MATERIALES"}]},{"@type":"WebSite","@id":"https:\/\/delorenzoglobal.com\/es\/#website","url":"https:\/\/delorenzoglobal.com\/es\/","name":"De Lorenzo Training &amp; Didactical Equipment","description":"","potentialAction":[{"@type":"SearchAction","target":{"@type":"EntryPoint","urlTemplate":"https:\/\/delorenzoglobal.com\/es\/?s={search_term_string}"},"query-input":{"@type":"PropertyValueSpecification","valueRequired":true,"valueName":"search_term_string"}}],"inLanguage":"es"}]}},"_links":{"self":[{"href":"https:\/\/delorenzoglobal.com\/es\/wp-json\/wp\/v2\/product\/604","targetHints":{"allow":["GET"]}}],"collection":[{"href":"https:\/\/delorenzoglobal.com\/es\/wp-json\/wp\/v2\/product"}],"about":[{"href":"https:\/\/delorenzoglobal.com\/es\/wp-json\/wp\/v2\/types\/product"}],"wp:featuredmedia":[{"embeddable":true,"href":"https:\/\/delorenzoglobal.com\/es\/wp-json\/wp\/v2\/media\/547"}],"wp:attachment":[{"href":"https:\/\/delorenzoglobal.com\/es\/wp-json\/wp\/v2\/media?parent=604"}],"wp:term":[{"taxonomy":"product_brand","embeddable":true,"href":"https:\/\/delorenzoglobal.com\/es\/wp-json\/wp\/v2\/product_brand?post=604"},{"taxonomy":"product_cat","embeddable":true,"href":"https:\/\/delorenzoglobal.com\/es\/wp-json\/wp\/v2\/product_cat?post=604"},{"taxonomy":"product_tag","embeddable":true,"href":"https:\/\/delorenzoglobal.com\/es\/wp-json\/wp\/v2\/product_tag?post=604"}],"curies":[{"name":"wp","href":"https:\/\/api.w.org\/{rel}","templated":true}]}}