{"id":5796,"date":"2024-04-12T12:05:09","date_gmt":"2024-04-12T10:05:09","guid":{"rendered":"https:\/\/delorenzoglobal.com\/?post_type=product&#038;p=5796"},"modified":"2026-01-19T14:36:17","modified_gmt":"2026-01-19T13:36:17","slug":"instalaciones-industriales-completas-version-2","status":"publish","type":"product","link":"https:\/\/delorenzoglobal.com\/es\/producto\/instalaciones-industriales-completas-version-2\/","title":{"rendered":"INSTALACIONES INDUSTRIALES COMPLETAS (VERSION 2)"},"content":{"rendered":"<p>Juego de componentes con manual de 25 experimentos que incluyen diagramas te\u00f3ricos y pr\u00e1cticos de los principales circuitos que se utilizan en instalaciones de tipo industrial.<\/p>\n<p>Cada experimento tiene un objetivo bien definido y muestra el esquema el\u00e9ctrico y el material que es necesario para el montaje de la instalaci\u00f3n.<\/p>\n<p>Para realizar las pruebas de motor es necesario tener en el laboratorio un motor trif\u00e1sico as\u00edncrono de anillos con las mismas caracter\u00edsticas de nuestro motor DL 2102A y un motor trif\u00e1sico as\u00edncrono de dos velocidades de tipo Dahlander con las mismas caracter\u00edsticas de nuestro motor DL 2102D.<\/p>\n","protected":false},"excerpt":{"rendered":"<p>Juego de componentes con manual de 25 experimentos que incluyen diagramas te\u00f3ricos y pr\u00e1cticos de los principales circuitos que se utilizan en instalaciones de tipo industrial. Cada experimento tiene un objetivo bien definido y muestra el esquema el\u00e9ctrico y el material que es necesario para el montaje de la instalaci\u00f3n. Para realizar las pruebas de [&hellip;]<\/p>\n","protected":false},"featured_media":5785,"template":"","meta":{"_acf_changed":false},"product_brand":[],"product_cat":[281],"product_tag":[],"class_list":{"0":"post-5796","1":"product","2":"type-product","3":"status-publish","4":"has-post-thumbnail","6":"product_cat-kit-de-instalacion-industrial-es","8":"first","9":"instock","10":"shipping-taxable","11":"product-type-simple"},"acf":[],"yoast_head":"<!-- This site is optimized with the Yoast SEO plugin v27.4 - https:\/\/yoast.com\/product\/yoast-seo-wordpress\/ -->\n<title>INSTALACIONES INDUSTRIALES COMPLETAS (VERSION 2) - De Lorenzo Training &amp; Didactical Equipment<\/title>\n<meta name=\"robots\" content=\"index, follow, max-snippet:-1, max-image-preview:large, max-video-preview:-1\" \/>\n<link rel=\"canonical\" href=\"https:\/\/delorenzoglobal.com\/es\/producto\/instalaciones-industriales-completas-version-2\/\" \/>\n<meta property=\"og:locale\" content=\"es_ES\" \/>\n<meta property=\"og:type\" content=\"article\" \/>\n<meta property=\"og:title\" content=\"INSTALACIONES INDUSTRIALES COMPLETAS (VERSION 2) - De Lorenzo Training &amp; Didactical Equipment\" \/>\n<meta property=\"og:description\" content=\"Juego de componentes con manual de 25 experimentos que incluyen diagramas te\u00f3ricos y pr\u00e1cticos de los principales circuitos que se utilizan en instalaciones de tipo industrial. Cada experimento tiene un objetivo bien definido y muestra el esquema el\u00e9ctrico y el material que es necesario para el montaje de la instalaci\u00f3n. Para realizar las pruebas de [&hellip;]\" \/>\n<meta property=\"og:url\" content=\"https:\/\/delorenzoglobal.com\/es\/producto\/instalaciones-industriales-completas-version-2\/\" \/>\n<meta property=\"og:site_name\" content=\"De Lorenzo Training &amp; Didactical Equipment\" \/>\n<meta property=\"article:modified_time\" content=\"2026-01-19T13:36:17+00:00\" \/>\n<meta property=\"og:image\" content=\"https:\/\/delorenzoglobal.com\/wp-content\/uploads\/2024\/04\/DL-2102C2-scaled.jpg\" \/>\n\t<meta property=\"og:image:width\" content=\"2560\" \/>\n\t<meta property=\"og:image:height\" content=\"1349\" \/>\n\t<meta property=\"og:image:type\" content=\"image\/jpeg\" \/>\n<meta name=\"twitter:card\" content=\"summary_large_image\" \/>\n<meta name=\"twitter:label1\" content=\"Tiempo de lectura\" \/>\n\t<meta name=\"twitter:data1\" content=\"1 minuto\" \/>\n<script type=\"application\/ld+json\" class=\"yoast-schema-graph\">{\"@context\":\"https:\\\/\\\/schema.org\",\"@graph\":[{\"@type\":\"WebPage\",\"@id\":\"https:\\\/\\\/delorenzoglobal.com\\\/es\\\/producto\\\/instalaciones-industriales-completas-version-2\\\/\",\"url\":\"https:\\\/\\\/delorenzoglobal.com\\\/es\\\/producto\\\/instalaciones-industriales-completas-version-2\\\/\",\"name\":\"INSTALACIONES INDUSTRIALES COMPLETAS (VERSION 2) - De Lorenzo Training &amp; Didactical Equipment\",\"isPartOf\":{\"@id\":\"https:\\\/\\\/delorenzoglobal.com\\\/es\\\/#website\"},\"primaryImageOfPage\":{\"@id\":\"https:\\\/\\\/delorenzoglobal.com\\\/es\\\/producto\\\/instalaciones-industriales-completas-version-2\\\/#primaryimage\"},\"image\":{\"@id\":\"https:\\\/\\\/delorenzoglobal.com\\\/es\\\/producto\\\/instalaciones-industriales-completas-version-2\\\/#primaryimage\"},\"thumbnailUrl\":\"https:\\\/\\\/delorenzoglobal.com\\\/wp-content\\\/uploads\\\/2024\\\/04\\\/DL-2102C2-scaled.jpg\",\"datePublished\":\"2024-04-12T10:05:09+00:00\",\"dateModified\":\"2026-01-19T13:36:17+00:00\",\"breadcrumb\":{\"@id\":\"https:\\\/\\\/delorenzoglobal.com\\\/es\\\/producto\\\/instalaciones-industriales-completas-version-2\\\/#breadcrumb\"},\"inLanguage\":\"es\",\"potentialAction\":[{\"@type\":\"ReadAction\",\"target\":[\"https:\\\/\\\/delorenzoglobal.com\\\/es\\\/producto\\\/instalaciones-industriales-completas-version-2\\\/\"]}]},{\"@type\":\"ImageObject\",\"inLanguage\":\"es\",\"@id\":\"https:\\\/\\\/delorenzoglobal.com\\\/es\\\/producto\\\/instalaciones-industriales-completas-version-2\\\/#primaryimage\",\"url\":\"https:\\\/\\\/delorenzoglobal.com\\\/wp-content\\\/uploads\\\/2024\\\/04\\\/DL-2102C2-scaled.jpg\",\"contentUrl\":\"https:\\\/\\\/delorenzoglobal.com\\\/wp-content\\\/uploads\\\/2024\\\/04\\\/DL-2102C2-scaled.jpg\",\"width\":2560,\"height\":1349},{\"@type\":\"BreadcrumbList\",\"@id\":\"https:\\\/\\\/delorenzoglobal.com\\\/es\\\/producto\\\/instalaciones-industriales-completas-version-2\\\/#breadcrumb\",\"itemListElement\":[{\"@type\":\"ListItem\",\"position\":1,\"name\":\"Home\",\"item\":\"https:\\\/\\\/delorenzoglobal.com\\\/es\\\/\"},{\"@type\":\"ListItem\",\"position\":2,\"name\":\"Tienda\",\"item\":\"https:\\\/\\\/delorenzoglobal.com\\\/es\\\/tienda\\\/\"},{\"@type\":\"ListItem\",\"position\":3,\"name\":\"INSTALACIONES INDUSTRIALES COMPLETAS (VERSION 2)\"}]},{\"@type\":\"WebSite\",\"@id\":\"https:\\\/\\\/delorenzoglobal.com\\\/es\\\/#website\",\"url\":\"https:\\\/\\\/delorenzoglobal.com\\\/es\\\/\",\"name\":\"De Lorenzo Training &amp; Didactical Equipment\",\"description\":\"\",\"potentialAction\":[{\"@type\":\"SearchAction\",\"target\":{\"@type\":\"EntryPoint\",\"urlTemplate\":\"https:\\\/\\\/delorenzoglobal.com\\\/es\\\/?s={search_term_string}\"},\"query-input\":{\"@type\":\"PropertyValueSpecification\",\"valueRequired\":true,\"valueName\":\"search_term_string\"}}],\"inLanguage\":\"es\"}]}<\/script>\n<!-- \/ Yoast SEO plugin. -->","yoast_head_json":{"title":"INSTALACIONES INDUSTRIALES COMPLETAS (VERSION 2) - De Lorenzo Training &amp; Didactical Equipment","robots":{"index":"index","follow":"follow","max-snippet":"max-snippet:-1","max-image-preview":"max-image-preview:large","max-video-preview":"max-video-preview:-1"},"canonical":"https:\/\/delorenzoglobal.com\/es\/producto\/instalaciones-industriales-completas-version-2\/","og_locale":"es_ES","og_type":"article","og_title":"INSTALACIONES INDUSTRIALES COMPLETAS (VERSION 2) - De Lorenzo Training &amp; Didactical Equipment","og_description":"Juego de componentes con manual de 25 experimentos que incluyen diagramas te\u00f3ricos y pr\u00e1cticos de los principales circuitos que se utilizan en instalaciones de tipo industrial. Cada experimento tiene un objetivo bien definido y muestra el esquema el\u00e9ctrico y el material que es necesario para el montaje de la instalaci\u00f3n. Para realizar las pruebas de [&hellip;]","og_url":"https:\/\/delorenzoglobal.com\/es\/producto\/instalaciones-industriales-completas-version-2\/","og_site_name":"De Lorenzo Training &amp; Didactical Equipment","article_modified_time":"2026-01-19T13:36:17+00:00","og_image":[{"width":2560,"height":1349,"url":"https:\/\/delorenzoglobal.com\/wp-content\/uploads\/2024\/04\/DL-2102C2-scaled.jpg","type":"image\/jpeg"}],"twitter_card":"summary_large_image","twitter_misc":{"Tiempo de lectura":"1 minuto"},"schema":{"@context":"https:\/\/schema.org","@graph":[{"@type":"WebPage","@id":"https:\/\/delorenzoglobal.com\/es\/producto\/instalaciones-industriales-completas-version-2\/","url":"https:\/\/delorenzoglobal.com\/es\/producto\/instalaciones-industriales-completas-version-2\/","name":"INSTALACIONES INDUSTRIALES COMPLETAS (VERSION 2) - De Lorenzo Training &amp; Didactical Equipment","isPartOf":{"@id":"https:\/\/delorenzoglobal.com\/es\/#website"},"primaryImageOfPage":{"@id":"https:\/\/delorenzoglobal.com\/es\/producto\/instalaciones-industriales-completas-version-2\/#primaryimage"},"image":{"@id":"https:\/\/delorenzoglobal.com\/es\/producto\/instalaciones-industriales-completas-version-2\/#primaryimage"},"thumbnailUrl":"https:\/\/delorenzoglobal.com\/wp-content\/uploads\/2024\/04\/DL-2102C2-scaled.jpg","datePublished":"2024-04-12T10:05:09+00:00","dateModified":"2026-01-19T13:36:17+00:00","breadcrumb":{"@id":"https:\/\/delorenzoglobal.com\/es\/producto\/instalaciones-industriales-completas-version-2\/#breadcrumb"},"inLanguage":"es","potentialAction":[{"@type":"ReadAction","target":["https:\/\/delorenzoglobal.com\/es\/producto\/instalaciones-industriales-completas-version-2\/"]}]},{"@type":"ImageObject","inLanguage":"es","@id":"https:\/\/delorenzoglobal.com\/es\/producto\/instalaciones-industriales-completas-version-2\/#primaryimage","url":"https:\/\/delorenzoglobal.com\/wp-content\/uploads\/2024\/04\/DL-2102C2-scaled.jpg","contentUrl":"https:\/\/delorenzoglobal.com\/wp-content\/uploads\/2024\/04\/DL-2102C2-scaled.jpg","width":2560,"height":1349},{"@type":"BreadcrumbList","@id":"https:\/\/delorenzoglobal.com\/es\/producto\/instalaciones-industriales-completas-version-2\/#breadcrumb","itemListElement":[{"@type":"ListItem","position":1,"name":"Home","item":"https:\/\/delorenzoglobal.com\/es\/"},{"@type":"ListItem","position":2,"name":"Tienda","item":"https:\/\/delorenzoglobal.com\/es\/tienda\/"},{"@type":"ListItem","position":3,"name":"INSTALACIONES INDUSTRIALES COMPLETAS (VERSION 2)"}]},{"@type":"WebSite","@id":"https:\/\/delorenzoglobal.com\/es\/#website","url":"https:\/\/delorenzoglobal.com\/es\/","name":"De Lorenzo Training &amp; Didactical Equipment","description":"","potentialAction":[{"@type":"SearchAction","target":{"@type":"EntryPoint","urlTemplate":"https:\/\/delorenzoglobal.com\/es\/?s={search_term_string}"},"query-input":{"@type":"PropertyValueSpecification","valueRequired":true,"valueName":"search_term_string"}}],"inLanguage":"es"}]}},"_links":{"self":[{"href":"https:\/\/delorenzoglobal.com\/es\/wp-json\/wp\/v2\/product\/5796","targetHints":{"allow":["GET"]}}],"collection":[{"href":"https:\/\/delorenzoglobal.com\/es\/wp-json\/wp\/v2\/product"}],"about":[{"href":"https:\/\/delorenzoglobal.com\/es\/wp-json\/wp\/v2\/types\/product"}],"wp:featuredmedia":[{"embeddable":true,"href":"https:\/\/delorenzoglobal.com\/es\/wp-json\/wp\/v2\/media\/5785"}],"wp:attachment":[{"href":"https:\/\/delorenzoglobal.com\/es\/wp-json\/wp\/v2\/media?parent=5796"}],"wp:term":[{"taxonomy":"product_brand","embeddable":true,"href":"https:\/\/delorenzoglobal.com\/es\/wp-json\/wp\/v2\/product_brand?post=5796"},{"taxonomy":"product_cat","embeddable":true,"href":"https:\/\/delorenzoglobal.com\/es\/wp-json\/wp\/v2\/product_cat?post=5796"},{"taxonomy":"product_tag","embeddable":true,"href":"https:\/\/delorenzoglobal.com\/es\/wp-json\/wp\/v2\/product_tag?post=5796"}],"curies":[{"name":"wp","href":"https:\/\/api.w.org\/{rel}","templated":true}]}}