{"id":5734,"date":"2024-04-12T11:47:04","date_gmt":"2024-04-12T09:47:04","guid":{"rendered":"https:\/\/delorenzoglobal.com\/?post_type=product&#038;p=5734"},"modified":"2025-01-24T14:45:33","modified_gmt":"2025-01-24T13:45:33","slug":"instalaciones-civiles-y-de-hotel","status":"publish","type":"product","link":"https:\/\/delorenzoglobal.com\/es\/producto\/instalaciones-civiles-y-de-hotel\/","title":{"rendered":"INSTALACIONES CIVILES Y DE HOTEL"},"content":{"rendered":"<p>Juego de componentes con manual de 23 experimentos que incluyen diagramas te\u00f3ricos y pr\u00e1cticos de los principales circuitos que se utilizan en instalaciones civiles y hoteleras.<\/p>\n<p>Cada experimento tiene un objetivo bien definido y muestra el esquema el\u00e9ctrico y el material que es necesario para el montaje de la instalaci\u00f3n.<\/p>\n<p>El juego consiste en: 8 pulsadores de uso general, 3 pulsadores de timbre, 3 pulsadores de apertura de puertas, 9 l\u00e1mparas de se\u00f1alizaci\u00f3n, 3 interruptores, 2 interruptores de intercambio, 2 interruptores inversores, 1 toma de corriente, 3 timbres, 1 zumbador, 6 rel\u00e9 biestables, 2 portafusibles con fusibles, 1 rel\u00e9 de tiempo, 1 rel\u00e9 de impulsos, 2 portal\u00e1mparas con l\u00e1mparas incandescentes, 1 l\u00e1mpara fluorescente completa con soporte de la l\u00e1mpara, arrancador y choke, 1 electrocerradura, 1 panel de pulsadores externo con 3 pulsadores, 1 panel de se\u00f1alizaci\u00f3n con 4 displays, 3 interfonos de pared completos con tres pulsadores y zumbador, 1 m\u00f3dulo de alimentaci\u00f3n del sistema interf\u00f3nico, 1 transformador red\/2 x 12 V, una pieza de secci\u00f3n DIN, 1 juego de tornillos para fijar los componentes, 2 contenedores.<\/p>\n","protected":false},"excerpt":{"rendered":"<p>Juego de componentes con manual de 23 experimentos que incluyen diagramas te\u00f3ricos y pr\u00e1cticos de los principales circuitos que se utilizan en instalaciones civiles y hoteleras. Cada experimento tiene un objetivo bien definido y muestra el esquema el\u00e9ctrico y el material que es necesario para el montaje de la instalaci\u00f3n. El juego consiste en: 8 [&hellip;]<\/p>\n","protected":false},"featured_media":5723,"template":"","meta":{"_acf_changed":false},"product_brand":[],"product_cat":[278],"product_tag":[],"class_list":{"0":"post-5734","1":"product","2":"type-product","3":"status-publish","4":"has-post-thumbnail","6":"product_cat-kit-de-instalaciones-civiles-es","8":"first","9":"instock","10":"shipping-taxable","11":"product-type-simple"},"acf":[],"yoast_head":"<!-- This site is optimized with the Yoast SEO plugin v27.4 - https:\/\/yoast.com\/product\/yoast-seo-wordpress\/ -->\n<title>INSTALACIONES CIVILES Y DE HOTEL - De Lorenzo Training &amp; Didactical Equipment<\/title>\n<meta name=\"robots\" content=\"index, follow, max-snippet:-1, max-image-preview:large, max-video-preview:-1\" \/>\n<link rel=\"canonical\" href=\"https:\/\/delorenzoglobal.com\/es\/producto\/instalaciones-civiles-y-de-hotel\/\" \/>\n<meta property=\"og:locale\" content=\"es_ES\" \/>\n<meta property=\"og:type\" content=\"article\" \/>\n<meta property=\"og:title\" content=\"INSTALACIONES CIVILES Y DE HOTEL - De Lorenzo Training &amp; Didactical Equipment\" \/>\n<meta property=\"og:description\" content=\"Juego de componentes con manual de 23 experimentos que incluyen diagramas te\u00f3ricos y pr\u00e1cticos de los principales circuitos que se utilizan en instalaciones civiles y hoteleras. Cada experimento tiene un objetivo bien definido y muestra el esquema el\u00e9ctrico y el material que es necesario para el montaje de la instalaci\u00f3n. El juego consiste en: 8 [&hellip;]\" \/>\n<meta property=\"og:url\" content=\"https:\/\/delorenzoglobal.com\/es\/producto\/instalaciones-civiles-y-de-hotel\/\" \/>\n<meta property=\"og:site_name\" content=\"De Lorenzo Training &amp; Didactical Equipment\" \/>\n<meta property=\"article:modified_time\" content=\"2025-01-24T13:45:33+00:00\" \/>\n<meta property=\"og:image\" content=\"https:\/\/delorenzoglobal.com\/wp-content\/uploads\/2024\/04\/DL-2101E-1024x436.jpg\" \/>\n\t<meta property=\"og:image:width\" content=\"1024\" \/>\n\t<meta property=\"og:image:height\" content=\"436\" \/>\n\t<meta property=\"og:image:type\" content=\"image\/jpeg\" \/>\n<meta name=\"twitter:card\" content=\"summary_large_image\" \/>\n<meta name=\"twitter:label1\" content=\"Tiempo de lectura\" \/>\n\t<meta name=\"twitter:data1\" content=\"2 minutos\" \/>\n<script type=\"application\/ld+json\" class=\"yoast-schema-graph\">{\"@context\":\"https:\\\/\\\/schema.org\",\"@graph\":[{\"@type\":\"WebPage\",\"@id\":\"https:\\\/\\\/delorenzoglobal.com\\\/es\\\/producto\\\/instalaciones-civiles-y-de-hotel\\\/\",\"url\":\"https:\\\/\\\/delorenzoglobal.com\\\/es\\\/producto\\\/instalaciones-civiles-y-de-hotel\\\/\",\"name\":\"INSTALACIONES CIVILES Y DE HOTEL - De Lorenzo Training &amp; Didactical Equipment\",\"isPartOf\":{\"@id\":\"https:\\\/\\\/delorenzoglobal.com\\\/es\\\/#website\"},\"primaryImageOfPage\":{\"@id\":\"https:\\\/\\\/delorenzoglobal.com\\\/es\\\/producto\\\/instalaciones-civiles-y-de-hotel\\\/#primaryimage\"},\"image\":{\"@id\":\"https:\\\/\\\/delorenzoglobal.com\\\/es\\\/producto\\\/instalaciones-civiles-y-de-hotel\\\/#primaryimage\"},\"thumbnailUrl\":\"https:\\\/\\\/delorenzoglobal.com\\\/wp-content\\\/uploads\\\/2024\\\/04\\\/DL-2101E.jpg\",\"datePublished\":\"2024-04-12T09:47:04+00:00\",\"dateModified\":\"2025-01-24T13:45:33+00:00\",\"breadcrumb\":{\"@id\":\"https:\\\/\\\/delorenzoglobal.com\\\/es\\\/producto\\\/instalaciones-civiles-y-de-hotel\\\/#breadcrumb\"},\"inLanguage\":\"es\",\"potentialAction\":[{\"@type\":\"ReadAction\",\"target\":[\"https:\\\/\\\/delorenzoglobal.com\\\/es\\\/producto\\\/instalaciones-civiles-y-de-hotel\\\/\"]}]},{\"@type\":\"ImageObject\",\"inLanguage\":\"es\",\"@id\":\"https:\\\/\\\/delorenzoglobal.com\\\/es\\\/producto\\\/instalaciones-civiles-y-de-hotel\\\/#primaryimage\",\"url\":\"https:\\\/\\\/delorenzoglobal.com\\\/wp-content\\\/uploads\\\/2024\\\/04\\\/DL-2101E.jpg\",\"contentUrl\":\"https:\\\/\\\/delorenzoglobal.com\\\/wp-content\\\/uploads\\\/2024\\\/04\\\/DL-2101E.jpg\",\"width\":2529,\"height\":1077},{\"@type\":\"BreadcrumbList\",\"@id\":\"https:\\\/\\\/delorenzoglobal.com\\\/es\\\/producto\\\/instalaciones-civiles-y-de-hotel\\\/#breadcrumb\",\"itemListElement\":[{\"@type\":\"ListItem\",\"position\":1,\"name\":\"Home\",\"item\":\"https:\\\/\\\/delorenzoglobal.com\\\/es\\\/\"},{\"@type\":\"ListItem\",\"position\":2,\"name\":\"Tienda\",\"item\":\"https:\\\/\\\/delorenzoglobal.com\\\/es\\\/tienda\\\/\"},{\"@type\":\"ListItem\",\"position\":3,\"name\":\"INSTALACIONES CIVILES Y DE HOTEL\"}]},{\"@type\":\"WebSite\",\"@id\":\"https:\\\/\\\/delorenzoglobal.com\\\/es\\\/#website\",\"url\":\"https:\\\/\\\/delorenzoglobal.com\\\/es\\\/\",\"name\":\"De Lorenzo Training &amp; Didactical Equipment\",\"description\":\"\",\"potentialAction\":[{\"@type\":\"SearchAction\",\"target\":{\"@type\":\"EntryPoint\",\"urlTemplate\":\"https:\\\/\\\/delorenzoglobal.com\\\/es\\\/?s={search_term_string}\"},\"query-input\":{\"@type\":\"PropertyValueSpecification\",\"valueRequired\":true,\"valueName\":\"search_term_string\"}}],\"inLanguage\":\"es\"}]}<\/script>\n<!-- \/ Yoast SEO plugin. -->","yoast_head_json":{"title":"INSTALACIONES CIVILES Y DE HOTEL - De Lorenzo Training &amp; Didactical Equipment","robots":{"index":"index","follow":"follow","max-snippet":"max-snippet:-1","max-image-preview":"max-image-preview:large","max-video-preview":"max-video-preview:-1"},"canonical":"https:\/\/delorenzoglobal.com\/es\/producto\/instalaciones-civiles-y-de-hotel\/","og_locale":"es_ES","og_type":"article","og_title":"INSTALACIONES CIVILES Y DE HOTEL - De Lorenzo Training &amp; Didactical Equipment","og_description":"Juego de componentes con manual de 23 experimentos que incluyen diagramas te\u00f3ricos y pr\u00e1cticos de los principales circuitos que se utilizan en instalaciones civiles y hoteleras. Cada experimento tiene un objetivo bien definido y muestra el esquema el\u00e9ctrico y el material que es necesario para el montaje de la instalaci\u00f3n. El juego consiste en: 8 [&hellip;]","og_url":"https:\/\/delorenzoglobal.com\/es\/producto\/instalaciones-civiles-y-de-hotel\/","og_site_name":"De Lorenzo Training &amp; Didactical Equipment","article_modified_time":"2025-01-24T13:45:33+00:00","og_image":[{"width":1024,"height":436,"url":"https:\/\/delorenzoglobal.com\/wp-content\/uploads\/2024\/04\/DL-2101E-1024x436.jpg","type":"image\/jpeg"}],"twitter_card":"summary_large_image","twitter_misc":{"Tiempo de lectura":"2 minutos"},"schema":{"@context":"https:\/\/schema.org","@graph":[{"@type":"WebPage","@id":"https:\/\/delorenzoglobal.com\/es\/producto\/instalaciones-civiles-y-de-hotel\/","url":"https:\/\/delorenzoglobal.com\/es\/producto\/instalaciones-civiles-y-de-hotel\/","name":"INSTALACIONES CIVILES Y DE HOTEL - De Lorenzo Training &amp; Didactical Equipment","isPartOf":{"@id":"https:\/\/delorenzoglobal.com\/es\/#website"},"primaryImageOfPage":{"@id":"https:\/\/delorenzoglobal.com\/es\/producto\/instalaciones-civiles-y-de-hotel\/#primaryimage"},"image":{"@id":"https:\/\/delorenzoglobal.com\/es\/producto\/instalaciones-civiles-y-de-hotel\/#primaryimage"},"thumbnailUrl":"https:\/\/delorenzoglobal.com\/wp-content\/uploads\/2024\/04\/DL-2101E.jpg","datePublished":"2024-04-12T09:47:04+00:00","dateModified":"2025-01-24T13:45:33+00:00","breadcrumb":{"@id":"https:\/\/delorenzoglobal.com\/es\/producto\/instalaciones-civiles-y-de-hotel\/#breadcrumb"},"inLanguage":"es","potentialAction":[{"@type":"ReadAction","target":["https:\/\/delorenzoglobal.com\/es\/producto\/instalaciones-civiles-y-de-hotel\/"]}]},{"@type":"ImageObject","inLanguage":"es","@id":"https:\/\/delorenzoglobal.com\/es\/producto\/instalaciones-civiles-y-de-hotel\/#primaryimage","url":"https:\/\/delorenzoglobal.com\/wp-content\/uploads\/2024\/04\/DL-2101E.jpg","contentUrl":"https:\/\/delorenzoglobal.com\/wp-content\/uploads\/2024\/04\/DL-2101E.jpg","width":2529,"height":1077},{"@type":"BreadcrumbList","@id":"https:\/\/delorenzoglobal.com\/es\/producto\/instalaciones-civiles-y-de-hotel\/#breadcrumb","itemListElement":[{"@type":"ListItem","position":1,"name":"Home","item":"https:\/\/delorenzoglobal.com\/es\/"},{"@type":"ListItem","position":2,"name":"Tienda","item":"https:\/\/delorenzoglobal.com\/es\/tienda\/"},{"@type":"ListItem","position":3,"name":"INSTALACIONES CIVILES Y DE HOTEL"}]},{"@type":"WebSite","@id":"https:\/\/delorenzoglobal.com\/es\/#website","url":"https:\/\/delorenzoglobal.com\/es\/","name":"De Lorenzo Training &amp; Didactical Equipment","description":"","potentialAction":[{"@type":"SearchAction","target":{"@type":"EntryPoint","urlTemplate":"https:\/\/delorenzoglobal.com\/es\/?s={search_term_string}"},"query-input":{"@type":"PropertyValueSpecification","valueRequired":true,"valueName":"search_term_string"}}],"inLanguage":"es"}]}},"_links":{"self":[{"href":"https:\/\/delorenzoglobal.com\/es\/wp-json\/wp\/v2\/product\/5734","targetHints":{"allow":["GET"]}}],"collection":[{"href":"https:\/\/delorenzoglobal.com\/es\/wp-json\/wp\/v2\/product"}],"about":[{"href":"https:\/\/delorenzoglobal.com\/es\/wp-json\/wp\/v2\/types\/product"}],"wp:featuredmedia":[{"embeddable":true,"href":"https:\/\/delorenzoglobal.com\/es\/wp-json\/wp\/v2\/media\/5723"}],"wp:attachment":[{"href":"https:\/\/delorenzoglobal.com\/es\/wp-json\/wp\/v2\/media?parent=5734"}],"wp:term":[{"taxonomy":"product_brand","embeddable":true,"href":"https:\/\/delorenzoglobal.com\/es\/wp-json\/wp\/v2\/product_brand?post=5734"},{"taxonomy":"product_cat","embeddable":true,"href":"https:\/\/delorenzoglobal.com\/es\/wp-json\/wp\/v2\/product_cat?post=5734"},{"taxonomy":"product_tag","embeddable":true,"href":"https:\/\/delorenzoglobal.com\/es\/wp-json\/wp\/v2\/product_tag?post=5734"}],"curies":[{"name":"wp","href":"https:\/\/api.w.org\/{rel}","templated":true}]}}