{"id":57129,"date":"2025-04-08T09:22:43","date_gmt":"2025-04-08T07:22:43","guid":{"rendered":"https:\/\/delorenzoglobal.com\/?post_type=product&#038;p=57129"},"modified":"2025-04-16T08:59:12","modified_gmt":"2025-04-16T06:59:12","slug":"kit-profesional-para-redes-inteligentes","status":"publish","type":"product","link":"https:\/\/delorenzoglobal.com\/es\/producto\/kit-profesional-para-redes-inteligentes\/","title":{"rendered":"KIT PARA REDES INTELIGENTES"},"content":{"rendered":"<p>Un objetivo importante en la formaci\u00f3n profesional y t\u00e9cnica es la comprensi\u00f3n de la compleja interacci\u00f3n de las energ\u00edas renovables, el almacenamiento de energ\u00eda y los consumidores en una red inteligente. El <strong>DL SGWD-L<\/strong> es el sistema de formaci\u00f3n b\u00e1sica ideal para alcanzar este objetivo. \u00a0Uno de los principales temas de estudio del producto es la influencia de las energ\u00edas renovables en la estabilidad de la red.<\/p>\n","protected":false},"excerpt":{"rendered":"<p>Un objetivo importante en la formaci\u00f3n profesional y t\u00e9cnica es la comprensi\u00f3n de la compleja interacci\u00f3n de las energ\u00edas renovables, el almacenamiento de energ\u00eda y los consumidores en una red inteligente. El DL SGWD-L es el sistema de formaci\u00f3n b\u00e1sica ideal para alcanzar este objetivo. \u00a0Uno de los principales temas de estudio del producto es [&hellip;]<\/p>\n","protected":false},"featured_media":57112,"template":"","meta":{"_acf_changed":false},"product_brand":[],"product_cat":[242,3168],"product_tag":[],"class_list":{"0":"post-57129","1":"product","2":"type-product","3":"status-publish","4":"has-post-thumbnail","6":"product_cat-sistemas-de-introduccion-basica","7":"product_cat-kits-de-instrucciones-basicas-para-energias-renovables","9":"first","10":"instock","11":"shipping-taxable","12":"product-type-simple"},"acf":[],"yoast_head":"<!-- This site is optimized with the Yoast SEO plugin v27.0 - https:\/\/yoast.com\/product\/yoast-seo-wordpress\/ -->\n<title>KIT PARA REDES INTELIGENTES - De Lorenzo Training &amp; Didactical Equipment<\/title>\n<meta name=\"robots\" content=\"index, follow, max-snippet:-1, max-image-preview:large, max-video-preview:-1\" \/>\n<link rel=\"canonical\" href=\"https:\/\/delorenzoglobal.com\/es\/producto\/kit-profesional-para-redes-inteligentes\/\" \/>\n<meta property=\"og:locale\" content=\"es_ES\" \/>\n<meta property=\"og:type\" content=\"article\" \/>\n<meta property=\"og:title\" content=\"KIT PARA REDES INTELIGENTES - De Lorenzo Training &amp; Didactical Equipment\" \/>\n<meta property=\"og:description\" content=\"Un objetivo importante en la formaci\u00f3n profesional y t\u00e9cnica es la comprensi\u00f3n de la compleja interacci\u00f3n de las energ\u00edas renovables, el almacenamiento de energ\u00eda y los consumidores en una red inteligente. El DL SGWD-L es el sistema de formaci\u00f3n b\u00e1sica ideal para alcanzar este objetivo. \u00a0Uno de los principales temas de estudio del producto es [&hellip;]\" \/>\n<meta property=\"og:url\" content=\"https:\/\/delorenzoglobal.com\/es\/producto\/kit-profesional-para-redes-inteligentes\/\" \/>\n<meta property=\"og:site_name\" content=\"De Lorenzo Training &amp; Didactical Equipment\" \/>\n<meta property=\"article:modified_time\" content=\"2025-04-16T06:59:12+00:00\" \/>\n<meta property=\"og:image\" content=\"https:\/\/delorenzoglobal.com\/wp-content\/uploads\/2025\/04\/DL-SGWD-L.jpg\" \/>\n\t<meta property=\"og:image:width\" content=\"600\" \/>\n\t<meta property=\"og:image:height\" content=\"590\" \/>\n\t<meta property=\"og:image:type\" content=\"image\/jpeg\" \/>\n<meta name=\"twitter:card\" content=\"summary_large_image\" \/>\n<meta name=\"twitter:label1\" content=\"Tiempo de lectura\" \/>\n\t<meta name=\"twitter:data1\" content=\"1 minuto\" \/>\n<script type=\"application\/ld+json\" class=\"yoast-schema-graph\">{\"@context\":\"https:\/\/schema.org\",\"@graph\":[{\"@type\":\"WebPage\",\"@id\":\"https:\/\/delorenzoglobal.com\/es\/producto\/kit-profesional-para-redes-inteligentes\/\",\"url\":\"https:\/\/delorenzoglobal.com\/es\/producto\/kit-profesional-para-redes-inteligentes\/\",\"name\":\"KIT PARA REDES INTELIGENTES - De Lorenzo Training &amp; Didactical Equipment\",\"isPartOf\":{\"@id\":\"https:\/\/delorenzoglobal.com\/es\/#website\"},\"primaryImageOfPage\":{\"@id\":\"https:\/\/delorenzoglobal.com\/es\/producto\/kit-profesional-para-redes-inteligentes\/#primaryimage\"},\"image\":{\"@id\":\"https:\/\/delorenzoglobal.com\/es\/producto\/kit-profesional-para-redes-inteligentes\/#primaryimage\"},\"thumbnailUrl\":\"https:\/\/delorenzoglobal.com\/wp-content\/uploads\/2025\/04\/DL-SGWD-L.jpg\",\"datePublished\":\"2025-04-08T07:22:43+00:00\",\"dateModified\":\"2025-04-16T06:59:12+00:00\",\"breadcrumb\":{\"@id\":\"https:\/\/delorenzoglobal.com\/es\/producto\/kit-profesional-para-redes-inteligentes\/#breadcrumb\"},\"inLanguage\":\"es\",\"potentialAction\":[{\"@type\":\"ReadAction\",\"target\":[\"https:\/\/delorenzoglobal.com\/es\/producto\/kit-profesional-para-redes-inteligentes\/\"]}]},{\"@type\":\"ImageObject\",\"inLanguage\":\"es\",\"@id\":\"https:\/\/delorenzoglobal.com\/es\/producto\/kit-profesional-para-redes-inteligentes\/#primaryimage\",\"url\":\"https:\/\/delorenzoglobal.com\/wp-content\/uploads\/2025\/04\/DL-SGWD-L.jpg\",\"contentUrl\":\"https:\/\/delorenzoglobal.com\/wp-content\/uploads\/2025\/04\/DL-SGWD-L.jpg\",\"width\":600,\"height\":590},{\"@type\":\"BreadcrumbList\",\"@id\":\"https:\/\/delorenzoglobal.com\/es\/producto\/kit-profesional-para-redes-inteligentes\/#breadcrumb\",\"itemListElement\":[{\"@type\":\"ListItem\",\"position\":1,\"name\":\"Home\",\"item\":\"https:\/\/delorenzoglobal.com\/es\/\"},{\"@type\":\"ListItem\",\"position\":2,\"name\":\"Tienda\",\"item\":\"https:\/\/delorenzoglobal.com\/es\/tienda\/\"},{\"@type\":\"ListItem\",\"position\":3,\"name\":\"KIT PARA REDES INTELIGENTES\"}]},{\"@type\":\"WebSite\",\"@id\":\"https:\/\/delorenzoglobal.com\/es\/#website\",\"url\":\"https:\/\/delorenzoglobal.com\/es\/\",\"name\":\"De Lorenzo Training &amp; Didactical Equipment\",\"description\":\"\",\"potentialAction\":[{\"@type\":\"SearchAction\",\"target\":{\"@type\":\"EntryPoint\",\"urlTemplate\":\"https:\/\/delorenzoglobal.com\/es\/?s={search_term_string}\"},\"query-input\":{\"@type\":\"PropertyValueSpecification\",\"valueRequired\":true,\"valueName\":\"search_term_string\"}}],\"inLanguage\":\"es\"}]}<\/script>\n<!-- \/ Yoast SEO plugin. -->","yoast_head_json":{"title":"KIT PARA REDES INTELIGENTES - De Lorenzo Training &amp; Didactical Equipment","robots":{"index":"index","follow":"follow","max-snippet":"max-snippet:-1","max-image-preview":"max-image-preview:large","max-video-preview":"max-video-preview:-1"},"canonical":"https:\/\/delorenzoglobal.com\/es\/producto\/kit-profesional-para-redes-inteligentes\/","og_locale":"es_ES","og_type":"article","og_title":"KIT PARA REDES INTELIGENTES - De Lorenzo Training &amp; Didactical Equipment","og_description":"Un objetivo importante en la formaci\u00f3n profesional y t\u00e9cnica es la comprensi\u00f3n de la compleja interacci\u00f3n de las energ\u00edas renovables, el almacenamiento de energ\u00eda y los consumidores en una red inteligente. El DL SGWD-L es el sistema de formaci\u00f3n b\u00e1sica ideal para alcanzar este objetivo. \u00a0Uno de los principales temas de estudio del producto es [&hellip;]","og_url":"https:\/\/delorenzoglobal.com\/es\/producto\/kit-profesional-para-redes-inteligentes\/","og_site_name":"De Lorenzo Training &amp; Didactical Equipment","article_modified_time":"2025-04-16T06:59:12+00:00","og_image":[{"width":600,"height":590,"url":"https:\/\/delorenzoglobal.com\/wp-content\/uploads\/2025\/04\/DL-SGWD-L.jpg","type":"image\/jpeg"}],"twitter_card":"summary_large_image","twitter_misc":{"Tiempo de lectura":"1 minuto"},"schema":{"@context":"https:\/\/schema.org","@graph":[{"@type":"WebPage","@id":"https:\/\/delorenzoglobal.com\/es\/producto\/kit-profesional-para-redes-inteligentes\/","url":"https:\/\/delorenzoglobal.com\/es\/producto\/kit-profesional-para-redes-inteligentes\/","name":"KIT PARA REDES INTELIGENTES - De Lorenzo Training &amp; Didactical Equipment","isPartOf":{"@id":"https:\/\/delorenzoglobal.com\/es\/#website"},"primaryImageOfPage":{"@id":"https:\/\/delorenzoglobal.com\/es\/producto\/kit-profesional-para-redes-inteligentes\/#primaryimage"},"image":{"@id":"https:\/\/delorenzoglobal.com\/es\/producto\/kit-profesional-para-redes-inteligentes\/#primaryimage"},"thumbnailUrl":"https:\/\/delorenzoglobal.com\/wp-content\/uploads\/2025\/04\/DL-SGWD-L.jpg","datePublished":"2025-04-08T07:22:43+00:00","dateModified":"2025-04-16T06:59:12+00:00","breadcrumb":{"@id":"https:\/\/delorenzoglobal.com\/es\/producto\/kit-profesional-para-redes-inteligentes\/#breadcrumb"},"inLanguage":"es","potentialAction":[{"@type":"ReadAction","target":["https:\/\/delorenzoglobal.com\/es\/producto\/kit-profesional-para-redes-inteligentes\/"]}]},{"@type":"ImageObject","inLanguage":"es","@id":"https:\/\/delorenzoglobal.com\/es\/producto\/kit-profesional-para-redes-inteligentes\/#primaryimage","url":"https:\/\/delorenzoglobal.com\/wp-content\/uploads\/2025\/04\/DL-SGWD-L.jpg","contentUrl":"https:\/\/delorenzoglobal.com\/wp-content\/uploads\/2025\/04\/DL-SGWD-L.jpg","width":600,"height":590},{"@type":"BreadcrumbList","@id":"https:\/\/delorenzoglobal.com\/es\/producto\/kit-profesional-para-redes-inteligentes\/#breadcrumb","itemListElement":[{"@type":"ListItem","position":1,"name":"Home","item":"https:\/\/delorenzoglobal.com\/es\/"},{"@type":"ListItem","position":2,"name":"Tienda","item":"https:\/\/delorenzoglobal.com\/es\/tienda\/"},{"@type":"ListItem","position":3,"name":"KIT PARA REDES INTELIGENTES"}]},{"@type":"WebSite","@id":"https:\/\/delorenzoglobal.com\/es\/#website","url":"https:\/\/delorenzoglobal.com\/es\/","name":"De Lorenzo Training &amp; Didactical Equipment","description":"","potentialAction":[{"@type":"SearchAction","target":{"@type":"EntryPoint","urlTemplate":"https:\/\/delorenzoglobal.com\/es\/?s={search_term_string}"},"query-input":{"@type":"PropertyValueSpecification","valueRequired":true,"valueName":"search_term_string"}}],"inLanguage":"es"}]}},"_links":{"self":[{"href":"https:\/\/delorenzoglobal.com\/es\/wp-json\/wp\/v2\/product\/57129","targetHints":{"allow":["GET"]}}],"collection":[{"href":"https:\/\/delorenzoglobal.com\/es\/wp-json\/wp\/v2\/product"}],"about":[{"href":"https:\/\/delorenzoglobal.com\/es\/wp-json\/wp\/v2\/types\/product"}],"wp:featuredmedia":[{"embeddable":true,"href":"https:\/\/delorenzoglobal.com\/es\/wp-json\/wp\/v2\/media\/57112"}],"wp:attachment":[{"href":"https:\/\/delorenzoglobal.com\/es\/wp-json\/wp\/v2\/media?parent=57129"}],"wp:term":[{"taxonomy":"product_brand","embeddable":true,"href":"https:\/\/delorenzoglobal.com\/es\/wp-json\/wp\/v2\/product_brand?post=57129"},{"taxonomy":"product_cat","embeddable":true,"href":"https:\/\/delorenzoglobal.com\/es\/wp-json\/wp\/v2\/product_cat?post=57129"},{"taxonomy":"product_tag","embeddable":true,"href":"https:\/\/delorenzoglobal.com\/es\/wp-json\/wp\/v2\/product_tag?post=57129"}],"curies":[{"name":"wp","href":"https:\/\/api.w.org\/{rel}","templated":true}]}}