{"id":57085,"date":"2025-04-08T09:21:10","date_gmt":"2025-04-08T07:21:10","guid":{"rendered":"https:\/\/delorenzoglobal.com\/?post_type=product&#038;p=57085"},"modified":"2025-04-08T10:16:49","modified_gmt":"2025-04-08T08:16:49","slug":"kit-de-estudio-de-energia-hidroelectrica","status":"publish","type":"product","link":"https:\/\/delorenzoglobal.com\/es\/producto\/kit-de-estudio-de-energia-hidroelectrica\/","title":{"rendered":"KIT DE ESTUDIO DE ENERG\u00cdA HIDROEL\u00c9CTRICA"},"content":{"rendered":"<p>Este kit <strong>DL HYDRO-L<\/strong> propuesto, adem\u00e1s de experimentos cualitativos, como introducci\u00f3n al tema del uso de la energ\u00eda hidroel\u00e9ctrica para estudiantes de secundaria y experimentos b\u00e1sicos en la capacitaci\u00f3n t\u00e9cnica, ofrece experimentos cuantitativos fundamentales sobre la f\u00edsica de las turbinas hidr\u00e1ulicas. Por ello, est\u00e1 equipado con diferentes tipos de turbinas, desde una simple rueda hidr\u00e1ulica hasta una moderna turbina Pelton de alta eficiencia.<\/p>\n","protected":false},"excerpt":{"rendered":"<p>Este kit DL HYDRO-L propuesto, adem\u00e1s de experimentos cualitativos, como introducci\u00f3n al tema del uso de la energ\u00eda hidroel\u00e9ctrica para estudiantes de secundaria y experimentos b\u00e1sicos en la capacitaci\u00f3n t\u00e9cnica, ofrece experimentos cuantitativos fundamentales sobre la f\u00edsica de las turbinas hidr\u00e1ulicas. Por ello, est\u00e1 equipado con diferentes tipos de turbinas, desde una simple rueda hidr\u00e1ulica [&hellip;]<\/p>\n","protected":false},"featured_media":57051,"template":"","meta":{"_acf_changed":false},"product_brand":[],"product_cat":[242,3168],"product_tag":[],"class_list":{"0":"post-57085","1":"product","2":"type-product","3":"status-publish","4":"has-post-thumbnail","6":"product_cat-sistemas-de-introduccion-basica","7":"product_cat-kits-de-instrucciones-basicas-para-energias-renovables","9":"first","10":"instock","11":"shipping-taxable","12":"product-type-simple"},"acf":[],"yoast_head":"<!-- This site is optimized with the Yoast SEO plugin v27.0 - https:\/\/yoast.com\/product\/yoast-seo-wordpress\/ -->\n<title>KIT DE ESTUDIO DE ENERG\u00cdA HIDROEL\u00c9CTRICA - De Lorenzo Training &amp; Didactical Equipment<\/title>\n<meta name=\"robots\" content=\"index, follow, max-snippet:-1, max-image-preview:large, max-video-preview:-1\" \/>\n<link rel=\"canonical\" href=\"https:\/\/delorenzoglobal.com\/es\/producto\/kit-de-estudio-de-energia-hidroelectrica\/\" \/>\n<meta property=\"og:locale\" content=\"es_ES\" \/>\n<meta property=\"og:type\" content=\"article\" \/>\n<meta property=\"og:title\" content=\"KIT DE ESTUDIO DE ENERG\u00cdA HIDROEL\u00c9CTRICA - De Lorenzo Training &amp; Didactical Equipment\" \/>\n<meta property=\"og:description\" content=\"Este kit DL HYDRO-L propuesto, adem\u00e1s de experimentos cualitativos, como introducci\u00f3n al tema del uso de la energ\u00eda hidroel\u00e9ctrica para estudiantes de secundaria y experimentos b\u00e1sicos en la capacitaci\u00f3n t\u00e9cnica, ofrece experimentos cuantitativos fundamentales sobre la f\u00edsica de las turbinas hidr\u00e1ulicas. Por ello, est\u00e1 equipado con diferentes tipos de turbinas, desde una simple rueda hidr\u00e1ulica [&hellip;]\" \/>\n<meta property=\"og:url\" content=\"https:\/\/delorenzoglobal.com\/es\/producto\/kit-de-estudio-de-energia-hidroelectrica\/\" \/>\n<meta property=\"og:site_name\" content=\"De Lorenzo Training &amp; Didactical Equipment\" \/>\n<meta property=\"article:modified_time\" content=\"2025-04-08T08:16:49+00:00\" \/>\n<meta property=\"og:image\" content=\"https:\/\/delorenzoglobal.com\/wp-content\/uploads\/2025\/04\/DL-HYDRO-L.jpg\" \/>\n\t<meta property=\"og:image:width\" content=\"600\" \/>\n\t<meta property=\"og:image:height\" content=\"633\" \/>\n\t<meta property=\"og:image:type\" content=\"image\/jpeg\" \/>\n<meta name=\"twitter:card\" content=\"summary_large_image\" \/>\n<meta name=\"twitter:label1\" content=\"Tiempo de lectura\" \/>\n\t<meta name=\"twitter:data1\" content=\"1 minuto\" \/>\n<script type=\"application\/ld+json\" class=\"yoast-schema-graph\">{\"@context\":\"https:\/\/schema.org\",\"@graph\":[{\"@type\":\"WebPage\",\"@id\":\"https:\/\/delorenzoglobal.com\/es\/producto\/kit-de-estudio-de-energia-hidroelectrica\/\",\"url\":\"https:\/\/delorenzoglobal.com\/es\/producto\/kit-de-estudio-de-energia-hidroelectrica\/\",\"name\":\"KIT DE ESTUDIO DE ENERG\u00cdA HIDROEL\u00c9CTRICA - De Lorenzo Training &amp; Didactical Equipment\",\"isPartOf\":{\"@id\":\"https:\/\/delorenzoglobal.com\/es\/#website\"},\"primaryImageOfPage\":{\"@id\":\"https:\/\/delorenzoglobal.com\/es\/producto\/kit-de-estudio-de-energia-hidroelectrica\/#primaryimage\"},\"image\":{\"@id\":\"https:\/\/delorenzoglobal.com\/es\/producto\/kit-de-estudio-de-energia-hidroelectrica\/#primaryimage\"},\"thumbnailUrl\":\"https:\/\/delorenzoglobal.com\/wp-content\/uploads\/2025\/04\/DL-HYDRO-L.jpg\",\"datePublished\":\"2025-04-08T07:21:10+00:00\",\"dateModified\":\"2025-04-08T08:16:49+00:00\",\"breadcrumb\":{\"@id\":\"https:\/\/delorenzoglobal.com\/es\/producto\/kit-de-estudio-de-energia-hidroelectrica\/#breadcrumb\"},\"inLanguage\":\"es\",\"potentialAction\":[{\"@type\":\"ReadAction\",\"target\":[\"https:\/\/delorenzoglobal.com\/es\/producto\/kit-de-estudio-de-energia-hidroelectrica\/\"]}]},{\"@type\":\"ImageObject\",\"inLanguage\":\"es\",\"@id\":\"https:\/\/delorenzoglobal.com\/es\/producto\/kit-de-estudio-de-energia-hidroelectrica\/#primaryimage\",\"url\":\"https:\/\/delorenzoglobal.com\/wp-content\/uploads\/2025\/04\/DL-HYDRO-L.jpg\",\"contentUrl\":\"https:\/\/delorenzoglobal.com\/wp-content\/uploads\/2025\/04\/DL-HYDRO-L.jpg\",\"width\":600,\"height\":633},{\"@type\":\"BreadcrumbList\",\"@id\":\"https:\/\/delorenzoglobal.com\/es\/producto\/kit-de-estudio-de-energia-hidroelectrica\/#breadcrumb\",\"itemListElement\":[{\"@type\":\"ListItem\",\"position\":1,\"name\":\"Home\",\"item\":\"https:\/\/delorenzoglobal.com\/es\/\"},{\"@type\":\"ListItem\",\"position\":2,\"name\":\"Tienda\",\"item\":\"https:\/\/delorenzoglobal.com\/es\/tienda\/\"},{\"@type\":\"ListItem\",\"position\":3,\"name\":\"KIT DE ESTUDIO DE ENERG\u00cdA HIDROEL\u00c9CTRICA\"}]},{\"@type\":\"WebSite\",\"@id\":\"https:\/\/delorenzoglobal.com\/es\/#website\",\"url\":\"https:\/\/delorenzoglobal.com\/es\/\",\"name\":\"De Lorenzo Training &amp; Didactical Equipment\",\"description\":\"\",\"potentialAction\":[{\"@type\":\"SearchAction\",\"target\":{\"@type\":\"EntryPoint\",\"urlTemplate\":\"https:\/\/delorenzoglobal.com\/es\/?s={search_term_string}\"},\"query-input\":{\"@type\":\"PropertyValueSpecification\",\"valueRequired\":true,\"valueName\":\"search_term_string\"}}],\"inLanguage\":\"es\"}]}<\/script>\n<!-- \/ Yoast SEO plugin. -->","yoast_head_json":{"title":"KIT DE ESTUDIO DE ENERG\u00cdA HIDROEL\u00c9CTRICA - De Lorenzo Training &amp; Didactical Equipment","robots":{"index":"index","follow":"follow","max-snippet":"max-snippet:-1","max-image-preview":"max-image-preview:large","max-video-preview":"max-video-preview:-1"},"canonical":"https:\/\/delorenzoglobal.com\/es\/producto\/kit-de-estudio-de-energia-hidroelectrica\/","og_locale":"es_ES","og_type":"article","og_title":"KIT DE ESTUDIO DE ENERG\u00cdA HIDROEL\u00c9CTRICA - De Lorenzo Training &amp; Didactical Equipment","og_description":"Este kit DL HYDRO-L propuesto, adem\u00e1s de experimentos cualitativos, como introducci\u00f3n al tema del uso de la energ\u00eda hidroel\u00e9ctrica para estudiantes de secundaria y experimentos b\u00e1sicos en la capacitaci\u00f3n t\u00e9cnica, ofrece experimentos cuantitativos fundamentales sobre la f\u00edsica de las turbinas hidr\u00e1ulicas. Por ello, est\u00e1 equipado con diferentes tipos de turbinas, desde una simple rueda hidr\u00e1ulica [&hellip;]","og_url":"https:\/\/delorenzoglobal.com\/es\/producto\/kit-de-estudio-de-energia-hidroelectrica\/","og_site_name":"De Lorenzo Training &amp; Didactical Equipment","article_modified_time":"2025-04-08T08:16:49+00:00","og_image":[{"width":600,"height":633,"url":"https:\/\/delorenzoglobal.com\/wp-content\/uploads\/2025\/04\/DL-HYDRO-L.jpg","type":"image\/jpeg"}],"twitter_card":"summary_large_image","twitter_misc":{"Tiempo de lectura":"1 minuto"},"schema":{"@context":"https:\/\/schema.org","@graph":[{"@type":"WebPage","@id":"https:\/\/delorenzoglobal.com\/es\/producto\/kit-de-estudio-de-energia-hidroelectrica\/","url":"https:\/\/delorenzoglobal.com\/es\/producto\/kit-de-estudio-de-energia-hidroelectrica\/","name":"KIT DE ESTUDIO DE ENERG\u00cdA HIDROEL\u00c9CTRICA - De Lorenzo Training &amp; Didactical Equipment","isPartOf":{"@id":"https:\/\/delorenzoglobal.com\/es\/#website"},"primaryImageOfPage":{"@id":"https:\/\/delorenzoglobal.com\/es\/producto\/kit-de-estudio-de-energia-hidroelectrica\/#primaryimage"},"image":{"@id":"https:\/\/delorenzoglobal.com\/es\/producto\/kit-de-estudio-de-energia-hidroelectrica\/#primaryimage"},"thumbnailUrl":"https:\/\/delorenzoglobal.com\/wp-content\/uploads\/2025\/04\/DL-HYDRO-L.jpg","datePublished":"2025-04-08T07:21:10+00:00","dateModified":"2025-04-08T08:16:49+00:00","breadcrumb":{"@id":"https:\/\/delorenzoglobal.com\/es\/producto\/kit-de-estudio-de-energia-hidroelectrica\/#breadcrumb"},"inLanguage":"es","potentialAction":[{"@type":"ReadAction","target":["https:\/\/delorenzoglobal.com\/es\/producto\/kit-de-estudio-de-energia-hidroelectrica\/"]}]},{"@type":"ImageObject","inLanguage":"es","@id":"https:\/\/delorenzoglobal.com\/es\/producto\/kit-de-estudio-de-energia-hidroelectrica\/#primaryimage","url":"https:\/\/delorenzoglobal.com\/wp-content\/uploads\/2025\/04\/DL-HYDRO-L.jpg","contentUrl":"https:\/\/delorenzoglobal.com\/wp-content\/uploads\/2025\/04\/DL-HYDRO-L.jpg","width":600,"height":633},{"@type":"BreadcrumbList","@id":"https:\/\/delorenzoglobal.com\/es\/producto\/kit-de-estudio-de-energia-hidroelectrica\/#breadcrumb","itemListElement":[{"@type":"ListItem","position":1,"name":"Home","item":"https:\/\/delorenzoglobal.com\/es\/"},{"@type":"ListItem","position":2,"name":"Tienda","item":"https:\/\/delorenzoglobal.com\/es\/tienda\/"},{"@type":"ListItem","position":3,"name":"KIT DE ESTUDIO DE ENERG\u00cdA HIDROEL\u00c9CTRICA"}]},{"@type":"WebSite","@id":"https:\/\/delorenzoglobal.com\/es\/#website","url":"https:\/\/delorenzoglobal.com\/es\/","name":"De Lorenzo Training &amp; Didactical Equipment","description":"","potentialAction":[{"@type":"SearchAction","target":{"@type":"EntryPoint","urlTemplate":"https:\/\/delorenzoglobal.com\/es\/?s={search_term_string}"},"query-input":{"@type":"PropertyValueSpecification","valueRequired":true,"valueName":"search_term_string"}}],"inLanguage":"es"}]}},"_links":{"self":[{"href":"https:\/\/delorenzoglobal.com\/es\/wp-json\/wp\/v2\/product\/57085","targetHints":{"allow":["GET"]}}],"collection":[{"href":"https:\/\/delorenzoglobal.com\/es\/wp-json\/wp\/v2\/product"}],"about":[{"href":"https:\/\/delorenzoglobal.com\/es\/wp-json\/wp\/v2\/types\/product"}],"wp:featuredmedia":[{"embeddable":true,"href":"https:\/\/delorenzoglobal.com\/es\/wp-json\/wp\/v2\/media\/57051"}],"wp:attachment":[{"href":"https:\/\/delorenzoglobal.com\/es\/wp-json\/wp\/v2\/media?parent=57085"}],"wp:term":[{"taxonomy":"product_brand","embeddable":true,"href":"https:\/\/delorenzoglobal.com\/es\/wp-json\/wp\/v2\/product_brand?post=57085"},{"taxonomy":"product_cat","embeddable":true,"href":"https:\/\/delorenzoglobal.com\/es\/wp-json\/wp\/v2\/product_cat?post=57085"},{"taxonomy":"product_tag","embeddable":true,"href":"https:\/\/delorenzoglobal.com\/es\/wp-json\/wp\/v2\/product_tag?post=57085"}],"curies":[{"name":"wp","href":"https:\/\/api.w.org\/{rel}","templated":true}]}}