{"id":5582,"date":"2024-04-12T10:59:50","date_gmt":"2024-04-12T08:59:50","guid":{"rendered":"https:\/\/delorenzoglobal.com\/?post_type=product&#038;p=5582"},"modified":"2025-01-22T13:50:27","modified_gmt":"2025-01-22T12:50:27","slug":"tarjeta-para-diseno-electronico","status":"publish","type":"product","link":"https:\/\/delorenzoglobal.com\/es\/producto\/tarjeta-para-diseno-electronico\/","title":{"rendered":"TARJETA PARA DISE\u00d1O ELECTR\u00d3NICO"},"content":{"rendered":"<p>El dise\u00f1o y construcci\u00f3n de circuitos electr\u00f3nicos para resolver problemas pr\u00e1cticos es una t\u00e9cnica esencial en los campos de la ingenier\u00eda electr\u00f3nica y la ingenier\u00eda inform\u00e1tica.<\/p>\n<p>Contiene todos los elementos necesarios para que el estudiante realice el dise\u00f1o y cableado de sus propios circuitos electr\u00f3nicos, tanto anal\u00f3gicos como digitales.<\/p>\n","protected":false},"excerpt":{"rendered":"<p>El dise\u00f1o y construcci\u00f3n de circuitos electr\u00f3nicos para resolver problemas pr\u00e1cticos es una t\u00e9cnica esencial en los campos de la ingenier\u00eda electr\u00f3nica y la ingenier\u00eda inform\u00e1tica. Contiene todos los elementos necesarios para que el estudiante realice el dise\u00f1o y cableado de sus propios circuitos electr\u00f3nicos, tanto anal\u00f3gicos como digitales.<\/p>\n","protected":false},"featured_media":15458,"template":"","meta":{"_acf_changed":false},"product_brand":[],"product_cat":[233],"product_tag":[],"class_list":{"0":"post-5582","1":"product","2":"type-product","3":"status-publish","4":"has-post-thumbnail","6":"product_cat-protoboard","8":"first","9":"instock","10":"shipping-taxable","11":"product-type-simple"},"acf":[],"yoast_head":"<!-- This site is optimized with the Yoast SEO plugin v27.4 - https:\/\/yoast.com\/product\/yoast-seo-wordpress\/ -->\n<title>TARJETA PARA DISE\u00d1O ELECTR\u00d3NICO - De Lorenzo Training &amp; Didactical Equipment<\/title>\n<meta name=\"robots\" content=\"index, follow, max-snippet:-1, max-image-preview:large, max-video-preview:-1\" \/>\n<link rel=\"canonical\" href=\"https:\/\/delorenzoglobal.com\/es\/producto\/tarjeta-para-diseno-electronico\/\" \/>\n<meta property=\"og:locale\" content=\"es_ES\" \/>\n<meta property=\"og:type\" content=\"article\" \/>\n<meta property=\"og:title\" content=\"TARJETA PARA DISE\u00d1O ELECTR\u00d3NICO - De Lorenzo Training &amp; Didactical Equipment\" \/>\n<meta property=\"og:description\" content=\"El dise\u00f1o y construcci\u00f3n de circuitos electr\u00f3nicos para resolver problemas pr\u00e1cticos es una t\u00e9cnica esencial en los campos de la ingenier\u00eda electr\u00f3nica y la ingenier\u00eda inform\u00e1tica. Contiene todos los elementos necesarios para que el estudiante realice el dise\u00f1o y cableado de sus propios circuitos electr\u00f3nicos, tanto anal\u00f3gicos como digitales.\" \/>\n<meta property=\"og:url\" content=\"https:\/\/delorenzoglobal.com\/es\/producto\/tarjeta-para-diseno-electronico\/\" \/>\n<meta property=\"og:site_name\" content=\"De Lorenzo Training &amp; Didactical Equipment\" \/>\n<meta property=\"article:modified_time\" content=\"2025-01-22T12:50:27+00:00\" \/>\n<meta property=\"og:image\" content=\"https:\/\/delorenzoglobal.com\/wp-content\/uploads\/2024\/04\/DL-3155DES--1024x1007.png\" \/>\n\t<meta property=\"og:image:width\" content=\"1024\" \/>\n\t<meta property=\"og:image:height\" content=\"1007\" \/>\n\t<meta property=\"og:image:type\" content=\"image\/png\" \/>\n<meta name=\"twitter:card\" content=\"summary_large_image\" \/>\n<meta name=\"twitter:label1\" content=\"Tiempo de lectura\" \/>\n\t<meta name=\"twitter:data1\" content=\"1 minuto\" \/>\n<script type=\"application\/ld+json\" class=\"yoast-schema-graph\">{\"@context\":\"https:\\\/\\\/schema.org\",\"@graph\":[{\"@type\":\"WebPage\",\"@id\":\"https:\\\/\\\/delorenzoglobal.com\\\/es\\\/producto\\\/tarjeta-para-diseno-electronico\\\/\",\"url\":\"https:\\\/\\\/delorenzoglobal.com\\\/es\\\/producto\\\/tarjeta-para-diseno-electronico\\\/\",\"name\":\"TARJETA PARA DISE\u00d1O ELECTR\u00d3NICO - De Lorenzo Training &amp; Didactical Equipment\",\"isPartOf\":{\"@id\":\"https:\\\/\\\/delorenzoglobal.com\\\/es\\\/#website\"},\"primaryImageOfPage\":{\"@id\":\"https:\\\/\\\/delorenzoglobal.com\\\/es\\\/producto\\\/tarjeta-para-diseno-electronico\\\/#primaryimage\"},\"image\":{\"@id\":\"https:\\\/\\\/delorenzoglobal.com\\\/es\\\/producto\\\/tarjeta-para-diseno-electronico\\\/#primaryimage\"},\"thumbnailUrl\":\"https:\\\/\\\/delorenzoglobal.com\\\/wp-content\\\/uploads\\\/2024\\\/04\\\/DL-3155DES-.png\",\"datePublished\":\"2024-04-12T08:59:50+00:00\",\"dateModified\":\"2025-01-22T12:50:27+00:00\",\"breadcrumb\":{\"@id\":\"https:\\\/\\\/delorenzoglobal.com\\\/es\\\/producto\\\/tarjeta-para-diseno-electronico\\\/#breadcrumb\"},\"inLanguage\":\"es\",\"potentialAction\":[{\"@type\":\"ReadAction\",\"target\":[\"https:\\\/\\\/delorenzoglobal.com\\\/es\\\/producto\\\/tarjeta-para-diseno-electronico\\\/\"]}]},{\"@type\":\"ImageObject\",\"inLanguage\":\"es\",\"@id\":\"https:\\\/\\\/delorenzoglobal.com\\\/es\\\/producto\\\/tarjeta-para-diseno-electronico\\\/#primaryimage\",\"url\":\"https:\\\/\\\/delorenzoglobal.com\\\/wp-content\\\/uploads\\\/2024\\\/04\\\/DL-3155DES-.png\",\"contentUrl\":\"https:\\\/\\\/delorenzoglobal.com\\\/wp-content\\\/uploads\\\/2024\\\/04\\\/DL-3155DES-.png\",\"width\":3507,\"height\":3448},{\"@type\":\"BreadcrumbList\",\"@id\":\"https:\\\/\\\/delorenzoglobal.com\\\/es\\\/producto\\\/tarjeta-para-diseno-electronico\\\/#breadcrumb\",\"itemListElement\":[{\"@type\":\"ListItem\",\"position\":1,\"name\":\"Home\",\"item\":\"https:\\\/\\\/delorenzoglobal.com\\\/es\\\/\"},{\"@type\":\"ListItem\",\"position\":2,\"name\":\"Tienda\",\"item\":\"https:\\\/\\\/delorenzoglobal.com\\\/es\\\/tienda\\\/\"},{\"@type\":\"ListItem\",\"position\":3,\"name\":\"TARJETA PARA DISE\u00d1O ELECTR\u00d3NICO\"}]},{\"@type\":\"WebSite\",\"@id\":\"https:\\\/\\\/delorenzoglobal.com\\\/es\\\/#website\",\"url\":\"https:\\\/\\\/delorenzoglobal.com\\\/es\\\/\",\"name\":\"De Lorenzo Training &amp; Didactical Equipment\",\"description\":\"\",\"potentialAction\":[{\"@type\":\"SearchAction\",\"target\":{\"@type\":\"EntryPoint\",\"urlTemplate\":\"https:\\\/\\\/delorenzoglobal.com\\\/es\\\/?s={search_term_string}\"},\"query-input\":{\"@type\":\"PropertyValueSpecification\",\"valueRequired\":true,\"valueName\":\"search_term_string\"}}],\"inLanguage\":\"es\"}]}<\/script>\n<!-- \/ Yoast SEO plugin. -->","yoast_head_json":{"title":"TARJETA PARA DISE\u00d1O ELECTR\u00d3NICO - De Lorenzo Training &amp; Didactical Equipment","robots":{"index":"index","follow":"follow","max-snippet":"max-snippet:-1","max-image-preview":"max-image-preview:large","max-video-preview":"max-video-preview:-1"},"canonical":"https:\/\/delorenzoglobal.com\/es\/producto\/tarjeta-para-diseno-electronico\/","og_locale":"es_ES","og_type":"article","og_title":"TARJETA PARA DISE\u00d1O ELECTR\u00d3NICO - De Lorenzo Training &amp; Didactical Equipment","og_description":"El dise\u00f1o y construcci\u00f3n de circuitos electr\u00f3nicos para resolver problemas pr\u00e1cticos es una t\u00e9cnica esencial en los campos de la ingenier\u00eda electr\u00f3nica y la ingenier\u00eda inform\u00e1tica. Contiene todos los elementos necesarios para que el estudiante realice el dise\u00f1o y cableado de sus propios circuitos electr\u00f3nicos, tanto anal\u00f3gicos como digitales.","og_url":"https:\/\/delorenzoglobal.com\/es\/producto\/tarjeta-para-diseno-electronico\/","og_site_name":"De Lorenzo Training &amp; Didactical Equipment","article_modified_time":"2025-01-22T12:50:27+00:00","og_image":[{"width":1024,"height":1007,"url":"https:\/\/delorenzoglobal.com\/wp-content\/uploads\/2024\/04\/DL-3155DES--1024x1007.png","type":"image\/png"}],"twitter_card":"summary_large_image","twitter_misc":{"Tiempo de lectura":"1 minuto"},"schema":{"@context":"https:\/\/schema.org","@graph":[{"@type":"WebPage","@id":"https:\/\/delorenzoglobal.com\/es\/producto\/tarjeta-para-diseno-electronico\/","url":"https:\/\/delorenzoglobal.com\/es\/producto\/tarjeta-para-diseno-electronico\/","name":"TARJETA PARA DISE\u00d1O ELECTR\u00d3NICO - De Lorenzo Training &amp; Didactical Equipment","isPartOf":{"@id":"https:\/\/delorenzoglobal.com\/es\/#website"},"primaryImageOfPage":{"@id":"https:\/\/delorenzoglobal.com\/es\/producto\/tarjeta-para-diseno-electronico\/#primaryimage"},"image":{"@id":"https:\/\/delorenzoglobal.com\/es\/producto\/tarjeta-para-diseno-electronico\/#primaryimage"},"thumbnailUrl":"https:\/\/delorenzoglobal.com\/wp-content\/uploads\/2024\/04\/DL-3155DES-.png","datePublished":"2024-04-12T08:59:50+00:00","dateModified":"2025-01-22T12:50:27+00:00","breadcrumb":{"@id":"https:\/\/delorenzoglobal.com\/es\/producto\/tarjeta-para-diseno-electronico\/#breadcrumb"},"inLanguage":"es","potentialAction":[{"@type":"ReadAction","target":["https:\/\/delorenzoglobal.com\/es\/producto\/tarjeta-para-diseno-electronico\/"]}]},{"@type":"ImageObject","inLanguage":"es","@id":"https:\/\/delorenzoglobal.com\/es\/producto\/tarjeta-para-diseno-electronico\/#primaryimage","url":"https:\/\/delorenzoglobal.com\/wp-content\/uploads\/2024\/04\/DL-3155DES-.png","contentUrl":"https:\/\/delorenzoglobal.com\/wp-content\/uploads\/2024\/04\/DL-3155DES-.png","width":3507,"height":3448},{"@type":"BreadcrumbList","@id":"https:\/\/delorenzoglobal.com\/es\/producto\/tarjeta-para-diseno-electronico\/#breadcrumb","itemListElement":[{"@type":"ListItem","position":1,"name":"Home","item":"https:\/\/delorenzoglobal.com\/es\/"},{"@type":"ListItem","position":2,"name":"Tienda","item":"https:\/\/delorenzoglobal.com\/es\/tienda\/"},{"@type":"ListItem","position":3,"name":"TARJETA PARA DISE\u00d1O ELECTR\u00d3NICO"}]},{"@type":"WebSite","@id":"https:\/\/delorenzoglobal.com\/es\/#website","url":"https:\/\/delorenzoglobal.com\/es\/","name":"De Lorenzo Training &amp; Didactical Equipment","description":"","potentialAction":[{"@type":"SearchAction","target":{"@type":"EntryPoint","urlTemplate":"https:\/\/delorenzoglobal.com\/es\/?s={search_term_string}"},"query-input":{"@type":"PropertyValueSpecification","valueRequired":true,"valueName":"search_term_string"}}],"inLanguage":"es"}]}},"_links":{"self":[{"href":"https:\/\/delorenzoglobal.com\/es\/wp-json\/wp\/v2\/product\/5582","targetHints":{"allow":["GET"]}}],"collection":[{"href":"https:\/\/delorenzoglobal.com\/es\/wp-json\/wp\/v2\/product"}],"about":[{"href":"https:\/\/delorenzoglobal.com\/es\/wp-json\/wp\/v2\/types\/product"}],"wp:featuredmedia":[{"embeddable":true,"href":"https:\/\/delorenzoglobal.com\/es\/wp-json\/wp\/v2\/media\/15458"}],"wp:attachment":[{"href":"https:\/\/delorenzoglobal.com\/es\/wp-json\/wp\/v2\/media?parent=5582"}],"wp:term":[{"taxonomy":"product_brand","embeddable":true,"href":"https:\/\/delorenzoglobal.com\/es\/wp-json\/wp\/v2\/product_brand?post=5582"},{"taxonomy":"product_cat","embeddable":true,"href":"https:\/\/delorenzoglobal.com\/es\/wp-json\/wp\/v2\/product_cat?post=5582"},{"taxonomy":"product_tag","embeddable":true,"href":"https:\/\/delorenzoglobal.com\/es\/wp-json\/wp\/v2\/product_tag?post=5582"}],"curies":[{"name":"wp","href":"https:\/\/api.w.org\/{rel}","templated":true}]}}