{"id":5448,"date":"2024-04-12T10:43:14","date_gmt":"2024-04-12T08:43:14","guid":{"rendered":"https:\/\/delorenzoglobal.com\/?post_type=product&#038;p=5448"},"modified":"2025-01-24T14:43:12","modified_gmt":"2025-01-24T13:43:12","slug":"caja-de-conexiones","status":"publish","type":"product","link":"https:\/\/delorenzoglobal.com\/es\/producto\/caja-de-conexiones\/","title":{"rendered":"CAJA DE CONEXIONES"},"content":{"rendered":"<p>Especialmente sugerido para la seguridad del alumno.<\/p>\n<p>Este accesorio es necesario para la conexi\u00f3n segura de la tensi\u00f3n de red entre los bornes de seguridad de la placa de alimentaci\u00f3n del banco de trabajo y el circuito que el alumno tiene cableado en el panel m\u00f3vil.<\/p>\n<p>El alumno, luego de conectar el circuito bajo prueba a los terminales de la caja de empalmes, realizar\u00e1 la conexi\u00f3n final a la red a trav\u00e9s de los 5 cables de seguridad suministrados con el m\u00f3dulo.<\/p>\n","protected":false},"excerpt":{"rendered":"<p>Especialmente sugerido para la seguridad del alumno. Este accesorio es necesario para la conexi\u00f3n segura de la tensi\u00f3n de red entre los bornes de seguridad de la placa de alimentaci\u00f3n del banco de trabajo y el circuito que el alumno tiene cableado en el panel m\u00f3vil. El alumno, luego de conectar el circuito bajo prueba [&hellip;]<\/p>\n","protected":false},"featured_media":5418,"template":"","meta":{"_acf_changed":false},"product_brand":[],"product_cat":[278,281],"product_tag":[],"class_list":{"0":"post-5448","1":"product","2":"type-product","3":"status-publish","4":"has-post-thumbnail","6":"product_cat-kit-de-instalaciones-civiles-es","7":"product_cat-kit-de-instalacion-industrial-es","9":"first","10":"instock","11":"shipping-taxable","12":"product-type-simple"},"acf":[],"yoast_head":"<!-- This site is optimized with the Yoast SEO plugin v27.4 - https:\/\/yoast.com\/product\/yoast-seo-wordpress\/ -->\n<title>CAJA DE CONEXIONES - De Lorenzo Training &amp; Didactical Equipment<\/title>\n<meta name=\"robots\" content=\"index, follow, max-snippet:-1, max-image-preview:large, max-video-preview:-1\" \/>\n<link rel=\"canonical\" href=\"https:\/\/delorenzoglobal.com\/es\/producto\/caja-de-conexiones\/\" \/>\n<meta property=\"og:locale\" content=\"es_ES\" \/>\n<meta property=\"og:type\" content=\"article\" \/>\n<meta property=\"og:title\" content=\"CAJA DE CONEXIONES - De Lorenzo Training &amp; Didactical Equipment\" \/>\n<meta property=\"og:description\" content=\"Especialmente sugerido para la seguridad del alumno. Este accesorio es necesario para la conexi\u00f3n segura de la tensi\u00f3n de red entre los bornes de seguridad de la placa de alimentaci\u00f3n del banco de trabajo y el circuito que el alumno tiene cableado en el panel m\u00f3vil. El alumno, luego de conectar el circuito bajo prueba [&hellip;]\" \/>\n<meta property=\"og:url\" content=\"https:\/\/delorenzoglobal.com\/es\/producto\/caja-de-conexiones\/\" \/>\n<meta property=\"og:site_name\" content=\"De Lorenzo Training &amp; Didactical Equipment\" \/>\n<meta property=\"article:modified_time\" content=\"2025-01-24T13:43:12+00:00\" \/>\n<meta property=\"og:image\" content=\"https:\/\/delorenzoglobal.com\/wp-content\/uploads\/2024\/04\/DL-1100SD-901x1024.png\" \/>\n\t<meta property=\"og:image:width\" content=\"901\" \/>\n\t<meta property=\"og:image:height\" content=\"1024\" \/>\n\t<meta property=\"og:image:type\" content=\"image\/png\" \/>\n<meta name=\"twitter:card\" content=\"summary_large_image\" \/>\n<meta name=\"twitter:label1\" content=\"Tiempo de lectura\" \/>\n\t<meta name=\"twitter:data1\" content=\"1 minuto\" \/>\n<script type=\"application\/ld+json\" class=\"yoast-schema-graph\">{\"@context\":\"https:\\\/\\\/schema.org\",\"@graph\":[{\"@type\":\"WebPage\",\"@id\":\"https:\\\/\\\/delorenzoglobal.com\\\/es\\\/producto\\\/caja-de-conexiones\\\/\",\"url\":\"https:\\\/\\\/delorenzoglobal.com\\\/es\\\/producto\\\/caja-de-conexiones\\\/\",\"name\":\"CAJA DE CONEXIONES - De Lorenzo Training &amp; Didactical Equipment\",\"isPartOf\":{\"@id\":\"https:\\\/\\\/delorenzoglobal.com\\\/es\\\/#website\"},\"primaryImageOfPage\":{\"@id\":\"https:\\\/\\\/delorenzoglobal.com\\\/es\\\/producto\\\/caja-de-conexiones\\\/#primaryimage\"},\"image\":{\"@id\":\"https:\\\/\\\/delorenzoglobal.com\\\/es\\\/producto\\\/caja-de-conexiones\\\/#primaryimage\"},\"thumbnailUrl\":\"https:\\\/\\\/delorenzoglobal.com\\\/wp-content\\\/uploads\\\/2024\\\/04\\\/DL-1100SD.png\",\"datePublished\":\"2024-04-12T08:43:14+00:00\",\"dateModified\":\"2025-01-24T13:43:12+00:00\",\"breadcrumb\":{\"@id\":\"https:\\\/\\\/delorenzoglobal.com\\\/es\\\/producto\\\/caja-de-conexiones\\\/#breadcrumb\"},\"inLanguage\":\"es\",\"potentialAction\":[{\"@type\":\"ReadAction\",\"target\":[\"https:\\\/\\\/delorenzoglobal.com\\\/es\\\/producto\\\/caja-de-conexiones\\\/\"]}]},{\"@type\":\"ImageObject\",\"inLanguage\":\"es\",\"@id\":\"https:\\\/\\\/delorenzoglobal.com\\\/es\\\/producto\\\/caja-de-conexiones\\\/#primaryimage\",\"url\":\"https:\\\/\\\/delorenzoglobal.com\\\/wp-content\\\/uploads\\\/2024\\\/04\\\/DL-1100SD.png\",\"contentUrl\":\"https:\\\/\\\/delorenzoglobal.com\\\/wp-content\\\/uploads\\\/2024\\\/04\\\/DL-1100SD.png\",\"width\":3166,\"height\":3597},{\"@type\":\"BreadcrumbList\",\"@id\":\"https:\\\/\\\/delorenzoglobal.com\\\/es\\\/producto\\\/caja-de-conexiones\\\/#breadcrumb\",\"itemListElement\":[{\"@type\":\"ListItem\",\"position\":1,\"name\":\"Home\",\"item\":\"https:\\\/\\\/delorenzoglobal.com\\\/es\\\/\"},{\"@type\":\"ListItem\",\"position\":2,\"name\":\"Tienda\",\"item\":\"https:\\\/\\\/delorenzoglobal.com\\\/es\\\/tienda\\\/\"},{\"@type\":\"ListItem\",\"position\":3,\"name\":\"CAJA DE CONEXIONES\"}]},{\"@type\":\"WebSite\",\"@id\":\"https:\\\/\\\/delorenzoglobal.com\\\/es\\\/#website\",\"url\":\"https:\\\/\\\/delorenzoglobal.com\\\/es\\\/\",\"name\":\"De Lorenzo Training &amp; Didactical Equipment\",\"description\":\"\",\"potentialAction\":[{\"@type\":\"SearchAction\",\"target\":{\"@type\":\"EntryPoint\",\"urlTemplate\":\"https:\\\/\\\/delorenzoglobal.com\\\/es\\\/?s={search_term_string}\"},\"query-input\":{\"@type\":\"PropertyValueSpecification\",\"valueRequired\":true,\"valueName\":\"search_term_string\"}}],\"inLanguage\":\"es\"}]}<\/script>\n<!-- \/ Yoast SEO plugin. -->","yoast_head_json":{"title":"CAJA DE CONEXIONES - De Lorenzo Training &amp; Didactical Equipment","robots":{"index":"index","follow":"follow","max-snippet":"max-snippet:-1","max-image-preview":"max-image-preview:large","max-video-preview":"max-video-preview:-1"},"canonical":"https:\/\/delorenzoglobal.com\/es\/producto\/caja-de-conexiones\/","og_locale":"es_ES","og_type":"article","og_title":"CAJA DE CONEXIONES - De Lorenzo Training &amp; Didactical Equipment","og_description":"Especialmente sugerido para la seguridad del alumno. Este accesorio es necesario para la conexi\u00f3n segura de la tensi\u00f3n de red entre los bornes de seguridad de la placa de alimentaci\u00f3n del banco de trabajo y el circuito que el alumno tiene cableado en el panel m\u00f3vil. El alumno, luego de conectar el circuito bajo prueba [&hellip;]","og_url":"https:\/\/delorenzoglobal.com\/es\/producto\/caja-de-conexiones\/","og_site_name":"De Lorenzo Training &amp; Didactical Equipment","article_modified_time":"2025-01-24T13:43:12+00:00","og_image":[{"width":901,"height":1024,"url":"https:\/\/delorenzoglobal.com\/wp-content\/uploads\/2024\/04\/DL-1100SD-901x1024.png","type":"image\/png"}],"twitter_card":"summary_large_image","twitter_misc":{"Tiempo de lectura":"1 minuto"},"schema":{"@context":"https:\/\/schema.org","@graph":[{"@type":"WebPage","@id":"https:\/\/delorenzoglobal.com\/es\/producto\/caja-de-conexiones\/","url":"https:\/\/delorenzoglobal.com\/es\/producto\/caja-de-conexiones\/","name":"CAJA DE CONEXIONES - De Lorenzo Training &amp; Didactical Equipment","isPartOf":{"@id":"https:\/\/delorenzoglobal.com\/es\/#website"},"primaryImageOfPage":{"@id":"https:\/\/delorenzoglobal.com\/es\/producto\/caja-de-conexiones\/#primaryimage"},"image":{"@id":"https:\/\/delorenzoglobal.com\/es\/producto\/caja-de-conexiones\/#primaryimage"},"thumbnailUrl":"https:\/\/delorenzoglobal.com\/wp-content\/uploads\/2024\/04\/DL-1100SD.png","datePublished":"2024-04-12T08:43:14+00:00","dateModified":"2025-01-24T13:43:12+00:00","breadcrumb":{"@id":"https:\/\/delorenzoglobal.com\/es\/producto\/caja-de-conexiones\/#breadcrumb"},"inLanguage":"es","potentialAction":[{"@type":"ReadAction","target":["https:\/\/delorenzoglobal.com\/es\/producto\/caja-de-conexiones\/"]}]},{"@type":"ImageObject","inLanguage":"es","@id":"https:\/\/delorenzoglobal.com\/es\/producto\/caja-de-conexiones\/#primaryimage","url":"https:\/\/delorenzoglobal.com\/wp-content\/uploads\/2024\/04\/DL-1100SD.png","contentUrl":"https:\/\/delorenzoglobal.com\/wp-content\/uploads\/2024\/04\/DL-1100SD.png","width":3166,"height":3597},{"@type":"BreadcrumbList","@id":"https:\/\/delorenzoglobal.com\/es\/producto\/caja-de-conexiones\/#breadcrumb","itemListElement":[{"@type":"ListItem","position":1,"name":"Home","item":"https:\/\/delorenzoglobal.com\/es\/"},{"@type":"ListItem","position":2,"name":"Tienda","item":"https:\/\/delorenzoglobal.com\/es\/tienda\/"},{"@type":"ListItem","position":3,"name":"CAJA DE CONEXIONES"}]},{"@type":"WebSite","@id":"https:\/\/delorenzoglobal.com\/es\/#website","url":"https:\/\/delorenzoglobal.com\/es\/","name":"De Lorenzo Training &amp; Didactical Equipment","description":"","potentialAction":[{"@type":"SearchAction","target":{"@type":"EntryPoint","urlTemplate":"https:\/\/delorenzoglobal.com\/es\/?s={search_term_string}"},"query-input":{"@type":"PropertyValueSpecification","valueRequired":true,"valueName":"search_term_string"}}],"inLanguage":"es"}]}},"_links":{"self":[{"href":"https:\/\/delorenzoglobal.com\/es\/wp-json\/wp\/v2\/product\/5448","targetHints":{"allow":["GET"]}}],"collection":[{"href":"https:\/\/delorenzoglobal.com\/es\/wp-json\/wp\/v2\/product"}],"about":[{"href":"https:\/\/delorenzoglobal.com\/es\/wp-json\/wp\/v2\/types\/product"}],"wp:featuredmedia":[{"embeddable":true,"href":"https:\/\/delorenzoglobal.com\/es\/wp-json\/wp\/v2\/media\/5418"}],"wp:attachment":[{"href":"https:\/\/delorenzoglobal.com\/es\/wp-json\/wp\/v2\/media?parent=5448"}],"wp:term":[{"taxonomy":"product_brand","embeddable":true,"href":"https:\/\/delorenzoglobal.com\/es\/wp-json\/wp\/v2\/product_brand?post=5448"},{"taxonomy":"product_cat","embeddable":true,"href":"https:\/\/delorenzoglobal.com\/es\/wp-json\/wp\/v2\/product_cat?post=5448"},{"taxonomy":"product_tag","embeddable":true,"href":"https:\/\/delorenzoglobal.com\/es\/wp-json\/wp\/v2\/product_tag?post=5448"}],"curies":[{"name":"wp","href":"https:\/\/api.w.org\/{rel}","templated":true}]}}