{"id":4936,"date":"2024-04-11T16:38:01","date_gmt":"2024-04-11T14:38:01","guid":{"rendered":"https:\/\/delorenzoglobal.com\/?post_type=product&#038;p=4936"},"modified":"2025-01-24T14:43:23","modified_gmt":"2025-01-24T13:43:23","slug":"bastidor-de-dos-lugares-con-dos-erogaciones-independientes","status":"publish","type":"product","link":"https:\/\/delorenzoglobal.com\/es\/producto\/bastidor-de-dos-lugares-con-dos-erogaciones-independientes\/","title":{"rendered":"BASTIDOR DE DOS LUGARES CON DOS EROGACIONES INDEPENDIENTES"},"content":{"rendered":"<p>Por cada lado se encuentran las siguientes salidas:<\/p>\n<ul>\n<li>1 salida trif\u00e1sica + N + T, 16 A en bornes de seguridad de 36A seg\u00fan las normas IEC 61010-1, protecci\u00f3n \u00e0 trav\u00e9s de interruptor autom\u00e1tico magnetotermico diferencial cuadripolar de 16A, l\u00e1mpara piloto e interruptor con llave de mando por el profesor.<\/li>\n<li>2 salidas en tomas monof\u00e1sicas, 10\/16A, protecci\u00f3n \u00e0 trav\u00e9s de interruptor autom\u00e1tico magnetotermico diferencial de 16A y l\u00e1mpara piloto.<\/li>\n<li>1 salida aislada de la red 0-12-24Vca, 4A en bornes aislados, protecci\u00f3n \u00e0 trav\u00e9s de interruptor autom\u00e1tico magnetotermico.<\/li>\n<li>1 prueba-circuitos \u00f3ptico y ac\u00fastico en bornes aislados, protecci\u00f3n \u00e0 trav\u00e9s de fusible.<\/li>\n<\/ul>\n<p>Dimensiones: 100x80x175 cm.<\/p>\n<p>Altura desde el suelo hasta la superficie de trabajo: 90 cm.<\/p>\n","protected":false},"excerpt":{"rendered":"<p>Por cada lado se encuentran las siguientes salidas: 1 salida trif\u00e1sica + N + T, 16 A en bornes de seguridad de 36A seg\u00fan las normas IEC 61010-1, protecci\u00f3n \u00e0 trav\u00e9s de interruptor autom\u00e1tico magnetotermico diferencial cuadripolar de 16A, l\u00e1mpara piloto e interruptor con llave de mando por el profesor. 2 salidas en tomas monof\u00e1sicas, [&hellip;]<\/p>\n","protected":false},"featured_media":4925,"template":"","meta":{"_acf_changed":false},"product_brand":[],"product_cat":[278,281],"product_tag":[],"class_list":{"0":"post-4936","1":"product","2":"type-product","3":"status-publish","4":"has-post-thumbnail","6":"product_cat-kit-de-instalaciones-civiles-es","7":"product_cat-kit-de-instalacion-industrial-es","9":"first","10":"instock","11":"shipping-taxable","12":"product-type-simple"},"acf":[],"yoast_head":"<!-- This site is optimized with the Yoast SEO plugin v27.4 - https:\/\/yoast.com\/product\/yoast-seo-wordpress\/ -->\n<title>BASTIDOR DE DOS LUGARES CON DOS EROGACIONES INDEPENDIENTES - De Lorenzo Training &amp; Didactical Equipment<\/title>\n<meta name=\"robots\" content=\"index, follow, max-snippet:-1, max-image-preview:large, max-video-preview:-1\" \/>\n<link rel=\"canonical\" href=\"https:\/\/delorenzoglobal.com\/es\/producto\/bastidor-de-dos-lugares-con-dos-erogaciones-independientes\/\" \/>\n<meta property=\"og:locale\" content=\"es_ES\" \/>\n<meta property=\"og:type\" content=\"article\" \/>\n<meta property=\"og:title\" content=\"BASTIDOR DE DOS LUGARES CON DOS EROGACIONES INDEPENDIENTES - De Lorenzo Training &amp; Didactical Equipment\" \/>\n<meta property=\"og:description\" content=\"Por cada lado se encuentran las siguientes salidas: 1 salida trif\u00e1sica + N + T, 16 A en bornes de seguridad de 36A seg\u00fan las normas IEC 61010-1, protecci\u00f3n \u00e0 trav\u00e9s de interruptor autom\u00e1tico magnetotermico diferencial cuadripolar de 16A, l\u00e1mpara piloto e interruptor con llave de mando por el profesor. 2 salidas en tomas monof\u00e1sicas, [&hellip;]\" \/>\n<meta property=\"og:url\" content=\"https:\/\/delorenzoglobal.com\/es\/producto\/bastidor-de-dos-lugares-con-dos-erogaciones-independientes\/\" \/>\n<meta property=\"og:site_name\" content=\"De Lorenzo Training &amp; Didactical Equipment\" \/>\n<meta property=\"article:modified_time\" content=\"2025-01-24T13:43:23+00:00\" \/>\n<meta property=\"og:image\" content=\"https:\/\/delorenzoglobal.com\/wp-content\/uploads\/2024\/04\/DL-1101.png\" \/>\n\t<meta property=\"og:image:width\" content=\"558\" \/>\n\t<meta property=\"og:image:height\" content=\"636\" \/>\n\t<meta property=\"og:image:type\" content=\"image\/png\" \/>\n<meta name=\"twitter:card\" content=\"summary_large_image\" \/>\n<meta name=\"twitter:label1\" content=\"Tiempo de lectura\" \/>\n\t<meta name=\"twitter:data1\" content=\"1 minuto\" \/>\n<script type=\"application\/ld+json\" class=\"yoast-schema-graph\">{\"@context\":\"https:\\\/\\\/schema.org\",\"@graph\":[{\"@type\":\"WebPage\",\"@id\":\"https:\\\/\\\/delorenzoglobal.com\\\/es\\\/producto\\\/bastidor-de-dos-lugares-con-dos-erogaciones-independientes\\\/\",\"url\":\"https:\\\/\\\/delorenzoglobal.com\\\/es\\\/producto\\\/bastidor-de-dos-lugares-con-dos-erogaciones-independientes\\\/\",\"name\":\"BASTIDOR DE DOS LUGARES CON DOS EROGACIONES INDEPENDIENTES - De Lorenzo Training &amp; Didactical Equipment\",\"isPartOf\":{\"@id\":\"https:\\\/\\\/delorenzoglobal.com\\\/es\\\/#website\"},\"primaryImageOfPage\":{\"@id\":\"https:\\\/\\\/delorenzoglobal.com\\\/es\\\/producto\\\/bastidor-de-dos-lugares-con-dos-erogaciones-independientes\\\/#primaryimage\"},\"image\":{\"@id\":\"https:\\\/\\\/delorenzoglobal.com\\\/es\\\/producto\\\/bastidor-de-dos-lugares-con-dos-erogaciones-independientes\\\/#primaryimage\"},\"thumbnailUrl\":\"https:\\\/\\\/delorenzoglobal.com\\\/wp-content\\\/uploads\\\/2024\\\/04\\\/DL-1101.png\",\"datePublished\":\"2024-04-11T14:38:01+00:00\",\"dateModified\":\"2025-01-24T13:43:23+00:00\",\"breadcrumb\":{\"@id\":\"https:\\\/\\\/delorenzoglobal.com\\\/es\\\/producto\\\/bastidor-de-dos-lugares-con-dos-erogaciones-independientes\\\/#breadcrumb\"},\"inLanguage\":\"es\",\"potentialAction\":[{\"@type\":\"ReadAction\",\"target\":[\"https:\\\/\\\/delorenzoglobal.com\\\/es\\\/producto\\\/bastidor-de-dos-lugares-con-dos-erogaciones-independientes\\\/\"]}]},{\"@type\":\"ImageObject\",\"inLanguage\":\"es\",\"@id\":\"https:\\\/\\\/delorenzoglobal.com\\\/es\\\/producto\\\/bastidor-de-dos-lugares-con-dos-erogaciones-independientes\\\/#primaryimage\",\"url\":\"https:\\\/\\\/delorenzoglobal.com\\\/wp-content\\\/uploads\\\/2024\\\/04\\\/DL-1101.png\",\"contentUrl\":\"https:\\\/\\\/delorenzoglobal.com\\\/wp-content\\\/uploads\\\/2024\\\/04\\\/DL-1101.png\",\"width\":558,\"height\":636},{\"@type\":\"BreadcrumbList\",\"@id\":\"https:\\\/\\\/delorenzoglobal.com\\\/es\\\/producto\\\/bastidor-de-dos-lugares-con-dos-erogaciones-independientes\\\/#breadcrumb\",\"itemListElement\":[{\"@type\":\"ListItem\",\"position\":1,\"name\":\"Home\",\"item\":\"https:\\\/\\\/delorenzoglobal.com\\\/es\\\/\"},{\"@type\":\"ListItem\",\"position\":2,\"name\":\"Tienda\",\"item\":\"https:\\\/\\\/delorenzoglobal.com\\\/es\\\/tienda\\\/\"},{\"@type\":\"ListItem\",\"position\":3,\"name\":\"BASTIDOR DE DOS LUGARES CON DOS EROGACIONES INDEPENDIENTES\"}]},{\"@type\":\"WebSite\",\"@id\":\"https:\\\/\\\/delorenzoglobal.com\\\/es\\\/#website\",\"url\":\"https:\\\/\\\/delorenzoglobal.com\\\/es\\\/\",\"name\":\"De Lorenzo Training &amp; Didactical Equipment\",\"description\":\"\",\"potentialAction\":[{\"@type\":\"SearchAction\",\"target\":{\"@type\":\"EntryPoint\",\"urlTemplate\":\"https:\\\/\\\/delorenzoglobal.com\\\/es\\\/?s={search_term_string}\"},\"query-input\":{\"@type\":\"PropertyValueSpecification\",\"valueRequired\":true,\"valueName\":\"search_term_string\"}}],\"inLanguage\":\"es\"}]}<\/script>\n<!-- \/ Yoast SEO plugin. -->","yoast_head_json":{"title":"BASTIDOR DE DOS LUGARES CON DOS EROGACIONES INDEPENDIENTES - De Lorenzo Training &amp; Didactical Equipment","robots":{"index":"index","follow":"follow","max-snippet":"max-snippet:-1","max-image-preview":"max-image-preview:large","max-video-preview":"max-video-preview:-1"},"canonical":"https:\/\/delorenzoglobal.com\/es\/producto\/bastidor-de-dos-lugares-con-dos-erogaciones-independientes\/","og_locale":"es_ES","og_type":"article","og_title":"BASTIDOR DE DOS LUGARES CON DOS EROGACIONES INDEPENDIENTES - De Lorenzo Training &amp; Didactical Equipment","og_description":"Por cada lado se encuentran las siguientes salidas: 1 salida trif\u00e1sica + N + T, 16 A en bornes de seguridad de 36A seg\u00fan las normas IEC 61010-1, protecci\u00f3n \u00e0 trav\u00e9s de interruptor autom\u00e1tico magnetotermico diferencial cuadripolar de 16A, l\u00e1mpara piloto e interruptor con llave de mando por el profesor. 2 salidas en tomas monof\u00e1sicas, [&hellip;]","og_url":"https:\/\/delorenzoglobal.com\/es\/producto\/bastidor-de-dos-lugares-con-dos-erogaciones-independientes\/","og_site_name":"De Lorenzo Training &amp; Didactical Equipment","article_modified_time":"2025-01-24T13:43:23+00:00","og_image":[{"width":558,"height":636,"url":"https:\/\/delorenzoglobal.com\/wp-content\/uploads\/2024\/04\/DL-1101.png","type":"image\/png"}],"twitter_card":"summary_large_image","twitter_misc":{"Tiempo de lectura":"1 minuto"},"schema":{"@context":"https:\/\/schema.org","@graph":[{"@type":"WebPage","@id":"https:\/\/delorenzoglobal.com\/es\/producto\/bastidor-de-dos-lugares-con-dos-erogaciones-independientes\/","url":"https:\/\/delorenzoglobal.com\/es\/producto\/bastidor-de-dos-lugares-con-dos-erogaciones-independientes\/","name":"BASTIDOR DE DOS LUGARES CON DOS EROGACIONES INDEPENDIENTES - De Lorenzo Training &amp; Didactical Equipment","isPartOf":{"@id":"https:\/\/delorenzoglobal.com\/es\/#website"},"primaryImageOfPage":{"@id":"https:\/\/delorenzoglobal.com\/es\/producto\/bastidor-de-dos-lugares-con-dos-erogaciones-independientes\/#primaryimage"},"image":{"@id":"https:\/\/delorenzoglobal.com\/es\/producto\/bastidor-de-dos-lugares-con-dos-erogaciones-independientes\/#primaryimage"},"thumbnailUrl":"https:\/\/delorenzoglobal.com\/wp-content\/uploads\/2024\/04\/DL-1101.png","datePublished":"2024-04-11T14:38:01+00:00","dateModified":"2025-01-24T13:43:23+00:00","breadcrumb":{"@id":"https:\/\/delorenzoglobal.com\/es\/producto\/bastidor-de-dos-lugares-con-dos-erogaciones-independientes\/#breadcrumb"},"inLanguage":"es","potentialAction":[{"@type":"ReadAction","target":["https:\/\/delorenzoglobal.com\/es\/producto\/bastidor-de-dos-lugares-con-dos-erogaciones-independientes\/"]}]},{"@type":"ImageObject","inLanguage":"es","@id":"https:\/\/delorenzoglobal.com\/es\/producto\/bastidor-de-dos-lugares-con-dos-erogaciones-independientes\/#primaryimage","url":"https:\/\/delorenzoglobal.com\/wp-content\/uploads\/2024\/04\/DL-1101.png","contentUrl":"https:\/\/delorenzoglobal.com\/wp-content\/uploads\/2024\/04\/DL-1101.png","width":558,"height":636},{"@type":"BreadcrumbList","@id":"https:\/\/delorenzoglobal.com\/es\/producto\/bastidor-de-dos-lugares-con-dos-erogaciones-independientes\/#breadcrumb","itemListElement":[{"@type":"ListItem","position":1,"name":"Home","item":"https:\/\/delorenzoglobal.com\/es\/"},{"@type":"ListItem","position":2,"name":"Tienda","item":"https:\/\/delorenzoglobal.com\/es\/tienda\/"},{"@type":"ListItem","position":3,"name":"BASTIDOR DE DOS LUGARES CON DOS EROGACIONES INDEPENDIENTES"}]},{"@type":"WebSite","@id":"https:\/\/delorenzoglobal.com\/es\/#website","url":"https:\/\/delorenzoglobal.com\/es\/","name":"De Lorenzo Training &amp; Didactical Equipment","description":"","potentialAction":[{"@type":"SearchAction","target":{"@type":"EntryPoint","urlTemplate":"https:\/\/delorenzoglobal.com\/es\/?s={search_term_string}"},"query-input":{"@type":"PropertyValueSpecification","valueRequired":true,"valueName":"search_term_string"}}],"inLanguage":"es"}]}},"_links":{"self":[{"href":"https:\/\/delorenzoglobal.com\/es\/wp-json\/wp\/v2\/product\/4936","targetHints":{"allow":["GET"]}}],"collection":[{"href":"https:\/\/delorenzoglobal.com\/es\/wp-json\/wp\/v2\/product"}],"about":[{"href":"https:\/\/delorenzoglobal.com\/es\/wp-json\/wp\/v2\/types\/product"}],"wp:featuredmedia":[{"embeddable":true,"href":"https:\/\/delorenzoglobal.com\/es\/wp-json\/wp\/v2\/media\/4925"}],"wp:attachment":[{"href":"https:\/\/delorenzoglobal.com\/es\/wp-json\/wp\/v2\/media?parent=4936"}],"wp:term":[{"taxonomy":"product_brand","embeddable":true,"href":"https:\/\/delorenzoglobal.com\/es\/wp-json\/wp\/v2\/product_brand?post=4936"},{"taxonomy":"product_cat","embeddable":true,"href":"https:\/\/delorenzoglobal.com\/es\/wp-json\/wp\/v2\/product_cat?post=4936"},{"taxonomy":"product_tag","embeddable":true,"href":"https:\/\/delorenzoglobal.com\/es\/wp-json\/wp\/v2\/product_tag?post=4936"}],"curies":[{"name":"wp","href":"https:\/\/api.w.org\/{rel}","templated":true}]}}