{"id":4820,"date":"2024-04-11T15:40:33","date_gmt":"2024-04-11T13:40:33","guid":{"rendered":"https:\/\/delorenzoglobal.com\/?post_type=product&#038;p=4820"},"modified":"2026-03-26T15:08:55","modified_gmt":"2026-03-26T14:08:55","slug":"smart-grid-3","status":"publish","type":"product","link":"https:\/\/delorenzoglobal.com\/es\/producto\/smart-grid-3\/","title":{"rendered":"SMART GRID"},"content":{"rendered":"<p>De Lorenzo ha dise\u00f1ado un entrenador modular que estudia el flujo de energ\u00eda y la interacci\u00f3n entre las redes del proveedor de electricidad (sistemas de generaci\u00f3n, transmisi\u00f3n y distribuci\u00f3n) y los consumidores (clientes residenciales y\/o comerciales).<\/p>\n<p>Los equipos de grado industrial se integran en un ambiente controlado, dando flexibilidad a la plataforma de aprendizaje que puede reconfigurarse para estudiar aplicaciones de ingenier\u00eda de potencia el\u00e9ctrica.<\/p>\n<p>El n\u00facleo del laboratorio es un modelo reducido simplificado de un sistema de distribuci\u00f3n de energ\u00eda.<\/p>\n<p>Varias fuentes de energ\u00eda de diferentes energ\u00edas renovables se conectan al sistema en diferentes puntos simulando un sistema de generaci\u00f3n de energ\u00eda distribuida.<\/p>\n<p>La energ\u00eda puede a\u00f1adirse desde el lado de la producci\u00f3n (alta y media tensi\u00f3n) o desde el lado del usuario final (microrred).<\/p>\n<p>El sistema incluye 3 subsistemas diferentes de generaci\u00f3n de energ\u00eda:<\/p>\n<ul>\n<li>Un sistema e\u00f3lico de paso variable.<\/li>\n<li>Un sistema hidroel\u00e9ctrico con acumulaci\u00f3n por bombeo.<\/li>\n<li>Fuentes de energ\u00eda de microrredes que utilizan un sistema solar fotovoltaico con almacenamiento de bater\u00eda y un sistema microe\u00f3lico opcional que genera energ\u00eda del lado de baja tensi\u00f3n de la red.<\/li>\n<\/ul>\n<p>Un sistema de busbar doble y disyuntores permiten aislar secciones del sistema o insertar fuentes de energ\u00eda renovables disponibles para crear un flujo de energ\u00eda bidireccional en la red de distribuci\u00f3n.<\/p>\n<p>Un grupo de dispositivos de medici\u00f3n activos se colocan estrat\u00e9gicamente para monitorear en tiempo real el flujo de energ\u00eda en el sistema y proporcionar protecci\u00f3n.<\/p>\n<p>La operaci\u00f3n del laboratorio se realiza a trav\u00e9s del software SCADA. Se puede configurar un rel\u00e9 gestor de alimentaci\u00f3n industrial para estudiar las t\u00e9cnicas de protecci\u00f3n en diferentes puntos del sistema.<\/p>\n","protected":false},"excerpt":{"rendered":"<p>De Lorenzo ha dise\u00f1ado un entrenador modular que estudia el flujo de energ\u00eda y la interacci\u00f3n entre las redes del proveedor de electricidad (sistemas de generaci\u00f3n, transmisi\u00f3n y distribuci\u00f3n) y los consumidores (clientes residenciales y\/o comerciales). Los equipos de grado industrial se integran en un ambiente controlado, dando flexibilidad a la plataforma de aprendizaje que [&hellip;]<\/p>\n","protected":false},"featured_media":4809,"template":"","meta":{"_acf_changed":false},"product_brand":[],"product_cat":[350,266],"product_tag":[],"class_list":{"0":"post-4820","1":"product","2":"type-product","3":"status-publish","4":"has-post-thumbnail","6":"product_cat-smart-grid-es-2","7":"product_cat-smart-grid-es","9":"first","10":"instock","11":"shipping-taxable","12":"product-type-simple"},"acf":[],"yoast_head":"<!-- This site is optimized with the Yoast SEO plugin v27.0 - https:\/\/yoast.com\/product\/yoast-seo-wordpress\/ -->\n<title>SMART GRID - De Lorenzo Training &amp; Didactical Equipment<\/title>\n<meta name=\"robots\" content=\"index, follow, max-snippet:-1, max-image-preview:large, max-video-preview:-1\" \/>\n<link rel=\"canonical\" href=\"https:\/\/delorenzoglobal.com\/es\/producto\/smart-grid-3\/\" \/>\n<meta property=\"og:locale\" content=\"es_ES\" \/>\n<meta property=\"og:type\" content=\"article\" \/>\n<meta property=\"og:title\" content=\"SMART GRID - De Lorenzo Training &amp; Didactical Equipment\" \/>\n<meta property=\"og:description\" content=\"De Lorenzo ha dise\u00f1ado un entrenador modular que estudia el flujo de energ\u00eda y la interacci\u00f3n entre las redes del proveedor de electricidad (sistemas de generaci\u00f3n, transmisi\u00f3n y distribuci\u00f3n) y los consumidores (clientes residenciales y\/o comerciales). Los equipos de grado industrial se integran en un ambiente controlado, dando flexibilidad a la plataforma de aprendizaje que [&hellip;]\" \/>\n<meta property=\"og:url\" content=\"https:\/\/delorenzoglobal.com\/es\/producto\/smart-grid-3\/\" \/>\n<meta property=\"og:site_name\" content=\"De Lorenzo Training &amp; Didactical Equipment\" \/>\n<meta property=\"article:modified_time\" content=\"2026-03-26T14:08:55+00:00\" \/>\n<meta property=\"og:image\" content=\"https:\/\/delorenzoglobal.com\/wp-content\/uploads\/2024\/04\/DL-SGWD2.0-scaled.jpg\" \/>\n\t<meta property=\"og:image:width\" content=\"2560\" \/>\n\t<meta property=\"og:image:height\" content=\"763\" \/>\n\t<meta property=\"og:image:type\" content=\"image\/jpeg\" \/>\n<meta name=\"twitter:card\" content=\"summary_large_image\" \/>\n<meta name=\"twitter:label1\" content=\"Tiempo de lectura\" \/>\n\t<meta name=\"twitter:data1\" content=\"2 minutos\" \/>\n<script type=\"application\/ld+json\" class=\"yoast-schema-graph\">{\"@context\":\"https:\/\/schema.org\",\"@graph\":[{\"@type\":\"WebPage\",\"@id\":\"https:\/\/delorenzoglobal.com\/es\/producto\/smart-grid-3\/\",\"url\":\"https:\/\/delorenzoglobal.com\/es\/producto\/smart-grid-3\/\",\"name\":\"SMART GRID - De Lorenzo Training &amp; Didactical Equipment\",\"isPartOf\":{\"@id\":\"https:\/\/delorenzoglobal.com\/es\/#website\"},\"primaryImageOfPage\":{\"@id\":\"https:\/\/delorenzoglobal.com\/es\/producto\/smart-grid-3\/#primaryimage\"},\"image\":{\"@id\":\"https:\/\/delorenzoglobal.com\/es\/producto\/smart-grid-3\/#primaryimage\"},\"thumbnailUrl\":\"https:\/\/delorenzoglobal.com\/wp-content\/uploads\/2024\/04\/DL-SGWD2.0-scaled.jpg\",\"datePublished\":\"2024-04-11T13:40:33+00:00\",\"dateModified\":\"2026-03-26T14:08:55+00:00\",\"breadcrumb\":{\"@id\":\"https:\/\/delorenzoglobal.com\/es\/producto\/smart-grid-3\/#breadcrumb\"},\"inLanguage\":\"es\",\"potentialAction\":[{\"@type\":\"ReadAction\",\"target\":[\"https:\/\/delorenzoglobal.com\/es\/producto\/smart-grid-3\/\"]}]},{\"@type\":\"ImageObject\",\"inLanguage\":\"es\",\"@id\":\"https:\/\/delorenzoglobal.com\/es\/producto\/smart-grid-3\/#primaryimage\",\"url\":\"https:\/\/delorenzoglobal.com\/wp-content\/uploads\/2024\/04\/DL-SGWD2.0-scaled.jpg\",\"contentUrl\":\"https:\/\/delorenzoglobal.com\/wp-content\/uploads\/2024\/04\/DL-SGWD2.0-scaled.jpg\",\"width\":2560,\"height\":763},{\"@type\":\"BreadcrumbList\",\"@id\":\"https:\/\/delorenzoglobal.com\/es\/producto\/smart-grid-3\/#breadcrumb\",\"itemListElement\":[{\"@type\":\"ListItem\",\"position\":1,\"name\":\"Home\",\"item\":\"https:\/\/delorenzoglobal.com\/es\/\"},{\"@type\":\"ListItem\",\"position\":2,\"name\":\"Tienda\",\"item\":\"https:\/\/delorenzoglobal.com\/es\/tienda\/\"},{\"@type\":\"ListItem\",\"position\":3,\"name\":\"SMART GRID\"}]},{\"@type\":\"WebSite\",\"@id\":\"https:\/\/delorenzoglobal.com\/es\/#website\",\"url\":\"https:\/\/delorenzoglobal.com\/es\/\",\"name\":\"De Lorenzo Training &amp; Didactical Equipment\",\"description\":\"\",\"potentialAction\":[{\"@type\":\"SearchAction\",\"target\":{\"@type\":\"EntryPoint\",\"urlTemplate\":\"https:\/\/delorenzoglobal.com\/es\/?s={search_term_string}\"},\"query-input\":{\"@type\":\"PropertyValueSpecification\",\"valueRequired\":true,\"valueName\":\"search_term_string\"}}],\"inLanguage\":\"es\"}]}<\/script>\n<!-- \/ Yoast SEO plugin. -->","yoast_head_json":{"title":"SMART GRID - De Lorenzo Training &amp; Didactical Equipment","robots":{"index":"index","follow":"follow","max-snippet":"max-snippet:-1","max-image-preview":"max-image-preview:large","max-video-preview":"max-video-preview:-1"},"canonical":"https:\/\/delorenzoglobal.com\/es\/producto\/smart-grid-3\/","og_locale":"es_ES","og_type":"article","og_title":"SMART GRID - De Lorenzo Training &amp; Didactical Equipment","og_description":"De Lorenzo ha dise\u00f1ado un entrenador modular que estudia el flujo de energ\u00eda y la interacci\u00f3n entre las redes del proveedor de electricidad (sistemas de generaci\u00f3n, transmisi\u00f3n y distribuci\u00f3n) y los consumidores (clientes residenciales y\/o comerciales). Los equipos de grado industrial se integran en un ambiente controlado, dando flexibilidad a la plataforma de aprendizaje que [&hellip;]","og_url":"https:\/\/delorenzoglobal.com\/es\/producto\/smart-grid-3\/","og_site_name":"De Lorenzo Training &amp; Didactical Equipment","article_modified_time":"2026-03-26T14:08:55+00:00","og_image":[{"width":2560,"height":763,"url":"https:\/\/delorenzoglobal.com\/wp-content\/uploads\/2024\/04\/DL-SGWD2.0-scaled.jpg","type":"image\/jpeg"}],"twitter_card":"summary_large_image","twitter_misc":{"Tiempo de lectura":"2 minutos"},"schema":{"@context":"https:\/\/schema.org","@graph":[{"@type":"WebPage","@id":"https:\/\/delorenzoglobal.com\/es\/producto\/smart-grid-3\/","url":"https:\/\/delorenzoglobal.com\/es\/producto\/smart-grid-3\/","name":"SMART GRID - De Lorenzo Training &amp; Didactical Equipment","isPartOf":{"@id":"https:\/\/delorenzoglobal.com\/es\/#website"},"primaryImageOfPage":{"@id":"https:\/\/delorenzoglobal.com\/es\/producto\/smart-grid-3\/#primaryimage"},"image":{"@id":"https:\/\/delorenzoglobal.com\/es\/producto\/smart-grid-3\/#primaryimage"},"thumbnailUrl":"https:\/\/delorenzoglobal.com\/wp-content\/uploads\/2024\/04\/DL-SGWD2.0-scaled.jpg","datePublished":"2024-04-11T13:40:33+00:00","dateModified":"2026-03-26T14:08:55+00:00","breadcrumb":{"@id":"https:\/\/delorenzoglobal.com\/es\/producto\/smart-grid-3\/#breadcrumb"},"inLanguage":"es","potentialAction":[{"@type":"ReadAction","target":["https:\/\/delorenzoglobal.com\/es\/producto\/smart-grid-3\/"]}]},{"@type":"ImageObject","inLanguage":"es","@id":"https:\/\/delorenzoglobal.com\/es\/producto\/smart-grid-3\/#primaryimage","url":"https:\/\/delorenzoglobal.com\/wp-content\/uploads\/2024\/04\/DL-SGWD2.0-scaled.jpg","contentUrl":"https:\/\/delorenzoglobal.com\/wp-content\/uploads\/2024\/04\/DL-SGWD2.0-scaled.jpg","width":2560,"height":763},{"@type":"BreadcrumbList","@id":"https:\/\/delorenzoglobal.com\/es\/producto\/smart-grid-3\/#breadcrumb","itemListElement":[{"@type":"ListItem","position":1,"name":"Home","item":"https:\/\/delorenzoglobal.com\/es\/"},{"@type":"ListItem","position":2,"name":"Tienda","item":"https:\/\/delorenzoglobal.com\/es\/tienda\/"},{"@type":"ListItem","position":3,"name":"SMART GRID"}]},{"@type":"WebSite","@id":"https:\/\/delorenzoglobal.com\/es\/#website","url":"https:\/\/delorenzoglobal.com\/es\/","name":"De Lorenzo Training &amp; Didactical Equipment","description":"","potentialAction":[{"@type":"SearchAction","target":{"@type":"EntryPoint","urlTemplate":"https:\/\/delorenzoglobal.com\/es\/?s={search_term_string}"},"query-input":{"@type":"PropertyValueSpecification","valueRequired":true,"valueName":"search_term_string"}}],"inLanguage":"es"}]}},"_links":{"self":[{"href":"https:\/\/delorenzoglobal.com\/es\/wp-json\/wp\/v2\/product\/4820","targetHints":{"allow":["GET"]}}],"collection":[{"href":"https:\/\/delorenzoglobal.com\/es\/wp-json\/wp\/v2\/product"}],"about":[{"href":"https:\/\/delorenzoglobal.com\/es\/wp-json\/wp\/v2\/types\/product"}],"wp:featuredmedia":[{"embeddable":true,"href":"https:\/\/delorenzoglobal.com\/es\/wp-json\/wp\/v2\/media\/4809"}],"wp:attachment":[{"href":"https:\/\/delorenzoglobal.com\/es\/wp-json\/wp\/v2\/media?parent=4820"}],"wp:term":[{"taxonomy":"product_brand","embeddable":true,"href":"https:\/\/delorenzoglobal.com\/es\/wp-json\/wp\/v2\/product_brand?post=4820"},{"taxonomy":"product_cat","embeddable":true,"href":"https:\/\/delorenzoglobal.com\/es\/wp-json\/wp\/v2\/product_cat?post=4820"},{"taxonomy":"product_tag","embeddable":true,"href":"https:\/\/delorenzoglobal.com\/es\/wp-json\/wp\/v2\/product_tag?post=4820"}],"curies":[{"name":"wp","href":"https:\/\/api.w.org\/{rel}","templated":true}]}}