{"id":4737,"date":"2024-04-11T14:43:19","date_gmt":"2024-04-11T12:43:19","guid":{"rendered":"https:\/\/delorenzoglobal.com\/?post_type=product&#038;p=4737"},"modified":"2025-10-09T09:27:06","modified_gmt":"2025-10-09T07:27:06","slug":"smart-grid","status":"publish","type":"product","link":"https:\/\/delorenzoglobal.com\/es\/producto\/smart-grid\/","title":{"rendered":"SMART GRID"},"content":{"rendered":"<p>El sistema de red inteligente desarrollado por De Lorenzo se puede organizar en ocho subsistemas, cada uno compuesto de varios m\u00f3dulos.<\/p>\n<p>Los primeros cuatro subsistemas son simulaciones de fuentes de energ\u00eda; el primero es la principal fuente de alimentaci\u00f3n de la red con una unidad de alimentaci\u00f3n trif\u00e1sica que representa una planta de carb\u00f3n.<\/p>\n<p>Los otros tres subsistemas corresponden a fuentes alternativas de energ\u00eda: e\u00f3lica, hidroel\u00e9ctrica y solar.<\/p>\n<p>La simulaci\u00f3n de la planta e\u00f3lica se hace con un motor de inducci\u00f3n trif\u00e1sico que act\u00faa como un generador, mientras que la simulaci\u00f3n de la planta hidroel\u00e9ctrica se realiza con una m\u00e1quina s\u00edncrona trif\u00e1sica, adem\u00e1s, con un m\u00f3dulo de rel\u00e9 de sincronizaci\u00f3n del generador para hacer posible la conexi\u00f3n a la red.<\/p>\n<p>Finalmente, la parte de energ\u00eda solar del sistema se genera con un panel solar y cuatro l\u00e1mparas regulables simulando el sol, que est\u00e1 conectado a un m\u00f3dulo inversor que permite que la energ\u00eda generada pueda ser transferida a la red.<\/p>\n<p>Un quinto subsistema en la red inteligente se compone de m\u00f3dulos de protecci\u00f3n de falla; los m\u00f3dulos son un rel\u00e9 de protecci\u00f3n de alimentaci\u00f3n que mide en tiempo real voltajes y corrientes para detectar fallos en la red el\u00e9ctrica y cuatro interruptores de potencia controlados por el m\u00f3dulo anterior para desconectar las l\u00edneas defectuosas.<\/p>\n<p>El sexto subsistema se refiere a m\u00f3dulos de medici\u00f3n; tiene tres medidores de m\u00e1xima demanda que miden voltajes, corrientes, frecuencias, potencia activa, potencia reactiva, potencia aparente, factor de potencia y THD de CA por cada una de las tres fases disponibles en la red y dos unidades de medici\u00f3n digital de la energ\u00eda el\u00e9ctrica que, adem\u00e1s de la medici\u00f3n de lo mismo que el m\u00f3dulo anterior, hacen mediciones de voltaje, corriente, potencia y energ\u00eda de CC.<\/p>\n<p>El s\u00e9ptimo subsistema es para el control del factor de potencia con 2 m\u00f3dulos, el primero es una bater\u00eda de condensadores conmutables con cuatro valores diferentes de condensadores y el segundo es un controlador de potencia reactiva que activa los condensadores del m\u00f3dulo anterior para hacer una correcci\u00f3n del factor de potencia.<\/p>\n<p>El \u00faltimo subsistema se compone de elementos pasivos; tres m\u00f3dulos con diferentes tipos de cargas (capacitiva, inductiva, resistiva) que simulan las cargas en una casa o f\u00e1brica y dos m\u00f3dulos con impedancias simulando las p\u00e9rdidas generadas en las l\u00edneas de transmisi\u00f3n, concretamente en las l\u00edneas de longitud \u00a0110 y \u00a0360 km.<\/p>\n<p>Un software SCADA hace la adquisici\u00f3n y el almacenamiento de los datos procedentes de los instrumentos de medici\u00f3n y el control de los accionadores para una gesti\u00f3n \u00abinteligente\u00bb de todo el sistema el\u00e9ctrico.<\/p>\n<p>El software SCADA tambi\u00e9n puede suministrarse a petici\u00f3n en una versi\u00f3n abierta, de forma que el profesor puede aplicar su propio proyecto y seleccionar los modos y el procedimiento para la visualizaci\u00f3n de los par\u00e1metros y el control de los actuadores.<\/p>\n<p>El sistema descrito anteriormente representa la configuraci\u00f3n b\u00e1sica de nuestro laboratorio (DL SGWD).<\/p>\n<p>Opcionalmente, tambi\u00e9n es posible a\u00f1adir un sistema adicional de generaci\u00f3n de peque\u00f1a escala de energ\u00eda e\u00f3lica, con una turbina de viento real conectada a un m\u00f3dulo inversor para hacer posible la conexi\u00f3n a la red.<\/p>\n","protected":false},"excerpt":{"rendered":"<p>El sistema de red inteligente desarrollado por De Lorenzo se puede organizar en ocho subsistemas, cada uno compuesto de varios m\u00f3dulos. Los primeros cuatro subsistemas son simulaciones de fuentes de energ\u00eda; el primero es la principal fuente de alimentaci\u00f3n de la red con una unidad de alimentaci\u00f3n trif\u00e1sica que representa una planta de carb\u00f3n. Los [&hellip;]<\/p>\n","protected":false},"featured_media":4726,"template":"","meta":{"_acf_changed":false},"product_brand":[],"product_cat":[350,266],"product_tag":[],"class_list":{"0":"post-4737","1":"product","2":"type-product","3":"status-publish","4":"has-post-thumbnail","6":"product_cat-smart-grid-es-2","7":"product_cat-smart-grid-es","9":"first","10":"instock","11":"shipping-taxable","12":"product-type-simple"},"acf":[],"yoast_head":"<!-- This site is optimized with the Yoast SEO plugin v27.0 - https:\/\/yoast.com\/product\/yoast-seo-wordpress\/ -->\n<title>SMART GRID - De Lorenzo Training &amp; Didactical Equipment<\/title>\n<meta name=\"robots\" content=\"index, follow, max-snippet:-1, max-image-preview:large, max-video-preview:-1\" \/>\n<link rel=\"canonical\" href=\"https:\/\/delorenzoglobal.com\/es\/producto\/smart-grid\/\" \/>\n<meta property=\"og:locale\" content=\"es_ES\" \/>\n<meta property=\"og:type\" content=\"article\" \/>\n<meta property=\"og:title\" content=\"SMART GRID - De Lorenzo Training &amp; Didactical Equipment\" \/>\n<meta property=\"og:description\" content=\"El sistema de red inteligente desarrollado por De Lorenzo se puede organizar en ocho subsistemas, cada uno compuesto de varios m\u00f3dulos. Los primeros cuatro subsistemas son simulaciones de fuentes de energ\u00eda; el primero es la principal fuente de alimentaci\u00f3n de la red con una unidad de alimentaci\u00f3n trif\u00e1sica que representa una planta de carb\u00f3n. Los [&hellip;]\" \/>\n<meta property=\"og:url\" content=\"https:\/\/delorenzoglobal.com\/es\/producto\/smart-grid\/\" \/>\n<meta property=\"og:site_name\" content=\"De Lorenzo Training &amp; Didactical Equipment\" \/>\n<meta property=\"article:modified_time\" content=\"2025-10-09T07:27:06+00:00\" \/>\n<meta property=\"og:image\" content=\"https:\/\/delorenzoglobal.com\/wp-content\/uploads\/2024\/04\/DL-SGWD-W-scaled.jpg\" \/>\n\t<meta property=\"og:image:width\" content=\"2560\" \/>\n\t<meta property=\"og:image:height\" content=\"1420\" \/>\n\t<meta property=\"og:image:type\" content=\"image\/jpeg\" \/>\n<meta name=\"twitter:card\" content=\"summary_large_image\" \/>\n<meta name=\"twitter:label1\" content=\"Tiempo de lectura\" \/>\n\t<meta name=\"twitter:data1\" content=\"3 minutos\" \/>\n<script type=\"application\/ld+json\" class=\"yoast-schema-graph\">{\"@context\":\"https:\/\/schema.org\",\"@graph\":[{\"@type\":\"WebPage\",\"@id\":\"https:\/\/delorenzoglobal.com\/es\/producto\/smart-grid\/\",\"url\":\"https:\/\/delorenzoglobal.com\/es\/producto\/smart-grid\/\",\"name\":\"SMART GRID - De Lorenzo Training &amp; Didactical Equipment\",\"isPartOf\":{\"@id\":\"https:\/\/delorenzoglobal.com\/es\/#website\"},\"primaryImageOfPage\":{\"@id\":\"https:\/\/delorenzoglobal.com\/es\/producto\/smart-grid\/#primaryimage\"},\"image\":{\"@id\":\"https:\/\/delorenzoglobal.com\/es\/producto\/smart-grid\/#primaryimage\"},\"thumbnailUrl\":\"https:\/\/delorenzoglobal.com\/wp-content\/uploads\/2024\/04\/DL-SGWD-W-scaled.jpg\",\"datePublished\":\"2024-04-11T12:43:19+00:00\",\"dateModified\":\"2025-10-09T07:27:06+00:00\",\"breadcrumb\":{\"@id\":\"https:\/\/delorenzoglobal.com\/es\/producto\/smart-grid\/#breadcrumb\"},\"inLanguage\":\"es\",\"potentialAction\":[{\"@type\":\"ReadAction\",\"target\":[\"https:\/\/delorenzoglobal.com\/es\/producto\/smart-grid\/\"]}]},{\"@type\":\"ImageObject\",\"inLanguage\":\"es\",\"@id\":\"https:\/\/delorenzoglobal.com\/es\/producto\/smart-grid\/#primaryimage\",\"url\":\"https:\/\/delorenzoglobal.com\/wp-content\/uploads\/2024\/04\/DL-SGWD-W-scaled.jpg\",\"contentUrl\":\"https:\/\/delorenzoglobal.com\/wp-content\/uploads\/2024\/04\/DL-SGWD-W-scaled.jpg\",\"width\":2560,\"height\":1420},{\"@type\":\"BreadcrumbList\",\"@id\":\"https:\/\/delorenzoglobal.com\/es\/producto\/smart-grid\/#breadcrumb\",\"itemListElement\":[{\"@type\":\"ListItem\",\"position\":1,\"name\":\"Home\",\"item\":\"https:\/\/delorenzoglobal.com\/es\/\"},{\"@type\":\"ListItem\",\"position\":2,\"name\":\"Tienda\",\"item\":\"https:\/\/delorenzoglobal.com\/es\/tienda\/\"},{\"@type\":\"ListItem\",\"position\":3,\"name\":\"SMART GRID\"}]},{\"@type\":\"WebSite\",\"@id\":\"https:\/\/delorenzoglobal.com\/es\/#website\",\"url\":\"https:\/\/delorenzoglobal.com\/es\/\",\"name\":\"De Lorenzo Training &amp; Didactical Equipment\",\"description\":\"\",\"potentialAction\":[{\"@type\":\"SearchAction\",\"target\":{\"@type\":\"EntryPoint\",\"urlTemplate\":\"https:\/\/delorenzoglobal.com\/es\/?s={search_term_string}\"},\"query-input\":{\"@type\":\"PropertyValueSpecification\",\"valueRequired\":true,\"valueName\":\"search_term_string\"}}],\"inLanguage\":\"es\"}]}<\/script>\n<!-- \/ Yoast SEO plugin. -->","yoast_head_json":{"title":"SMART GRID - De Lorenzo Training &amp; Didactical Equipment","robots":{"index":"index","follow":"follow","max-snippet":"max-snippet:-1","max-image-preview":"max-image-preview:large","max-video-preview":"max-video-preview:-1"},"canonical":"https:\/\/delorenzoglobal.com\/es\/producto\/smart-grid\/","og_locale":"es_ES","og_type":"article","og_title":"SMART GRID - De Lorenzo Training &amp; Didactical Equipment","og_description":"El sistema de red inteligente desarrollado por De Lorenzo se puede organizar en ocho subsistemas, cada uno compuesto de varios m\u00f3dulos. Los primeros cuatro subsistemas son simulaciones de fuentes de energ\u00eda; el primero es la principal fuente de alimentaci\u00f3n de la red con una unidad de alimentaci\u00f3n trif\u00e1sica que representa una planta de carb\u00f3n. Los [&hellip;]","og_url":"https:\/\/delorenzoglobal.com\/es\/producto\/smart-grid\/","og_site_name":"De Lorenzo Training &amp; Didactical Equipment","article_modified_time":"2025-10-09T07:27:06+00:00","og_image":[{"width":2560,"height":1420,"url":"https:\/\/delorenzoglobal.com\/wp-content\/uploads\/2024\/04\/DL-SGWD-W-scaled.jpg","type":"image\/jpeg"}],"twitter_card":"summary_large_image","twitter_misc":{"Tiempo de lectura":"3 minutos"},"schema":{"@context":"https:\/\/schema.org","@graph":[{"@type":"WebPage","@id":"https:\/\/delorenzoglobal.com\/es\/producto\/smart-grid\/","url":"https:\/\/delorenzoglobal.com\/es\/producto\/smart-grid\/","name":"SMART GRID - De Lorenzo Training &amp; Didactical Equipment","isPartOf":{"@id":"https:\/\/delorenzoglobal.com\/es\/#website"},"primaryImageOfPage":{"@id":"https:\/\/delorenzoglobal.com\/es\/producto\/smart-grid\/#primaryimage"},"image":{"@id":"https:\/\/delorenzoglobal.com\/es\/producto\/smart-grid\/#primaryimage"},"thumbnailUrl":"https:\/\/delorenzoglobal.com\/wp-content\/uploads\/2024\/04\/DL-SGWD-W-scaled.jpg","datePublished":"2024-04-11T12:43:19+00:00","dateModified":"2025-10-09T07:27:06+00:00","breadcrumb":{"@id":"https:\/\/delorenzoglobal.com\/es\/producto\/smart-grid\/#breadcrumb"},"inLanguage":"es","potentialAction":[{"@type":"ReadAction","target":["https:\/\/delorenzoglobal.com\/es\/producto\/smart-grid\/"]}]},{"@type":"ImageObject","inLanguage":"es","@id":"https:\/\/delorenzoglobal.com\/es\/producto\/smart-grid\/#primaryimage","url":"https:\/\/delorenzoglobal.com\/wp-content\/uploads\/2024\/04\/DL-SGWD-W-scaled.jpg","contentUrl":"https:\/\/delorenzoglobal.com\/wp-content\/uploads\/2024\/04\/DL-SGWD-W-scaled.jpg","width":2560,"height":1420},{"@type":"BreadcrumbList","@id":"https:\/\/delorenzoglobal.com\/es\/producto\/smart-grid\/#breadcrumb","itemListElement":[{"@type":"ListItem","position":1,"name":"Home","item":"https:\/\/delorenzoglobal.com\/es\/"},{"@type":"ListItem","position":2,"name":"Tienda","item":"https:\/\/delorenzoglobal.com\/es\/tienda\/"},{"@type":"ListItem","position":3,"name":"SMART GRID"}]},{"@type":"WebSite","@id":"https:\/\/delorenzoglobal.com\/es\/#website","url":"https:\/\/delorenzoglobal.com\/es\/","name":"De Lorenzo Training &amp; Didactical Equipment","description":"","potentialAction":[{"@type":"SearchAction","target":{"@type":"EntryPoint","urlTemplate":"https:\/\/delorenzoglobal.com\/es\/?s={search_term_string}"},"query-input":{"@type":"PropertyValueSpecification","valueRequired":true,"valueName":"search_term_string"}}],"inLanguage":"es"}]}},"_links":{"self":[{"href":"https:\/\/delorenzoglobal.com\/es\/wp-json\/wp\/v2\/product\/4737","targetHints":{"allow":["GET"]}}],"collection":[{"href":"https:\/\/delorenzoglobal.com\/es\/wp-json\/wp\/v2\/product"}],"about":[{"href":"https:\/\/delorenzoglobal.com\/es\/wp-json\/wp\/v2\/types\/product"}],"wp:featuredmedia":[{"embeddable":true,"href":"https:\/\/delorenzoglobal.com\/es\/wp-json\/wp\/v2\/media\/4726"}],"wp:attachment":[{"href":"https:\/\/delorenzoglobal.com\/es\/wp-json\/wp\/v2\/media?parent=4737"}],"wp:term":[{"taxonomy":"product_brand","embeddable":true,"href":"https:\/\/delorenzoglobal.com\/es\/wp-json\/wp\/v2\/product_brand?post=4737"},{"taxonomy":"product_cat","embeddable":true,"href":"https:\/\/delorenzoglobal.com\/es\/wp-json\/wp\/v2\/product_cat?post=4737"},{"taxonomy":"product_tag","embeddable":true,"href":"https:\/\/delorenzoglobal.com\/es\/wp-json\/wp\/v2\/product_tag?post=4737"}],"curies":[{"name":"wp","href":"https:\/\/api.w.org\/{rel}","templated":true}]}}