{"id":4654,"date":"2024-04-11T13:59:01","date_gmt":"2024-04-11T11:59:01","guid":{"rendered":"https:\/\/delorenzoglobal.com\/?post_type=product&#038;p=4654"},"modified":"2025-01-28T16:55:43","modified_gmt":"2025-01-28T15:55:43","slug":"plantas-eolicas","status":"publish","type":"product","link":"https:\/\/delorenzoglobal.com\/es\/producto\/plantas-eolicas\/","title":{"rendered":"PLANTAS E\u00d3LICAS"},"content":{"rendered":"<p>Este entrenador permite a los alumnos estudiar las funciones y las operaciones de una turbina e\u00f3lica moderna simulando los efectos de la fuerza del viento en el sistema.<\/p>\n<p>Este sistema opera a trav\u00e9s de una m\u00e1quina brushless y el software de simulaci\u00f3n y la fuente de alimentaci\u00f3n doble del motor de inducci\u00f3n permiten un estudio pr\u00e1ctico y eficaz.<\/p>\n<p>El entrenador tiene una estructura modular que proporciona a profesores y estudiantes con una gran flexibilidad en el estudio de los temas relacionados y durante la ejecuci\u00f3n de los experimentos.<\/p>\n<p>El entrenador est\u00e1 completo con un software multimedia interactivo para permitir la ejecuci\u00f3n del set-up de los experimentos, as\u00ed como la visualizaci\u00f3n y gesti\u00f3n de los datos recogidos a trav\u00e9s de PC.<\/p>\n<p>La unidad de control de este entrenador permite controlar y gestionar una velocidad variable de la doble alimentaci\u00f3n del generador as\u00edncrono.<\/p>\n<p>Gracias a esta unidad de control es posible simular y estudiar los principios de funcionamiento de este tema.<\/p>\n<p>Esta unidad de control permite una an\u00e1lisis te\u00f3rica de los temas siguientes:<\/p>\n<ul>\n<li>La operaci\u00f3n del generador as\u00edncrono de doble alimentaci\u00f3n;<\/li>\n<li>El interruptor de alimentaci\u00f3n integrado para activar el generador en l\u00ednea;<\/li>\n<li>Potencia reactiva y activa, control de frecuencia y voltaje;<\/li>\n<li>Sincronizaci\u00f3n de red.<\/li>\n<\/ul>\n","protected":false},"excerpt":{"rendered":"<p>Este entrenador permite a los alumnos estudiar las funciones y las operaciones de una turbina e\u00f3lica moderna simulando los efectos de la fuerza del viento en el sistema. Este sistema opera a trav\u00e9s de una m\u00e1quina brushless y el software de simulaci\u00f3n y la fuente de alimentaci\u00f3n doble del motor de inducci\u00f3n permiten un estudio [&hellip;]<\/p>\n","protected":false},"featured_media":4642,"template":"","meta":{"_acf_changed":false},"product_brand":[],"product_cat":[347,263],"product_tag":[],"class_list":{"0":"post-4654","1":"product","2":"type-product","3":"status-publish","4":"has-post-thumbnail","6":"product_cat-ingenierie-de-lenergie-electrique-es","7":"product_cat-plantas-de-energia","9":"first","10":"instock","11":"shipping-taxable","12":"product-type-simple"},"acf":[],"yoast_head":"<!-- This site is optimized with the Yoast SEO plugin v27.4 - https:\/\/yoast.com\/product\/yoast-seo-wordpress\/ -->\n<title>PLANTAS E\u00d3LICAS - De Lorenzo Training &amp; Didactical Equipment<\/title>\n<meta name=\"robots\" content=\"index, follow, max-snippet:-1, max-image-preview:large, max-video-preview:-1\" \/>\n<link rel=\"canonical\" href=\"https:\/\/delorenzoglobal.com\/es\/producto\/plantas-eolicas\/\" \/>\n<meta property=\"og:locale\" content=\"es_ES\" \/>\n<meta property=\"og:type\" content=\"article\" \/>\n<meta property=\"og:title\" content=\"PLANTAS E\u00d3LICAS - De Lorenzo Training &amp; Didactical Equipment\" \/>\n<meta property=\"og:description\" content=\"Este entrenador permite a los alumnos estudiar las funciones y las operaciones de una turbina e\u00f3lica moderna simulando los efectos de la fuerza del viento en el sistema. Este sistema opera a trav\u00e9s de una m\u00e1quina brushless y el software de simulaci\u00f3n y la fuente de alimentaci\u00f3n doble del motor de inducci\u00f3n permiten un estudio [&hellip;]\" \/>\n<meta property=\"og:url\" content=\"https:\/\/delorenzoglobal.com\/es\/producto\/plantas-eolicas\/\" \/>\n<meta property=\"og:site_name\" content=\"De Lorenzo Training &amp; Didactical Equipment\" \/>\n<meta property=\"article:modified_time\" content=\"2025-01-28T15:55:43+00:00\" \/>\n<meta property=\"og:image\" content=\"https:\/\/delorenzoglobal.com\/wp-content\/uploads\/2024\/04\/DL-WPP-scaled.jpg\" \/>\n\t<meta property=\"og:image:width\" content=\"2560\" \/>\n\t<meta property=\"og:image:height\" content=\"1877\" \/>\n\t<meta property=\"og:image:type\" content=\"image\/jpeg\" \/>\n<meta name=\"twitter:card\" content=\"summary_large_image\" \/>\n<meta name=\"twitter:label1\" content=\"Tiempo de lectura\" \/>\n\t<meta name=\"twitter:data1\" content=\"2 minutos\" \/>\n<script type=\"application\/ld+json\" class=\"yoast-schema-graph\">{\"@context\":\"https:\\\/\\\/schema.org\",\"@graph\":[{\"@type\":\"WebPage\",\"@id\":\"https:\\\/\\\/delorenzoglobal.com\\\/es\\\/producto\\\/plantas-eolicas\\\/\",\"url\":\"https:\\\/\\\/delorenzoglobal.com\\\/es\\\/producto\\\/plantas-eolicas\\\/\",\"name\":\"PLANTAS E\u00d3LICAS - De Lorenzo Training &amp; Didactical Equipment\",\"isPartOf\":{\"@id\":\"https:\\\/\\\/delorenzoglobal.com\\\/es\\\/#website\"},\"primaryImageOfPage\":{\"@id\":\"https:\\\/\\\/delorenzoglobal.com\\\/es\\\/producto\\\/plantas-eolicas\\\/#primaryimage\"},\"image\":{\"@id\":\"https:\\\/\\\/delorenzoglobal.com\\\/es\\\/producto\\\/plantas-eolicas\\\/#primaryimage\"},\"thumbnailUrl\":\"https:\\\/\\\/delorenzoglobal.com\\\/wp-content\\\/uploads\\\/2024\\\/04\\\/DL-WPP-scaled.jpg\",\"datePublished\":\"2024-04-11T11:59:01+00:00\",\"dateModified\":\"2025-01-28T15:55:43+00:00\",\"breadcrumb\":{\"@id\":\"https:\\\/\\\/delorenzoglobal.com\\\/es\\\/producto\\\/plantas-eolicas\\\/#breadcrumb\"},\"inLanguage\":\"es\",\"potentialAction\":[{\"@type\":\"ReadAction\",\"target\":[\"https:\\\/\\\/delorenzoglobal.com\\\/es\\\/producto\\\/plantas-eolicas\\\/\"]}]},{\"@type\":\"ImageObject\",\"inLanguage\":\"es\",\"@id\":\"https:\\\/\\\/delorenzoglobal.com\\\/es\\\/producto\\\/plantas-eolicas\\\/#primaryimage\",\"url\":\"https:\\\/\\\/delorenzoglobal.com\\\/wp-content\\\/uploads\\\/2024\\\/04\\\/DL-WPP-scaled.jpg\",\"contentUrl\":\"https:\\\/\\\/delorenzoglobal.com\\\/wp-content\\\/uploads\\\/2024\\\/04\\\/DL-WPP-scaled.jpg\",\"width\":2560,\"height\":1877},{\"@type\":\"BreadcrumbList\",\"@id\":\"https:\\\/\\\/delorenzoglobal.com\\\/es\\\/producto\\\/plantas-eolicas\\\/#breadcrumb\",\"itemListElement\":[{\"@type\":\"ListItem\",\"position\":1,\"name\":\"Home\",\"item\":\"https:\\\/\\\/delorenzoglobal.com\\\/es\\\/\"},{\"@type\":\"ListItem\",\"position\":2,\"name\":\"Tienda\",\"item\":\"https:\\\/\\\/delorenzoglobal.com\\\/es\\\/tienda\\\/\"},{\"@type\":\"ListItem\",\"position\":3,\"name\":\"PLANTAS E\u00d3LICAS\"}]},{\"@type\":\"WebSite\",\"@id\":\"https:\\\/\\\/delorenzoglobal.com\\\/es\\\/#website\",\"url\":\"https:\\\/\\\/delorenzoglobal.com\\\/es\\\/\",\"name\":\"De Lorenzo Training &amp; Didactical Equipment\",\"description\":\"\",\"potentialAction\":[{\"@type\":\"SearchAction\",\"target\":{\"@type\":\"EntryPoint\",\"urlTemplate\":\"https:\\\/\\\/delorenzoglobal.com\\\/es\\\/?s={search_term_string}\"},\"query-input\":{\"@type\":\"PropertyValueSpecification\",\"valueRequired\":true,\"valueName\":\"search_term_string\"}}],\"inLanguage\":\"es\"}]}<\/script>\n<!-- \/ Yoast SEO plugin. -->","yoast_head_json":{"title":"PLANTAS E\u00d3LICAS - De Lorenzo Training &amp; Didactical Equipment","robots":{"index":"index","follow":"follow","max-snippet":"max-snippet:-1","max-image-preview":"max-image-preview:large","max-video-preview":"max-video-preview:-1"},"canonical":"https:\/\/delorenzoglobal.com\/es\/producto\/plantas-eolicas\/","og_locale":"es_ES","og_type":"article","og_title":"PLANTAS E\u00d3LICAS - De Lorenzo Training &amp; Didactical Equipment","og_description":"Este entrenador permite a los alumnos estudiar las funciones y las operaciones de una turbina e\u00f3lica moderna simulando los efectos de la fuerza del viento en el sistema. Este sistema opera a trav\u00e9s de una m\u00e1quina brushless y el software de simulaci\u00f3n y la fuente de alimentaci\u00f3n doble del motor de inducci\u00f3n permiten un estudio [&hellip;]","og_url":"https:\/\/delorenzoglobal.com\/es\/producto\/plantas-eolicas\/","og_site_name":"De Lorenzo Training &amp; Didactical Equipment","article_modified_time":"2025-01-28T15:55:43+00:00","og_image":[{"width":2560,"height":1877,"url":"https:\/\/delorenzoglobal.com\/wp-content\/uploads\/2024\/04\/DL-WPP-scaled.jpg","type":"image\/jpeg"}],"twitter_card":"summary_large_image","twitter_misc":{"Tiempo de lectura":"2 minutos"},"schema":{"@context":"https:\/\/schema.org","@graph":[{"@type":"WebPage","@id":"https:\/\/delorenzoglobal.com\/es\/producto\/plantas-eolicas\/","url":"https:\/\/delorenzoglobal.com\/es\/producto\/plantas-eolicas\/","name":"PLANTAS E\u00d3LICAS - De Lorenzo Training &amp; Didactical Equipment","isPartOf":{"@id":"https:\/\/delorenzoglobal.com\/es\/#website"},"primaryImageOfPage":{"@id":"https:\/\/delorenzoglobal.com\/es\/producto\/plantas-eolicas\/#primaryimage"},"image":{"@id":"https:\/\/delorenzoglobal.com\/es\/producto\/plantas-eolicas\/#primaryimage"},"thumbnailUrl":"https:\/\/delorenzoglobal.com\/wp-content\/uploads\/2024\/04\/DL-WPP-scaled.jpg","datePublished":"2024-04-11T11:59:01+00:00","dateModified":"2025-01-28T15:55:43+00:00","breadcrumb":{"@id":"https:\/\/delorenzoglobal.com\/es\/producto\/plantas-eolicas\/#breadcrumb"},"inLanguage":"es","potentialAction":[{"@type":"ReadAction","target":["https:\/\/delorenzoglobal.com\/es\/producto\/plantas-eolicas\/"]}]},{"@type":"ImageObject","inLanguage":"es","@id":"https:\/\/delorenzoglobal.com\/es\/producto\/plantas-eolicas\/#primaryimage","url":"https:\/\/delorenzoglobal.com\/wp-content\/uploads\/2024\/04\/DL-WPP-scaled.jpg","contentUrl":"https:\/\/delorenzoglobal.com\/wp-content\/uploads\/2024\/04\/DL-WPP-scaled.jpg","width":2560,"height":1877},{"@type":"BreadcrumbList","@id":"https:\/\/delorenzoglobal.com\/es\/producto\/plantas-eolicas\/#breadcrumb","itemListElement":[{"@type":"ListItem","position":1,"name":"Home","item":"https:\/\/delorenzoglobal.com\/es\/"},{"@type":"ListItem","position":2,"name":"Tienda","item":"https:\/\/delorenzoglobal.com\/es\/tienda\/"},{"@type":"ListItem","position":3,"name":"PLANTAS E\u00d3LICAS"}]},{"@type":"WebSite","@id":"https:\/\/delorenzoglobal.com\/es\/#website","url":"https:\/\/delorenzoglobal.com\/es\/","name":"De Lorenzo Training &amp; Didactical Equipment","description":"","potentialAction":[{"@type":"SearchAction","target":{"@type":"EntryPoint","urlTemplate":"https:\/\/delorenzoglobal.com\/es\/?s={search_term_string}"},"query-input":{"@type":"PropertyValueSpecification","valueRequired":true,"valueName":"search_term_string"}}],"inLanguage":"es"}]}},"_links":{"self":[{"href":"https:\/\/delorenzoglobal.com\/es\/wp-json\/wp\/v2\/product\/4654","targetHints":{"allow":["GET"]}}],"collection":[{"href":"https:\/\/delorenzoglobal.com\/es\/wp-json\/wp\/v2\/product"}],"about":[{"href":"https:\/\/delorenzoglobal.com\/es\/wp-json\/wp\/v2\/types\/product"}],"wp:featuredmedia":[{"embeddable":true,"href":"https:\/\/delorenzoglobal.com\/es\/wp-json\/wp\/v2\/media\/4642"}],"wp:attachment":[{"href":"https:\/\/delorenzoglobal.com\/es\/wp-json\/wp\/v2\/media?parent=4654"}],"wp:term":[{"taxonomy":"product_brand","embeddable":true,"href":"https:\/\/delorenzoglobal.com\/es\/wp-json\/wp\/v2\/product_brand?post=4654"},{"taxonomy":"product_cat","embeddable":true,"href":"https:\/\/delorenzoglobal.com\/es\/wp-json\/wp\/v2\/product_cat?post=4654"},{"taxonomy":"product_tag","embeddable":true,"href":"https:\/\/delorenzoglobal.com\/es\/wp-json\/wp\/v2\/product_tag?post=4654"}],"curies":[{"name":"wp","href":"https:\/\/api.w.org\/{rel}","templated":true}]}}