{"id":4527,"date":"2024-04-11T12:51:36","date_gmt":"2024-04-11T10:51:36","guid":{"rendered":"https:\/\/delorenzoglobal.com\/?post_type=product&#038;p=4527"},"modified":"2025-01-23T08:57:24","modified_gmt":"2025-01-23T07:57:24","slug":"entrenador-de-eficiencia-energetica-de-un-compresor-de-aire","status":"publish","type":"product","link":"https:\/\/delorenzoglobal.com\/es\/producto\/entrenador-de-eficiencia-energetica-de-un-compresor-de-aire\/","title":{"rendered":"ENTRENADOR DE EFICIENCIA ENERG\u00c9TICA DE UN COMPRESOR DE AIRE"},"content":{"rendered":"<p>Este entrenador ha sido desarrollado para simular un gran n\u00famero de condiciones de funcionamiento de uno de los equipos m\u00e1s com\u00fan que se utiliza actualmente por la industria, los compresores de aire.<\/p>\n<p>El entrenador permite el estudio de la eficiencia energ\u00e9tica del sistema en funci\u00f3n de las diferentes condiciones de funcionamiento y de los diferentes componentes.<\/p>\n<p>Completo con manual de los experimentos y software.<\/p>\n","protected":false},"excerpt":{"rendered":"<p>Este entrenador ha sido desarrollado para simular un gran n\u00famero de condiciones de funcionamiento de uno de los equipos m\u00e1s com\u00fan que se utiliza actualmente por la industria, los compresores de aire. El entrenador permite el estudio de la eficiencia energ\u00e9tica del sistema en funci\u00f3n de las diferentes condiciones de funcionamiento y de los diferentes [&hellip;]<\/p>\n","protected":false},"featured_media":4506,"template":"","meta":{"_acf_changed":false},"product_brand":[],"product_cat":[245],"product_tag":[],"class_list":{"0":"post-4527","1":"product","2":"type-product","3":"status-publish","4":"has-post-thumbnail","6":"product_cat-eficiencia-energetica","8":"first","9":"instock","10":"shipping-taxable","11":"product-type-simple"},"acf":[],"yoast_head":"<!-- This site is optimized with the Yoast SEO plugin v27.4 - https:\/\/yoast.com\/product\/yoast-seo-wordpress\/ -->\n<title>ENTRENADOR DE EFICIENCIA ENERG\u00c9TICA DE UN COMPRESOR DE AIRE - De Lorenzo Training &amp; Didactical Equipment<\/title>\n<meta name=\"robots\" content=\"index, follow, max-snippet:-1, max-image-preview:large, max-video-preview:-1\" \/>\n<link rel=\"canonical\" href=\"https:\/\/delorenzoglobal.com\/es\/producto\/entrenador-de-eficiencia-energetica-de-un-compresor-de-aire\/\" \/>\n<meta property=\"og:locale\" content=\"es_ES\" \/>\n<meta property=\"og:type\" content=\"article\" \/>\n<meta property=\"og:title\" content=\"ENTRENADOR DE EFICIENCIA ENERG\u00c9TICA DE UN COMPRESOR DE AIRE - De Lorenzo Training &amp; Didactical Equipment\" \/>\n<meta property=\"og:description\" content=\"Este entrenador ha sido desarrollado para simular un gran n\u00famero de condiciones de funcionamiento de uno de los equipos m\u00e1s com\u00fan que se utiliza actualmente por la industria, los compresores de aire. El entrenador permite el estudio de la eficiencia energ\u00e9tica del sistema en funci\u00f3n de las diferentes condiciones de funcionamiento y de los diferentes [&hellip;]\" \/>\n<meta property=\"og:url\" content=\"https:\/\/delorenzoglobal.com\/es\/producto\/entrenador-de-eficiencia-energetica-de-un-compresor-de-aire\/\" \/>\n<meta property=\"og:site_name\" content=\"De Lorenzo Training &amp; Didactical Equipment\" \/>\n<meta property=\"article:modified_time\" content=\"2025-01-23T07:57:24+00:00\" \/>\n<meta property=\"og:image\" content=\"https:\/\/delorenzoglobal.com\/wp-content\/uploads\/2024\/04\/DL-LSM-C.png\" \/>\n\t<meta property=\"og:image:width\" content=\"758\" \/>\n\t<meta property=\"og:image:height\" content=\"544\" \/>\n\t<meta property=\"og:image:type\" content=\"image\/png\" \/>\n<meta name=\"twitter:card\" content=\"summary_large_image\" \/>\n<meta name=\"twitter:label1\" content=\"Tiempo de lectura\" \/>\n\t<meta name=\"twitter:data1\" content=\"1 minuto\" \/>\n<script type=\"application\/ld+json\" class=\"yoast-schema-graph\">{\"@context\":\"https:\\\/\\\/schema.org\",\"@graph\":[{\"@type\":\"WebPage\",\"@id\":\"https:\\\/\\\/delorenzoglobal.com\\\/es\\\/producto\\\/entrenador-de-eficiencia-energetica-de-un-compresor-de-aire\\\/\",\"url\":\"https:\\\/\\\/delorenzoglobal.com\\\/es\\\/producto\\\/entrenador-de-eficiencia-energetica-de-un-compresor-de-aire\\\/\",\"name\":\"ENTRENADOR DE EFICIENCIA ENERG\u00c9TICA DE UN COMPRESOR DE AIRE - De Lorenzo Training &amp; Didactical Equipment\",\"isPartOf\":{\"@id\":\"https:\\\/\\\/delorenzoglobal.com\\\/es\\\/#website\"},\"primaryImageOfPage\":{\"@id\":\"https:\\\/\\\/delorenzoglobal.com\\\/es\\\/producto\\\/entrenador-de-eficiencia-energetica-de-un-compresor-de-aire\\\/#primaryimage\"},\"image\":{\"@id\":\"https:\\\/\\\/delorenzoglobal.com\\\/es\\\/producto\\\/entrenador-de-eficiencia-energetica-de-un-compresor-de-aire\\\/#primaryimage\"},\"thumbnailUrl\":\"https:\\\/\\\/delorenzoglobal.com\\\/wp-content\\\/uploads\\\/2024\\\/04\\\/DL-LSM-C.png\",\"datePublished\":\"2024-04-11T10:51:36+00:00\",\"dateModified\":\"2025-01-23T07:57:24+00:00\",\"breadcrumb\":{\"@id\":\"https:\\\/\\\/delorenzoglobal.com\\\/es\\\/producto\\\/entrenador-de-eficiencia-energetica-de-un-compresor-de-aire\\\/#breadcrumb\"},\"inLanguage\":\"es\",\"potentialAction\":[{\"@type\":\"ReadAction\",\"target\":[\"https:\\\/\\\/delorenzoglobal.com\\\/es\\\/producto\\\/entrenador-de-eficiencia-energetica-de-un-compresor-de-aire\\\/\"]}]},{\"@type\":\"ImageObject\",\"inLanguage\":\"es\",\"@id\":\"https:\\\/\\\/delorenzoglobal.com\\\/es\\\/producto\\\/entrenador-de-eficiencia-energetica-de-un-compresor-de-aire\\\/#primaryimage\",\"url\":\"https:\\\/\\\/delorenzoglobal.com\\\/wp-content\\\/uploads\\\/2024\\\/04\\\/DL-LSM-C.png\",\"contentUrl\":\"https:\\\/\\\/delorenzoglobal.com\\\/wp-content\\\/uploads\\\/2024\\\/04\\\/DL-LSM-C.png\",\"width\":758,\"height\":544},{\"@type\":\"BreadcrumbList\",\"@id\":\"https:\\\/\\\/delorenzoglobal.com\\\/es\\\/producto\\\/entrenador-de-eficiencia-energetica-de-un-compresor-de-aire\\\/#breadcrumb\",\"itemListElement\":[{\"@type\":\"ListItem\",\"position\":1,\"name\":\"Home\",\"item\":\"https:\\\/\\\/delorenzoglobal.com\\\/es\\\/\"},{\"@type\":\"ListItem\",\"position\":2,\"name\":\"Tienda\",\"item\":\"https:\\\/\\\/delorenzoglobal.com\\\/es\\\/tienda\\\/\"},{\"@type\":\"ListItem\",\"position\":3,\"name\":\"ENTRENADOR DE EFICIENCIA ENERG\u00c9TICA DE UN COMPRESOR DE AIRE\"}]},{\"@type\":\"WebSite\",\"@id\":\"https:\\\/\\\/delorenzoglobal.com\\\/es\\\/#website\",\"url\":\"https:\\\/\\\/delorenzoglobal.com\\\/es\\\/\",\"name\":\"De Lorenzo Training &amp; Didactical Equipment\",\"description\":\"\",\"potentialAction\":[{\"@type\":\"SearchAction\",\"target\":{\"@type\":\"EntryPoint\",\"urlTemplate\":\"https:\\\/\\\/delorenzoglobal.com\\\/es\\\/?s={search_term_string}\"},\"query-input\":{\"@type\":\"PropertyValueSpecification\",\"valueRequired\":true,\"valueName\":\"search_term_string\"}}],\"inLanguage\":\"es\"}]}<\/script>\n<!-- \/ Yoast SEO plugin. -->","yoast_head_json":{"title":"ENTRENADOR DE EFICIENCIA ENERG\u00c9TICA DE UN COMPRESOR DE AIRE - De Lorenzo Training &amp; Didactical Equipment","robots":{"index":"index","follow":"follow","max-snippet":"max-snippet:-1","max-image-preview":"max-image-preview:large","max-video-preview":"max-video-preview:-1"},"canonical":"https:\/\/delorenzoglobal.com\/es\/producto\/entrenador-de-eficiencia-energetica-de-un-compresor-de-aire\/","og_locale":"es_ES","og_type":"article","og_title":"ENTRENADOR DE EFICIENCIA ENERG\u00c9TICA DE UN COMPRESOR DE AIRE - De Lorenzo Training &amp; Didactical Equipment","og_description":"Este entrenador ha sido desarrollado para simular un gran n\u00famero de condiciones de funcionamiento de uno de los equipos m\u00e1s com\u00fan que se utiliza actualmente por la industria, los compresores de aire. El entrenador permite el estudio de la eficiencia energ\u00e9tica del sistema en funci\u00f3n de las diferentes condiciones de funcionamiento y de los diferentes [&hellip;]","og_url":"https:\/\/delorenzoglobal.com\/es\/producto\/entrenador-de-eficiencia-energetica-de-un-compresor-de-aire\/","og_site_name":"De Lorenzo Training &amp; Didactical Equipment","article_modified_time":"2025-01-23T07:57:24+00:00","og_image":[{"width":758,"height":544,"url":"https:\/\/delorenzoglobal.com\/wp-content\/uploads\/2024\/04\/DL-LSM-C.png","type":"image\/png"}],"twitter_card":"summary_large_image","twitter_misc":{"Tiempo de lectura":"1 minuto"},"schema":{"@context":"https:\/\/schema.org","@graph":[{"@type":"WebPage","@id":"https:\/\/delorenzoglobal.com\/es\/producto\/entrenador-de-eficiencia-energetica-de-un-compresor-de-aire\/","url":"https:\/\/delorenzoglobal.com\/es\/producto\/entrenador-de-eficiencia-energetica-de-un-compresor-de-aire\/","name":"ENTRENADOR DE EFICIENCIA ENERG\u00c9TICA DE UN COMPRESOR DE AIRE - De Lorenzo Training &amp; Didactical Equipment","isPartOf":{"@id":"https:\/\/delorenzoglobal.com\/es\/#website"},"primaryImageOfPage":{"@id":"https:\/\/delorenzoglobal.com\/es\/producto\/entrenador-de-eficiencia-energetica-de-un-compresor-de-aire\/#primaryimage"},"image":{"@id":"https:\/\/delorenzoglobal.com\/es\/producto\/entrenador-de-eficiencia-energetica-de-un-compresor-de-aire\/#primaryimage"},"thumbnailUrl":"https:\/\/delorenzoglobal.com\/wp-content\/uploads\/2024\/04\/DL-LSM-C.png","datePublished":"2024-04-11T10:51:36+00:00","dateModified":"2025-01-23T07:57:24+00:00","breadcrumb":{"@id":"https:\/\/delorenzoglobal.com\/es\/producto\/entrenador-de-eficiencia-energetica-de-un-compresor-de-aire\/#breadcrumb"},"inLanguage":"es","potentialAction":[{"@type":"ReadAction","target":["https:\/\/delorenzoglobal.com\/es\/producto\/entrenador-de-eficiencia-energetica-de-un-compresor-de-aire\/"]}]},{"@type":"ImageObject","inLanguage":"es","@id":"https:\/\/delorenzoglobal.com\/es\/producto\/entrenador-de-eficiencia-energetica-de-un-compresor-de-aire\/#primaryimage","url":"https:\/\/delorenzoglobal.com\/wp-content\/uploads\/2024\/04\/DL-LSM-C.png","contentUrl":"https:\/\/delorenzoglobal.com\/wp-content\/uploads\/2024\/04\/DL-LSM-C.png","width":758,"height":544},{"@type":"BreadcrumbList","@id":"https:\/\/delorenzoglobal.com\/es\/producto\/entrenador-de-eficiencia-energetica-de-un-compresor-de-aire\/#breadcrumb","itemListElement":[{"@type":"ListItem","position":1,"name":"Home","item":"https:\/\/delorenzoglobal.com\/es\/"},{"@type":"ListItem","position":2,"name":"Tienda","item":"https:\/\/delorenzoglobal.com\/es\/tienda\/"},{"@type":"ListItem","position":3,"name":"ENTRENADOR DE EFICIENCIA ENERG\u00c9TICA DE UN COMPRESOR DE AIRE"}]},{"@type":"WebSite","@id":"https:\/\/delorenzoglobal.com\/es\/#website","url":"https:\/\/delorenzoglobal.com\/es\/","name":"De Lorenzo Training &amp; Didactical Equipment","description":"","potentialAction":[{"@type":"SearchAction","target":{"@type":"EntryPoint","urlTemplate":"https:\/\/delorenzoglobal.com\/es\/?s={search_term_string}"},"query-input":{"@type":"PropertyValueSpecification","valueRequired":true,"valueName":"search_term_string"}}],"inLanguage":"es"}]}},"_links":{"self":[{"href":"https:\/\/delorenzoglobal.com\/es\/wp-json\/wp\/v2\/product\/4527","targetHints":{"allow":["GET"]}}],"collection":[{"href":"https:\/\/delorenzoglobal.com\/es\/wp-json\/wp\/v2\/product"}],"about":[{"href":"https:\/\/delorenzoglobal.com\/es\/wp-json\/wp\/v2\/types\/product"}],"wp:featuredmedia":[{"embeddable":true,"href":"https:\/\/delorenzoglobal.com\/es\/wp-json\/wp\/v2\/media\/4506"}],"wp:attachment":[{"href":"https:\/\/delorenzoglobal.com\/es\/wp-json\/wp\/v2\/media?parent=4527"}],"wp:term":[{"taxonomy":"product_brand","embeddable":true,"href":"https:\/\/delorenzoglobal.com\/es\/wp-json\/wp\/v2\/product_brand?post=4527"},{"taxonomy":"product_cat","embeddable":true,"href":"https:\/\/delorenzoglobal.com\/es\/wp-json\/wp\/v2\/product_cat?post=4527"},{"taxonomy":"product_tag","embeddable":true,"href":"https:\/\/delorenzoglobal.com\/es\/wp-json\/wp\/v2\/product_tag?post=4527"}],"curies":[{"name":"wp","href":"https:\/\/api.w.org\/{rel}","templated":true}]}}