{"id":44288,"date":"2025-03-06T16:14:49","date_gmt":"2025-03-06T15:14:49","guid":{"rendered":"https:\/\/delorenzoglobal.com\/?post_type=product&#038;p=44288"},"modified":"2025-07-04T09:46:32","modified_gmt":"2025-07-04T07:46:32","slug":"laboratorio-de-electronica-de-potencia-con-hardware-in-the-loop","status":"publish","type":"product","link":"https:\/\/delorenzoglobal.com\/es\/producto\/laboratorio-de-electronica-de-potencia-con-hardware-in-the-loop\/","title":{"rendered":"LABORATORIO DE ELECTR\u00d3NICA DE POTENCIA CON HARDWARE IN THE LOOP ASISTIDO POR  MATLAB Y SIMULINK"},"content":{"rendered":"<p>Este sistema de formaci\u00f3n permite a los usuarios dise\u00f1ar y desarrollar algoritmos de control avanzados en entornos <strong>MATLAB y Simulink,<\/strong> y al mismo tiempo probar y validar estos algoritmos mediante una configuraci\u00f3n de hardware totalmente equipada. Sirve como una soluci\u00f3n integral para estudios en profundidad y la validaci\u00f3n de los resultados de investigaciones acad\u00e9micas.<\/p>\n<p>Se centra en temas relacionados con convertidores de potencia, como inversores y choppers de CC, adem\u00e1s de accionamientos el\u00e9ctricos para motores de CC, servomotores de im\u00e1n permanente y motores as\u00edncronos. La integraci\u00f3n de un sistema de medici\u00f3n completo con el potente entorno de desarrollo <strong>MATLAB y Simulink <\/strong>permite a los usuarios dise\u00f1ar e implementar algoritmos de control sofisticados de manera eficaz.<\/p>\n","protected":false},"excerpt":{"rendered":"<p>Este sistema de formaci\u00f3n permite a los usuarios dise\u00f1ar y desarrollar algoritmos de control avanzados en entornos MATLAB y Simulink, y al mismo tiempo probar y validar estos algoritmos mediante una configuraci\u00f3n de hardware totalmente equipada. Sirve como una soluci\u00f3n integral para estudios en profundidad y la validaci\u00f3n de los resultados de investigaciones acad\u00e9micas. Se [&hellip;]<\/p>\n","protected":false},"featured_media":7563,"template":"","meta":{"_acf_changed":false},"product_brand":[],"product_cat":[3128],"product_tag":[],"class_list":{"0":"post-44288","1":"product","2":"type-product","3":"status-publish","4":"has-post-thumbnail","6":"product_cat-hardware-in-the-loop-es","8":"first","9":"instock","10":"shipping-taxable","11":"product-type-simple"},"acf":[],"yoast_head":"<!-- This site is optimized with the Yoast SEO plugin v27.4 - https:\/\/yoast.com\/product\/yoast-seo-wordpress\/ -->\n<title>LABORATORIO DE ELECTR\u00d3NICA DE POTENCIA CON HARDWARE IN THE LOOP ASISTIDO POR MATLAB Y SIMULINK - De Lorenzo Training &amp; Didactical Equipment<\/title>\n<meta name=\"robots\" content=\"index, follow, max-snippet:-1, max-image-preview:large, max-video-preview:-1\" \/>\n<link rel=\"canonical\" href=\"https:\/\/delorenzoglobal.com\/es\/producto\/laboratorio-de-electronica-de-potencia-con-hardware-in-the-loop\/\" \/>\n<meta property=\"og:locale\" content=\"es_ES\" \/>\n<meta property=\"og:type\" content=\"article\" \/>\n<meta property=\"og:title\" content=\"LABORATORIO DE ELECTR\u00d3NICA DE POTENCIA CON HARDWARE IN THE LOOP ASISTIDO POR MATLAB Y SIMULINK - De Lorenzo Training &amp; Didactical Equipment\" \/>\n<meta property=\"og:description\" content=\"Este sistema de formaci\u00f3n permite a los usuarios dise\u00f1ar y desarrollar algoritmos de control avanzados en entornos MATLAB y Simulink, y al mismo tiempo probar y validar estos algoritmos mediante una configuraci\u00f3n de hardware totalmente equipada. Sirve como una soluci\u00f3n integral para estudios en profundidad y la validaci\u00f3n de los resultados de investigaciones acad\u00e9micas. Se [&hellip;]\" \/>\n<meta property=\"og:url\" content=\"https:\/\/delorenzoglobal.com\/es\/producto\/laboratorio-de-electronica-de-potencia-con-hardware-in-the-loop\/\" \/>\n<meta property=\"og:site_name\" content=\"De Lorenzo Training &amp; Didactical Equipment\" \/>\n<meta property=\"article:modified_time\" content=\"2025-07-04T07:46:32+00:00\" \/>\n<meta property=\"og:image\" content=\"https:\/\/delorenzoglobal.com\/wp-content\/uploads\/2024\/04\/DL-PEL205-scaled.jpg\" \/>\n\t<meta property=\"og:image:width\" content=\"2560\" \/>\n\t<meta property=\"og:image:height\" content=\"1988\" \/>\n\t<meta property=\"og:image:type\" content=\"image\/jpeg\" \/>\n<meta name=\"twitter:card\" content=\"summary_large_image\" \/>\n<meta name=\"twitter:label1\" content=\"Tiempo de lectura\" \/>\n\t<meta name=\"twitter:data1\" content=\"1 minuto\" \/>\n<script type=\"application\/ld+json\" class=\"yoast-schema-graph\">{\"@context\":\"https:\\\/\\\/schema.org\",\"@graph\":[{\"@type\":\"WebPage\",\"@id\":\"https:\\\/\\\/delorenzoglobal.com\\\/es\\\/producto\\\/laboratorio-de-electronica-de-potencia-con-hardware-in-the-loop\\\/\",\"url\":\"https:\\\/\\\/delorenzoglobal.com\\\/es\\\/producto\\\/laboratorio-de-electronica-de-potencia-con-hardware-in-the-loop\\\/\",\"name\":\"LABORATORIO DE ELECTR\u00d3NICA DE POTENCIA CON HARDWARE IN THE LOOP ASISTIDO POR MATLAB Y SIMULINK - De Lorenzo Training &amp; Didactical Equipment\",\"isPartOf\":{\"@id\":\"https:\\\/\\\/delorenzoglobal.com\\\/es\\\/#website\"},\"primaryImageOfPage\":{\"@id\":\"https:\\\/\\\/delorenzoglobal.com\\\/es\\\/producto\\\/laboratorio-de-electronica-de-potencia-con-hardware-in-the-loop\\\/#primaryimage\"},\"image\":{\"@id\":\"https:\\\/\\\/delorenzoglobal.com\\\/es\\\/producto\\\/laboratorio-de-electronica-de-potencia-con-hardware-in-the-loop\\\/#primaryimage\"},\"thumbnailUrl\":\"https:\\\/\\\/delorenzoglobal.com\\\/wp-content\\\/uploads\\\/2024\\\/04\\\/DL-PEL205-scaled.jpg\",\"datePublished\":\"2025-03-06T15:14:49+00:00\",\"dateModified\":\"2025-07-04T07:46:32+00:00\",\"breadcrumb\":{\"@id\":\"https:\\\/\\\/delorenzoglobal.com\\\/es\\\/producto\\\/laboratorio-de-electronica-de-potencia-con-hardware-in-the-loop\\\/#breadcrumb\"},\"inLanguage\":\"es\",\"potentialAction\":[{\"@type\":\"ReadAction\",\"target\":[\"https:\\\/\\\/delorenzoglobal.com\\\/es\\\/producto\\\/laboratorio-de-electronica-de-potencia-con-hardware-in-the-loop\\\/\"]}]},{\"@type\":\"ImageObject\",\"inLanguage\":\"es\",\"@id\":\"https:\\\/\\\/delorenzoglobal.com\\\/es\\\/producto\\\/laboratorio-de-electronica-de-potencia-con-hardware-in-the-loop\\\/#primaryimage\",\"url\":\"https:\\\/\\\/delorenzoglobal.com\\\/wp-content\\\/uploads\\\/2024\\\/04\\\/DL-PEL205-scaled.jpg\",\"contentUrl\":\"https:\\\/\\\/delorenzoglobal.com\\\/wp-content\\\/uploads\\\/2024\\\/04\\\/DL-PEL205-scaled.jpg\",\"width\":2560,\"height\":1988},{\"@type\":\"BreadcrumbList\",\"@id\":\"https:\\\/\\\/delorenzoglobal.com\\\/es\\\/producto\\\/laboratorio-de-electronica-de-potencia-con-hardware-in-the-loop\\\/#breadcrumb\",\"itemListElement\":[{\"@type\":\"ListItem\",\"position\":1,\"name\":\"Home\",\"item\":\"https:\\\/\\\/delorenzoglobal.com\\\/es\\\/\"},{\"@type\":\"ListItem\",\"position\":2,\"name\":\"Tienda\",\"item\":\"https:\\\/\\\/delorenzoglobal.com\\\/es\\\/tienda\\\/\"},{\"@type\":\"ListItem\",\"position\":3,\"name\":\"LABORATORIO DE ELECTR\u00d3NICA DE POTENCIA CON HARDWARE IN THE LOOP ASISTIDO POR MATLAB Y SIMULINK\"}]},{\"@type\":\"WebSite\",\"@id\":\"https:\\\/\\\/delorenzoglobal.com\\\/es\\\/#website\",\"url\":\"https:\\\/\\\/delorenzoglobal.com\\\/es\\\/\",\"name\":\"De Lorenzo Training &amp; Didactical Equipment\",\"description\":\"\",\"potentialAction\":[{\"@type\":\"SearchAction\",\"target\":{\"@type\":\"EntryPoint\",\"urlTemplate\":\"https:\\\/\\\/delorenzoglobal.com\\\/es\\\/?s={search_term_string}\"},\"query-input\":{\"@type\":\"PropertyValueSpecification\",\"valueRequired\":true,\"valueName\":\"search_term_string\"}}],\"inLanguage\":\"es\"}]}<\/script>\n<!-- \/ Yoast SEO plugin. -->","yoast_head_json":{"title":"LABORATORIO DE ELECTR\u00d3NICA DE POTENCIA CON HARDWARE IN THE LOOP ASISTIDO POR MATLAB Y SIMULINK - De Lorenzo Training &amp; Didactical Equipment","robots":{"index":"index","follow":"follow","max-snippet":"max-snippet:-1","max-image-preview":"max-image-preview:large","max-video-preview":"max-video-preview:-1"},"canonical":"https:\/\/delorenzoglobal.com\/es\/producto\/laboratorio-de-electronica-de-potencia-con-hardware-in-the-loop\/","og_locale":"es_ES","og_type":"article","og_title":"LABORATORIO DE ELECTR\u00d3NICA DE POTENCIA CON HARDWARE IN THE LOOP ASISTIDO POR MATLAB Y SIMULINK - De Lorenzo Training &amp; Didactical Equipment","og_description":"Este sistema de formaci\u00f3n permite a los usuarios dise\u00f1ar y desarrollar algoritmos de control avanzados en entornos MATLAB y Simulink, y al mismo tiempo probar y validar estos algoritmos mediante una configuraci\u00f3n de hardware totalmente equipada. Sirve como una soluci\u00f3n integral para estudios en profundidad y la validaci\u00f3n de los resultados de investigaciones acad\u00e9micas. Se [&hellip;]","og_url":"https:\/\/delorenzoglobal.com\/es\/producto\/laboratorio-de-electronica-de-potencia-con-hardware-in-the-loop\/","og_site_name":"De Lorenzo Training &amp; Didactical Equipment","article_modified_time":"2025-07-04T07:46:32+00:00","og_image":[{"width":2560,"height":1988,"url":"https:\/\/delorenzoglobal.com\/wp-content\/uploads\/2024\/04\/DL-PEL205-scaled.jpg","type":"image\/jpeg"}],"twitter_card":"summary_large_image","twitter_misc":{"Tiempo de lectura":"1 minuto"},"schema":{"@context":"https:\/\/schema.org","@graph":[{"@type":"WebPage","@id":"https:\/\/delorenzoglobal.com\/es\/producto\/laboratorio-de-electronica-de-potencia-con-hardware-in-the-loop\/","url":"https:\/\/delorenzoglobal.com\/es\/producto\/laboratorio-de-electronica-de-potencia-con-hardware-in-the-loop\/","name":"LABORATORIO DE ELECTR\u00d3NICA DE POTENCIA CON HARDWARE IN THE LOOP ASISTIDO POR MATLAB Y SIMULINK - De Lorenzo Training &amp; Didactical Equipment","isPartOf":{"@id":"https:\/\/delorenzoglobal.com\/es\/#website"},"primaryImageOfPage":{"@id":"https:\/\/delorenzoglobal.com\/es\/producto\/laboratorio-de-electronica-de-potencia-con-hardware-in-the-loop\/#primaryimage"},"image":{"@id":"https:\/\/delorenzoglobal.com\/es\/producto\/laboratorio-de-electronica-de-potencia-con-hardware-in-the-loop\/#primaryimage"},"thumbnailUrl":"https:\/\/delorenzoglobal.com\/wp-content\/uploads\/2024\/04\/DL-PEL205-scaled.jpg","datePublished":"2025-03-06T15:14:49+00:00","dateModified":"2025-07-04T07:46:32+00:00","breadcrumb":{"@id":"https:\/\/delorenzoglobal.com\/es\/producto\/laboratorio-de-electronica-de-potencia-con-hardware-in-the-loop\/#breadcrumb"},"inLanguage":"es","potentialAction":[{"@type":"ReadAction","target":["https:\/\/delorenzoglobal.com\/es\/producto\/laboratorio-de-electronica-de-potencia-con-hardware-in-the-loop\/"]}]},{"@type":"ImageObject","inLanguage":"es","@id":"https:\/\/delorenzoglobal.com\/es\/producto\/laboratorio-de-electronica-de-potencia-con-hardware-in-the-loop\/#primaryimage","url":"https:\/\/delorenzoglobal.com\/wp-content\/uploads\/2024\/04\/DL-PEL205-scaled.jpg","contentUrl":"https:\/\/delorenzoglobal.com\/wp-content\/uploads\/2024\/04\/DL-PEL205-scaled.jpg","width":2560,"height":1988},{"@type":"BreadcrumbList","@id":"https:\/\/delorenzoglobal.com\/es\/producto\/laboratorio-de-electronica-de-potencia-con-hardware-in-the-loop\/#breadcrumb","itemListElement":[{"@type":"ListItem","position":1,"name":"Home","item":"https:\/\/delorenzoglobal.com\/es\/"},{"@type":"ListItem","position":2,"name":"Tienda","item":"https:\/\/delorenzoglobal.com\/es\/tienda\/"},{"@type":"ListItem","position":3,"name":"LABORATORIO DE ELECTR\u00d3NICA DE POTENCIA CON HARDWARE IN THE LOOP ASISTIDO POR MATLAB Y SIMULINK"}]},{"@type":"WebSite","@id":"https:\/\/delorenzoglobal.com\/es\/#website","url":"https:\/\/delorenzoglobal.com\/es\/","name":"De Lorenzo Training &amp; Didactical Equipment","description":"","potentialAction":[{"@type":"SearchAction","target":{"@type":"EntryPoint","urlTemplate":"https:\/\/delorenzoglobal.com\/es\/?s={search_term_string}"},"query-input":{"@type":"PropertyValueSpecification","valueRequired":true,"valueName":"search_term_string"}}],"inLanguage":"es"}]}},"_links":{"self":[{"href":"https:\/\/delorenzoglobal.com\/es\/wp-json\/wp\/v2\/product\/44288","targetHints":{"allow":["GET"]}}],"collection":[{"href":"https:\/\/delorenzoglobal.com\/es\/wp-json\/wp\/v2\/product"}],"about":[{"href":"https:\/\/delorenzoglobal.com\/es\/wp-json\/wp\/v2\/types\/product"}],"wp:featuredmedia":[{"embeddable":true,"href":"https:\/\/delorenzoglobal.com\/es\/wp-json\/wp\/v2\/media\/7563"}],"wp:attachment":[{"href":"https:\/\/delorenzoglobal.com\/es\/wp-json\/wp\/v2\/media?parent=44288"}],"wp:term":[{"taxonomy":"product_brand","embeddable":true,"href":"https:\/\/delorenzoglobal.com\/es\/wp-json\/wp\/v2\/product_brand?post=44288"},{"taxonomy":"product_cat","embeddable":true,"href":"https:\/\/delorenzoglobal.com\/es\/wp-json\/wp\/v2\/product_cat?post=44288"},{"taxonomy":"product_tag","embeddable":true,"href":"https:\/\/delorenzoglobal.com\/es\/wp-json\/wp\/v2\/product_tag?post=44288"}],"curies":[{"name":"wp","href":"https:\/\/api.w.org\/{rel}","templated":true}]}}