{"id":4377,"date":"2024-04-11T12:23:05","date_gmt":"2024-04-11T10:23:05","guid":{"rendered":"https:\/\/delorenzoglobal.com\/?post_type=product&#038;p=4377"},"modified":"2025-01-23T14:56:55","modified_gmt":"2025-01-23T13:56:55","slug":"entrenador-de-energia-termica-solar","status":"publish","type":"product","link":"https:\/\/delorenzoglobal.com\/es\/producto\/entrenador-de-energia-termica-solar\/","title":{"rendered":"ENTRENADOR PARA EL ESTUDIO DE LA ENERG\u00cdA SOLAR T\u00c9RMICA CON COLECTOR REAL Y SIMULADO"},"content":{"rendered":"<p>Sistema did\u00e1ctico para el estudio te\u00f3rico y pr\u00e1ctico de instalaciones de energ\u00eda solar utilizadas para obtener agua caliente sanitaria, aire acondicionado y servicios similares.<\/p>\n<p>Es un sistema de circulaci\u00f3n forzada con una amplia gama de aplicaciones did\u00e1cticas.<\/p>\n<p>Incluye seis sensores de temperatura en cuatro puntos diferentes, y un sensor de irradiaci\u00f3n solar que se utiliza para calcular la energ\u00eda.<\/p>\n<p>Incluye cables de conexi\u00f3n, manual de experimentos y software para la adquisici\u00f3n y procesamiento de datos del controlador solar.<\/p>\n","protected":false},"excerpt":{"rendered":"<p>Sistema did\u00e1ctico para el estudio te\u00f3rico y pr\u00e1ctico de instalaciones de energ\u00eda solar utilizadas para obtener agua caliente sanitaria, aire acondicionado y servicios similares. Es un sistema de circulaci\u00f3n forzada con una amplia gama de aplicaciones did\u00e1cticas. Incluye seis sensores de temperatura en cuatro puntos diferentes, y un sensor de irradiaci\u00f3n solar que se utiliza [&hellip;]<\/p>\n","protected":false},"featured_media":19462,"template":"","meta":{"_acf_changed":false},"product_brand":[],"product_cat":[402,260],"product_tag":[],"class_list":{"0":"post-4377","1":"product","2":"type-product","3":"status-publish","4":"has-post-thumbnail","6":"product_cat-plantas-de-calefaccion-y-sanitarias","7":"product_cat-termico-solar","9":"first","10":"instock","11":"shipping-taxable","12":"product-type-simple"},"acf":[],"yoast_head":"<!-- This site is optimized with the Yoast SEO plugin v27.4 - https:\/\/yoast.com\/product\/yoast-seo-wordpress\/ -->\n<title>ENTRENADOR PARA EL ESTUDIO DE LA ENERG\u00cdA SOLAR T\u00c9RMICA CON COLECTOR REAL Y SIMULADO - De Lorenzo Training &amp; Didactical Equipment<\/title>\n<meta name=\"robots\" content=\"index, follow, max-snippet:-1, max-image-preview:large, max-video-preview:-1\" \/>\n<link rel=\"canonical\" href=\"https:\/\/delorenzoglobal.com\/es\/producto\/entrenador-de-energia-termica-solar\/\" \/>\n<meta property=\"og:locale\" content=\"es_ES\" \/>\n<meta property=\"og:type\" content=\"article\" \/>\n<meta property=\"og:title\" content=\"ENTRENADOR PARA EL ESTUDIO DE LA ENERG\u00cdA SOLAR T\u00c9RMICA CON COLECTOR REAL Y SIMULADO - De Lorenzo Training &amp; Didactical Equipment\" \/>\n<meta property=\"og:description\" content=\"Sistema did\u00e1ctico para el estudio te\u00f3rico y pr\u00e1ctico de instalaciones de energ\u00eda solar utilizadas para obtener agua caliente sanitaria, aire acondicionado y servicios similares. Es un sistema de circulaci\u00f3n forzada con una amplia gama de aplicaciones did\u00e1cticas. Incluye seis sensores de temperatura en cuatro puntos diferentes, y un sensor de irradiaci\u00f3n solar que se utiliza [&hellip;]\" \/>\n<meta property=\"og:url\" content=\"https:\/\/delorenzoglobal.com\/es\/producto\/entrenador-de-energia-termica-solar\/\" \/>\n<meta property=\"og:site_name\" content=\"De Lorenzo Training &amp; Didactical Equipment\" \/>\n<meta property=\"article:modified_time\" content=\"2025-01-23T13:56:55+00:00\" \/>\n<meta property=\"og:image\" content=\"https:\/\/delorenzoglobal.com\/wp-content\/uploads\/2024\/04\/DL-THERMO-A12-xs.jpg\" \/>\n\t<meta property=\"og:image:width\" content=\"2337\" \/>\n\t<meta property=\"og:image:height\" content=\"1249\" \/>\n\t<meta property=\"og:image:type\" content=\"image\/jpeg\" \/>\n<meta name=\"twitter:card\" content=\"summary_large_image\" \/>\n<meta name=\"twitter:label1\" content=\"Tiempo de lectura\" \/>\n\t<meta name=\"twitter:data1\" content=\"1 minuto\" \/>\n<script type=\"application\/ld+json\" class=\"yoast-schema-graph\">{\"@context\":\"https:\\\/\\\/schema.org\",\"@graph\":[{\"@type\":\"WebPage\",\"@id\":\"https:\\\/\\\/delorenzoglobal.com\\\/es\\\/producto\\\/entrenador-de-energia-termica-solar\\\/\",\"url\":\"https:\\\/\\\/delorenzoglobal.com\\\/es\\\/producto\\\/entrenador-de-energia-termica-solar\\\/\",\"name\":\"ENTRENADOR PARA EL ESTUDIO DE LA ENERG\u00cdA SOLAR T\u00c9RMICA CON COLECTOR REAL Y SIMULADO - De Lorenzo Training &amp; Didactical Equipment\",\"isPartOf\":{\"@id\":\"https:\\\/\\\/delorenzoglobal.com\\\/es\\\/#website\"},\"primaryImageOfPage\":{\"@id\":\"https:\\\/\\\/delorenzoglobal.com\\\/es\\\/producto\\\/entrenador-de-energia-termica-solar\\\/#primaryimage\"},\"image\":{\"@id\":\"https:\\\/\\\/delorenzoglobal.com\\\/es\\\/producto\\\/entrenador-de-energia-termica-solar\\\/#primaryimage\"},\"thumbnailUrl\":\"https:\\\/\\\/delorenzoglobal.com\\\/wp-content\\\/uploads\\\/2024\\\/04\\\/DL-THERMO-A12-xs.jpg\",\"datePublished\":\"2024-04-11T10:23:05+00:00\",\"dateModified\":\"2025-01-23T13:56:55+00:00\",\"breadcrumb\":{\"@id\":\"https:\\\/\\\/delorenzoglobal.com\\\/es\\\/producto\\\/entrenador-de-energia-termica-solar\\\/#breadcrumb\"},\"inLanguage\":\"es\",\"potentialAction\":[{\"@type\":\"ReadAction\",\"target\":[\"https:\\\/\\\/delorenzoglobal.com\\\/es\\\/producto\\\/entrenador-de-energia-termica-solar\\\/\"]}]},{\"@type\":\"ImageObject\",\"inLanguage\":\"es\",\"@id\":\"https:\\\/\\\/delorenzoglobal.com\\\/es\\\/producto\\\/entrenador-de-energia-termica-solar\\\/#primaryimage\",\"url\":\"https:\\\/\\\/delorenzoglobal.com\\\/wp-content\\\/uploads\\\/2024\\\/04\\\/DL-THERMO-A12-xs.jpg\",\"contentUrl\":\"https:\\\/\\\/delorenzoglobal.com\\\/wp-content\\\/uploads\\\/2024\\\/04\\\/DL-THERMO-A12-xs.jpg\",\"width\":2337,\"height\":1249},{\"@type\":\"BreadcrumbList\",\"@id\":\"https:\\\/\\\/delorenzoglobal.com\\\/es\\\/producto\\\/entrenador-de-energia-termica-solar\\\/#breadcrumb\",\"itemListElement\":[{\"@type\":\"ListItem\",\"position\":1,\"name\":\"Home\",\"item\":\"https:\\\/\\\/delorenzoglobal.com\\\/es\\\/\"},{\"@type\":\"ListItem\",\"position\":2,\"name\":\"Tienda\",\"item\":\"https:\\\/\\\/delorenzoglobal.com\\\/es\\\/tienda\\\/\"},{\"@type\":\"ListItem\",\"position\":3,\"name\":\"ENTRENADOR PARA EL ESTUDIO DE LA ENERG\u00cdA SOLAR T\u00c9RMICA CON COLECTOR REAL Y SIMULADO\"}]},{\"@type\":\"WebSite\",\"@id\":\"https:\\\/\\\/delorenzoglobal.com\\\/es\\\/#website\",\"url\":\"https:\\\/\\\/delorenzoglobal.com\\\/es\\\/\",\"name\":\"De Lorenzo Training &amp; Didactical Equipment\",\"description\":\"\",\"potentialAction\":[{\"@type\":\"SearchAction\",\"target\":{\"@type\":\"EntryPoint\",\"urlTemplate\":\"https:\\\/\\\/delorenzoglobal.com\\\/es\\\/?s={search_term_string}\"},\"query-input\":{\"@type\":\"PropertyValueSpecification\",\"valueRequired\":true,\"valueName\":\"search_term_string\"}}],\"inLanguage\":\"es\"}]}<\/script>\n<!-- \/ Yoast SEO plugin. -->","yoast_head_json":{"title":"ENTRENADOR PARA EL ESTUDIO DE LA ENERG\u00cdA SOLAR T\u00c9RMICA CON COLECTOR REAL Y SIMULADO - De Lorenzo Training &amp; Didactical Equipment","robots":{"index":"index","follow":"follow","max-snippet":"max-snippet:-1","max-image-preview":"max-image-preview:large","max-video-preview":"max-video-preview:-1"},"canonical":"https:\/\/delorenzoglobal.com\/es\/producto\/entrenador-de-energia-termica-solar\/","og_locale":"es_ES","og_type":"article","og_title":"ENTRENADOR PARA EL ESTUDIO DE LA ENERG\u00cdA SOLAR T\u00c9RMICA CON COLECTOR REAL Y SIMULADO - De Lorenzo Training &amp; Didactical Equipment","og_description":"Sistema did\u00e1ctico para el estudio te\u00f3rico y pr\u00e1ctico de instalaciones de energ\u00eda solar utilizadas para obtener agua caliente sanitaria, aire acondicionado y servicios similares. Es un sistema de circulaci\u00f3n forzada con una amplia gama de aplicaciones did\u00e1cticas. Incluye seis sensores de temperatura en cuatro puntos diferentes, y un sensor de irradiaci\u00f3n solar que se utiliza [&hellip;]","og_url":"https:\/\/delorenzoglobal.com\/es\/producto\/entrenador-de-energia-termica-solar\/","og_site_name":"De Lorenzo Training &amp; Didactical Equipment","article_modified_time":"2025-01-23T13:56:55+00:00","og_image":[{"width":2337,"height":1249,"url":"https:\/\/delorenzoglobal.com\/wp-content\/uploads\/2024\/04\/DL-THERMO-A12-xs.jpg","type":"image\/jpeg"}],"twitter_card":"summary_large_image","twitter_misc":{"Tiempo de lectura":"1 minuto"},"schema":{"@context":"https:\/\/schema.org","@graph":[{"@type":"WebPage","@id":"https:\/\/delorenzoglobal.com\/es\/producto\/entrenador-de-energia-termica-solar\/","url":"https:\/\/delorenzoglobal.com\/es\/producto\/entrenador-de-energia-termica-solar\/","name":"ENTRENADOR PARA EL ESTUDIO DE LA ENERG\u00cdA SOLAR T\u00c9RMICA CON COLECTOR REAL Y SIMULADO - De Lorenzo Training &amp; Didactical Equipment","isPartOf":{"@id":"https:\/\/delorenzoglobal.com\/es\/#website"},"primaryImageOfPage":{"@id":"https:\/\/delorenzoglobal.com\/es\/producto\/entrenador-de-energia-termica-solar\/#primaryimage"},"image":{"@id":"https:\/\/delorenzoglobal.com\/es\/producto\/entrenador-de-energia-termica-solar\/#primaryimage"},"thumbnailUrl":"https:\/\/delorenzoglobal.com\/wp-content\/uploads\/2024\/04\/DL-THERMO-A12-xs.jpg","datePublished":"2024-04-11T10:23:05+00:00","dateModified":"2025-01-23T13:56:55+00:00","breadcrumb":{"@id":"https:\/\/delorenzoglobal.com\/es\/producto\/entrenador-de-energia-termica-solar\/#breadcrumb"},"inLanguage":"es","potentialAction":[{"@type":"ReadAction","target":["https:\/\/delorenzoglobal.com\/es\/producto\/entrenador-de-energia-termica-solar\/"]}]},{"@type":"ImageObject","inLanguage":"es","@id":"https:\/\/delorenzoglobal.com\/es\/producto\/entrenador-de-energia-termica-solar\/#primaryimage","url":"https:\/\/delorenzoglobal.com\/wp-content\/uploads\/2024\/04\/DL-THERMO-A12-xs.jpg","contentUrl":"https:\/\/delorenzoglobal.com\/wp-content\/uploads\/2024\/04\/DL-THERMO-A12-xs.jpg","width":2337,"height":1249},{"@type":"BreadcrumbList","@id":"https:\/\/delorenzoglobal.com\/es\/producto\/entrenador-de-energia-termica-solar\/#breadcrumb","itemListElement":[{"@type":"ListItem","position":1,"name":"Home","item":"https:\/\/delorenzoglobal.com\/es\/"},{"@type":"ListItem","position":2,"name":"Tienda","item":"https:\/\/delorenzoglobal.com\/es\/tienda\/"},{"@type":"ListItem","position":3,"name":"ENTRENADOR PARA EL ESTUDIO DE LA ENERG\u00cdA SOLAR T\u00c9RMICA CON COLECTOR REAL Y SIMULADO"}]},{"@type":"WebSite","@id":"https:\/\/delorenzoglobal.com\/es\/#website","url":"https:\/\/delorenzoglobal.com\/es\/","name":"De Lorenzo Training &amp; Didactical Equipment","description":"","potentialAction":[{"@type":"SearchAction","target":{"@type":"EntryPoint","urlTemplate":"https:\/\/delorenzoglobal.com\/es\/?s={search_term_string}"},"query-input":{"@type":"PropertyValueSpecification","valueRequired":true,"valueName":"search_term_string"}}],"inLanguage":"es"}]}},"_links":{"self":[{"href":"https:\/\/delorenzoglobal.com\/es\/wp-json\/wp\/v2\/product\/4377","targetHints":{"allow":["GET"]}}],"collection":[{"href":"https:\/\/delorenzoglobal.com\/es\/wp-json\/wp\/v2\/product"}],"about":[{"href":"https:\/\/delorenzoglobal.com\/es\/wp-json\/wp\/v2\/types\/product"}],"wp:featuredmedia":[{"embeddable":true,"href":"https:\/\/delorenzoglobal.com\/es\/wp-json\/wp\/v2\/media\/19462"}],"wp:attachment":[{"href":"https:\/\/delorenzoglobal.com\/es\/wp-json\/wp\/v2\/media?parent=4377"}],"wp:term":[{"taxonomy":"product_brand","embeddable":true,"href":"https:\/\/delorenzoglobal.com\/es\/wp-json\/wp\/v2\/product_brand?post=4377"},{"taxonomy":"product_cat","embeddable":true,"href":"https:\/\/delorenzoglobal.com\/es\/wp-json\/wp\/v2\/product_cat?post=4377"},{"taxonomy":"product_tag","embeddable":true,"href":"https:\/\/delorenzoglobal.com\/es\/wp-json\/wp\/v2\/product_tag?post=4377"}],"curies":[{"name":"wp","href":"https:\/\/api.w.org\/{rel}","templated":true}]}}