{"id":4324,"date":"2024-04-11T12:10:08","date_gmt":"2024-04-11T10:10:08","guid":{"rendered":"https:\/\/delorenzoglobal.com\/?post_type=product&#038;p=4324"},"modified":"2025-01-23T14:55:07","modified_gmt":"2025-01-23T13:55:07","slug":"entrenador-de-energia-solar-termica-con-panel-simulado","status":"publish","type":"product","link":"https:\/\/delorenzoglobal.com\/es\/producto\/entrenador-de-energia-solar-termica-con-panel-simulado\/","title":{"rendered":"ENTRENADOR PARA EL ESTUDIO DE ENERG\u00cdA SOLAR T\u00c9RMICA CON COLECTOR SIMULADO"},"content":{"rendered":"<p>Sistema did\u00e1ctico para el estudio te\u00f3rico y pr\u00e1ctico de las instalaciones de energ\u00eda solar utilizadas para la obtenci\u00f3n de agua caliente para saneamiento, climatizaci\u00f3n y servicios similares.<\/p>\n<p>Es un sistema de circulaci\u00f3n forzada con una amplia gama de aplicaciones did\u00e1cticas.<\/p>\n<p>Incorpora seis sondas de temperatura disponibles en cuatro puntos diferentes y un sensor de irradiaci\u00f3n solar que se utiliza para calcular la energ\u00eda.<\/p>\n","protected":false},"excerpt":{"rendered":"<p>Sistema did\u00e1ctico para el estudio te\u00f3rico y pr\u00e1ctico de las instalaciones de energ\u00eda solar utilizadas para la obtenci\u00f3n de agua caliente para saneamiento, climatizaci\u00f3n y servicios similares. Es un sistema de circulaci\u00f3n forzada con una amplia gama de aplicaciones did\u00e1cticas. Incorpora seis sondas de temperatura disponibles en cuatro puntos diferentes y un sensor de irradiaci\u00f3n [&hellip;]<\/p>\n","protected":false},"featured_media":19458,"template":"","meta":{"_acf_changed":false},"product_brand":[],"product_cat":[402,260],"product_tag":[],"class_list":{"0":"post-4324","1":"product","2":"type-product","3":"status-publish","4":"has-post-thumbnail","6":"product_cat-plantas-de-calefaccion-y-sanitarias","7":"product_cat-termico-solar","9":"first","10":"instock","11":"shipping-taxable","12":"product-type-simple"},"acf":[],"yoast_head":"<!-- This site is optimized with the Yoast SEO plugin v27.0 - https:\/\/yoast.com\/product\/yoast-seo-wordpress\/ -->\n<title>ENTRENADOR PARA EL ESTUDIO DE ENERG\u00cdA SOLAR T\u00c9RMICA CON COLECTOR SIMULADO - De Lorenzo Training &amp; Didactical Equipment<\/title>\n<meta name=\"robots\" content=\"index, follow, max-snippet:-1, max-image-preview:large, max-video-preview:-1\" \/>\n<link rel=\"canonical\" href=\"https:\/\/delorenzoglobal.com\/es\/producto\/entrenador-de-energia-solar-termica-con-panel-simulado\/\" \/>\n<meta property=\"og:locale\" content=\"es_ES\" \/>\n<meta property=\"og:type\" content=\"article\" \/>\n<meta property=\"og:title\" content=\"ENTRENADOR PARA EL ESTUDIO DE ENERG\u00cdA SOLAR T\u00c9RMICA CON COLECTOR SIMULADO - De Lorenzo Training &amp; Didactical Equipment\" \/>\n<meta property=\"og:description\" content=\"Sistema did\u00e1ctico para el estudio te\u00f3rico y pr\u00e1ctico de las instalaciones de energ\u00eda solar utilizadas para la obtenci\u00f3n de agua caliente para saneamiento, climatizaci\u00f3n y servicios similares. Es un sistema de circulaci\u00f3n forzada con una amplia gama de aplicaciones did\u00e1cticas. Incorpora seis sondas de temperatura disponibles en cuatro puntos diferentes y un sensor de irradiaci\u00f3n [&hellip;]\" \/>\n<meta property=\"og:url\" content=\"https:\/\/delorenzoglobal.com\/es\/producto\/entrenador-de-energia-solar-termica-con-panel-simulado\/\" \/>\n<meta property=\"og:site_name\" content=\"De Lorenzo Training &amp; Didactical Equipment\" \/>\n<meta property=\"article:modified_time\" content=\"2025-01-23T13:55:07+00:00\" \/>\n<meta property=\"og:image\" content=\"https:\/\/delorenzoglobal.com\/wp-content\/uploads\/2024\/04\/DL-THERMO-A1.png\" \/>\n\t<meta property=\"og:image:width\" content=\"3354\" \/>\n\t<meta property=\"og:image:height\" content=\"2016\" \/>\n\t<meta property=\"og:image:type\" content=\"image\/png\" \/>\n<meta name=\"twitter:card\" content=\"summary_large_image\" \/>\n<meta name=\"twitter:label1\" content=\"Tiempo de lectura\" \/>\n\t<meta name=\"twitter:data1\" content=\"1 minuto\" \/>\n<script type=\"application\/ld+json\" class=\"yoast-schema-graph\">{\"@context\":\"https:\/\/schema.org\",\"@graph\":[{\"@type\":\"WebPage\",\"@id\":\"https:\/\/delorenzoglobal.com\/es\/producto\/entrenador-de-energia-solar-termica-con-panel-simulado\/\",\"url\":\"https:\/\/delorenzoglobal.com\/es\/producto\/entrenador-de-energia-solar-termica-con-panel-simulado\/\",\"name\":\"ENTRENADOR PARA EL ESTUDIO DE ENERG\u00cdA SOLAR T\u00c9RMICA CON COLECTOR SIMULADO - De Lorenzo Training &amp; Didactical Equipment\",\"isPartOf\":{\"@id\":\"https:\/\/delorenzoglobal.com\/es\/#website\"},\"primaryImageOfPage\":{\"@id\":\"https:\/\/delorenzoglobal.com\/es\/producto\/entrenador-de-energia-solar-termica-con-panel-simulado\/#primaryimage\"},\"image\":{\"@id\":\"https:\/\/delorenzoglobal.com\/es\/producto\/entrenador-de-energia-solar-termica-con-panel-simulado\/#primaryimage\"},\"thumbnailUrl\":\"https:\/\/delorenzoglobal.com\/wp-content\/uploads\/2024\/04\/DL-THERMO-A1.png\",\"datePublished\":\"2024-04-11T10:10:08+00:00\",\"dateModified\":\"2025-01-23T13:55:07+00:00\",\"breadcrumb\":{\"@id\":\"https:\/\/delorenzoglobal.com\/es\/producto\/entrenador-de-energia-solar-termica-con-panel-simulado\/#breadcrumb\"},\"inLanguage\":\"es\",\"potentialAction\":[{\"@type\":\"ReadAction\",\"target\":[\"https:\/\/delorenzoglobal.com\/es\/producto\/entrenador-de-energia-solar-termica-con-panel-simulado\/\"]}]},{\"@type\":\"ImageObject\",\"inLanguage\":\"es\",\"@id\":\"https:\/\/delorenzoglobal.com\/es\/producto\/entrenador-de-energia-solar-termica-con-panel-simulado\/#primaryimage\",\"url\":\"https:\/\/delorenzoglobal.com\/wp-content\/uploads\/2024\/04\/DL-THERMO-A1.png\",\"contentUrl\":\"https:\/\/delorenzoglobal.com\/wp-content\/uploads\/2024\/04\/DL-THERMO-A1.png\",\"width\":3354,\"height\":2016},{\"@type\":\"BreadcrumbList\",\"@id\":\"https:\/\/delorenzoglobal.com\/es\/producto\/entrenador-de-energia-solar-termica-con-panel-simulado\/#breadcrumb\",\"itemListElement\":[{\"@type\":\"ListItem\",\"position\":1,\"name\":\"Home\",\"item\":\"https:\/\/delorenzoglobal.com\/es\/\"},{\"@type\":\"ListItem\",\"position\":2,\"name\":\"Tienda\",\"item\":\"https:\/\/delorenzoglobal.com\/es\/tienda\/\"},{\"@type\":\"ListItem\",\"position\":3,\"name\":\"ENTRENADOR PARA EL ESTUDIO DE ENERG\u00cdA SOLAR T\u00c9RMICA CON COLECTOR SIMULADO\"}]},{\"@type\":\"WebSite\",\"@id\":\"https:\/\/delorenzoglobal.com\/es\/#website\",\"url\":\"https:\/\/delorenzoglobal.com\/es\/\",\"name\":\"De Lorenzo Training &amp; Didactical Equipment\",\"description\":\"\",\"potentialAction\":[{\"@type\":\"SearchAction\",\"target\":{\"@type\":\"EntryPoint\",\"urlTemplate\":\"https:\/\/delorenzoglobal.com\/es\/?s={search_term_string}\"},\"query-input\":{\"@type\":\"PropertyValueSpecification\",\"valueRequired\":true,\"valueName\":\"search_term_string\"}}],\"inLanguage\":\"es\"}]}<\/script>\n<!-- \/ Yoast SEO plugin. -->","yoast_head_json":{"title":"ENTRENADOR PARA EL ESTUDIO DE ENERG\u00cdA SOLAR T\u00c9RMICA CON COLECTOR SIMULADO - De Lorenzo Training &amp; Didactical Equipment","robots":{"index":"index","follow":"follow","max-snippet":"max-snippet:-1","max-image-preview":"max-image-preview:large","max-video-preview":"max-video-preview:-1"},"canonical":"https:\/\/delorenzoglobal.com\/es\/producto\/entrenador-de-energia-solar-termica-con-panel-simulado\/","og_locale":"es_ES","og_type":"article","og_title":"ENTRENADOR PARA EL ESTUDIO DE ENERG\u00cdA SOLAR T\u00c9RMICA CON COLECTOR SIMULADO - De Lorenzo Training &amp; Didactical Equipment","og_description":"Sistema did\u00e1ctico para el estudio te\u00f3rico y pr\u00e1ctico de las instalaciones de energ\u00eda solar utilizadas para la obtenci\u00f3n de agua caliente para saneamiento, climatizaci\u00f3n y servicios similares. Es un sistema de circulaci\u00f3n forzada con una amplia gama de aplicaciones did\u00e1cticas. Incorpora seis sondas de temperatura disponibles en cuatro puntos diferentes y un sensor de irradiaci\u00f3n [&hellip;]","og_url":"https:\/\/delorenzoglobal.com\/es\/producto\/entrenador-de-energia-solar-termica-con-panel-simulado\/","og_site_name":"De Lorenzo Training &amp; Didactical Equipment","article_modified_time":"2025-01-23T13:55:07+00:00","og_image":[{"width":3354,"height":2016,"url":"https:\/\/delorenzoglobal.com\/wp-content\/uploads\/2024\/04\/DL-THERMO-A1.png","type":"image\/png"}],"twitter_card":"summary_large_image","twitter_misc":{"Tiempo de lectura":"1 minuto"},"schema":{"@context":"https:\/\/schema.org","@graph":[{"@type":"WebPage","@id":"https:\/\/delorenzoglobal.com\/es\/producto\/entrenador-de-energia-solar-termica-con-panel-simulado\/","url":"https:\/\/delorenzoglobal.com\/es\/producto\/entrenador-de-energia-solar-termica-con-panel-simulado\/","name":"ENTRENADOR PARA EL ESTUDIO DE ENERG\u00cdA SOLAR T\u00c9RMICA CON COLECTOR SIMULADO - De Lorenzo Training &amp; Didactical Equipment","isPartOf":{"@id":"https:\/\/delorenzoglobal.com\/es\/#website"},"primaryImageOfPage":{"@id":"https:\/\/delorenzoglobal.com\/es\/producto\/entrenador-de-energia-solar-termica-con-panel-simulado\/#primaryimage"},"image":{"@id":"https:\/\/delorenzoglobal.com\/es\/producto\/entrenador-de-energia-solar-termica-con-panel-simulado\/#primaryimage"},"thumbnailUrl":"https:\/\/delorenzoglobal.com\/wp-content\/uploads\/2024\/04\/DL-THERMO-A1.png","datePublished":"2024-04-11T10:10:08+00:00","dateModified":"2025-01-23T13:55:07+00:00","breadcrumb":{"@id":"https:\/\/delorenzoglobal.com\/es\/producto\/entrenador-de-energia-solar-termica-con-panel-simulado\/#breadcrumb"},"inLanguage":"es","potentialAction":[{"@type":"ReadAction","target":["https:\/\/delorenzoglobal.com\/es\/producto\/entrenador-de-energia-solar-termica-con-panel-simulado\/"]}]},{"@type":"ImageObject","inLanguage":"es","@id":"https:\/\/delorenzoglobal.com\/es\/producto\/entrenador-de-energia-solar-termica-con-panel-simulado\/#primaryimage","url":"https:\/\/delorenzoglobal.com\/wp-content\/uploads\/2024\/04\/DL-THERMO-A1.png","contentUrl":"https:\/\/delorenzoglobal.com\/wp-content\/uploads\/2024\/04\/DL-THERMO-A1.png","width":3354,"height":2016},{"@type":"BreadcrumbList","@id":"https:\/\/delorenzoglobal.com\/es\/producto\/entrenador-de-energia-solar-termica-con-panel-simulado\/#breadcrumb","itemListElement":[{"@type":"ListItem","position":1,"name":"Home","item":"https:\/\/delorenzoglobal.com\/es\/"},{"@type":"ListItem","position":2,"name":"Tienda","item":"https:\/\/delorenzoglobal.com\/es\/tienda\/"},{"@type":"ListItem","position":3,"name":"ENTRENADOR PARA EL ESTUDIO DE ENERG\u00cdA SOLAR T\u00c9RMICA CON COLECTOR SIMULADO"}]},{"@type":"WebSite","@id":"https:\/\/delorenzoglobal.com\/es\/#website","url":"https:\/\/delorenzoglobal.com\/es\/","name":"De Lorenzo Training &amp; Didactical Equipment","description":"","potentialAction":[{"@type":"SearchAction","target":{"@type":"EntryPoint","urlTemplate":"https:\/\/delorenzoglobal.com\/es\/?s={search_term_string}"},"query-input":{"@type":"PropertyValueSpecification","valueRequired":true,"valueName":"search_term_string"}}],"inLanguage":"es"}]}},"_links":{"self":[{"href":"https:\/\/delorenzoglobal.com\/es\/wp-json\/wp\/v2\/product\/4324","targetHints":{"allow":["GET"]}}],"collection":[{"href":"https:\/\/delorenzoglobal.com\/es\/wp-json\/wp\/v2\/product"}],"about":[{"href":"https:\/\/delorenzoglobal.com\/es\/wp-json\/wp\/v2\/types\/product"}],"wp:featuredmedia":[{"embeddable":true,"href":"https:\/\/delorenzoglobal.com\/es\/wp-json\/wp\/v2\/media\/19458"}],"wp:attachment":[{"href":"https:\/\/delorenzoglobal.com\/es\/wp-json\/wp\/v2\/media?parent=4324"}],"wp:term":[{"taxonomy":"product_brand","embeddable":true,"href":"https:\/\/delorenzoglobal.com\/es\/wp-json\/wp\/v2\/product_brand?post=4324"},{"taxonomy":"product_cat","embeddable":true,"href":"https:\/\/delorenzoglobal.com\/es\/wp-json\/wp\/v2\/product_cat?post=4324"},{"taxonomy":"product_tag","embeddable":true,"href":"https:\/\/delorenzoglobal.com\/es\/wp-json\/wp\/v2\/product_tag?post=4324"}],"curies":[{"name":"wp","href":"https:\/\/api.w.org\/{rel}","templated":true}]}}