{"id":4250,"date":"2024-04-11T11:57:51","date_gmt":"2024-04-11T09:57:51","guid":{"rendered":"https:\/\/delorenzoglobal.com\/?post_type=product&#038;p=4250"},"modified":"2025-04-24T12:44:45","modified_gmt":"2025-04-24T10:44:45","slug":"sistema-hibrido-para-el-estudio-de-la-energia-solar-y-eolica","status":"publish","type":"product","link":"https:\/\/delorenzoglobal.com\/es\/producto\/sistema-hibrido-para-el-estudio-de-la-energia-solar-y-eolica\/","title":{"rendered":"SISTEMA H\u00cdBRIDO PARA EL ESTUDIO DE LA ENERG\u00cdA SOLAR Y E\u00d3LICA"},"content":{"rendered":"<p>El objetivo principal de un sistema de energ\u00eda h\u00edbrido es combinar m\u00faltiples fuentes para entregar energ\u00eda el\u00e9ctrica no intermitente, tratando de aprovechar varias energ\u00edas renovables disponibles.<\/p>\n<p>Completo con cables, manual de experimentos y software de adquisici\u00f3n y procesamiento de datos.<\/p>\n","protected":false},"excerpt":{"rendered":"<p>El objetivo principal de un sistema de energ\u00eda h\u00edbrido es combinar m\u00faltiples fuentes para entregar energ\u00eda el\u00e9ctrica no intermitente, tratando de aprovechar varias energ\u00edas renovables disponibles. Completo con cables, manual de experimentos y software de adquisici\u00f3n y procesamiento de datos.<\/p>\n","protected":false},"featured_media":19454,"template":"","meta":{"_acf_changed":false},"product_brand":[],"product_cat":[257],"product_tag":[],"class_list":{"0":"post-4250","1":"product","2":"type-product","3":"status-publish","4":"has-post-thumbnail","6":"product_cat-sistemas-hibridos","8":"first","9":"instock","10":"shipping-taxable","11":"product-type-simple"},"acf":[],"yoast_head":"<!-- This site is optimized with the Yoast SEO plugin v27.4 - https:\/\/yoast.com\/product\/yoast-seo-wordpress\/ -->\n<title>SISTEMA H\u00cdBRIDO PARA EL ESTUDIO DE LA ENERG\u00cdA SOLAR Y E\u00d3LICA - De Lorenzo Training &amp; Didactical Equipment<\/title>\n<meta name=\"robots\" content=\"index, follow, max-snippet:-1, max-image-preview:large, max-video-preview:-1\" \/>\n<link rel=\"canonical\" href=\"https:\/\/delorenzoglobal.com\/es\/producto\/sistema-hibrido-para-el-estudio-de-la-energia-solar-y-eolica\/\" \/>\n<meta property=\"og:locale\" content=\"es_ES\" \/>\n<meta property=\"og:type\" content=\"article\" \/>\n<meta property=\"og:title\" content=\"SISTEMA H\u00cdBRIDO PARA EL ESTUDIO DE LA ENERG\u00cdA SOLAR Y E\u00d3LICA - De Lorenzo Training &amp; Didactical Equipment\" \/>\n<meta property=\"og:description\" content=\"El objetivo principal de un sistema de energ\u00eda h\u00edbrido es combinar m\u00faltiples fuentes para entregar energ\u00eda el\u00e9ctrica no intermitente, tratando de aprovechar varias energ\u00edas renovables disponibles. Completo con cables, manual de experimentos y software de adquisici\u00f3n y procesamiento de datos.\" \/>\n<meta property=\"og:url\" content=\"https:\/\/delorenzoglobal.com\/es\/producto\/sistema-hibrido-para-el-estudio-de-la-energia-solar-y-eolica\/\" \/>\n<meta property=\"og:site_name\" content=\"De Lorenzo Training &amp; Didactical Equipment\" \/>\n<meta property=\"article:modified_time\" content=\"2025-04-24T10:44:45+00:00\" \/>\n<meta property=\"og:image\" content=\"https:\/\/delorenzoglobal.com\/wp-content\/uploads\/2024\/04\/DL-SUNWIND-24V3-xs.jpg\" \/>\n\t<meta property=\"og:image:width\" content=\"1235\" \/>\n\t<meta property=\"og:image:height\" content=\"932\" \/>\n\t<meta property=\"og:image:type\" content=\"image\/jpeg\" \/>\n<meta name=\"twitter:card\" content=\"summary_large_image\" \/>\n<meta name=\"twitter:label1\" content=\"Tiempo de lectura\" \/>\n\t<meta name=\"twitter:data1\" content=\"1 minuto\" \/>\n<script type=\"application\/ld+json\" class=\"yoast-schema-graph\">{\"@context\":\"https:\\\/\\\/schema.org\",\"@graph\":[{\"@type\":\"WebPage\",\"@id\":\"https:\\\/\\\/delorenzoglobal.com\\\/es\\\/producto\\\/sistema-hibrido-para-el-estudio-de-la-energia-solar-y-eolica\\\/\",\"url\":\"https:\\\/\\\/delorenzoglobal.com\\\/es\\\/producto\\\/sistema-hibrido-para-el-estudio-de-la-energia-solar-y-eolica\\\/\",\"name\":\"SISTEMA H\u00cdBRIDO PARA EL ESTUDIO DE LA ENERG\u00cdA SOLAR Y E\u00d3LICA - De Lorenzo Training &amp; Didactical Equipment\",\"isPartOf\":{\"@id\":\"https:\\\/\\\/delorenzoglobal.com\\\/es\\\/#website\"},\"primaryImageOfPage\":{\"@id\":\"https:\\\/\\\/delorenzoglobal.com\\\/es\\\/producto\\\/sistema-hibrido-para-el-estudio-de-la-energia-solar-y-eolica\\\/#primaryimage\"},\"image\":{\"@id\":\"https:\\\/\\\/delorenzoglobal.com\\\/es\\\/producto\\\/sistema-hibrido-para-el-estudio-de-la-energia-solar-y-eolica\\\/#primaryimage\"},\"thumbnailUrl\":\"https:\\\/\\\/delorenzoglobal.com\\\/wp-content\\\/uploads\\\/2024\\\/04\\\/DL-SUNWIND-24V3-xs.jpg\",\"datePublished\":\"2024-04-11T09:57:51+00:00\",\"dateModified\":\"2025-04-24T10:44:45+00:00\",\"breadcrumb\":{\"@id\":\"https:\\\/\\\/delorenzoglobal.com\\\/es\\\/producto\\\/sistema-hibrido-para-el-estudio-de-la-energia-solar-y-eolica\\\/#breadcrumb\"},\"inLanguage\":\"es\",\"potentialAction\":[{\"@type\":\"ReadAction\",\"target\":[\"https:\\\/\\\/delorenzoglobal.com\\\/es\\\/producto\\\/sistema-hibrido-para-el-estudio-de-la-energia-solar-y-eolica\\\/\"]}]},{\"@type\":\"ImageObject\",\"inLanguage\":\"es\",\"@id\":\"https:\\\/\\\/delorenzoglobal.com\\\/es\\\/producto\\\/sistema-hibrido-para-el-estudio-de-la-energia-solar-y-eolica\\\/#primaryimage\",\"url\":\"https:\\\/\\\/delorenzoglobal.com\\\/wp-content\\\/uploads\\\/2024\\\/04\\\/DL-SUNWIND-24V3-xs.jpg\",\"contentUrl\":\"https:\\\/\\\/delorenzoglobal.com\\\/wp-content\\\/uploads\\\/2024\\\/04\\\/DL-SUNWIND-24V3-xs.jpg\",\"width\":1235,\"height\":932},{\"@type\":\"BreadcrumbList\",\"@id\":\"https:\\\/\\\/delorenzoglobal.com\\\/es\\\/producto\\\/sistema-hibrido-para-el-estudio-de-la-energia-solar-y-eolica\\\/#breadcrumb\",\"itemListElement\":[{\"@type\":\"ListItem\",\"position\":1,\"name\":\"Home\",\"item\":\"https:\\\/\\\/delorenzoglobal.com\\\/es\\\/\"},{\"@type\":\"ListItem\",\"position\":2,\"name\":\"Tienda\",\"item\":\"https:\\\/\\\/delorenzoglobal.com\\\/es\\\/tienda\\\/\"},{\"@type\":\"ListItem\",\"position\":3,\"name\":\"SISTEMA H\u00cdBRIDO PARA EL ESTUDIO DE LA ENERG\u00cdA SOLAR Y E\u00d3LICA\"}]},{\"@type\":\"WebSite\",\"@id\":\"https:\\\/\\\/delorenzoglobal.com\\\/es\\\/#website\",\"url\":\"https:\\\/\\\/delorenzoglobal.com\\\/es\\\/\",\"name\":\"De Lorenzo Training &amp; Didactical Equipment\",\"description\":\"\",\"potentialAction\":[{\"@type\":\"SearchAction\",\"target\":{\"@type\":\"EntryPoint\",\"urlTemplate\":\"https:\\\/\\\/delorenzoglobal.com\\\/es\\\/?s={search_term_string}\"},\"query-input\":{\"@type\":\"PropertyValueSpecification\",\"valueRequired\":true,\"valueName\":\"search_term_string\"}}],\"inLanguage\":\"es\"}]}<\/script>\n<!-- \/ Yoast SEO plugin. -->","yoast_head_json":{"title":"SISTEMA H\u00cdBRIDO PARA EL ESTUDIO DE LA ENERG\u00cdA SOLAR Y E\u00d3LICA - De Lorenzo Training &amp; Didactical Equipment","robots":{"index":"index","follow":"follow","max-snippet":"max-snippet:-1","max-image-preview":"max-image-preview:large","max-video-preview":"max-video-preview:-1"},"canonical":"https:\/\/delorenzoglobal.com\/es\/producto\/sistema-hibrido-para-el-estudio-de-la-energia-solar-y-eolica\/","og_locale":"es_ES","og_type":"article","og_title":"SISTEMA H\u00cdBRIDO PARA EL ESTUDIO DE LA ENERG\u00cdA SOLAR Y E\u00d3LICA - De Lorenzo Training &amp; Didactical Equipment","og_description":"El objetivo principal de un sistema de energ\u00eda h\u00edbrido es combinar m\u00faltiples fuentes para entregar energ\u00eda el\u00e9ctrica no intermitente, tratando de aprovechar varias energ\u00edas renovables disponibles. Completo con cables, manual de experimentos y software de adquisici\u00f3n y procesamiento de datos.","og_url":"https:\/\/delorenzoglobal.com\/es\/producto\/sistema-hibrido-para-el-estudio-de-la-energia-solar-y-eolica\/","og_site_name":"De Lorenzo Training &amp; Didactical Equipment","article_modified_time":"2025-04-24T10:44:45+00:00","og_image":[{"width":1235,"height":932,"url":"https:\/\/delorenzoglobal.com\/wp-content\/uploads\/2024\/04\/DL-SUNWIND-24V3-xs.jpg","type":"image\/jpeg"}],"twitter_card":"summary_large_image","twitter_misc":{"Tiempo de lectura":"1 minuto"},"schema":{"@context":"https:\/\/schema.org","@graph":[{"@type":"WebPage","@id":"https:\/\/delorenzoglobal.com\/es\/producto\/sistema-hibrido-para-el-estudio-de-la-energia-solar-y-eolica\/","url":"https:\/\/delorenzoglobal.com\/es\/producto\/sistema-hibrido-para-el-estudio-de-la-energia-solar-y-eolica\/","name":"SISTEMA H\u00cdBRIDO PARA EL ESTUDIO DE LA ENERG\u00cdA SOLAR Y E\u00d3LICA - De Lorenzo Training &amp; Didactical Equipment","isPartOf":{"@id":"https:\/\/delorenzoglobal.com\/es\/#website"},"primaryImageOfPage":{"@id":"https:\/\/delorenzoglobal.com\/es\/producto\/sistema-hibrido-para-el-estudio-de-la-energia-solar-y-eolica\/#primaryimage"},"image":{"@id":"https:\/\/delorenzoglobal.com\/es\/producto\/sistema-hibrido-para-el-estudio-de-la-energia-solar-y-eolica\/#primaryimage"},"thumbnailUrl":"https:\/\/delorenzoglobal.com\/wp-content\/uploads\/2024\/04\/DL-SUNWIND-24V3-xs.jpg","datePublished":"2024-04-11T09:57:51+00:00","dateModified":"2025-04-24T10:44:45+00:00","breadcrumb":{"@id":"https:\/\/delorenzoglobal.com\/es\/producto\/sistema-hibrido-para-el-estudio-de-la-energia-solar-y-eolica\/#breadcrumb"},"inLanguage":"es","potentialAction":[{"@type":"ReadAction","target":["https:\/\/delorenzoglobal.com\/es\/producto\/sistema-hibrido-para-el-estudio-de-la-energia-solar-y-eolica\/"]}]},{"@type":"ImageObject","inLanguage":"es","@id":"https:\/\/delorenzoglobal.com\/es\/producto\/sistema-hibrido-para-el-estudio-de-la-energia-solar-y-eolica\/#primaryimage","url":"https:\/\/delorenzoglobal.com\/wp-content\/uploads\/2024\/04\/DL-SUNWIND-24V3-xs.jpg","contentUrl":"https:\/\/delorenzoglobal.com\/wp-content\/uploads\/2024\/04\/DL-SUNWIND-24V3-xs.jpg","width":1235,"height":932},{"@type":"BreadcrumbList","@id":"https:\/\/delorenzoglobal.com\/es\/producto\/sistema-hibrido-para-el-estudio-de-la-energia-solar-y-eolica\/#breadcrumb","itemListElement":[{"@type":"ListItem","position":1,"name":"Home","item":"https:\/\/delorenzoglobal.com\/es\/"},{"@type":"ListItem","position":2,"name":"Tienda","item":"https:\/\/delorenzoglobal.com\/es\/tienda\/"},{"@type":"ListItem","position":3,"name":"SISTEMA H\u00cdBRIDO PARA EL ESTUDIO DE LA ENERG\u00cdA SOLAR Y E\u00d3LICA"}]},{"@type":"WebSite","@id":"https:\/\/delorenzoglobal.com\/es\/#website","url":"https:\/\/delorenzoglobal.com\/es\/","name":"De Lorenzo Training &amp; Didactical Equipment","description":"","potentialAction":[{"@type":"SearchAction","target":{"@type":"EntryPoint","urlTemplate":"https:\/\/delorenzoglobal.com\/es\/?s={search_term_string}"},"query-input":{"@type":"PropertyValueSpecification","valueRequired":true,"valueName":"search_term_string"}}],"inLanguage":"es"}]}},"_links":{"self":[{"href":"https:\/\/delorenzoglobal.com\/es\/wp-json\/wp\/v2\/product\/4250","targetHints":{"allow":["GET"]}}],"collection":[{"href":"https:\/\/delorenzoglobal.com\/es\/wp-json\/wp\/v2\/product"}],"about":[{"href":"https:\/\/delorenzoglobal.com\/es\/wp-json\/wp\/v2\/types\/product"}],"wp:featuredmedia":[{"embeddable":true,"href":"https:\/\/delorenzoglobal.com\/es\/wp-json\/wp\/v2\/media\/19454"}],"wp:attachment":[{"href":"https:\/\/delorenzoglobal.com\/es\/wp-json\/wp\/v2\/media?parent=4250"}],"wp:term":[{"taxonomy":"product_brand","embeddable":true,"href":"https:\/\/delorenzoglobal.com\/es\/wp-json\/wp\/v2\/product_brand?post=4250"},{"taxonomy":"product_cat","embeddable":true,"href":"https:\/\/delorenzoglobal.com\/es\/wp-json\/wp\/v2\/product_cat?post=4250"},{"taxonomy":"product_tag","embeddable":true,"href":"https:\/\/delorenzoglobal.com\/es\/wp-json\/wp\/v2\/product_tag?post=4250"}],"curies":[{"name":"wp","href":"https:\/\/api.w.org\/{rel}","templated":true}]}}