{"id":421,"date":"2024-03-27T12:04:24","date_gmt":"2024-03-27T11:04:24","guid":{"rendered":"https:\/\/delorenzoglobal.com\/?post_type=product&#038;p=421"},"modified":"2025-01-14T10:08:11","modified_gmt":"2025-01-14T09:08:11","slug":"sistemas-de-equipamiento-para-el-estudio-de-la-industria-4-0","status":"publish","type":"product","link":"https:\/\/delorenzoglobal.com\/es\/producto\/sistemas-de-equipamiento-para-el-estudio-de-la-industria-4-0\/","title":{"rendered":"SISTEMAS DE EQUIPAMIENTO PARA EL ESTUDIO DE LA INDUSTRIA 4.0"},"content":{"rendered":"<p>La soluci\u00f3n De Lorenzo crea un entorno colaborativo para estudiar los conceptos relacionados con la industria 4.0, integrando subsistemas que se encuentran normalmente en una planta de producci\u00f3n.<\/p>\n<p>El entrenador est\u00e1 compuesto de un conjunto de tarjetas electr\u00f3nicas y simulador para estudiar distintos subsistemas que pueden encontrarse en una l\u00ednea de producci\u00f3n real. Utilizando un micro-controlador de c\u00f3digo abierto Arduino conectado a un software de supervisi\u00f3n SCADA para la adquisici\u00f3n de datos y control del sistema, los estudiantes podr\u00e1n realizar pr\u00e1cticas cubriendo temas desde la introducci\u00f3n a la automatizaci\u00f3n y la rob\u00f3tica, los protocolos de comunicaci\u00f3n (IOT), los sensores y los actuadores hasta un estudio completo de un proceso de producci\u00f3n.<\/p>\n","protected":false},"excerpt":{"rendered":"<p>La soluci\u00f3n De Lorenzo crea un entorno colaborativo para estudiar los conceptos relacionados con la industria 4.0, integrando subsistemas que se encuentran normalmente en una planta de producci\u00f3n. El entrenador est\u00e1 compuesto de un conjunto de tarjetas electr\u00f3nicas y simulador para estudiar distintos subsistemas que pueden encontrarse en una l\u00ednea de producci\u00f3n real. Utilizando un [&hellip;]<\/p>\n","protected":false},"featured_media":404,"template":"","meta":{"_acf_changed":false},"product_brand":[],"product_cat":[149],"product_tag":[],"class_list":{"0":"post-421","1":"product","2":"type-product","3":"status-publish","4":"has-post-thumbnail","6":"product_cat-fabrica-inteligente","8":"first","9":"instock","10":"shipping-taxable","11":"product-type-simple"},"acf":[],"yoast_head":"<!-- This site is optimized with the Yoast SEO plugin v27.4 - https:\/\/yoast.com\/product\/yoast-seo-wordpress\/ -->\n<title>SISTEMAS DE EQUIPAMIENTO PARA EL ESTUDIO DE LA INDUSTRIA 4.0 - De Lorenzo Training &amp; Didactical Equipment<\/title>\n<meta name=\"robots\" content=\"index, follow, max-snippet:-1, max-image-preview:large, max-video-preview:-1\" \/>\n<link rel=\"canonical\" href=\"https:\/\/delorenzoglobal.com\/es\/producto\/sistemas-de-equipamiento-para-el-estudio-de-la-industria-4-0\/\" \/>\n<meta property=\"og:locale\" content=\"es_ES\" \/>\n<meta property=\"og:type\" content=\"article\" \/>\n<meta property=\"og:title\" content=\"SISTEMAS DE EQUIPAMIENTO PARA EL ESTUDIO DE LA INDUSTRIA 4.0 - De Lorenzo Training &amp; Didactical Equipment\" \/>\n<meta property=\"og:description\" content=\"La soluci\u00f3n De Lorenzo crea un entorno colaborativo para estudiar los conceptos relacionados con la industria 4.0, integrando subsistemas que se encuentran normalmente en una planta de producci\u00f3n. El entrenador est\u00e1 compuesto de un conjunto de tarjetas electr\u00f3nicas y simulador para estudiar distintos subsistemas que pueden encontrarse en una l\u00ednea de producci\u00f3n real. Utilizando un [&hellip;]\" \/>\n<meta property=\"og:url\" content=\"https:\/\/delorenzoglobal.com\/es\/producto\/sistemas-de-equipamiento-para-el-estudio-de-la-industria-4-0\/\" \/>\n<meta property=\"og:site_name\" content=\"De Lorenzo Training &amp; Didactical Equipment\" \/>\n<meta property=\"article:modified_time\" content=\"2025-01-14T09:08:11+00:00\" \/>\n<meta property=\"og:image\" content=\"https:\/\/delorenzoglobal.com\/wp-content\/uploads\/2024\/03\/DL-I4.0-FACTORY-scaled.jpg\" \/>\n\t<meta property=\"og:image:width\" content=\"2560\" \/>\n\t<meta property=\"og:image:height\" content=\"1709\" \/>\n\t<meta property=\"og:image:type\" content=\"image\/jpeg\" \/>\n<meta name=\"twitter:card\" content=\"summary_large_image\" \/>\n<meta name=\"twitter:label1\" content=\"Tiempo de lectura\" \/>\n\t<meta name=\"twitter:data1\" content=\"1 minuto\" \/>\n<script type=\"application\/ld+json\" class=\"yoast-schema-graph\">{\"@context\":\"https:\\\/\\\/schema.org\",\"@graph\":[{\"@type\":\"WebPage\",\"@id\":\"https:\\\/\\\/delorenzoglobal.com\\\/es\\\/producto\\\/sistemas-de-equipamiento-para-el-estudio-de-la-industria-4-0\\\/\",\"url\":\"https:\\\/\\\/delorenzoglobal.com\\\/es\\\/producto\\\/sistemas-de-equipamiento-para-el-estudio-de-la-industria-4-0\\\/\",\"name\":\"SISTEMAS DE EQUIPAMIENTO PARA EL ESTUDIO DE LA INDUSTRIA 4.0 - De Lorenzo Training &amp; Didactical Equipment\",\"isPartOf\":{\"@id\":\"https:\\\/\\\/delorenzoglobal.com\\\/es\\\/#website\"},\"primaryImageOfPage\":{\"@id\":\"https:\\\/\\\/delorenzoglobal.com\\\/es\\\/producto\\\/sistemas-de-equipamiento-para-el-estudio-de-la-industria-4-0\\\/#primaryimage\"},\"image\":{\"@id\":\"https:\\\/\\\/delorenzoglobal.com\\\/es\\\/producto\\\/sistemas-de-equipamiento-para-el-estudio-de-la-industria-4-0\\\/#primaryimage\"},\"thumbnailUrl\":\"https:\\\/\\\/delorenzoglobal.com\\\/wp-content\\\/uploads\\\/2024\\\/03\\\/DL-I4.0-FACTORY-scaled.jpg\",\"datePublished\":\"2024-03-27T11:04:24+00:00\",\"dateModified\":\"2025-01-14T09:08:11+00:00\",\"breadcrumb\":{\"@id\":\"https:\\\/\\\/delorenzoglobal.com\\\/es\\\/producto\\\/sistemas-de-equipamiento-para-el-estudio-de-la-industria-4-0\\\/#breadcrumb\"},\"inLanguage\":\"es\",\"potentialAction\":[{\"@type\":\"ReadAction\",\"target\":[\"https:\\\/\\\/delorenzoglobal.com\\\/es\\\/producto\\\/sistemas-de-equipamiento-para-el-estudio-de-la-industria-4-0\\\/\"]}]},{\"@type\":\"ImageObject\",\"inLanguage\":\"es\",\"@id\":\"https:\\\/\\\/delorenzoglobal.com\\\/es\\\/producto\\\/sistemas-de-equipamiento-para-el-estudio-de-la-industria-4-0\\\/#primaryimage\",\"url\":\"https:\\\/\\\/delorenzoglobal.com\\\/wp-content\\\/uploads\\\/2024\\\/03\\\/DL-I4.0-FACTORY-scaled.jpg\",\"contentUrl\":\"https:\\\/\\\/delorenzoglobal.com\\\/wp-content\\\/uploads\\\/2024\\\/03\\\/DL-I4.0-FACTORY-scaled.jpg\",\"width\":2560,\"height\":1709},{\"@type\":\"BreadcrumbList\",\"@id\":\"https:\\\/\\\/delorenzoglobal.com\\\/es\\\/producto\\\/sistemas-de-equipamiento-para-el-estudio-de-la-industria-4-0\\\/#breadcrumb\",\"itemListElement\":[{\"@type\":\"ListItem\",\"position\":1,\"name\":\"Home\",\"item\":\"https:\\\/\\\/delorenzoglobal.com\\\/es\\\/\"},{\"@type\":\"ListItem\",\"position\":2,\"name\":\"Tienda\",\"item\":\"https:\\\/\\\/delorenzoglobal.com\\\/es\\\/tienda\\\/\"},{\"@type\":\"ListItem\",\"position\":3,\"name\":\"SISTEMAS DE EQUIPAMIENTO PARA EL ESTUDIO DE LA INDUSTRIA 4.0\"}]},{\"@type\":\"WebSite\",\"@id\":\"https:\\\/\\\/delorenzoglobal.com\\\/es\\\/#website\",\"url\":\"https:\\\/\\\/delorenzoglobal.com\\\/es\\\/\",\"name\":\"De Lorenzo Training &amp; Didactical Equipment\",\"description\":\"\",\"potentialAction\":[{\"@type\":\"SearchAction\",\"target\":{\"@type\":\"EntryPoint\",\"urlTemplate\":\"https:\\\/\\\/delorenzoglobal.com\\\/es\\\/?s={search_term_string}\"},\"query-input\":{\"@type\":\"PropertyValueSpecification\",\"valueRequired\":true,\"valueName\":\"search_term_string\"}}],\"inLanguage\":\"es\"}]}<\/script>\n<!-- \/ Yoast SEO plugin. -->","yoast_head_json":{"title":"SISTEMAS DE EQUIPAMIENTO PARA EL ESTUDIO DE LA INDUSTRIA 4.0 - De Lorenzo Training &amp; Didactical Equipment","robots":{"index":"index","follow":"follow","max-snippet":"max-snippet:-1","max-image-preview":"max-image-preview:large","max-video-preview":"max-video-preview:-1"},"canonical":"https:\/\/delorenzoglobal.com\/es\/producto\/sistemas-de-equipamiento-para-el-estudio-de-la-industria-4-0\/","og_locale":"es_ES","og_type":"article","og_title":"SISTEMAS DE EQUIPAMIENTO PARA EL ESTUDIO DE LA INDUSTRIA 4.0 - De Lorenzo Training &amp; Didactical Equipment","og_description":"La soluci\u00f3n De Lorenzo crea un entorno colaborativo para estudiar los conceptos relacionados con la industria 4.0, integrando subsistemas que se encuentran normalmente en una planta de producci\u00f3n. El entrenador est\u00e1 compuesto de un conjunto de tarjetas electr\u00f3nicas y simulador para estudiar distintos subsistemas que pueden encontrarse en una l\u00ednea de producci\u00f3n real. Utilizando un [&hellip;]","og_url":"https:\/\/delorenzoglobal.com\/es\/producto\/sistemas-de-equipamiento-para-el-estudio-de-la-industria-4-0\/","og_site_name":"De Lorenzo Training &amp; Didactical Equipment","article_modified_time":"2025-01-14T09:08:11+00:00","og_image":[{"width":2560,"height":1709,"url":"https:\/\/delorenzoglobal.com\/wp-content\/uploads\/2024\/03\/DL-I4.0-FACTORY-scaled.jpg","type":"image\/jpeg"}],"twitter_card":"summary_large_image","twitter_misc":{"Tiempo de lectura":"1 minuto"},"schema":{"@context":"https:\/\/schema.org","@graph":[{"@type":"WebPage","@id":"https:\/\/delorenzoglobal.com\/es\/producto\/sistemas-de-equipamiento-para-el-estudio-de-la-industria-4-0\/","url":"https:\/\/delorenzoglobal.com\/es\/producto\/sistemas-de-equipamiento-para-el-estudio-de-la-industria-4-0\/","name":"SISTEMAS DE EQUIPAMIENTO PARA EL ESTUDIO DE LA INDUSTRIA 4.0 - De Lorenzo Training &amp; Didactical Equipment","isPartOf":{"@id":"https:\/\/delorenzoglobal.com\/es\/#website"},"primaryImageOfPage":{"@id":"https:\/\/delorenzoglobal.com\/es\/producto\/sistemas-de-equipamiento-para-el-estudio-de-la-industria-4-0\/#primaryimage"},"image":{"@id":"https:\/\/delorenzoglobal.com\/es\/producto\/sistemas-de-equipamiento-para-el-estudio-de-la-industria-4-0\/#primaryimage"},"thumbnailUrl":"https:\/\/delorenzoglobal.com\/wp-content\/uploads\/2024\/03\/DL-I4.0-FACTORY-scaled.jpg","datePublished":"2024-03-27T11:04:24+00:00","dateModified":"2025-01-14T09:08:11+00:00","breadcrumb":{"@id":"https:\/\/delorenzoglobal.com\/es\/producto\/sistemas-de-equipamiento-para-el-estudio-de-la-industria-4-0\/#breadcrumb"},"inLanguage":"es","potentialAction":[{"@type":"ReadAction","target":["https:\/\/delorenzoglobal.com\/es\/producto\/sistemas-de-equipamiento-para-el-estudio-de-la-industria-4-0\/"]}]},{"@type":"ImageObject","inLanguage":"es","@id":"https:\/\/delorenzoglobal.com\/es\/producto\/sistemas-de-equipamiento-para-el-estudio-de-la-industria-4-0\/#primaryimage","url":"https:\/\/delorenzoglobal.com\/wp-content\/uploads\/2024\/03\/DL-I4.0-FACTORY-scaled.jpg","contentUrl":"https:\/\/delorenzoglobal.com\/wp-content\/uploads\/2024\/03\/DL-I4.0-FACTORY-scaled.jpg","width":2560,"height":1709},{"@type":"BreadcrumbList","@id":"https:\/\/delorenzoglobal.com\/es\/producto\/sistemas-de-equipamiento-para-el-estudio-de-la-industria-4-0\/#breadcrumb","itemListElement":[{"@type":"ListItem","position":1,"name":"Home","item":"https:\/\/delorenzoglobal.com\/es\/"},{"@type":"ListItem","position":2,"name":"Tienda","item":"https:\/\/delorenzoglobal.com\/es\/tienda\/"},{"@type":"ListItem","position":3,"name":"SISTEMAS DE EQUIPAMIENTO PARA EL ESTUDIO DE LA INDUSTRIA 4.0"}]},{"@type":"WebSite","@id":"https:\/\/delorenzoglobal.com\/es\/#website","url":"https:\/\/delorenzoglobal.com\/es\/","name":"De Lorenzo Training &amp; Didactical Equipment","description":"","potentialAction":[{"@type":"SearchAction","target":{"@type":"EntryPoint","urlTemplate":"https:\/\/delorenzoglobal.com\/es\/?s={search_term_string}"},"query-input":{"@type":"PropertyValueSpecification","valueRequired":true,"valueName":"search_term_string"}}],"inLanguage":"es"}]}},"_links":{"self":[{"href":"https:\/\/delorenzoglobal.com\/es\/wp-json\/wp\/v2\/product\/421","targetHints":{"allow":["GET"]}}],"collection":[{"href":"https:\/\/delorenzoglobal.com\/es\/wp-json\/wp\/v2\/product"}],"about":[{"href":"https:\/\/delorenzoglobal.com\/es\/wp-json\/wp\/v2\/types\/product"}],"wp:featuredmedia":[{"embeddable":true,"href":"https:\/\/delorenzoglobal.com\/es\/wp-json\/wp\/v2\/media\/404"}],"wp:attachment":[{"href":"https:\/\/delorenzoglobal.com\/es\/wp-json\/wp\/v2\/media?parent=421"}],"wp:term":[{"taxonomy":"product_brand","embeddable":true,"href":"https:\/\/delorenzoglobal.com\/es\/wp-json\/wp\/v2\/product_brand?post=421"},{"taxonomy":"product_cat","embeddable":true,"href":"https:\/\/delorenzoglobal.com\/es\/wp-json\/wp\/v2\/product_cat?post=421"},{"taxonomy":"product_tag","embeddable":true,"href":"https:\/\/delorenzoglobal.com\/es\/wp-json\/wp\/v2\/product_tag?post=421"}],"curies":[{"name":"wp","href":"https:\/\/api.w.org\/{rel}","templated":true}]}}