{"id":3896,"date":"2024-04-11T10:22:34","date_gmt":"2024-04-11T08:22:34","guid":{"rendered":"https:\/\/delorenzoglobal.com\/?post_type=product&#038;p=3896"},"modified":"2025-01-23T10:48:43","modified_gmt":"2025-01-23T09:48:43","slug":"entrenador-de-energia-eolica-con-conexion-a-la-red","status":"publish","type":"product","link":"https:\/\/delorenzoglobal.com\/es\/producto\/entrenador-de-energia-eolica-con-conexion-a-la-red\/","title":{"rendered":"ENTRENADOR DE ENERG\u00cdA E\u00d3LICA CON CONEXI\u00d3N A LA RED"},"content":{"rendered":"<p>m o fSistema did\u00e1ctico para estudiar la generaci\u00f3n de energ\u00eda el\u00e9ctrica a partir de un aerogenerador y su conexi\u00f3n con la red de distribuci\u00f3n el\u00e9ctrica.<\/p>\n<p>El dispositivo incluye un kit de motor para accionar el aerogenerador en ausencia de viento.<\/p>\n<p>Complete con cables de conexi\u00f3n, manual de experimentos y software para la adquisici\u00f3n y procesamiento de datos.<\/p>\n","protected":false},"excerpt":{"rendered":"<p>m o fSistema did\u00e1ctico para estudiar la generaci\u00f3n de energ\u00eda el\u00e9ctrica a partir de un aerogenerador y su conexi\u00f3n con la red de distribuci\u00f3n el\u00e9ctrica. El dispositivo incluye un kit de motor para accionar el aerogenerador en ausencia de viento. Complete con cables de conexi\u00f3n, manual de experimentos y software para la adquisici\u00f3n y procesamiento [&hellip;]<\/p>\n","protected":false},"featured_media":19429,"template":"","meta":{"_acf_changed":false},"product_brand":[],"product_cat":[251],"product_tag":[],"class_list":{"0":"post-3896","1":"product","2":"type-product","3":"status-publish","4":"has-post-thumbnail","6":"product_cat-energia-eolica","8":"first","9":"instock","10":"shipping-taxable","11":"product-type-simple"},"acf":[],"yoast_head":"<!-- This site is optimized with the Yoast SEO plugin v27.4 - https:\/\/yoast.com\/product\/yoast-seo-wordpress\/ -->\n<title>ENTRENADOR DE ENERG\u00cdA E\u00d3LICA CON CONEXI\u00d3N A LA RED - De Lorenzo Training &amp; Didactical Equipment<\/title>\n<meta name=\"robots\" content=\"index, follow, max-snippet:-1, max-image-preview:large, max-video-preview:-1\" \/>\n<link rel=\"canonical\" href=\"https:\/\/delorenzoglobal.com\/es\/producto\/entrenador-de-energia-eolica-con-conexion-a-la-red\/\" \/>\n<meta property=\"og:locale\" content=\"es_ES\" \/>\n<meta property=\"og:type\" content=\"article\" \/>\n<meta property=\"og:title\" content=\"ENTRENADOR DE ENERG\u00cdA E\u00d3LICA CON CONEXI\u00d3N A LA RED - De Lorenzo Training &amp; Didactical Equipment\" \/>\n<meta property=\"og:description\" content=\"m o fSistema did\u00e1ctico para estudiar la generaci\u00f3n de energ\u00eda el\u00e9ctrica a partir de un aerogenerador y su conexi\u00f3n con la red de distribuci\u00f3n el\u00e9ctrica. El dispositivo incluye un kit de motor para accionar el aerogenerador en ausencia de viento. Complete con cables de conexi\u00f3n, manual de experimentos y software para la adquisici\u00f3n y procesamiento [&hellip;]\" \/>\n<meta property=\"og:url\" content=\"https:\/\/delorenzoglobal.com\/es\/producto\/entrenador-de-energia-eolica-con-conexion-a-la-red\/\" \/>\n<meta property=\"og:site_name\" content=\"De Lorenzo Training &amp; Didactical Equipment\" \/>\n<meta property=\"article:modified_time\" content=\"2025-01-23T09:48:43+00:00\" \/>\n<meta property=\"og:image\" content=\"https:\/\/delorenzoglobal.com\/wp-content\/uploads\/2024\/04\/DL-WIND-GT-xs.jpg\" \/>\n\t<meta property=\"og:image:width\" content=\"1024\" \/>\n\t<meta property=\"og:image:height\" content=\"616\" \/>\n\t<meta property=\"og:image:type\" content=\"image\/jpeg\" \/>\n<meta name=\"twitter:card\" content=\"summary_large_image\" \/>\n<meta name=\"twitter:label1\" content=\"Tiempo de lectura\" \/>\n\t<meta name=\"twitter:data1\" content=\"1 minuto\" \/>\n<script type=\"application\/ld+json\" class=\"yoast-schema-graph\">{\"@context\":\"https:\\\/\\\/schema.org\",\"@graph\":[{\"@type\":\"WebPage\",\"@id\":\"https:\\\/\\\/delorenzoglobal.com\\\/es\\\/producto\\\/entrenador-de-energia-eolica-con-conexion-a-la-red\\\/\",\"url\":\"https:\\\/\\\/delorenzoglobal.com\\\/es\\\/producto\\\/entrenador-de-energia-eolica-con-conexion-a-la-red\\\/\",\"name\":\"ENTRENADOR DE ENERG\u00cdA E\u00d3LICA CON CONEXI\u00d3N A LA RED - De Lorenzo Training &amp; Didactical Equipment\",\"isPartOf\":{\"@id\":\"https:\\\/\\\/delorenzoglobal.com\\\/es\\\/#website\"},\"primaryImageOfPage\":{\"@id\":\"https:\\\/\\\/delorenzoglobal.com\\\/es\\\/producto\\\/entrenador-de-energia-eolica-con-conexion-a-la-red\\\/#primaryimage\"},\"image\":{\"@id\":\"https:\\\/\\\/delorenzoglobal.com\\\/es\\\/producto\\\/entrenador-de-energia-eolica-con-conexion-a-la-red\\\/#primaryimage\"},\"thumbnailUrl\":\"https:\\\/\\\/delorenzoglobal.com\\\/wp-content\\\/uploads\\\/2024\\\/04\\\/DL-WIND-GT-xs.jpg\",\"datePublished\":\"2024-04-11T08:22:34+00:00\",\"dateModified\":\"2025-01-23T09:48:43+00:00\",\"breadcrumb\":{\"@id\":\"https:\\\/\\\/delorenzoglobal.com\\\/es\\\/producto\\\/entrenador-de-energia-eolica-con-conexion-a-la-red\\\/#breadcrumb\"},\"inLanguage\":\"es\",\"potentialAction\":[{\"@type\":\"ReadAction\",\"target\":[\"https:\\\/\\\/delorenzoglobal.com\\\/es\\\/producto\\\/entrenador-de-energia-eolica-con-conexion-a-la-red\\\/\"]}]},{\"@type\":\"ImageObject\",\"inLanguage\":\"es\",\"@id\":\"https:\\\/\\\/delorenzoglobal.com\\\/es\\\/producto\\\/entrenador-de-energia-eolica-con-conexion-a-la-red\\\/#primaryimage\",\"url\":\"https:\\\/\\\/delorenzoglobal.com\\\/wp-content\\\/uploads\\\/2024\\\/04\\\/DL-WIND-GT-xs.jpg\",\"contentUrl\":\"https:\\\/\\\/delorenzoglobal.com\\\/wp-content\\\/uploads\\\/2024\\\/04\\\/DL-WIND-GT-xs.jpg\",\"width\":1024,\"height\":616},{\"@type\":\"BreadcrumbList\",\"@id\":\"https:\\\/\\\/delorenzoglobal.com\\\/es\\\/producto\\\/entrenador-de-energia-eolica-con-conexion-a-la-red\\\/#breadcrumb\",\"itemListElement\":[{\"@type\":\"ListItem\",\"position\":1,\"name\":\"Home\",\"item\":\"https:\\\/\\\/delorenzoglobal.com\\\/es\\\/\"},{\"@type\":\"ListItem\",\"position\":2,\"name\":\"Tienda\",\"item\":\"https:\\\/\\\/delorenzoglobal.com\\\/es\\\/tienda\\\/\"},{\"@type\":\"ListItem\",\"position\":3,\"name\":\"ENTRENADOR DE ENERG\u00cdA E\u00d3LICA CON CONEXI\u00d3N A LA RED\"}]},{\"@type\":\"WebSite\",\"@id\":\"https:\\\/\\\/delorenzoglobal.com\\\/es\\\/#website\",\"url\":\"https:\\\/\\\/delorenzoglobal.com\\\/es\\\/\",\"name\":\"De Lorenzo Training &amp; Didactical Equipment\",\"description\":\"\",\"potentialAction\":[{\"@type\":\"SearchAction\",\"target\":{\"@type\":\"EntryPoint\",\"urlTemplate\":\"https:\\\/\\\/delorenzoglobal.com\\\/es\\\/?s={search_term_string}\"},\"query-input\":{\"@type\":\"PropertyValueSpecification\",\"valueRequired\":true,\"valueName\":\"search_term_string\"}}],\"inLanguage\":\"es\"}]}<\/script>\n<!-- \/ Yoast SEO plugin. -->","yoast_head_json":{"title":"ENTRENADOR DE ENERG\u00cdA E\u00d3LICA CON CONEXI\u00d3N A LA RED - De Lorenzo Training &amp; Didactical Equipment","robots":{"index":"index","follow":"follow","max-snippet":"max-snippet:-1","max-image-preview":"max-image-preview:large","max-video-preview":"max-video-preview:-1"},"canonical":"https:\/\/delorenzoglobal.com\/es\/producto\/entrenador-de-energia-eolica-con-conexion-a-la-red\/","og_locale":"es_ES","og_type":"article","og_title":"ENTRENADOR DE ENERG\u00cdA E\u00d3LICA CON CONEXI\u00d3N A LA RED - De Lorenzo Training &amp; Didactical Equipment","og_description":"m o fSistema did\u00e1ctico para estudiar la generaci\u00f3n de energ\u00eda el\u00e9ctrica a partir de un aerogenerador y su conexi\u00f3n con la red de distribuci\u00f3n el\u00e9ctrica. El dispositivo incluye un kit de motor para accionar el aerogenerador en ausencia de viento. Complete con cables de conexi\u00f3n, manual de experimentos y software para la adquisici\u00f3n y procesamiento [&hellip;]","og_url":"https:\/\/delorenzoglobal.com\/es\/producto\/entrenador-de-energia-eolica-con-conexion-a-la-red\/","og_site_name":"De Lorenzo Training &amp; Didactical Equipment","article_modified_time":"2025-01-23T09:48:43+00:00","og_image":[{"width":1024,"height":616,"url":"https:\/\/delorenzoglobal.com\/wp-content\/uploads\/2024\/04\/DL-WIND-GT-xs.jpg","type":"image\/jpeg"}],"twitter_card":"summary_large_image","twitter_misc":{"Tiempo de lectura":"1 minuto"},"schema":{"@context":"https:\/\/schema.org","@graph":[{"@type":"WebPage","@id":"https:\/\/delorenzoglobal.com\/es\/producto\/entrenador-de-energia-eolica-con-conexion-a-la-red\/","url":"https:\/\/delorenzoglobal.com\/es\/producto\/entrenador-de-energia-eolica-con-conexion-a-la-red\/","name":"ENTRENADOR DE ENERG\u00cdA E\u00d3LICA CON CONEXI\u00d3N A LA RED - De Lorenzo Training &amp; Didactical Equipment","isPartOf":{"@id":"https:\/\/delorenzoglobal.com\/es\/#website"},"primaryImageOfPage":{"@id":"https:\/\/delorenzoglobal.com\/es\/producto\/entrenador-de-energia-eolica-con-conexion-a-la-red\/#primaryimage"},"image":{"@id":"https:\/\/delorenzoglobal.com\/es\/producto\/entrenador-de-energia-eolica-con-conexion-a-la-red\/#primaryimage"},"thumbnailUrl":"https:\/\/delorenzoglobal.com\/wp-content\/uploads\/2024\/04\/DL-WIND-GT-xs.jpg","datePublished":"2024-04-11T08:22:34+00:00","dateModified":"2025-01-23T09:48:43+00:00","breadcrumb":{"@id":"https:\/\/delorenzoglobal.com\/es\/producto\/entrenador-de-energia-eolica-con-conexion-a-la-red\/#breadcrumb"},"inLanguage":"es","potentialAction":[{"@type":"ReadAction","target":["https:\/\/delorenzoglobal.com\/es\/producto\/entrenador-de-energia-eolica-con-conexion-a-la-red\/"]}]},{"@type":"ImageObject","inLanguage":"es","@id":"https:\/\/delorenzoglobal.com\/es\/producto\/entrenador-de-energia-eolica-con-conexion-a-la-red\/#primaryimage","url":"https:\/\/delorenzoglobal.com\/wp-content\/uploads\/2024\/04\/DL-WIND-GT-xs.jpg","contentUrl":"https:\/\/delorenzoglobal.com\/wp-content\/uploads\/2024\/04\/DL-WIND-GT-xs.jpg","width":1024,"height":616},{"@type":"BreadcrumbList","@id":"https:\/\/delorenzoglobal.com\/es\/producto\/entrenador-de-energia-eolica-con-conexion-a-la-red\/#breadcrumb","itemListElement":[{"@type":"ListItem","position":1,"name":"Home","item":"https:\/\/delorenzoglobal.com\/es\/"},{"@type":"ListItem","position":2,"name":"Tienda","item":"https:\/\/delorenzoglobal.com\/es\/tienda\/"},{"@type":"ListItem","position":3,"name":"ENTRENADOR DE ENERG\u00cdA E\u00d3LICA CON CONEXI\u00d3N A LA RED"}]},{"@type":"WebSite","@id":"https:\/\/delorenzoglobal.com\/es\/#website","url":"https:\/\/delorenzoglobal.com\/es\/","name":"De Lorenzo Training &amp; Didactical Equipment","description":"","potentialAction":[{"@type":"SearchAction","target":{"@type":"EntryPoint","urlTemplate":"https:\/\/delorenzoglobal.com\/es\/?s={search_term_string}"},"query-input":{"@type":"PropertyValueSpecification","valueRequired":true,"valueName":"search_term_string"}}],"inLanguage":"es"}]}},"_links":{"self":[{"href":"https:\/\/delorenzoglobal.com\/es\/wp-json\/wp\/v2\/product\/3896","targetHints":{"allow":["GET"]}}],"collection":[{"href":"https:\/\/delorenzoglobal.com\/es\/wp-json\/wp\/v2\/product"}],"about":[{"href":"https:\/\/delorenzoglobal.com\/es\/wp-json\/wp\/v2\/types\/product"}],"wp:featuredmedia":[{"embeddable":true,"href":"https:\/\/delorenzoglobal.com\/es\/wp-json\/wp\/v2\/media\/19429"}],"wp:attachment":[{"href":"https:\/\/delorenzoglobal.com\/es\/wp-json\/wp\/v2\/media?parent=3896"}],"wp:term":[{"taxonomy":"product_brand","embeddable":true,"href":"https:\/\/delorenzoglobal.com\/es\/wp-json\/wp\/v2\/product_brand?post=3896"},{"taxonomy":"product_cat","embeddable":true,"href":"https:\/\/delorenzoglobal.com\/es\/wp-json\/wp\/v2\/product_cat?post=3896"},{"taxonomy":"product_tag","embeddable":true,"href":"https:\/\/delorenzoglobal.com\/es\/wp-json\/wp\/v2\/product_tag?post=3896"}],"curies":[{"name":"wp","href":"https:\/\/api.w.org\/{rel}","templated":true}]}}