{"id":37261,"date":"2025-02-04T16:15:18","date_gmt":"2025-02-04T15:15:18","guid":{"rendered":"https:\/\/delorenzoglobal.com\/?post_type=product&#038;p=37261"},"modified":"2025-03-24T15:10:50","modified_gmt":"2025-03-24T14:10:50","slug":"sistema-de-vehiculo-electrico","status":"publish","type":"product","link":"https:\/\/delorenzoglobal.com\/es\/producto\/sistema-de-vehiculo-electrico\/","title":{"rendered":"SISTEMA DE VEH\u00cdCULO EL\u00c9CTRICO"},"content":{"rendered":"<p>El Simulador <strong>DL \u200b\u200bAM23<\/strong> permite el estudio te\u00f3rico y pr\u00e1ctico de los principales sistemas y componentes presentes en los Veh\u00edculos El\u00e9ctricos (EV).<\/p>\n<p>Consta de un panel que muestra el esquema completo de todos los componentes, con interruptores, pulsadores, conmutadores y potenci\u00f3metros para reproducir las diferentes situaciones de funcionamiento que puedan plantear los alumnos seg\u00fan el material did\u00e1ctico. Tambi\u00e9n dispone de displays, barras de leds, leds, terminales de medida para mostrar el estado de funcionamiento del sistema y detectar las magnitudes el\u00e9ctricas disponibles.<\/p>\n","protected":false},"excerpt":{"rendered":"<p>El Simulador DL \u200b\u200bAM23 permite el estudio te\u00f3rico y pr\u00e1ctico de los principales sistemas y componentes presentes en los Veh\u00edculos El\u00e9ctricos (EV). Consta de un panel que muestra el esquema completo de todos los componentes, con interruptores, pulsadores, conmutadores y potenci\u00f3metros para reproducir las diferentes situaciones de funcionamiento que puedan plantear los alumnos seg\u00fan el [&hellip;]<\/p>\n","protected":false},"featured_media":54011,"template":"","meta":{"_acf_changed":false},"product_brand":[],"product_cat":[387],"product_tag":[],"class_list":{"0":"post-37261","1":"product","2":"type-product","3":"status-publish","4":"has-post-thumbnail","6":"product_cat-vehiculo-electrico","8":"first","9":"instock","10":"shipping-taxable","11":"product-type-simple"},"acf":[],"yoast_head":"<!-- This site is optimized with the Yoast SEO plugin v27.0 - https:\/\/yoast.com\/product\/yoast-seo-wordpress\/ -->\n<title>SISTEMA DE VEH\u00cdCULO EL\u00c9CTRICO - De Lorenzo Training &amp; Didactical Equipment<\/title>\n<meta name=\"robots\" content=\"index, follow, max-snippet:-1, max-image-preview:large, max-video-preview:-1\" \/>\n<link rel=\"canonical\" href=\"https:\/\/delorenzoglobal.com\/es\/producto\/sistema-de-vehiculo-electrico\/\" \/>\n<meta property=\"og:locale\" content=\"es_ES\" \/>\n<meta property=\"og:type\" content=\"article\" \/>\n<meta property=\"og:title\" content=\"SISTEMA DE VEH\u00cdCULO EL\u00c9CTRICO - De Lorenzo Training &amp; Didactical Equipment\" \/>\n<meta property=\"og:description\" content=\"El Simulador DL \u200b\u200bAM23 permite el estudio te\u00f3rico y pr\u00e1ctico de los principales sistemas y componentes presentes en los Veh\u00edculos El\u00e9ctricos (EV). Consta de un panel que muestra el esquema completo de todos los componentes, con interruptores, pulsadores, conmutadores y potenci\u00f3metros para reproducir las diferentes situaciones de funcionamiento que puedan plantear los alumnos seg\u00fan el [&hellip;]\" \/>\n<meta property=\"og:url\" content=\"https:\/\/delorenzoglobal.com\/es\/producto\/sistema-de-vehiculo-electrico\/\" \/>\n<meta property=\"og:site_name\" content=\"De Lorenzo Training &amp; Didactical Equipment\" \/>\n<meta property=\"article:modified_time\" content=\"2025-03-24T14:10:50+00:00\" \/>\n<meta property=\"og:image\" content=\"https:\/\/delorenzoglobal.com\/wp-content\/uploads\/2025\/02\/DL-AM23-1-scaled.jpg\" \/>\n\t<meta property=\"og:image:width\" content=\"2560\" \/>\n\t<meta property=\"og:image:height\" content=\"1642\" \/>\n\t<meta property=\"og:image:type\" content=\"image\/jpeg\" \/>\n<meta name=\"twitter:card\" content=\"summary_large_image\" \/>\n<meta name=\"twitter:label1\" content=\"Tiempo de lectura\" \/>\n\t<meta name=\"twitter:data1\" content=\"1 minuto\" \/>\n<script type=\"application\/ld+json\" class=\"yoast-schema-graph\">{\"@context\":\"https:\/\/schema.org\",\"@graph\":[{\"@type\":\"WebPage\",\"@id\":\"https:\/\/delorenzoglobal.com\/es\/producto\/sistema-de-vehiculo-electrico\/\",\"url\":\"https:\/\/delorenzoglobal.com\/es\/producto\/sistema-de-vehiculo-electrico\/\",\"name\":\"SISTEMA DE VEH\u00cdCULO EL\u00c9CTRICO - De Lorenzo Training &amp; Didactical Equipment\",\"isPartOf\":{\"@id\":\"https:\/\/delorenzoglobal.com\/es\/#website\"},\"primaryImageOfPage\":{\"@id\":\"https:\/\/delorenzoglobal.com\/es\/producto\/sistema-de-vehiculo-electrico\/#primaryimage\"},\"image\":{\"@id\":\"https:\/\/delorenzoglobal.com\/es\/producto\/sistema-de-vehiculo-electrico\/#primaryimage\"},\"thumbnailUrl\":\"https:\/\/delorenzoglobal.com\/wp-content\/uploads\/2025\/02\/DL-AM23-1-scaled.jpg\",\"datePublished\":\"2025-02-04T15:15:18+00:00\",\"dateModified\":\"2025-03-24T14:10:50+00:00\",\"breadcrumb\":{\"@id\":\"https:\/\/delorenzoglobal.com\/es\/producto\/sistema-de-vehiculo-electrico\/#breadcrumb\"},\"inLanguage\":\"es\",\"potentialAction\":[{\"@type\":\"ReadAction\",\"target\":[\"https:\/\/delorenzoglobal.com\/es\/producto\/sistema-de-vehiculo-electrico\/\"]}]},{\"@type\":\"ImageObject\",\"inLanguage\":\"es\",\"@id\":\"https:\/\/delorenzoglobal.com\/es\/producto\/sistema-de-vehiculo-electrico\/#primaryimage\",\"url\":\"https:\/\/delorenzoglobal.com\/wp-content\/uploads\/2025\/02\/DL-AM23-1-scaled.jpg\",\"contentUrl\":\"https:\/\/delorenzoglobal.com\/wp-content\/uploads\/2025\/02\/DL-AM23-1-scaled.jpg\",\"width\":2560,\"height\":1642},{\"@type\":\"BreadcrumbList\",\"@id\":\"https:\/\/delorenzoglobal.com\/es\/producto\/sistema-de-vehiculo-electrico\/#breadcrumb\",\"itemListElement\":[{\"@type\":\"ListItem\",\"position\":1,\"name\":\"Home\",\"item\":\"https:\/\/delorenzoglobal.com\/es\/\"},{\"@type\":\"ListItem\",\"position\":2,\"name\":\"Tienda\",\"item\":\"https:\/\/delorenzoglobal.com\/es\/tienda\/\"},{\"@type\":\"ListItem\",\"position\":3,\"name\":\"SISTEMA DE VEH\u00cdCULO EL\u00c9CTRICO\"}]},{\"@type\":\"WebSite\",\"@id\":\"https:\/\/delorenzoglobal.com\/es\/#website\",\"url\":\"https:\/\/delorenzoglobal.com\/es\/\",\"name\":\"De Lorenzo Training &amp; Didactical Equipment\",\"description\":\"\",\"potentialAction\":[{\"@type\":\"SearchAction\",\"target\":{\"@type\":\"EntryPoint\",\"urlTemplate\":\"https:\/\/delorenzoglobal.com\/es\/?s={search_term_string}\"},\"query-input\":{\"@type\":\"PropertyValueSpecification\",\"valueRequired\":true,\"valueName\":\"search_term_string\"}}],\"inLanguage\":\"es\"}]}<\/script>\n<!-- \/ Yoast SEO plugin. -->","yoast_head_json":{"title":"SISTEMA DE VEH\u00cdCULO EL\u00c9CTRICO - De Lorenzo Training &amp; Didactical Equipment","robots":{"index":"index","follow":"follow","max-snippet":"max-snippet:-1","max-image-preview":"max-image-preview:large","max-video-preview":"max-video-preview:-1"},"canonical":"https:\/\/delorenzoglobal.com\/es\/producto\/sistema-de-vehiculo-electrico\/","og_locale":"es_ES","og_type":"article","og_title":"SISTEMA DE VEH\u00cdCULO EL\u00c9CTRICO - De Lorenzo Training &amp; Didactical Equipment","og_description":"El Simulador DL \u200b\u200bAM23 permite el estudio te\u00f3rico y pr\u00e1ctico de los principales sistemas y componentes presentes en los Veh\u00edculos El\u00e9ctricos (EV). Consta de un panel que muestra el esquema completo de todos los componentes, con interruptores, pulsadores, conmutadores y potenci\u00f3metros para reproducir las diferentes situaciones de funcionamiento que puedan plantear los alumnos seg\u00fan el [&hellip;]","og_url":"https:\/\/delorenzoglobal.com\/es\/producto\/sistema-de-vehiculo-electrico\/","og_site_name":"De Lorenzo Training &amp; Didactical Equipment","article_modified_time":"2025-03-24T14:10:50+00:00","og_image":[{"width":2560,"height":1642,"url":"https:\/\/delorenzoglobal.com\/wp-content\/uploads\/2025\/02\/DL-AM23-1-scaled.jpg","type":"image\/jpeg"}],"twitter_card":"summary_large_image","twitter_misc":{"Tiempo de lectura":"1 minuto"},"schema":{"@context":"https:\/\/schema.org","@graph":[{"@type":"WebPage","@id":"https:\/\/delorenzoglobal.com\/es\/producto\/sistema-de-vehiculo-electrico\/","url":"https:\/\/delorenzoglobal.com\/es\/producto\/sistema-de-vehiculo-electrico\/","name":"SISTEMA DE VEH\u00cdCULO EL\u00c9CTRICO - De Lorenzo Training &amp; Didactical Equipment","isPartOf":{"@id":"https:\/\/delorenzoglobal.com\/es\/#website"},"primaryImageOfPage":{"@id":"https:\/\/delorenzoglobal.com\/es\/producto\/sistema-de-vehiculo-electrico\/#primaryimage"},"image":{"@id":"https:\/\/delorenzoglobal.com\/es\/producto\/sistema-de-vehiculo-electrico\/#primaryimage"},"thumbnailUrl":"https:\/\/delorenzoglobal.com\/wp-content\/uploads\/2025\/02\/DL-AM23-1-scaled.jpg","datePublished":"2025-02-04T15:15:18+00:00","dateModified":"2025-03-24T14:10:50+00:00","breadcrumb":{"@id":"https:\/\/delorenzoglobal.com\/es\/producto\/sistema-de-vehiculo-electrico\/#breadcrumb"},"inLanguage":"es","potentialAction":[{"@type":"ReadAction","target":["https:\/\/delorenzoglobal.com\/es\/producto\/sistema-de-vehiculo-electrico\/"]}]},{"@type":"ImageObject","inLanguage":"es","@id":"https:\/\/delorenzoglobal.com\/es\/producto\/sistema-de-vehiculo-electrico\/#primaryimage","url":"https:\/\/delorenzoglobal.com\/wp-content\/uploads\/2025\/02\/DL-AM23-1-scaled.jpg","contentUrl":"https:\/\/delorenzoglobal.com\/wp-content\/uploads\/2025\/02\/DL-AM23-1-scaled.jpg","width":2560,"height":1642},{"@type":"BreadcrumbList","@id":"https:\/\/delorenzoglobal.com\/es\/producto\/sistema-de-vehiculo-electrico\/#breadcrumb","itemListElement":[{"@type":"ListItem","position":1,"name":"Home","item":"https:\/\/delorenzoglobal.com\/es\/"},{"@type":"ListItem","position":2,"name":"Tienda","item":"https:\/\/delorenzoglobal.com\/es\/tienda\/"},{"@type":"ListItem","position":3,"name":"SISTEMA DE VEH\u00cdCULO EL\u00c9CTRICO"}]},{"@type":"WebSite","@id":"https:\/\/delorenzoglobal.com\/es\/#website","url":"https:\/\/delorenzoglobal.com\/es\/","name":"De Lorenzo Training &amp; Didactical Equipment","description":"","potentialAction":[{"@type":"SearchAction","target":{"@type":"EntryPoint","urlTemplate":"https:\/\/delorenzoglobal.com\/es\/?s={search_term_string}"},"query-input":{"@type":"PropertyValueSpecification","valueRequired":true,"valueName":"search_term_string"}}],"inLanguage":"es"}]}},"_links":{"self":[{"href":"https:\/\/delorenzoglobal.com\/es\/wp-json\/wp\/v2\/product\/37261","targetHints":{"allow":["GET"]}}],"collection":[{"href":"https:\/\/delorenzoglobal.com\/es\/wp-json\/wp\/v2\/product"}],"about":[{"href":"https:\/\/delorenzoglobal.com\/es\/wp-json\/wp\/v2\/types\/product"}],"wp:featuredmedia":[{"embeddable":true,"href":"https:\/\/delorenzoglobal.com\/es\/wp-json\/wp\/v2\/media\/54011"}],"wp:attachment":[{"href":"https:\/\/delorenzoglobal.com\/es\/wp-json\/wp\/v2\/media?parent=37261"}],"wp:term":[{"taxonomy":"product_brand","embeddable":true,"href":"https:\/\/delorenzoglobal.com\/es\/wp-json\/wp\/v2\/product_brand?post=37261"},{"taxonomy":"product_cat","embeddable":true,"href":"https:\/\/delorenzoglobal.com\/es\/wp-json\/wp\/v2\/product_cat?post=37261"},{"taxonomy":"product_tag","embeddable":true,"href":"https:\/\/delorenzoglobal.com\/es\/wp-json\/wp\/v2\/product_tag?post=37261"}],"curies":[{"name":"wp","href":"https:\/\/api.w.org\/{rel}","templated":true}]}}