{"id":372,"date":"2024-04-08T09:17:28","date_gmt":"2024-04-08T07:17:28","guid":{"rendered":"https:\/\/delorenzoglobal.com\/?post_type=product&#038;p=372"},"modified":"2025-01-15T08:58:50","modified_gmt":"2025-01-15T07:58:50","slug":"llenado-de-solidos-y-cerrado","status":"publish","type":"product","link":"https:\/\/delorenzoglobal.com\/es\/producto\/llenado-de-solidos-y-cerrado\/","title":{"rendered":"LLENADO DE S\u00d3LIDOS Y CERRADO"},"content":{"rendered":"<p>Con la nueva revoluci\u00f3n industrial, se integran software, hardware y procesos, para que la producci\u00f3n que hoy es \u201cPush\u201d (se fabrica y luego se vende) se convierta en un escenario \u201cPull\u201d (se fabrica solo lo que solicita el cliente).<\/p>\n<p>La transformaci\u00f3n digital aplicada a la industria se caracteriza por la interacci\u00f3n total entre los elementos y procesos que constituyen una unidad de producci\u00f3n.<\/p>\n<p>Nuestro sistema did\u00e1ctico est\u00e1 dise\u00f1ado para integrar el conocimiento de diferentes \u00e1reas o departamentos dentro de una empresa, y que los estudiantes de diferentes carreras puedan interactuar, para aprender y aplicar conceptos de su \u00e1rea de especializaci\u00f3n \u201chard skills\u201d y estudiar otras \u00e1reas de conocimiento.<\/p>\n<p>Esta estaci\u00f3n de Llenado y Cerrado (DL I4.0-ST2) es donde se ejecutan las O.P. (Ordenes de Producci\u00f3n).<\/p>\n<p>Se comunica con la estaci\u00f3n de Almacenamiento y Alimentaci\u00f3n (DL I4.0-ST1) a trav\u00e9s de una banda, de donde recibe el material necesario.<\/p>\n<p>Un Robot Cartesiano llena los contenedores con perlas de pl\u00e1stico de distintos colores seg\u00fan la receta definida en el Software.<\/p>\n<p>Una vez completada la O.P., se cierran los contenedores y se etiquetan con una impresora por aspersi\u00f3n, para luego ser transferidos, tambi\u00e9n a trav\u00e9s de una banda transportadora, a la siguiente estaci\u00f3n de Selecci\u00f3n y Empaque (DL I4.0-ST3) para su procesamiento final.<\/p>\n","protected":false},"excerpt":{"rendered":"<p>Con la nueva revoluci\u00f3n industrial, se integran software, hardware y procesos, para que la producci\u00f3n que hoy es \u201cPush\u201d (se fabrica y luego se vende) se convierta en un escenario \u201cPull\u201d (se fabrica solo lo que solicita el cliente). La transformaci\u00f3n digital aplicada a la industria se caracteriza por la interacci\u00f3n total entre los elementos [&hellip;]<\/p>\n","protected":false},"featured_media":21990,"template":"","meta":{"_acf_changed":false},"product_brand":[],"product_cat":[152],"product_tag":[],"class_list":{"0":"post-372","1":"product","2":"type-product","3":"status-publish","4":"has-post-thumbnail","6":"product_cat-sistema-didactico-dl-i4-0","8":"first","9":"instock","10":"shipping-taxable","11":"product-type-simple"},"acf":[],"yoast_head":"<!-- This site is optimized with the Yoast SEO plugin v27.4 - https:\/\/yoast.com\/product\/yoast-seo-wordpress\/ -->\n<title>LLENADO DE S\u00d3LIDOS Y CERRADO - De Lorenzo Training &amp; Didactical Equipment<\/title>\n<meta name=\"robots\" content=\"index, follow, max-snippet:-1, max-image-preview:large, max-video-preview:-1\" \/>\n<link rel=\"canonical\" href=\"https:\/\/delorenzoglobal.com\/es\/producto\/llenado-de-solidos-y-cerrado\/\" \/>\n<meta property=\"og:locale\" content=\"es_ES\" \/>\n<meta property=\"og:type\" content=\"article\" \/>\n<meta property=\"og:title\" content=\"LLENADO DE S\u00d3LIDOS Y CERRADO - De Lorenzo Training &amp; Didactical Equipment\" \/>\n<meta property=\"og:description\" content=\"Con la nueva revoluci\u00f3n industrial, se integran software, hardware y procesos, para que la producci\u00f3n que hoy es \u201cPush\u201d (se fabrica y luego se vende) se convierta en un escenario \u201cPull\u201d (se fabrica solo lo que solicita el cliente). La transformaci\u00f3n digital aplicada a la industria se caracteriza por la interacci\u00f3n total entre los elementos [&hellip;]\" \/>\n<meta property=\"og:url\" content=\"https:\/\/delorenzoglobal.com\/es\/producto\/llenado-de-solidos-y-cerrado\/\" \/>\n<meta property=\"og:site_name\" content=\"De Lorenzo Training &amp; Didactical Equipment\" \/>\n<meta property=\"article:modified_time\" content=\"2025-01-15T07:58:50+00:00\" \/>\n<meta property=\"og:image\" content=\"https:\/\/delorenzoglobal.com\/wp-content\/uploads\/2024\/04\/DL-I4.0-ST2.jpg\" \/>\n\t<meta property=\"og:image:width\" content=\"555\" \/>\n\t<meta property=\"og:image:height\" content=\"917\" \/>\n\t<meta property=\"og:image:type\" content=\"image\/jpeg\" \/>\n<meta name=\"twitter:card\" content=\"summary_large_image\" \/>\n<meta name=\"twitter:label1\" content=\"Tiempo de lectura\" \/>\n\t<meta name=\"twitter:data1\" content=\"2 minutos\" \/>\n<script type=\"application\/ld+json\" class=\"yoast-schema-graph\">{\"@context\":\"https:\\\/\\\/schema.org\",\"@graph\":[{\"@type\":\"WebPage\",\"@id\":\"https:\\\/\\\/delorenzoglobal.com\\\/es\\\/producto\\\/llenado-de-solidos-y-cerrado\\\/\",\"url\":\"https:\\\/\\\/delorenzoglobal.com\\\/es\\\/producto\\\/llenado-de-solidos-y-cerrado\\\/\",\"name\":\"LLENADO DE S\u00d3LIDOS Y CERRADO - De Lorenzo Training &amp; Didactical Equipment\",\"isPartOf\":{\"@id\":\"https:\\\/\\\/delorenzoglobal.com\\\/es\\\/#website\"},\"primaryImageOfPage\":{\"@id\":\"https:\\\/\\\/delorenzoglobal.com\\\/es\\\/producto\\\/llenado-de-solidos-y-cerrado\\\/#primaryimage\"},\"image\":{\"@id\":\"https:\\\/\\\/delorenzoglobal.com\\\/es\\\/producto\\\/llenado-de-solidos-y-cerrado\\\/#primaryimage\"},\"thumbnailUrl\":\"https:\\\/\\\/delorenzoglobal.com\\\/wp-content\\\/uploads\\\/2024\\\/04\\\/DL-I4.0-ST2.jpg\",\"datePublished\":\"2024-04-08T07:17:28+00:00\",\"dateModified\":\"2025-01-15T07:58:50+00:00\",\"breadcrumb\":{\"@id\":\"https:\\\/\\\/delorenzoglobal.com\\\/es\\\/producto\\\/llenado-de-solidos-y-cerrado\\\/#breadcrumb\"},\"inLanguage\":\"es\",\"potentialAction\":[{\"@type\":\"ReadAction\",\"target\":[\"https:\\\/\\\/delorenzoglobal.com\\\/es\\\/producto\\\/llenado-de-solidos-y-cerrado\\\/\"]}]},{\"@type\":\"ImageObject\",\"inLanguage\":\"es\",\"@id\":\"https:\\\/\\\/delorenzoglobal.com\\\/es\\\/producto\\\/llenado-de-solidos-y-cerrado\\\/#primaryimage\",\"url\":\"https:\\\/\\\/delorenzoglobal.com\\\/wp-content\\\/uploads\\\/2024\\\/04\\\/DL-I4.0-ST2.jpg\",\"contentUrl\":\"https:\\\/\\\/delorenzoglobal.com\\\/wp-content\\\/uploads\\\/2024\\\/04\\\/DL-I4.0-ST2.jpg\",\"width\":555,\"height\":917},{\"@type\":\"BreadcrumbList\",\"@id\":\"https:\\\/\\\/delorenzoglobal.com\\\/es\\\/producto\\\/llenado-de-solidos-y-cerrado\\\/#breadcrumb\",\"itemListElement\":[{\"@type\":\"ListItem\",\"position\":1,\"name\":\"Home\",\"item\":\"https:\\\/\\\/delorenzoglobal.com\\\/es\\\/\"},{\"@type\":\"ListItem\",\"position\":2,\"name\":\"Tienda\",\"item\":\"https:\\\/\\\/delorenzoglobal.com\\\/es\\\/tienda\\\/\"},{\"@type\":\"ListItem\",\"position\":3,\"name\":\"LLENADO DE S\u00d3LIDOS Y CERRADO\"}]},{\"@type\":\"WebSite\",\"@id\":\"https:\\\/\\\/delorenzoglobal.com\\\/es\\\/#website\",\"url\":\"https:\\\/\\\/delorenzoglobal.com\\\/es\\\/\",\"name\":\"De Lorenzo Training &amp; Didactical Equipment\",\"description\":\"\",\"potentialAction\":[{\"@type\":\"SearchAction\",\"target\":{\"@type\":\"EntryPoint\",\"urlTemplate\":\"https:\\\/\\\/delorenzoglobal.com\\\/es\\\/?s={search_term_string}\"},\"query-input\":{\"@type\":\"PropertyValueSpecification\",\"valueRequired\":true,\"valueName\":\"search_term_string\"}}],\"inLanguage\":\"es\"}]}<\/script>\n<!-- \/ Yoast SEO plugin. -->","yoast_head_json":{"title":"LLENADO DE S\u00d3LIDOS Y CERRADO - De Lorenzo Training &amp; Didactical Equipment","robots":{"index":"index","follow":"follow","max-snippet":"max-snippet:-1","max-image-preview":"max-image-preview:large","max-video-preview":"max-video-preview:-1"},"canonical":"https:\/\/delorenzoglobal.com\/es\/producto\/llenado-de-solidos-y-cerrado\/","og_locale":"es_ES","og_type":"article","og_title":"LLENADO DE S\u00d3LIDOS Y CERRADO - De Lorenzo Training &amp; Didactical Equipment","og_description":"Con la nueva revoluci\u00f3n industrial, se integran software, hardware y procesos, para que la producci\u00f3n que hoy es \u201cPush\u201d (se fabrica y luego se vende) se convierta en un escenario \u201cPull\u201d (se fabrica solo lo que solicita el cliente). La transformaci\u00f3n digital aplicada a la industria se caracteriza por la interacci\u00f3n total entre los elementos [&hellip;]","og_url":"https:\/\/delorenzoglobal.com\/es\/producto\/llenado-de-solidos-y-cerrado\/","og_site_name":"De Lorenzo Training &amp; Didactical Equipment","article_modified_time":"2025-01-15T07:58:50+00:00","og_image":[{"width":555,"height":917,"url":"https:\/\/delorenzoglobal.com\/wp-content\/uploads\/2024\/04\/DL-I4.0-ST2.jpg","type":"image\/jpeg"}],"twitter_card":"summary_large_image","twitter_misc":{"Tiempo de lectura":"2 minutos"},"schema":{"@context":"https:\/\/schema.org","@graph":[{"@type":"WebPage","@id":"https:\/\/delorenzoglobal.com\/es\/producto\/llenado-de-solidos-y-cerrado\/","url":"https:\/\/delorenzoglobal.com\/es\/producto\/llenado-de-solidos-y-cerrado\/","name":"LLENADO DE S\u00d3LIDOS Y CERRADO - De Lorenzo Training &amp; Didactical Equipment","isPartOf":{"@id":"https:\/\/delorenzoglobal.com\/es\/#website"},"primaryImageOfPage":{"@id":"https:\/\/delorenzoglobal.com\/es\/producto\/llenado-de-solidos-y-cerrado\/#primaryimage"},"image":{"@id":"https:\/\/delorenzoglobal.com\/es\/producto\/llenado-de-solidos-y-cerrado\/#primaryimage"},"thumbnailUrl":"https:\/\/delorenzoglobal.com\/wp-content\/uploads\/2024\/04\/DL-I4.0-ST2.jpg","datePublished":"2024-04-08T07:17:28+00:00","dateModified":"2025-01-15T07:58:50+00:00","breadcrumb":{"@id":"https:\/\/delorenzoglobal.com\/es\/producto\/llenado-de-solidos-y-cerrado\/#breadcrumb"},"inLanguage":"es","potentialAction":[{"@type":"ReadAction","target":["https:\/\/delorenzoglobal.com\/es\/producto\/llenado-de-solidos-y-cerrado\/"]}]},{"@type":"ImageObject","inLanguage":"es","@id":"https:\/\/delorenzoglobal.com\/es\/producto\/llenado-de-solidos-y-cerrado\/#primaryimage","url":"https:\/\/delorenzoglobal.com\/wp-content\/uploads\/2024\/04\/DL-I4.0-ST2.jpg","contentUrl":"https:\/\/delorenzoglobal.com\/wp-content\/uploads\/2024\/04\/DL-I4.0-ST2.jpg","width":555,"height":917},{"@type":"BreadcrumbList","@id":"https:\/\/delorenzoglobal.com\/es\/producto\/llenado-de-solidos-y-cerrado\/#breadcrumb","itemListElement":[{"@type":"ListItem","position":1,"name":"Home","item":"https:\/\/delorenzoglobal.com\/es\/"},{"@type":"ListItem","position":2,"name":"Tienda","item":"https:\/\/delorenzoglobal.com\/es\/tienda\/"},{"@type":"ListItem","position":3,"name":"LLENADO DE S\u00d3LIDOS Y CERRADO"}]},{"@type":"WebSite","@id":"https:\/\/delorenzoglobal.com\/es\/#website","url":"https:\/\/delorenzoglobal.com\/es\/","name":"De Lorenzo Training &amp; Didactical Equipment","description":"","potentialAction":[{"@type":"SearchAction","target":{"@type":"EntryPoint","urlTemplate":"https:\/\/delorenzoglobal.com\/es\/?s={search_term_string}"},"query-input":{"@type":"PropertyValueSpecification","valueRequired":true,"valueName":"search_term_string"}}],"inLanguage":"es"}]}},"_links":{"self":[{"href":"https:\/\/delorenzoglobal.com\/es\/wp-json\/wp\/v2\/product\/372","targetHints":{"allow":["GET"]}}],"collection":[{"href":"https:\/\/delorenzoglobal.com\/es\/wp-json\/wp\/v2\/product"}],"about":[{"href":"https:\/\/delorenzoglobal.com\/es\/wp-json\/wp\/v2\/types\/product"}],"wp:featuredmedia":[{"embeddable":true,"href":"https:\/\/delorenzoglobal.com\/es\/wp-json\/wp\/v2\/media\/21990"}],"wp:attachment":[{"href":"https:\/\/delorenzoglobal.com\/es\/wp-json\/wp\/v2\/media?parent=372"}],"wp:term":[{"taxonomy":"product_brand","embeddable":true,"href":"https:\/\/delorenzoglobal.com\/es\/wp-json\/wp\/v2\/product_brand?post=372"},{"taxonomy":"product_cat","embeddable":true,"href":"https:\/\/delorenzoglobal.com\/es\/wp-json\/wp\/v2\/product_cat?post=372"},{"taxonomy":"product_tag","embeddable":true,"href":"https:\/\/delorenzoglobal.com\/es\/wp-json\/wp\/v2\/product_tag?post=372"}],"curies":[{"name":"wp","href":"https:\/\/api.w.org\/{rel}","templated":true}]}}