{"id":3676,"date":"2024-04-11T09:05:14","date_gmt":"2024-04-11T07:05:14","guid":{"rendered":"https:\/\/delorenzoglobal.com\/?post_type=product&#038;p=3676"},"modified":"2025-01-23T09:40:59","modified_gmt":"2025-01-23T08:40:59","slug":"entrenador-avanzado-de-energia-solar-fotovoltaica","status":"publish","type":"product","link":"https:\/\/delorenzoglobal.com\/es\/producto\/entrenador-avanzado-de-energia-solar-fotovoltaica\/","title":{"rendered":"ENTRENADOR AVANZADO DE ENERG\u00cdA SOLAR FOTOVOLTAICA"},"content":{"rendered":"<p>Entrenador modular para el studio te\u00f3rico y pr\u00e1ctico de la generaci\u00f3n de energ\u00eda el\u00e9ctrica de paneles fotovoltaicos.<\/p>\n<p>Con el Entrenador Avanzado de Energ\u00eda Solar fotovoltaica es posible realizar los experimentos para determinar las caracter\u00edsticas de un panel fotovoltaico, estudiar el funcionamiento off-grid con un regulador de carga de la bater\u00eda y su funcionamiento on-grid con conexi\u00f3n a la red el\u00e9ctrica.<\/p>\n<p>El sistema completo se suministra con un m\u00f3dulo de simulaci\u00f3n del sol para uso en interiores.<\/p>\n","protected":false},"excerpt":{"rendered":"<p>Entrenador modular para el studio te\u00f3rico y pr\u00e1ctico de la generaci\u00f3n de energ\u00eda el\u00e9ctrica de paneles fotovoltaicos. Con el Entrenador Avanzado de Energ\u00eda Solar fotovoltaica es posible realizar los experimentos para determinar las caracter\u00edsticas de un panel fotovoltaico, estudiar el funcionamiento off-grid con un regulador de carga de la bater\u00eda y su funcionamiento on-grid con [&hellip;]<\/p>\n","protected":false},"featured_media":19417,"template":"","meta":{"_acf_changed":false},"product_brand":[],"product_cat":[248],"product_tag":[],"class_list":{"0":"post-3676","1":"product","2":"type-product","3":"status-publish","4":"has-post-thumbnail","6":"product_cat-fotovoltaica-solar","8":"first","9":"instock","10":"shipping-taxable","11":"product-type-simple"},"acf":[],"yoast_head":"<!-- This site is optimized with the Yoast SEO plugin v27.4 - https:\/\/yoast.com\/product\/yoast-seo-wordpress\/ -->\n<title>ENTRENADOR AVANZADO DE ENERG\u00cdA SOLAR FOTOVOLTAICA - De Lorenzo Training &amp; Didactical Equipment<\/title>\n<meta name=\"robots\" content=\"index, follow, max-snippet:-1, max-image-preview:large, max-video-preview:-1\" \/>\n<link rel=\"canonical\" href=\"https:\/\/delorenzoglobal.com\/es\/producto\/entrenador-avanzado-de-energia-solar-fotovoltaica\/\" \/>\n<meta property=\"og:locale\" content=\"es_ES\" \/>\n<meta property=\"og:type\" content=\"article\" \/>\n<meta property=\"og:title\" content=\"ENTRENADOR AVANZADO DE ENERG\u00cdA SOLAR FOTOVOLTAICA - De Lorenzo Training &amp; Didactical Equipment\" \/>\n<meta property=\"og:description\" content=\"Entrenador modular para el studio te\u00f3rico y pr\u00e1ctico de la generaci\u00f3n de energ\u00eda el\u00e9ctrica de paneles fotovoltaicos. Con el Entrenador Avanzado de Energ\u00eda Solar fotovoltaica es posible realizar los experimentos para determinar las caracter\u00edsticas de un panel fotovoltaico, estudiar el funcionamiento off-grid con un regulador de carga de la bater\u00eda y su funcionamiento on-grid con [&hellip;]\" \/>\n<meta property=\"og:url\" content=\"https:\/\/delorenzoglobal.com\/es\/producto\/entrenador-avanzado-de-energia-solar-fotovoltaica\/\" \/>\n<meta property=\"og:site_name\" content=\"De Lorenzo Training &amp; Didactical Equipment\" \/>\n<meta property=\"article:modified_time\" content=\"2025-01-23T08:40:59+00:00\" \/>\n<meta property=\"og:image\" content=\"https:\/\/delorenzoglobal.com\/wp-content\/uploads\/2024\/04\/DL-SOLAR-AT-xs-scaled.jpg\" \/>\n\t<meta property=\"og:image:width\" content=\"2560\" \/>\n\t<meta property=\"og:image:height\" content=\"1773\" \/>\n\t<meta property=\"og:image:type\" content=\"image\/jpeg\" \/>\n<meta name=\"twitter:card\" content=\"summary_large_image\" \/>\n<meta name=\"twitter:label1\" content=\"Tiempo de lectura\" \/>\n\t<meta name=\"twitter:data1\" content=\"1 minuto\" \/>\n<script type=\"application\/ld+json\" class=\"yoast-schema-graph\">{\"@context\":\"https:\\\/\\\/schema.org\",\"@graph\":[{\"@type\":\"WebPage\",\"@id\":\"https:\\\/\\\/delorenzoglobal.com\\\/es\\\/producto\\\/entrenador-avanzado-de-energia-solar-fotovoltaica\\\/\",\"url\":\"https:\\\/\\\/delorenzoglobal.com\\\/es\\\/producto\\\/entrenador-avanzado-de-energia-solar-fotovoltaica\\\/\",\"name\":\"ENTRENADOR AVANZADO DE ENERG\u00cdA SOLAR FOTOVOLTAICA - De Lorenzo Training &amp; Didactical Equipment\",\"isPartOf\":{\"@id\":\"https:\\\/\\\/delorenzoglobal.com\\\/es\\\/#website\"},\"primaryImageOfPage\":{\"@id\":\"https:\\\/\\\/delorenzoglobal.com\\\/es\\\/producto\\\/entrenador-avanzado-de-energia-solar-fotovoltaica\\\/#primaryimage\"},\"image\":{\"@id\":\"https:\\\/\\\/delorenzoglobal.com\\\/es\\\/producto\\\/entrenador-avanzado-de-energia-solar-fotovoltaica\\\/#primaryimage\"},\"thumbnailUrl\":\"https:\\\/\\\/delorenzoglobal.com\\\/wp-content\\\/uploads\\\/2024\\\/04\\\/DL-SOLAR-AT-xs-scaled.jpg\",\"datePublished\":\"2024-04-11T07:05:14+00:00\",\"dateModified\":\"2025-01-23T08:40:59+00:00\",\"breadcrumb\":{\"@id\":\"https:\\\/\\\/delorenzoglobal.com\\\/es\\\/producto\\\/entrenador-avanzado-de-energia-solar-fotovoltaica\\\/#breadcrumb\"},\"inLanguage\":\"es\",\"potentialAction\":[{\"@type\":\"ReadAction\",\"target\":[\"https:\\\/\\\/delorenzoglobal.com\\\/es\\\/producto\\\/entrenador-avanzado-de-energia-solar-fotovoltaica\\\/\"]}]},{\"@type\":\"ImageObject\",\"inLanguage\":\"es\",\"@id\":\"https:\\\/\\\/delorenzoglobal.com\\\/es\\\/producto\\\/entrenador-avanzado-de-energia-solar-fotovoltaica\\\/#primaryimage\",\"url\":\"https:\\\/\\\/delorenzoglobal.com\\\/wp-content\\\/uploads\\\/2024\\\/04\\\/DL-SOLAR-AT-xs-scaled.jpg\",\"contentUrl\":\"https:\\\/\\\/delorenzoglobal.com\\\/wp-content\\\/uploads\\\/2024\\\/04\\\/DL-SOLAR-AT-xs-scaled.jpg\",\"width\":2560,\"height\":1773},{\"@type\":\"BreadcrumbList\",\"@id\":\"https:\\\/\\\/delorenzoglobal.com\\\/es\\\/producto\\\/entrenador-avanzado-de-energia-solar-fotovoltaica\\\/#breadcrumb\",\"itemListElement\":[{\"@type\":\"ListItem\",\"position\":1,\"name\":\"Home\",\"item\":\"https:\\\/\\\/delorenzoglobal.com\\\/es\\\/\"},{\"@type\":\"ListItem\",\"position\":2,\"name\":\"Tienda\",\"item\":\"https:\\\/\\\/delorenzoglobal.com\\\/es\\\/tienda\\\/\"},{\"@type\":\"ListItem\",\"position\":3,\"name\":\"ENTRENADOR AVANZADO DE ENERG\u00cdA SOLAR FOTOVOLTAICA\"}]},{\"@type\":\"WebSite\",\"@id\":\"https:\\\/\\\/delorenzoglobal.com\\\/es\\\/#website\",\"url\":\"https:\\\/\\\/delorenzoglobal.com\\\/es\\\/\",\"name\":\"De Lorenzo Training &amp; Didactical Equipment\",\"description\":\"\",\"potentialAction\":[{\"@type\":\"SearchAction\",\"target\":{\"@type\":\"EntryPoint\",\"urlTemplate\":\"https:\\\/\\\/delorenzoglobal.com\\\/es\\\/?s={search_term_string}\"},\"query-input\":{\"@type\":\"PropertyValueSpecification\",\"valueRequired\":true,\"valueName\":\"search_term_string\"}}],\"inLanguage\":\"es\"}]}<\/script>\n<!-- \/ Yoast SEO plugin. -->","yoast_head_json":{"title":"ENTRENADOR AVANZADO DE ENERG\u00cdA SOLAR FOTOVOLTAICA - De Lorenzo Training &amp; Didactical Equipment","robots":{"index":"index","follow":"follow","max-snippet":"max-snippet:-1","max-image-preview":"max-image-preview:large","max-video-preview":"max-video-preview:-1"},"canonical":"https:\/\/delorenzoglobal.com\/es\/producto\/entrenador-avanzado-de-energia-solar-fotovoltaica\/","og_locale":"es_ES","og_type":"article","og_title":"ENTRENADOR AVANZADO DE ENERG\u00cdA SOLAR FOTOVOLTAICA - De Lorenzo Training &amp; Didactical Equipment","og_description":"Entrenador modular para el studio te\u00f3rico y pr\u00e1ctico de la generaci\u00f3n de energ\u00eda el\u00e9ctrica de paneles fotovoltaicos. Con el Entrenador Avanzado de Energ\u00eda Solar fotovoltaica es posible realizar los experimentos para determinar las caracter\u00edsticas de un panel fotovoltaico, estudiar el funcionamiento off-grid con un regulador de carga de la bater\u00eda y su funcionamiento on-grid con [&hellip;]","og_url":"https:\/\/delorenzoglobal.com\/es\/producto\/entrenador-avanzado-de-energia-solar-fotovoltaica\/","og_site_name":"De Lorenzo Training &amp; Didactical Equipment","article_modified_time":"2025-01-23T08:40:59+00:00","og_image":[{"width":2560,"height":1773,"url":"https:\/\/delorenzoglobal.com\/wp-content\/uploads\/2024\/04\/DL-SOLAR-AT-xs-scaled.jpg","type":"image\/jpeg"}],"twitter_card":"summary_large_image","twitter_misc":{"Tiempo de lectura":"1 minuto"},"schema":{"@context":"https:\/\/schema.org","@graph":[{"@type":"WebPage","@id":"https:\/\/delorenzoglobal.com\/es\/producto\/entrenador-avanzado-de-energia-solar-fotovoltaica\/","url":"https:\/\/delorenzoglobal.com\/es\/producto\/entrenador-avanzado-de-energia-solar-fotovoltaica\/","name":"ENTRENADOR AVANZADO DE ENERG\u00cdA SOLAR FOTOVOLTAICA - De Lorenzo Training &amp; Didactical Equipment","isPartOf":{"@id":"https:\/\/delorenzoglobal.com\/es\/#website"},"primaryImageOfPage":{"@id":"https:\/\/delorenzoglobal.com\/es\/producto\/entrenador-avanzado-de-energia-solar-fotovoltaica\/#primaryimage"},"image":{"@id":"https:\/\/delorenzoglobal.com\/es\/producto\/entrenador-avanzado-de-energia-solar-fotovoltaica\/#primaryimage"},"thumbnailUrl":"https:\/\/delorenzoglobal.com\/wp-content\/uploads\/2024\/04\/DL-SOLAR-AT-xs-scaled.jpg","datePublished":"2024-04-11T07:05:14+00:00","dateModified":"2025-01-23T08:40:59+00:00","breadcrumb":{"@id":"https:\/\/delorenzoglobal.com\/es\/producto\/entrenador-avanzado-de-energia-solar-fotovoltaica\/#breadcrumb"},"inLanguage":"es","potentialAction":[{"@type":"ReadAction","target":["https:\/\/delorenzoglobal.com\/es\/producto\/entrenador-avanzado-de-energia-solar-fotovoltaica\/"]}]},{"@type":"ImageObject","inLanguage":"es","@id":"https:\/\/delorenzoglobal.com\/es\/producto\/entrenador-avanzado-de-energia-solar-fotovoltaica\/#primaryimage","url":"https:\/\/delorenzoglobal.com\/wp-content\/uploads\/2024\/04\/DL-SOLAR-AT-xs-scaled.jpg","contentUrl":"https:\/\/delorenzoglobal.com\/wp-content\/uploads\/2024\/04\/DL-SOLAR-AT-xs-scaled.jpg","width":2560,"height":1773},{"@type":"BreadcrumbList","@id":"https:\/\/delorenzoglobal.com\/es\/producto\/entrenador-avanzado-de-energia-solar-fotovoltaica\/#breadcrumb","itemListElement":[{"@type":"ListItem","position":1,"name":"Home","item":"https:\/\/delorenzoglobal.com\/es\/"},{"@type":"ListItem","position":2,"name":"Tienda","item":"https:\/\/delorenzoglobal.com\/es\/tienda\/"},{"@type":"ListItem","position":3,"name":"ENTRENADOR AVANZADO DE ENERG\u00cdA SOLAR FOTOVOLTAICA"}]},{"@type":"WebSite","@id":"https:\/\/delorenzoglobal.com\/es\/#website","url":"https:\/\/delorenzoglobal.com\/es\/","name":"De Lorenzo Training &amp; Didactical Equipment","description":"","potentialAction":[{"@type":"SearchAction","target":{"@type":"EntryPoint","urlTemplate":"https:\/\/delorenzoglobal.com\/es\/?s={search_term_string}"},"query-input":{"@type":"PropertyValueSpecification","valueRequired":true,"valueName":"search_term_string"}}],"inLanguage":"es"}]}},"_links":{"self":[{"href":"https:\/\/delorenzoglobal.com\/es\/wp-json\/wp\/v2\/product\/3676","targetHints":{"allow":["GET"]}}],"collection":[{"href":"https:\/\/delorenzoglobal.com\/es\/wp-json\/wp\/v2\/product"}],"about":[{"href":"https:\/\/delorenzoglobal.com\/es\/wp-json\/wp\/v2\/types\/product"}],"wp:featuredmedia":[{"embeddable":true,"href":"https:\/\/delorenzoglobal.com\/es\/wp-json\/wp\/v2\/media\/19417"}],"wp:attachment":[{"href":"https:\/\/delorenzoglobal.com\/es\/wp-json\/wp\/v2\/media?parent=3676"}],"wp:term":[{"taxonomy":"product_brand","embeddable":true,"href":"https:\/\/delorenzoglobal.com\/es\/wp-json\/wp\/v2\/product_brand?post=3676"},{"taxonomy":"product_cat","embeddable":true,"href":"https:\/\/delorenzoglobal.com\/es\/wp-json\/wp\/v2\/product_cat?post=3676"},{"taxonomy":"product_tag","embeddable":true,"href":"https:\/\/delorenzoglobal.com\/es\/wp-json\/wp\/v2\/product_tag?post=3676"}],"curies":[{"name":"wp","href":"https:\/\/api.w.org\/{rel}","templated":true}]}}