{"id":366,"date":"2024-04-08T08:51:29","date_gmt":"2024-04-08T06:51:29","guid":{"rendered":"https:\/\/delorenzoglobal.com\/?post_type=product&#038;p=366"},"modified":"2025-01-15T08:54:02","modified_gmt":"2025-01-15T07:54:02","slug":"estacion-de-almacenamiento-y-alimentacion","status":"publish","type":"product","link":"https:\/\/delorenzoglobal.com\/es\/producto\/estacion-de-almacenamiento-y-alimentacion\/","title":{"rendered":"ESTACI\u00d3N DE ALMACENAMIENTO Y ALIMENTACI\u00d3N"},"content":{"rendered":"<p>Con la nueva revoluci\u00f3n industrial, el software, el hardware y los procesos se integran de modo que una producci\u00f3n \u201cPush\u201d (fabricada primero y luego vendida) se convierte en una producci\u00f3n \u201cPull\u201d (solo se fabrica lo que solicita el consumidor).<\/p>\n<p>La transformaci\u00f3n digital aplicada a la industria se caracteriza por la interacci\u00f3n total entre los elementos y procesos que constituyen una unidad productiva.<\/p>\n<p>Nuestro sistema did\u00e1ctico est\u00e1 dise\u00f1ado para integrar los conocimientos de diferentes \u00e1reas o departamentos dentro de una empresa.<\/p>\n<p>Por lo tanto, los estudiantes de diferentes carreras pueden interactuar, aprender y aplicar conceptos de su \u00e1rea de especializaci\u00f3n \u201chabilidades duras\u201d y estudiar conceptos de otras \u00e1reas de conocimiento.<\/p>\n<p>Esta estaci\u00f3n funciona como un almac\u00e9n del Sistema de recuperaci\u00f3n y almacenamiento automatizado (AS \/ RS).<\/p>\n<p>La estaci\u00f3n est\u00e1 compuesta por una cinta transportadora que alimenta el material al sistema, y un robot cartesiano que lo posiciona en uno de los cuatro almacenes, en la ubicaci\u00f3n determinada por el software seg\u00fan el tipo de material identificado por el sensor de inspecci\u00f3n visual.<\/p>\n<p>Dos estaciones adicionales (Control Station y 3D Print Station) completan la estaci\u00f3n principal.<\/p>\n","protected":false},"excerpt":{"rendered":"<p>Con la nueva revoluci\u00f3n industrial, el software, el hardware y los procesos se integran de modo que una producci\u00f3n \u201cPush\u201d (fabricada primero y luego vendida) se convierte en una producci\u00f3n \u201cPull\u201d (solo se fabrica lo que solicita el consumidor). La transformaci\u00f3n digital aplicada a la industria se caracteriza por la interacci\u00f3n total entre los elementos [&hellip;]<\/p>\n","protected":false},"featured_media":36049,"template":"","meta":{"_acf_changed":false},"product_brand":[],"product_cat":[152],"product_tag":[],"class_list":{"0":"post-366","1":"product","2":"type-product","3":"status-publish","4":"has-post-thumbnail","6":"product_cat-sistema-didactico-dl-i4-0","8":"first","9":"instock","10":"shipping-taxable","11":"product-type-simple"},"acf":[],"yoast_head":"<!-- This site is optimized with the Yoast SEO plugin v27.4 - https:\/\/yoast.com\/product\/yoast-seo-wordpress\/ -->\n<title>ESTACI\u00d3N DE ALMACENAMIENTO Y ALIMENTACI\u00d3N - De Lorenzo Training &amp; Didactical Equipment<\/title>\n<meta name=\"robots\" content=\"index, follow, max-snippet:-1, max-image-preview:large, max-video-preview:-1\" \/>\n<link rel=\"canonical\" href=\"https:\/\/delorenzoglobal.com\/es\/producto\/estacion-de-almacenamiento-y-alimentacion\/\" \/>\n<meta property=\"og:locale\" content=\"es_ES\" \/>\n<meta property=\"og:type\" content=\"article\" \/>\n<meta property=\"og:title\" content=\"ESTACI\u00d3N DE ALMACENAMIENTO Y ALIMENTACI\u00d3N - De Lorenzo Training &amp; Didactical Equipment\" \/>\n<meta property=\"og:description\" content=\"Con la nueva revoluci\u00f3n industrial, el software, el hardware y los procesos se integran de modo que una producci\u00f3n \u201cPush\u201d (fabricada primero y luego vendida) se convierte en una producci\u00f3n \u201cPull\u201d (solo se fabrica lo que solicita el consumidor). La transformaci\u00f3n digital aplicada a la industria se caracteriza por la interacci\u00f3n total entre los elementos [&hellip;]\" \/>\n<meta property=\"og:url\" content=\"https:\/\/delorenzoglobal.com\/es\/producto\/estacion-de-almacenamiento-y-alimentacion\/\" \/>\n<meta property=\"og:site_name\" content=\"De Lorenzo Training &amp; Didactical Equipment\" \/>\n<meta property=\"article:modified_time\" content=\"2025-01-15T07:54:02+00:00\" \/>\n<meta property=\"og:image\" content=\"https:\/\/delorenzoglobal.com\/wp-content\/uploads\/2024\/03\/DL-I4.0-ST1-STORAGE-AND-POWER-STATION.jpg\" \/>\n\t<meta property=\"og:image:width\" content=\"474\" \/>\n\t<meta property=\"og:image:height\" content=\"836\" \/>\n\t<meta property=\"og:image:type\" content=\"image\/jpeg\" \/>\n<meta name=\"twitter:card\" content=\"summary_large_image\" \/>\n<meta name=\"twitter:label1\" content=\"Tiempo de lectura\" \/>\n\t<meta name=\"twitter:data1\" content=\"2 minutos\" \/>\n<script type=\"application\/ld+json\" class=\"yoast-schema-graph\">{\"@context\":\"https:\\\/\\\/schema.org\",\"@graph\":[{\"@type\":\"WebPage\",\"@id\":\"https:\\\/\\\/delorenzoglobal.com\\\/es\\\/producto\\\/estacion-de-almacenamiento-y-alimentacion\\\/\",\"url\":\"https:\\\/\\\/delorenzoglobal.com\\\/es\\\/producto\\\/estacion-de-almacenamiento-y-alimentacion\\\/\",\"name\":\"ESTACI\u00d3N DE ALMACENAMIENTO Y ALIMENTACI\u00d3N - De Lorenzo Training &amp; Didactical Equipment\",\"isPartOf\":{\"@id\":\"https:\\\/\\\/delorenzoglobal.com\\\/es\\\/#website\"},\"primaryImageOfPage\":{\"@id\":\"https:\\\/\\\/delorenzoglobal.com\\\/es\\\/producto\\\/estacion-de-almacenamiento-y-alimentacion\\\/#primaryimage\"},\"image\":{\"@id\":\"https:\\\/\\\/delorenzoglobal.com\\\/es\\\/producto\\\/estacion-de-almacenamiento-y-alimentacion\\\/#primaryimage\"},\"thumbnailUrl\":\"https:\\\/\\\/delorenzoglobal.com\\\/wp-content\\\/uploads\\\/2024\\\/03\\\/DL-I4.0-ST1-STORAGE-AND-POWER-STATION.jpg\",\"datePublished\":\"2024-04-08T06:51:29+00:00\",\"dateModified\":\"2025-01-15T07:54:02+00:00\",\"breadcrumb\":{\"@id\":\"https:\\\/\\\/delorenzoglobal.com\\\/es\\\/producto\\\/estacion-de-almacenamiento-y-alimentacion\\\/#breadcrumb\"},\"inLanguage\":\"es\",\"potentialAction\":[{\"@type\":\"ReadAction\",\"target\":[\"https:\\\/\\\/delorenzoglobal.com\\\/es\\\/producto\\\/estacion-de-almacenamiento-y-alimentacion\\\/\"]}]},{\"@type\":\"ImageObject\",\"inLanguage\":\"es\",\"@id\":\"https:\\\/\\\/delorenzoglobal.com\\\/es\\\/producto\\\/estacion-de-almacenamiento-y-alimentacion\\\/#primaryimage\",\"url\":\"https:\\\/\\\/delorenzoglobal.com\\\/wp-content\\\/uploads\\\/2024\\\/03\\\/DL-I4.0-ST1-STORAGE-AND-POWER-STATION.jpg\",\"contentUrl\":\"https:\\\/\\\/delorenzoglobal.com\\\/wp-content\\\/uploads\\\/2024\\\/03\\\/DL-I4.0-ST1-STORAGE-AND-POWER-STATION.jpg\",\"width\":474,\"height\":836},{\"@type\":\"BreadcrumbList\",\"@id\":\"https:\\\/\\\/delorenzoglobal.com\\\/es\\\/producto\\\/estacion-de-almacenamiento-y-alimentacion\\\/#breadcrumb\",\"itemListElement\":[{\"@type\":\"ListItem\",\"position\":1,\"name\":\"Home\",\"item\":\"https:\\\/\\\/delorenzoglobal.com\\\/es\\\/\"},{\"@type\":\"ListItem\",\"position\":2,\"name\":\"Tienda\",\"item\":\"https:\\\/\\\/delorenzoglobal.com\\\/es\\\/tienda\\\/\"},{\"@type\":\"ListItem\",\"position\":3,\"name\":\"ESTACI\u00d3N DE ALMACENAMIENTO Y ALIMENTACI\u00d3N\"}]},{\"@type\":\"WebSite\",\"@id\":\"https:\\\/\\\/delorenzoglobal.com\\\/es\\\/#website\",\"url\":\"https:\\\/\\\/delorenzoglobal.com\\\/es\\\/\",\"name\":\"De Lorenzo Training &amp; Didactical Equipment\",\"description\":\"\",\"potentialAction\":[{\"@type\":\"SearchAction\",\"target\":{\"@type\":\"EntryPoint\",\"urlTemplate\":\"https:\\\/\\\/delorenzoglobal.com\\\/es\\\/?s={search_term_string}\"},\"query-input\":{\"@type\":\"PropertyValueSpecification\",\"valueRequired\":true,\"valueName\":\"search_term_string\"}}],\"inLanguage\":\"es\"}]}<\/script>\n<!-- \/ Yoast SEO plugin. -->","yoast_head_json":{"title":"ESTACI\u00d3N DE ALMACENAMIENTO Y ALIMENTACI\u00d3N - De Lorenzo Training &amp; Didactical Equipment","robots":{"index":"index","follow":"follow","max-snippet":"max-snippet:-1","max-image-preview":"max-image-preview:large","max-video-preview":"max-video-preview:-1"},"canonical":"https:\/\/delorenzoglobal.com\/es\/producto\/estacion-de-almacenamiento-y-alimentacion\/","og_locale":"es_ES","og_type":"article","og_title":"ESTACI\u00d3N DE ALMACENAMIENTO Y ALIMENTACI\u00d3N - De Lorenzo Training &amp; Didactical Equipment","og_description":"Con la nueva revoluci\u00f3n industrial, el software, el hardware y los procesos se integran de modo que una producci\u00f3n \u201cPush\u201d (fabricada primero y luego vendida) se convierte en una producci\u00f3n \u201cPull\u201d (solo se fabrica lo que solicita el consumidor). La transformaci\u00f3n digital aplicada a la industria se caracteriza por la interacci\u00f3n total entre los elementos [&hellip;]","og_url":"https:\/\/delorenzoglobal.com\/es\/producto\/estacion-de-almacenamiento-y-alimentacion\/","og_site_name":"De Lorenzo Training &amp; Didactical Equipment","article_modified_time":"2025-01-15T07:54:02+00:00","og_image":[{"width":474,"height":836,"url":"https:\/\/delorenzoglobal.com\/wp-content\/uploads\/2024\/03\/DL-I4.0-ST1-STORAGE-AND-POWER-STATION.jpg","type":"image\/jpeg"}],"twitter_card":"summary_large_image","twitter_misc":{"Tiempo de lectura":"2 minutos"},"schema":{"@context":"https:\/\/schema.org","@graph":[{"@type":"WebPage","@id":"https:\/\/delorenzoglobal.com\/es\/producto\/estacion-de-almacenamiento-y-alimentacion\/","url":"https:\/\/delorenzoglobal.com\/es\/producto\/estacion-de-almacenamiento-y-alimentacion\/","name":"ESTACI\u00d3N DE ALMACENAMIENTO Y ALIMENTACI\u00d3N - De Lorenzo Training &amp; Didactical Equipment","isPartOf":{"@id":"https:\/\/delorenzoglobal.com\/es\/#website"},"primaryImageOfPage":{"@id":"https:\/\/delorenzoglobal.com\/es\/producto\/estacion-de-almacenamiento-y-alimentacion\/#primaryimage"},"image":{"@id":"https:\/\/delorenzoglobal.com\/es\/producto\/estacion-de-almacenamiento-y-alimentacion\/#primaryimage"},"thumbnailUrl":"https:\/\/delorenzoglobal.com\/wp-content\/uploads\/2024\/03\/DL-I4.0-ST1-STORAGE-AND-POWER-STATION.jpg","datePublished":"2024-04-08T06:51:29+00:00","dateModified":"2025-01-15T07:54:02+00:00","breadcrumb":{"@id":"https:\/\/delorenzoglobal.com\/es\/producto\/estacion-de-almacenamiento-y-alimentacion\/#breadcrumb"},"inLanguage":"es","potentialAction":[{"@type":"ReadAction","target":["https:\/\/delorenzoglobal.com\/es\/producto\/estacion-de-almacenamiento-y-alimentacion\/"]}]},{"@type":"ImageObject","inLanguage":"es","@id":"https:\/\/delorenzoglobal.com\/es\/producto\/estacion-de-almacenamiento-y-alimentacion\/#primaryimage","url":"https:\/\/delorenzoglobal.com\/wp-content\/uploads\/2024\/03\/DL-I4.0-ST1-STORAGE-AND-POWER-STATION.jpg","contentUrl":"https:\/\/delorenzoglobal.com\/wp-content\/uploads\/2024\/03\/DL-I4.0-ST1-STORAGE-AND-POWER-STATION.jpg","width":474,"height":836},{"@type":"BreadcrumbList","@id":"https:\/\/delorenzoglobal.com\/es\/producto\/estacion-de-almacenamiento-y-alimentacion\/#breadcrumb","itemListElement":[{"@type":"ListItem","position":1,"name":"Home","item":"https:\/\/delorenzoglobal.com\/es\/"},{"@type":"ListItem","position":2,"name":"Tienda","item":"https:\/\/delorenzoglobal.com\/es\/tienda\/"},{"@type":"ListItem","position":3,"name":"ESTACI\u00d3N DE ALMACENAMIENTO Y ALIMENTACI\u00d3N"}]},{"@type":"WebSite","@id":"https:\/\/delorenzoglobal.com\/es\/#website","url":"https:\/\/delorenzoglobal.com\/es\/","name":"De Lorenzo Training &amp; Didactical Equipment","description":"","potentialAction":[{"@type":"SearchAction","target":{"@type":"EntryPoint","urlTemplate":"https:\/\/delorenzoglobal.com\/es\/?s={search_term_string}"},"query-input":{"@type":"PropertyValueSpecification","valueRequired":true,"valueName":"search_term_string"}}],"inLanguage":"es"}]}},"_links":{"self":[{"href":"https:\/\/delorenzoglobal.com\/es\/wp-json\/wp\/v2\/product\/366","targetHints":{"allow":["GET"]}}],"collection":[{"href":"https:\/\/delorenzoglobal.com\/es\/wp-json\/wp\/v2\/product"}],"about":[{"href":"https:\/\/delorenzoglobal.com\/es\/wp-json\/wp\/v2\/types\/product"}],"wp:featuredmedia":[{"embeddable":true,"href":"https:\/\/delorenzoglobal.com\/es\/wp-json\/wp\/v2\/media\/36049"}],"wp:attachment":[{"href":"https:\/\/delorenzoglobal.com\/es\/wp-json\/wp\/v2\/media?parent=366"}],"wp:term":[{"taxonomy":"product_brand","embeddable":true,"href":"https:\/\/delorenzoglobal.com\/es\/wp-json\/wp\/v2\/product_brand?post=366"},{"taxonomy":"product_cat","embeddable":true,"href":"https:\/\/delorenzoglobal.com\/es\/wp-json\/wp\/v2\/product_cat?post=366"},{"taxonomy":"product_tag","embeddable":true,"href":"https:\/\/delorenzoglobal.com\/es\/wp-json\/wp\/v2\/product_tag?post=366"}],"curies":[{"name":"wp","href":"https:\/\/api.w.org\/{rel}","templated":true}]}}