{"id":3625,"date":"2024-04-11T08:51:50","date_gmt":"2024-04-11T06:51:50","guid":{"rendered":"https:\/\/delorenzoglobal.com\/?post_type=product&#038;p=3625"},"modified":"2025-01-21T14:58:42","modified_gmt":"2025-01-21T13:58:42","slug":"fundamentos-de-transistores-fet","status":"publish","type":"product","link":"https:\/\/delorenzoglobal.com\/es\/producto\/fundamentos-de-transistores-fet\/","title":{"rendered":"FUNDAMENTOS DE TRANSISTORES FET"},"content":{"rendered":"<p>El dise\u00f1o y construcci\u00f3n de circuitos electr\u00f3nicos para la resoluci\u00f3n de problemas pr\u00e1cticos es una t\u00e9cnica fundamental en los campos de la ingenier\u00eda electr\u00f3nica y la ingenier\u00eda inform\u00e1tica.<\/p>\n<p>Con esta placa los alumnos pueden estudiar las caracter\u00edsticas del transistor JFET con variantes como MOSFET y UJT y su aplicaci\u00f3n como en osciladores Colpitts y Harley, en sensores de termistor y fotorresistencia y en el transmisor \/ receptor de luz a trav\u00e9s de la fibra \u00f3ptica.<\/p>\n","protected":false},"excerpt":{"rendered":"<p>El dise\u00f1o y construcci\u00f3n de circuitos electr\u00f3nicos para la resoluci\u00f3n de problemas pr\u00e1cticos es una t\u00e9cnica fundamental en los campos de la ingenier\u00eda electr\u00f3nica y la ingenier\u00eda inform\u00e1tica. Con esta placa los alumnos pueden estudiar las caracter\u00edsticas del transistor JFET con variantes como MOSFET y UJT y su aplicaci\u00f3n como en osciladores Colpitts y Harley, [&hellip;]<\/p>\n","protected":false},"featured_media":3586,"template":"","meta":{"_acf_changed":false},"product_brand":[],"product_cat":[221],"product_tag":[],"class_list":{"0":"post-3625","1":"product","2":"type-product","3":"status-publish","4":"has-post-thumbnail","6":"product_cat-dispositivos-electronicos","8":"first","9":"instock","10":"shipping-taxable","11":"product-type-simple"},"acf":[],"yoast_head":"<!-- This site is optimized with the Yoast SEO plugin v27.0 - https:\/\/yoast.com\/product\/yoast-seo-wordpress\/ -->\n<title>FUNDAMENTOS DE TRANSISTORES FET - De Lorenzo Training &amp; Didactical Equipment<\/title>\n<meta name=\"robots\" content=\"index, follow, max-snippet:-1, max-image-preview:large, max-video-preview:-1\" \/>\n<link rel=\"canonical\" href=\"https:\/\/delorenzoglobal.com\/es\/producto\/fundamentos-de-transistores-fet\/\" \/>\n<meta property=\"og:locale\" content=\"es_ES\" \/>\n<meta property=\"og:type\" content=\"article\" \/>\n<meta property=\"og:title\" content=\"FUNDAMENTOS DE TRANSISTORES FET - De Lorenzo Training &amp; Didactical Equipment\" \/>\n<meta property=\"og:description\" content=\"El dise\u00f1o y construcci\u00f3n de circuitos electr\u00f3nicos para la resoluci\u00f3n de problemas pr\u00e1cticos es una t\u00e9cnica fundamental en los campos de la ingenier\u00eda electr\u00f3nica y la ingenier\u00eda inform\u00e1tica. Con esta placa los alumnos pueden estudiar las caracter\u00edsticas del transistor JFET con variantes como MOSFET y UJT y su aplicaci\u00f3n como en osciladores Colpitts y Harley, [&hellip;]\" \/>\n<meta property=\"og:url\" content=\"https:\/\/delorenzoglobal.com\/es\/producto\/fundamentos-de-transistores-fet\/\" \/>\n<meta property=\"og:site_name\" content=\"De Lorenzo Training &amp; Didactical Equipment\" \/>\n<meta property=\"article:modified_time\" content=\"2025-01-21T13:58:42+00:00\" \/>\n<meta property=\"og:image\" content=\"https:\/\/delorenzoglobal.com\/wp-content\/uploads\/2024\/04\/DL-3155E18-scaled.jpg\" \/>\n\t<meta property=\"og:image:width\" content=\"2560\" \/>\n\t<meta property=\"og:image:height\" content=\"2216\" \/>\n\t<meta property=\"og:image:type\" content=\"image\/jpeg\" \/>\n<meta name=\"twitter:card\" content=\"summary_large_image\" \/>\n<meta name=\"twitter:label1\" content=\"Tiempo de lectura\" \/>\n\t<meta name=\"twitter:data1\" content=\"1 minuto\" \/>\n<script type=\"application\/ld+json\" class=\"yoast-schema-graph\">{\"@context\":\"https:\/\/schema.org\",\"@graph\":[{\"@type\":\"WebPage\",\"@id\":\"https:\/\/delorenzoglobal.com\/es\/producto\/fundamentos-de-transistores-fet\/\",\"url\":\"https:\/\/delorenzoglobal.com\/es\/producto\/fundamentos-de-transistores-fet\/\",\"name\":\"FUNDAMENTOS DE TRANSISTORES FET - De Lorenzo Training &amp; Didactical Equipment\",\"isPartOf\":{\"@id\":\"https:\/\/delorenzoglobal.com\/es\/#website\"},\"primaryImageOfPage\":{\"@id\":\"https:\/\/delorenzoglobal.com\/es\/producto\/fundamentos-de-transistores-fet\/#primaryimage\"},\"image\":{\"@id\":\"https:\/\/delorenzoglobal.com\/es\/producto\/fundamentos-de-transistores-fet\/#primaryimage\"},\"thumbnailUrl\":\"https:\/\/delorenzoglobal.com\/wp-content\/uploads\/2024\/04\/DL-3155E18-scaled.jpg\",\"datePublished\":\"2024-04-11T06:51:50+00:00\",\"dateModified\":\"2025-01-21T13:58:42+00:00\",\"breadcrumb\":{\"@id\":\"https:\/\/delorenzoglobal.com\/es\/producto\/fundamentos-de-transistores-fet\/#breadcrumb\"},\"inLanguage\":\"es\",\"potentialAction\":[{\"@type\":\"ReadAction\",\"target\":[\"https:\/\/delorenzoglobal.com\/es\/producto\/fundamentos-de-transistores-fet\/\"]}]},{\"@type\":\"ImageObject\",\"inLanguage\":\"es\",\"@id\":\"https:\/\/delorenzoglobal.com\/es\/producto\/fundamentos-de-transistores-fet\/#primaryimage\",\"url\":\"https:\/\/delorenzoglobal.com\/wp-content\/uploads\/2024\/04\/DL-3155E18-scaled.jpg\",\"contentUrl\":\"https:\/\/delorenzoglobal.com\/wp-content\/uploads\/2024\/04\/DL-3155E18-scaled.jpg\",\"width\":2560,\"height\":2216},{\"@type\":\"BreadcrumbList\",\"@id\":\"https:\/\/delorenzoglobal.com\/es\/producto\/fundamentos-de-transistores-fet\/#breadcrumb\",\"itemListElement\":[{\"@type\":\"ListItem\",\"position\":1,\"name\":\"Home\",\"item\":\"https:\/\/delorenzoglobal.com\/es\/\"},{\"@type\":\"ListItem\",\"position\":2,\"name\":\"Tienda\",\"item\":\"https:\/\/delorenzoglobal.com\/es\/tienda\/\"},{\"@type\":\"ListItem\",\"position\":3,\"name\":\"FUNDAMENTOS DE TRANSISTORES FET\"}]},{\"@type\":\"WebSite\",\"@id\":\"https:\/\/delorenzoglobal.com\/es\/#website\",\"url\":\"https:\/\/delorenzoglobal.com\/es\/\",\"name\":\"De Lorenzo Training &amp; Didactical Equipment\",\"description\":\"\",\"potentialAction\":[{\"@type\":\"SearchAction\",\"target\":{\"@type\":\"EntryPoint\",\"urlTemplate\":\"https:\/\/delorenzoglobal.com\/es\/?s={search_term_string}\"},\"query-input\":{\"@type\":\"PropertyValueSpecification\",\"valueRequired\":true,\"valueName\":\"search_term_string\"}}],\"inLanguage\":\"es\"}]}<\/script>\n<!-- \/ Yoast SEO plugin. -->","yoast_head_json":{"title":"FUNDAMENTOS DE TRANSISTORES FET - De Lorenzo Training &amp; Didactical Equipment","robots":{"index":"index","follow":"follow","max-snippet":"max-snippet:-1","max-image-preview":"max-image-preview:large","max-video-preview":"max-video-preview:-1"},"canonical":"https:\/\/delorenzoglobal.com\/es\/producto\/fundamentos-de-transistores-fet\/","og_locale":"es_ES","og_type":"article","og_title":"FUNDAMENTOS DE TRANSISTORES FET - De Lorenzo Training &amp; Didactical Equipment","og_description":"El dise\u00f1o y construcci\u00f3n de circuitos electr\u00f3nicos para la resoluci\u00f3n de problemas pr\u00e1cticos es una t\u00e9cnica fundamental en los campos de la ingenier\u00eda electr\u00f3nica y la ingenier\u00eda inform\u00e1tica. Con esta placa los alumnos pueden estudiar las caracter\u00edsticas del transistor JFET con variantes como MOSFET y UJT y su aplicaci\u00f3n como en osciladores Colpitts y Harley, [&hellip;]","og_url":"https:\/\/delorenzoglobal.com\/es\/producto\/fundamentos-de-transistores-fet\/","og_site_name":"De Lorenzo Training &amp; Didactical Equipment","article_modified_time":"2025-01-21T13:58:42+00:00","og_image":[{"width":2560,"height":2216,"url":"https:\/\/delorenzoglobal.com\/wp-content\/uploads\/2024\/04\/DL-3155E18-scaled.jpg","type":"image\/jpeg"}],"twitter_card":"summary_large_image","twitter_misc":{"Tiempo de lectura":"1 minuto"},"schema":{"@context":"https:\/\/schema.org","@graph":[{"@type":"WebPage","@id":"https:\/\/delorenzoglobal.com\/es\/producto\/fundamentos-de-transistores-fet\/","url":"https:\/\/delorenzoglobal.com\/es\/producto\/fundamentos-de-transistores-fet\/","name":"FUNDAMENTOS DE TRANSISTORES FET - De Lorenzo Training &amp; Didactical Equipment","isPartOf":{"@id":"https:\/\/delorenzoglobal.com\/es\/#website"},"primaryImageOfPage":{"@id":"https:\/\/delorenzoglobal.com\/es\/producto\/fundamentos-de-transistores-fet\/#primaryimage"},"image":{"@id":"https:\/\/delorenzoglobal.com\/es\/producto\/fundamentos-de-transistores-fet\/#primaryimage"},"thumbnailUrl":"https:\/\/delorenzoglobal.com\/wp-content\/uploads\/2024\/04\/DL-3155E18-scaled.jpg","datePublished":"2024-04-11T06:51:50+00:00","dateModified":"2025-01-21T13:58:42+00:00","breadcrumb":{"@id":"https:\/\/delorenzoglobal.com\/es\/producto\/fundamentos-de-transistores-fet\/#breadcrumb"},"inLanguage":"es","potentialAction":[{"@type":"ReadAction","target":["https:\/\/delorenzoglobal.com\/es\/producto\/fundamentos-de-transistores-fet\/"]}]},{"@type":"ImageObject","inLanguage":"es","@id":"https:\/\/delorenzoglobal.com\/es\/producto\/fundamentos-de-transistores-fet\/#primaryimage","url":"https:\/\/delorenzoglobal.com\/wp-content\/uploads\/2024\/04\/DL-3155E18-scaled.jpg","contentUrl":"https:\/\/delorenzoglobal.com\/wp-content\/uploads\/2024\/04\/DL-3155E18-scaled.jpg","width":2560,"height":2216},{"@type":"BreadcrumbList","@id":"https:\/\/delorenzoglobal.com\/es\/producto\/fundamentos-de-transistores-fet\/#breadcrumb","itemListElement":[{"@type":"ListItem","position":1,"name":"Home","item":"https:\/\/delorenzoglobal.com\/es\/"},{"@type":"ListItem","position":2,"name":"Tienda","item":"https:\/\/delorenzoglobal.com\/es\/tienda\/"},{"@type":"ListItem","position":3,"name":"FUNDAMENTOS DE TRANSISTORES FET"}]},{"@type":"WebSite","@id":"https:\/\/delorenzoglobal.com\/es\/#website","url":"https:\/\/delorenzoglobal.com\/es\/","name":"De Lorenzo Training &amp; Didactical Equipment","description":"","potentialAction":[{"@type":"SearchAction","target":{"@type":"EntryPoint","urlTemplate":"https:\/\/delorenzoglobal.com\/es\/?s={search_term_string}"},"query-input":{"@type":"PropertyValueSpecification","valueRequired":true,"valueName":"search_term_string"}}],"inLanguage":"es"}]}},"_links":{"self":[{"href":"https:\/\/delorenzoglobal.com\/es\/wp-json\/wp\/v2\/product\/3625","targetHints":{"allow":["GET"]}}],"collection":[{"href":"https:\/\/delorenzoglobal.com\/es\/wp-json\/wp\/v2\/product"}],"about":[{"href":"https:\/\/delorenzoglobal.com\/es\/wp-json\/wp\/v2\/types\/product"}],"wp:featuredmedia":[{"embeddable":true,"href":"https:\/\/delorenzoglobal.com\/es\/wp-json\/wp\/v2\/media\/3586"}],"wp:attachment":[{"href":"https:\/\/delorenzoglobal.com\/es\/wp-json\/wp\/v2\/media?parent=3625"}],"wp:term":[{"taxonomy":"product_brand","embeddable":true,"href":"https:\/\/delorenzoglobal.com\/es\/wp-json\/wp\/v2\/product_brand?post=3625"},{"taxonomy":"product_cat","embeddable":true,"href":"https:\/\/delorenzoglobal.com\/es\/wp-json\/wp\/v2\/product_cat?post=3625"},{"taxonomy":"product_tag","embeddable":true,"href":"https:\/\/delorenzoglobal.com\/es\/wp-json\/wp\/v2\/product_tag?post=3625"}],"curies":[{"name":"wp","href":"https:\/\/api.w.org\/{rel}","templated":true}]}}