{"id":3456,"date":"2024-04-10T16:36:26","date_gmt":"2024-04-10T14:36:26","guid":{"rendered":"https:\/\/delorenzoglobal.com\/?post_type=product&#038;p=3456"},"modified":"2026-03-20T12:15:05","modified_gmt":"2026-03-20T11:15:05","slug":"entrenador-de-energia-solar-eolica-de-celdas-de-combustible","status":"publish","type":"product","link":"https:\/\/delorenzoglobal.com\/es\/producto\/entrenador-de-energia-solar-eolica-de-celdas-de-combustible\/","title":{"rendered":"ENTRENADOR DE ENERG\u00cdA SOLAR-E\u00d3LICA-DE CELDAS DE COMBUSTIBLE"},"content":{"rendered":"<p>Este entrenador ha sido dise\u00f1ado para el estudio de fuentes de energ\u00edas renovables: energ\u00eda solar, energ\u00eda e\u00f3lica y sistemas de celdas de combustible de hidr\u00f3geno.<\/p>\n<p>Incluye cables de conexi\u00f3n, manual de experimentos, conexi\u00f3n a PC a trav\u00e9s del puerto serie RS485 y software para la adquisici\u00f3n y visualizaci\u00f3n de datos.<\/p>\n","protected":false},"excerpt":{"rendered":"<p>Este entrenador ha sido dise\u00f1ado para el estudio de fuentes de energ\u00edas renovables: energ\u00eda solar, energ\u00eda e\u00f3lica y sistemas de celdas de combustible de hidr\u00f3geno. Incluye cables de conexi\u00f3n, manual de experimentos, conexi\u00f3n a PC a trav\u00e9s del puerto serie RS485 y software para la adquisici\u00f3n y visualizaci\u00f3n de datos.<\/p>\n","protected":false},"featured_media":3445,"template":"","meta":{"_acf_changed":false},"product_brand":[],"product_cat":[242],"product_tag":[],"class_list":{"0":"post-3456","1":"product","2":"type-product","3":"status-publish","4":"has-post-thumbnail","6":"product_cat-sistemas-de-introduccion-basica","8":"first","9":"instock","10":"shipping-taxable","11":"product-type-simple"},"acf":[],"yoast_head":"<!-- This site is optimized with the Yoast SEO plugin v27.0 - https:\/\/yoast.com\/product\/yoast-seo-wordpress\/ -->\n<title>ENTRENADOR DE ENERG\u00cdA SOLAR-E\u00d3LICA-DE CELDAS DE COMBUSTIBLE - De Lorenzo Training &amp; Didactical Equipment<\/title>\n<meta name=\"robots\" content=\"index, follow, max-snippet:-1, max-image-preview:large, max-video-preview:-1\" \/>\n<link rel=\"canonical\" href=\"https:\/\/delorenzoglobal.com\/es\/producto\/entrenador-de-energia-solar-eolica-de-celdas-de-combustible\/\" \/>\n<meta property=\"og:locale\" content=\"es_ES\" \/>\n<meta property=\"og:type\" content=\"article\" \/>\n<meta property=\"og:title\" content=\"ENTRENADOR DE ENERG\u00cdA SOLAR-E\u00d3LICA-DE CELDAS DE COMBUSTIBLE - De Lorenzo Training &amp; Didactical Equipment\" \/>\n<meta property=\"og:description\" content=\"Este entrenador ha sido dise\u00f1ado para el estudio de fuentes de energ\u00edas renovables: energ\u00eda solar, energ\u00eda e\u00f3lica y sistemas de celdas de combustible de hidr\u00f3geno. Incluye cables de conexi\u00f3n, manual de experimentos, conexi\u00f3n a PC a trav\u00e9s del puerto serie RS485 y software para la adquisici\u00f3n y visualizaci\u00f3n de datos.\" \/>\n<meta property=\"og:url\" content=\"https:\/\/delorenzoglobal.com\/es\/producto\/entrenador-de-energia-solar-eolica-de-celdas-de-combustible\/\" \/>\n<meta property=\"og:site_name\" content=\"De Lorenzo Training &amp; Didactical Equipment\" \/>\n<meta property=\"article:modified_time\" content=\"2026-03-20T11:15:05+00:00\" \/>\n<meta property=\"og:image\" content=\"https:\/\/delorenzoglobal.com\/wp-content\/uploads\/2024\/04\/DL-GREENKIT-1024x794.png\" \/>\n\t<meta property=\"og:image:width\" content=\"1024\" \/>\n\t<meta property=\"og:image:height\" content=\"794\" \/>\n\t<meta property=\"og:image:type\" content=\"image\/png\" \/>\n<meta name=\"twitter:card\" content=\"summary_large_image\" \/>\n<meta name=\"twitter:label1\" content=\"Tiempo de lectura\" \/>\n\t<meta name=\"twitter:data1\" content=\"1 minuto\" \/>\n<script type=\"application\/ld+json\" class=\"yoast-schema-graph\">{\"@context\":\"https:\/\/schema.org\",\"@graph\":[{\"@type\":\"WebPage\",\"@id\":\"https:\/\/delorenzoglobal.com\/es\/producto\/entrenador-de-energia-solar-eolica-de-celdas-de-combustible\/\",\"url\":\"https:\/\/delorenzoglobal.com\/es\/producto\/entrenador-de-energia-solar-eolica-de-celdas-de-combustible\/\",\"name\":\"ENTRENADOR DE ENERG\u00cdA SOLAR-E\u00d3LICA-DE CELDAS DE COMBUSTIBLE - De Lorenzo Training &amp; Didactical Equipment\",\"isPartOf\":{\"@id\":\"https:\/\/delorenzoglobal.com\/es\/#website\"},\"primaryImageOfPage\":{\"@id\":\"https:\/\/delorenzoglobal.com\/es\/producto\/entrenador-de-energia-solar-eolica-de-celdas-de-combustible\/#primaryimage\"},\"image\":{\"@id\":\"https:\/\/delorenzoglobal.com\/es\/producto\/entrenador-de-energia-solar-eolica-de-celdas-de-combustible\/#primaryimage\"},\"thumbnailUrl\":\"https:\/\/delorenzoglobal.com\/wp-content\/uploads\/2024\/04\/DL-GREENKIT.png\",\"datePublished\":\"2024-04-10T14:36:26+00:00\",\"dateModified\":\"2026-03-20T11:15:05+00:00\",\"breadcrumb\":{\"@id\":\"https:\/\/delorenzoglobal.com\/es\/producto\/entrenador-de-energia-solar-eolica-de-celdas-de-combustible\/#breadcrumb\"},\"inLanguage\":\"es\",\"potentialAction\":[{\"@type\":\"ReadAction\",\"target\":[\"https:\/\/delorenzoglobal.com\/es\/producto\/entrenador-de-energia-solar-eolica-de-celdas-de-combustible\/\"]}]},{\"@type\":\"ImageObject\",\"inLanguage\":\"es\",\"@id\":\"https:\/\/delorenzoglobal.com\/es\/producto\/entrenador-de-energia-solar-eolica-de-celdas-de-combustible\/#primaryimage\",\"url\":\"https:\/\/delorenzoglobal.com\/wp-content\/uploads\/2024\/04\/DL-GREENKIT.png\",\"contentUrl\":\"https:\/\/delorenzoglobal.com\/wp-content\/uploads\/2024\/04\/DL-GREENKIT.png\",\"width\":4492,\"height\":3484},{\"@type\":\"BreadcrumbList\",\"@id\":\"https:\/\/delorenzoglobal.com\/es\/producto\/entrenador-de-energia-solar-eolica-de-celdas-de-combustible\/#breadcrumb\",\"itemListElement\":[{\"@type\":\"ListItem\",\"position\":1,\"name\":\"Home\",\"item\":\"https:\/\/delorenzoglobal.com\/es\/\"},{\"@type\":\"ListItem\",\"position\":2,\"name\":\"Tienda\",\"item\":\"https:\/\/delorenzoglobal.com\/es\/tienda\/\"},{\"@type\":\"ListItem\",\"position\":3,\"name\":\"ENTRENADOR DE ENERG\u00cdA SOLAR-E\u00d3LICA-DE CELDAS DE COMBUSTIBLE\"}]},{\"@type\":\"WebSite\",\"@id\":\"https:\/\/delorenzoglobal.com\/es\/#website\",\"url\":\"https:\/\/delorenzoglobal.com\/es\/\",\"name\":\"De Lorenzo Training &amp; Didactical Equipment\",\"description\":\"\",\"potentialAction\":[{\"@type\":\"SearchAction\",\"target\":{\"@type\":\"EntryPoint\",\"urlTemplate\":\"https:\/\/delorenzoglobal.com\/es\/?s={search_term_string}\"},\"query-input\":{\"@type\":\"PropertyValueSpecification\",\"valueRequired\":true,\"valueName\":\"search_term_string\"}}],\"inLanguage\":\"es\"}]}<\/script>\n<!-- \/ Yoast SEO plugin. -->","yoast_head_json":{"title":"ENTRENADOR DE ENERG\u00cdA SOLAR-E\u00d3LICA-DE CELDAS DE COMBUSTIBLE - De Lorenzo Training &amp; Didactical Equipment","robots":{"index":"index","follow":"follow","max-snippet":"max-snippet:-1","max-image-preview":"max-image-preview:large","max-video-preview":"max-video-preview:-1"},"canonical":"https:\/\/delorenzoglobal.com\/es\/producto\/entrenador-de-energia-solar-eolica-de-celdas-de-combustible\/","og_locale":"es_ES","og_type":"article","og_title":"ENTRENADOR DE ENERG\u00cdA SOLAR-E\u00d3LICA-DE CELDAS DE COMBUSTIBLE - De Lorenzo Training &amp; Didactical Equipment","og_description":"Este entrenador ha sido dise\u00f1ado para el estudio de fuentes de energ\u00edas renovables: energ\u00eda solar, energ\u00eda e\u00f3lica y sistemas de celdas de combustible de hidr\u00f3geno. Incluye cables de conexi\u00f3n, manual de experimentos, conexi\u00f3n a PC a trav\u00e9s del puerto serie RS485 y software para la adquisici\u00f3n y visualizaci\u00f3n de datos.","og_url":"https:\/\/delorenzoglobal.com\/es\/producto\/entrenador-de-energia-solar-eolica-de-celdas-de-combustible\/","og_site_name":"De Lorenzo Training &amp; Didactical Equipment","article_modified_time":"2026-03-20T11:15:05+00:00","og_image":[{"width":1024,"height":794,"url":"https:\/\/delorenzoglobal.com\/wp-content\/uploads\/2024\/04\/DL-GREENKIT-1024x794.png","type":"image\/png"}],"twitter_card":"summary_large_image","twitter_misc":{"Tiempo de lectura":"1 minuto"},"schema":{"@context":"https:\/\/schema.org","@graph":[{"@type":"WebPage","@id":"https:\/\/delorenzoglobal.com\/es\/producto\/entrenador-de-energia-solar-eolica-de-celdas-de-combustible\/","url":"https:\/\/delorenzoglobal.com\/es\/producto\/entrenador-de-energia-solar-eolica-de-celdas-de-combustible\/","name":"ENTRENADOR DE ENERG\u00cdA SOLAR-E\u00d3LICA-DE CELDAS DE COMBUSTIBLE - De Lorenzo Training &amp; Didactical Equipment","isPartOf":{"@id":"https:\/\/delorenzoglobal.com\/es\/#website"},"primaryImageOfPage":{"@id":"https:\/\/delorenzoglobal.com\/es\/producto\/entrenador-de-energia-solar-eolica-de-celdas-de-combustible\/#primaryimage"},"image":{"@id":"https:\/\/delorenzoglobal.com\/es\/producto\/entrenador-de-energia-solar-eolica-de-celdas-de-combustible\/#primaryimage"},"thumbnailUrl":"https:\/\/delorenzoglobal.com\/wp-content\/uploads\/2024\/04\/DL-GREENKIT.png","datePublished":"2024-04-10T14:36:26+00:00","dateModified":"2026-03-20T11:15:05+00:00","breadcrumb":{"@id":"https:\/\/delorenzoglobal.com\/es\/producto\/entrenador-de-energia-solar-eolica-de-celdas-de-combustible\/#breadcrumb"},"inLanguage":"es","potentialAction":[{"@type":"ReadAction","target":["https:\/\/delorenzoglobal.com\/es\/producto\/entrenador-de-energia-solar-eolica-de-celdas-de-combustible\/"]}]},{"@type":"ImageObject","inLanguage":"es","@id":"https:\/\/delorenzoglobal.com\/es\/producto\/entrenador-de-energia-solar-eolica-de-celdas-de-combustible\/#primaryimage","url":"https:\/\/delorenzoglobal.com\/wp-content\/uploads\/2024\/04\/DL-GREENKIT.png","contentUrl":"https:\/\/delorenzoglobal.com\/wp-content\/uploads\/2024\/04\/DL-GREENKIT.png","width":4492,"height":3484},{"@type":"BreadcrumbList","@id":"https:\/\/delorenzoglobal.com\/es\/producto\/entrenador-de-energia-solar-eolica-de-celdas-de-combustible\/#breadcrumb","itemListElement":[{"@type":"ListItem","position":1,"name":"Home","item":"https:\/\/delorenzoglobal.com\/es\/"},{"@type":"ListItem","position":2,"name":"Tienda","item":"https:\/\/delorenzoglobal.com\/es\/tienda\/"},{"@type":"ListItem","position":3,"name":"ENTRENADOR DE ENERG\u00cdA SOLAR-E\u00d3LICA-DE CELDAS DE COMBUSTIBLE"}]},{"@type":"WebSite","@id":"https:\/\/delorenzoglobal.com\/es\/#website","url":"https:\/\/delorenzoglobal.com\/es\/","name":"De Lorenzo Training &amp; Didactical Equipment","description":"","potentialAction":[{"@type":"SearchAction","target":{"@type":"EntryPoint","urlTemplate":"https:\/\/delorenzoglobal.com\/es\/?s={search_term_string}"},"query-input":{"@type":"PropertyValueSpecification","valueRequired":true,"valueName":"search_term_string"}}],"inLanguage":"es"}]}},"_links":{"self":[{"href":"https:\/\/delorenzoglobal.com\/es\/wp-json\/wp\/v2\/product\/3456","targetHints":{"allow":["GET"]}}],"collection":[{"href":"https:\/\/delorenzoglobal.com\/es\/wp-json\/wp\/v2\/product"}],"about":[{"href":"https:\/\/delorenzoglobal.com\/es\/wp-json\/wp\/v2\/types\/product"}],"wp:featuredmedia":[{"embeddable":true,"href":"https:\/\/delorenzoglobal.com\/es\/wp-json\/wp\/v2\/media\/3445"}],"wp:attachment":[{"href":"https:\/\/delorenzoglobal.com\/es\/wp-json\/wp\/v2\/media?parent=3456"}],"wp:term":[{"taxonomy":"product_brand","embeddable":true,"href":"https:\/\/delorenzoglobal.com\/es\/wp-json\/wp\/v2\/product_brand?post=3456"},{"taxonomy":"product_cat","embeddable":true,"href":"https:\/\/delorenzoglobal.com\/es\/wp-json\/wp\/v2\/product_cat?post=3456"},{"taxonomy":"product_tag","embeddable":true,"href":"https:\/\/delorenzoglobal.com\/es\/wp-json\/wp\/v2\/product_tag?post=3456"}],"curies":[{"name":"wp","href":"https:\/\/api.w.org\/{rel}","templated":true}]}}