{"id":3370,"date":"2024-04-10T16:14:54","date_gmt":"2024-04-10T14:14:54","guid":{"rendered":"https:\/\/delorenzoglobal.com\/?post_type=product&#038;p=3370"},"modified":"2026-02-04T09:35:00","modified_gmt":"2026-02-04T08:35:00","slug":"energia-eolica","status":"publish","type":"product","link":"https:\/\/delorenzoglobal.com\/es\/producto\/energia-eolica\/","title":{"rendered":"ENERG\u00cdA EOLICA"},"content":{"rendered":"<p>El kit DL WIND-L ofrece todas las respuestas sobre los fundamentos de la energ\u00eda e\u00f3lica.<\/p>\n<p>Se ocupa de varios temas que son necesarios para la comprensi\u00f3n de las funciones de una turbina e\u00f3lica.<\/p>\n<p>El estudio de c\u00f3mo la fuerza del viento, su direcci\u00f3n y el tipo de rotor influyen en la energ\u00eda producida son solo unos ejemplos de los experimentos posibles.<\/p>\n<p>Los experimentos cualitativos y cuantificativos se describen en detalle en el manual proporcionado con el kit.<\/p>\n","protected":false},"excerpt":{"rendered":"<p>El kit DL WIND-L ofrece todas las respuestas sobre los fundamentos de la energ\u00eda e\u00f3lica. Se ocupa de varios temas que son necesarios para la comprensi\u00f3n de las funciones de una turbina e\u00f3lica. El estudio de c\u00f3mo la fuerza del viento, su direcci\u00f3n y el tipo de rotor influyen en la energ\u00eda producida son solo [&hellip;]<\/p>\n","protected":false},"featured_media":3359,"template":"","meta":{"_acf_changed":false},"product_brand":[],"product_cat":[242,3168],"product_tag":[],"class_list":{"0":"post-3370","1":"product","2":"type-product","3":"status-publish","4":"has-post-thumbnail","6":"product_cat-sistemas-de-introduccion-basica","7":"product_cat-kits-de-instrucciones-basicas-para-energias-renovables","9":"first","10":"instock","11":"shipping-taxable","12":"product-type-simple"},"acf":[],"yoast_head":"<!-- This site is optimized with the Yoast SEO plugin v27.0 - https:\/\/yoast.com\/product\/yoast-seo-wordpress\/ -->\n<title>ENERG\u00cdA EOLICA - De Lorenzo Training &amp; Didactical Equipment<\/title>\n<meta name=\"description\" content=\"El kit DL WIND-L permite aprender los fundamentos de la energ\u00eda e\u00f3lica mediante experimentos pr\u00e1cticos sobre viento, rotor y energ\u00eda producida.\" \/>\n<meta name=\"robots\" content=\"index, follow, max-snippet:-1, max-image-preview:large, max-video-preview:-1\" \/>\n<link rel=\"canonical\" href=\"https:\/\/delorenzoglobal.com\/es\/producto\/energia-eolica\/\" \/>\n<meta property=\"og:locale\" content=\"es_ES\" \/>\n<meta property=\"og:type\" content=\"article\" \/>\n<meta property=\"og:title\" content=\"ENERG\u00cdA EOLICA - De Lorenzo Training &amp; Didactical Equipment\" \/>\n<meta property=\"og:description\" content=\"El kit DL WIND-L permite aprender los fundamentos de la energ\u00eda e\u00f3lica mediante experimentos pr\u00e1cticos sobre viento, rotor y energ\u00eda producida.\" \/>\n<meta property=\"og:url\" content=\"https:\/\/delorenzoglobal.com\/es\/producto\/energia-eolica\/\" \/>\n<meta property=\"og:site_name\" content=\"De Lorenzo Training &amp; Didactical Equipment\" \/>\n<meta property=\"article:modified_time\" content=\"2026-02-04T08:35:00+00:00\" \/>\n<meta property=\"og:image\" content=\"https:\/\/delorenzoglobal.com\/wp-content\/uploads\/2024\/04\/DL-WIND-L.jpg\" \/>\n\t<meta property=\"og:image:width\" content=\"1293\" \/>\n\t<meta property=\"og:image:height\" content=\"1241\" \/>\n\t<meta property=\"og:image:type\" content=\"image\/jpeg\" \/>\n<meta name=\"twitter:card\" content=\"summary_large_image\" \/>\n<meta name=\"twitter:label1\" content=\"Tiempo de lectura\" \/>\n\t<meta name=\"twitter:data1\" content=\"1 minuto\" \/>\n<script type=\"application\/ld+json\" class=\"yoast-schema-graph\">{\"@context\":\"https:\/\/schema.org\",\"@graph\":[{\"@type\":\"WebPage\",\"@id\":\"https:\/\/delorenzoglobal.com\/es\/producto\/energia-eolica\/\",\"url\":\"https:\/\/delorenzoglobal.com\/es\/producto\/energia-eolica\/\",\"name\":\"ENERG\u00cdA EOLICA - De Lorenzo Training &amp; Didactical Equipment\",\"isPartOf\":{\"@id\":\"https:\/\/delorenzoglobal.com\/es\/#website\"},\"primaryImageOfPage\":{\"@id\":\"https:\/\/delorenzoglobal.com\/es\/producto\/energia-eolica\/#primaryimage\"},\"image\":{\"@id\":\"https:\/\/delorenzoglobal.com\/es\/producto\/energia-eolica\/#primaryimage\"},\"thumbnailUrl\":\"https:\/\/delorenzoglobal.com\/wp-content\/uploads\/2024\/04\/DL-WIND-L.jpg\",\"datePublished\":\"2024-04-10T14:14:54+00:00\",\"dateModified\":\"2026-02-04T08:35:00+00:00\",\"description\":\"El kit DL WIND-L permite aprender los fundamentos de la energ\u00eda e\u00f3lica mediante experimentos pr\u00e1cticos sobre viento, rotor y energ\u00eda producida.\",\"breadcrumb\":{\"@id\":\"https:\/\/delorenzoglobal.com\/es\/producto\/energia-eolica\/#breadcrumb\"},\"inLanguage\":\"es\",\"potentialAction\":[{\"@type\":\"ReadAction\",\"target\":[\"https:\/\/delorenzoglobal.com\/es\/producto\/energia-eolica\/\"]}]},{\"@type\":\"ImageObject\",\"inLanguage\":\"es\",\"@id\":\"https:\/\/delorenzoglobal.com\/es\/producto\/energia-eolica\/#primaryimage\",\"url\":\"https:\/\/delorenzoglobal.com\/wp-content\/uploads\/2024\/04\/DL-WIND-L.jpg\",\"contentUrl\":\"https:\/\/delorenzoglobal.com\/wp-content\/uploads\/2024\/04\/DL-WIND-L.jpg\",\"width\":1293,\"height\":1241},{\"@type\":\"BreadcrumbList\",\"@id\":\"https:\/\/delorenzoglobal.com\/es\/producto\/energia-eolica\/#breadcrumb\",\"itemListElement\":[{\"@type\":\"ListItem\",\"position\":1,\"name\":\"Home\",\"item\":\"https:\/\/delorenzoglobal.com\/es\/\"},{\"@type\":\"ListItem\",\"position\":2,\"name\":\"Tienda\",\"item\":\"https:\/\/delorenzoglobal.com\/es\/tienda\/\"},{\"@type\":\"ListItem\",\"position\":3,\"name\":\"ENERG\u00cdA EOLICA\"}]},{\"@type\":\"WebSite\",\"@id\":\"https:\/\/delorenzoglobal.com\/es\/#website\",\"url\":\"https:\/\/delorenzoglobal.com\/es\/\",\"name\":\"De Lorenzo Training &amp; Didactical Equipment\",\"description\":\"\",\"potentialAction\":[{\"@type\":\"SearchAction\",\"target\":{\"@type\":\"EntryPoint\",\"urlTemplate\":\"https:\/\/delorenzoglobal.com\/es\/?s={search_term_string}\"},\"query-input\":{\"@type\":\"PropertyValueSpecification\",\"valueRequired\":true,\"valueName\":\"search_term_string\"}}],\"inLanguage\":\"es\"}]}<\/script>\n<!-- \/ Yoast SEO plugin. -->","yoast_head_json":{"title":"ENERG\u00cdA EOLICA - De Lorenzo Training &amp; Didactical Equipment","description":"El kit DL WIND-L permite aprender los fundamentos de la energ\u00eda e\u00f3lica mediante experimentos pr\u00e1cticos sobre viento, rotor y energ\u00eda producida.","robots":{"index":"index","follow":"follow","max-snippet":"max-snippet:-1","max-image-preview":"max-image-preview:large","max-video-preview":"max-video-preview:-1"},"canonical":"https:\/\/delorenzoglobal.com\/es\/producto\/energia-eolica\/","og_locale":"es_ES","og_type":"article","og_title":"ENERG\u00cdA EOLICA - De Lorenzo Training &amp; Didactical Equipment","og_description":"El kit DL WIND-L permite aprender los fundamentos de la energ\u00eda e\u00f3lica mediante experimentos pr\u00e1cticos sobre viento, rotor y energ\u00eda producida.","og_url":"https:\/\/delorenzoglobal.com\/es\/producto\/energia-eolica\/","og_site_name":"De Lorenzo Training &amp; Didactical Equipment","article_modified_time":"2026-02-04T08:35:00+00:00","og_image":[{"width":1293,"height":1241,"url":"https:\/\/delorenzoglobal.com\/wp-content\/uploads\/2024\/04\/DL-WIND-L.jpg","type":"image\/jpeg"}],"twitter_card":"summary_large_image","twitter_misc":{"Tiempo de lectura":"1 minuto"},"schema":{"@context":"https:\/\/schema.org","@graph":[{"@type":"WebPage","@id":"https:\/\/delorenzoglobal.com\/es\/producto\/energia-eolica\/","url":"https:\/\/delorenzoglobal.com\/es\/producto\/energia-eolica\/","name":"ENERG\u00cdA EOLICA - De Lorenzo Training &amp; Didactical Equipment","isPartOf":{"@id":"https:\/\/delorenzoglobal.com\/es\/#website"},"primaryImageOfPage":{"@id":"https:\/\/delorenzoglobal.com\/es\/producto\/energia-eolica\/#primaryimage"},"image":{"@id":"https:\/\/delorenzoglobal.com\/es\/producto\/energia-eolica\/#primaryimage"},"thumbnailUrl":"https:\/\/delorenzoglobal.com\/wp-content\/uploads\/2024\/04\/DL-WIND-L.jpg","datePublished":"2024-04-10T14:14:54+00:00","dateModified":"2026-02-04T08:35:00+00:00","description":"El kit DL WIND-L permite aprender los fundamentos de la energ\u00eda e\u00f3lica mediante experimentos pr\u00e1cticos sobre viento, rotor y energ\u00eda producida.","breadcrumb":{"@id":"https:\/\/delorenzoglobal.com\/es\/producto\/energia-eolica\/#breadcrumb"},"inLanguage":"es","potentialAction":[{"@type":"ReadAction","target":["https:\/\/delorenzoglobal.com\/es\/producto\/energia-eolica\/"]}]},{"@type":"ImageObject","inLanguage":"es","@id":"https:\/\/delorenzoglobal.com\/es\/producto\/energia-eolica\/#primaryimage","url":"https:\/\/delorenzoglobal.com\/wp-content\/uploads\/2024\/04\/DL-WIND-L.jpg","contentUrl":"https:\/\/delorenzoglobal.com\/wp-content\/uploads\/2024\/04\/DL-WIND-L.jpg","width":1293,"height":1241},{"@type":"BreadcrumbList","@id":"https:\/\/delorenzoglobal.com\/es\/producto\/energia-eolica\/#breadcrumb","itemListElement":[{"@type":"ListItem","position":1,"name":"Home","item":"https:\/\/delorenzoglobal.com\/es\/"},{"@type":"ListItem","position":2,"name":"Tienda","item":"https:\/\/delorenzoglobal.com\/es\/tienda\/"},{"@type":"ListItem","position":3,"name":"ENERG\u00cdA EOLICA"}]},{"@type":"WebSite","@id":"https:\/\/delorenzoglobal.com\/es\/#website","url":"https:\/\/delorenzoglobal.com\/es\/","name":"De Lorenzo Training &amp; Didactical Equipment","description":"","potentialAction":[{"@type":"SearchAction","target":{"@type":"EntryPoint","urlTemplate":"https:\/\/delorenzoglobal.com\/es\/?s={search_term_string}"},"query-input":{"@type":"PropertyValueSpecification","valueRequired":true,"valueName":"search_term_string"}}],"inLanguage":"es"}]}},"_links":{"self":[{"href":"https:\/\/delorenzoglobal.com\/es\/wp-json\/wp\/v2\/product\/3370","targetHints":{"allow":["GET"]}}],"collection":[{"href":"https:\/\/delorenzoglobal.com\/es\/wp-json\/wp\/v2\/product"}],"about":[{"href":"https:\/\/delorenzoglobal.com\/es\/wp-json\/wp\/v2\/types\/product"}],"wp:featuredmedia":[{"embeddable":true,"href":"https:\/\/delorenzoglobal.com\/es\/wp-json\/wp\/v2\/media\/3359"}],"wp:attachment":[{"href":"https:\/\/delorenzoglobal.com\/es\/wp-json\/wp\/v2\/media?parent=3370"}],"wp:term":[{"taxonomy":"product_brand","embeddable":true,"href":"https:\/\/delorenzoglobal.com\/es\/wp-json\/wp\/v2\/product_brand?post=3370"},{"taxonomy":"product_cat","embeddable":true,"href":"https:\/\/delorenzoglobal.com\/es\/wp-json\/wp\/v2\/product_cat?post=3370"},{"taxonomy":"product_tag","embeddable":true,"href":"https:\/\/delorenzoglobal.com\/es\/wp-json\/wp\/v2\/product_tag?post=3370"}],"curies":[{"name":"wp","href":"https:\/\/api.w.org\/{rel}","templated":true}]}}