{"id":3297,"date":"2024-04-10T15:45:52","date_gmt":"2024-04-10T13:45:52","guid":{"rendered":"https:\/\/delorenzoglobal.com\/?post_type=product&#038;p=3297"},"modified":"2025-01-13T10:47:31","modified_gmt":"2025-01-13T09:47:31","slug":"entrenador-modular-para-el-estudio-decontroladores-logicos-programables-2","status":"publish","type":"product","link":"https:\/\/delorenzoglobal.com\/es\/producto\/entrenador-modular-para-el-estudio-decontroladores-logicos-programables-2\/","title":{"rendered":"ENTRENADOR MODULAR PARA EL ESTUDIO DECONTROLADORES L\u00d3GICOS PROGRAMABLES"},"content":{"rendered":"<p>El DL 2110-131K consiste en un entrenador modular todo en unopara el estudio de aplicaciones PLC.<\/p>\n<p>El bastidormodular es una estructura tubular de acero, tratada conpintura electrost\u00e1tica.<\/p>\n<p>Es una estructura de bastidorde \u00a0tres \u00a0niveles quepermite una \u00a0disposici\u00f3n f\u00e1cil y r\u00e1pida de los m\u00f3dulos.<\/p>\n<p>Todos los \u00a0puntos de conexi\u00f3n est\u00e1n isponibles a trav\u00e9s de terminales de 2 \u00f3 4 mm (seg\u00fan la tensi\u00f3n).<\/p>\n<p>Los componentes, as\u00ed como sus terminales y puntos de acceso, se \u00a0identifican con los s\u00edmbolos respectivos impresos en serigraf\u00eda.<\/p>\n<p>Est\u00e1 disponible en dos opciones PLC, con Allen-Bradley (AB) Mircro830 serie DL 2110-131K-AB2 o Siemens S7-1200 serieDL 2110-131K-1200.<\/p>\n<p>Principales caracter\u00edsticas<\/p>\n<ul>\n<li>La mejor soluci\u00f3n para un entrenador compacto.<\/li>\n<li>El entrenamiento de PLC cubre las principales tareas de muchos procesos industriales.<\/li>\n<li>La modularidad del entrenador da a los estudiantes la capacidad de crear sistemas automatizados seg\u00fan varios criterios.<\/li>\n<\/ul>\n","protected":false},"excerpt":{"rendered":"<p>El DL 2110-131K consiste en un entrenador modular todo en unopara el estudio de aplicaciones PLC. El bastidormodular es una estructura tubular de acero, tratada conpintura electrost\u00e1tica. Es una estructura de bastidorde \u00a0tres \u00a0niveles quepermite una \u00a0disposici\u00f3n f\u00e1cil y r\u00e1pida de los m\u00f3dulos. Todos los \u00a0puntos de conexi\u00f3n est\u00e1n isponibles a trav\u00e9s de terminales de [&hellip;]<\/p>\n","protected":false},"featured_media":3276,"template":"","meta":{"_acf_changed":false},"product_brand":[],"product_cat":[172],"product_tag":[],"class_list":{"0":"post-3297","1":"product","2":"type-product","3":"status-publish","4":"has-post-thumbnail","6":"product_cat-aplicaciones-de-hardware","8":"first","9":"instock","10":"shipping-taxable","11":"product-type-simple"},"acf":[],"yoast_head":"<!-- This site is optimized with the Yoast SEO plugin v27.4 - https:\/\/yoast.com\/product\/yoast-seo-wordpress\/ -->\n<title>ENTRENADOR MODULAR PARA EL ESTUDIO DECONTROLADORES L\u00d3GICOS PROGRAMABLES - De Lorenzo Training &amp; Didactical Equipment<\/title>\n<meta name=\"robots\" content=\"index, follow, max-snippet:-1, max-image-preview:large, max-video-preview:-1\" \/>\n<link rel=\"canonical\" href=\"https:\/\/delorenzoglobal.com\/es\/producto\/entrenador-modular-para-el-estudio-decontroladores-logicos-programables-2\/\" \/>\n<meta property=\"og:locale\" content=\"es_ES\" \/>\n<meta property=\"og:type\" content=\"article\" \/>\n<meta property=\"og:title\" content=\"ENTRENADOR MODULAR PARA EL ESTUDIO DECONTROLADORES L\u00d3GICOS PROGRAMABLES - De Lorenzo Training &amp; Didactical Equipment\" \/>\n<meta property=\"og:description\" content=\"El DL 2110-131K consiste en un entrenador modular todo en unopara el estudio de aplicaciones PLC. El bastidormodular es una estructura tubular de acero, tratada conpintura electrost\u00e1tica. Es una estructura de bastidorde \u00a0tres \u00a0niveles quepermite una \u00a0disposici\u00f3n f\u00e1cil y r\u00e1pida de los m\u00f3dulos. Todos los \u00a0puntos de conexi\u00f3n est\u00e1n isponibles a trav\u00e9s de terminales de [&hellip;]\" \/>\n<meta property=\"og:url\" content=\"https:\/\/delorenzoglobal.com\/es\/producto\/entrenador-modular-para-el-estudio-decontroladores-logicos-programables-2\/\" \/>\n<meta property=\"og:site_name\" content=\"De Lorenzo Training &amp; Didactical Equipment\" \/>\n<meta property=\"article:modified_time\" content=\"2025-01-13T09:47:31+00:00\" \/>\n<meta property=\"og:image\" content=\"https:\/\/delorenzoglobal.com\/wp-content\/uploads\/2024\/04\/DL-2110-131K-1-1-scaled.jpg\" \/>\n\t<meta property=\"og:image:width\" content=\"1895\" \/>\n\t<meta property=\"og:image:height\" content=\"2560\" \/>\n\t<meta property=\"og:image:type\" content=\"image\/jpeg\" \/>\n<meta name=\"twitter:card\" content=\"summary_large_image\" \/>\n<meta name=\"twitter:label1\" content=\"Tiempo de lectura\" \/>\n\t<meta name=\"twitter:data1\" content=\"1 minuto\" \/>\n<script type=\"application\/ld+json\" class=\"yoast-schema-graph\">{\"@context\":\"https:\\\/\\\/schema.org\",\"@graph\":[{\"@type\":\"WebPage\",\"@id\":\"https:\\\/\\\/delorenzoglobal.com\\\/es\\\/producto\\\/entrenador-modular-para-el-estudio-decontroladores-logicos-programables-2\\\/\",\"url\":\"https:\\\/\\\/delorenzoglobal.com\\\/es\\\/producto\\\/entrenador-modular-para-el-estudio-decontroladores-logicos-programables-2\\\/\",\"name\":\"ENTRENADOR MODULAR PARA EL ESTUDIO DECONTROLADORES L\u00d3GICOS PROGRAMABLES - De Lorenzo Training &amp; Didactical Equipment\",\"isPartOf\":{\"@id\":\"https:\\\/\\\/delorenzoglobal.com\\\/es\\\/#website\"},\"primaryImageOfPage\":{\"@id\":\"https:\\\/\\\/delorenzoglobal.com\\\/es\\\/producto\\\/entrenador-modular-para-el-estudio-decontroladores-logicos-programables-2\\\/#primaryimage\"},\"image\":{\"@id\":\"https:\\\/\\\/delorenzoglobal.com\\\/es\\\/producto\\\/entrenador-modular-para-el-estudio-decontroladores-logicos-programables-2\\\/#primaryimage\"},\"thumbnailUrl\":\"https:\\\/\\\/delorenzoglobal.com\\\/wp-content\\\/uploads\\\/2024\\\/04\\\/DL-2110-131K-1-1-scaled.jpg\",\"datePublished\":\"2024-04-10T13:45:52+00:00\",\"dateModified\":\"2025-01-13T09:47:31+00:00\",\"breadcrumb\":{\"@id\":\"https:\\\/\\\/delorenzoglobal.com\\\/es\\\/producto\\\/entrenador-modular-para-el-estudio-decontroladores-logicos-programables-2\\\/#breadcrumb\"},\"inLanguage\":\"es\",\"potentialAction\":[{\"@type\":\"ReadAction\",\"target\":[\"https:\\\/\\\/delorenzoglobal.com\\\/es\\\/producto\\\/entrenador-modular-para-el-estudio-decontroladores-logicos-programables-2\\\/\"]}]},{\"@type\":\"ImageObject\",\"inLanguage\":\"es\",\"@id\":\"https:\\\/\\\/delorenzoglobal.com\\\/es\\\/producto\\\/entrenador-modular-para-el-estudio-decontroladores-logicos-programables-2\\\/#primaryimage\",\"url\":\"https:\\\/\\\/delorenzoglobal.com\\\/wp-content\\\/uploads\\\/2024\\\/04\\\/DL-2110-131K-1-1-scaled.jpg\",\"contentUrl\":\"https:\\\/\\\/delorenzoglobal.com\\\/wp-content\\\/uploads\\\/2024\\\/04\\\/DL-2110-131K-1-1-scaled.jpg\",\"width\":1895,\"height\":2560},{\"@type\":\"BreadcrumbList\",\"@id\":\"https:\\\/\\\/delorenzoglobal.com\\\/es\\\/producto\\\/entrenador-modular-para-el-estudio-decontroladores-logicos-programables-2\\\/#breadcrumb\",\"itemListElement\":[{\"@type\":\"ListItem\",\"position\":1,\"name\":\"Home\",\"item\":\"https:\\\/\\\/delorenzoglobal.com\\\/es\\\/\"},{\"@type\":\"ListItem\",\"position\":2,\"name\":\"Tienda\",\"item\":\"https:\\\/\\\/delorenzoglobal.com\\\/es\\\/tienda\\\/\"},{\"@type\":\"ListItem\",\"position\":3,\"name\":\"ENTRENADOR MODULAR PARA EL ESTUDIO DECONTROLADORES L\u00d3GICOS PROGRAMABLES\"}]},{\"@type\":\"WebSite\",\"@id\":\"https:\\\/\\\/delorenzoglobal.com\\\/es\\\/#website\",\"url\":\"https:\\\/\\\/delorenzoglobal.com\\\/es\\\/\",\"name\":\"De Lorenzo Training &amp; Didactical Equipment\",\"description\":\"\",\"potentialAction\":[{\"@type\":\"SearchAction\",\"target\":{\"@type\":\"EntryPoint\",\"urlTemplate\":\"https:\\\/\\\/delorenzoglobal.com\\\/es\\\/?s={search_term_string}\"},\"query-input\":{\"@type\":\"PropertyValueSpecification\",\"valueRequired\":true,\"valueName\":\"search_term_string\"}}],\"inLanguage\":\"es\"}]}<\/script>\n<!-- \/ Yoast SEO plugin. -->","yoast_head_json":{"title":"ENTRENADOR MODULAR PARA EL ESTUDIO DECONTROLADORES L\u00d3GICOS PROGRAMABLES - De Lorenzo Training &amp; Didactical Equipment","robots":{"index":"index","follow":"follow","max-snippet":"max-snippet:-1","max-image-preview":"max-image-preview:large","max-video-preview":"max-video-preview:-1"},"canonical":"https:\/\/delorenzoglobal.com\/es\/producto\/entrenador-modular-para-el-estudio-decontroladores-logicos-programables-2\/","og_locale":"es_ES","og_type":"article","og_title":"ENTRENADOR MODULAR PARA EL ESTUDIO DECONTROLADORES L\u00d3GICOS PROGRAMABLES - De Lorenzo Training &amp; Didactical Equipment","og_description":"El DL 2110-131K consiste en un entrenador modular todo en unopara el estudio de aplicaciones PLC. El bastidormodular es una estructura tubular de acero, tratada conpintura electrost\u00e1tica. Es una estructura de bastidorde \u00a0tres \u00a0niveles quepermite una \u00a0disposici\u00f3n f\u00e1cil y r\u00e1pida de los m\u00f3dulos. Todos los \u00a0puntos de conexi\u00f3n est\u00e1n isponibles a trav\u00e9s de terminales de [&hellip;]","og_url":"https:\/\/delorenzoglobal.com\/es\/producto\/entrenador-modular-para-el-estudio-decontroladores-logicos-programables-2\/","og_site_name":"De Lorenzo Training &amp; Didactical Equipment","article_modified_time":"2025-01-13T09:47:31+00:00","og_image":[{"width":1895,"height":2560,"url":"https:\/\/delorenzoglobal.com\/wp-content\/uploads\/2024\/04\/DL-2110-131K-1-1-scaled.jpg","type":"image\/jpeg"}],"twitter_card":"summary_large_image","twitter_misc":{"Tiempo de lectura":"1 minuto"},"schema":{"@context":"https:\/\/schema.org","@graph":[{"@type":"WebPage","@id":"https:\/\/delorenzoglobal.com\/es\/producto\/entrenador-modular-para-el-estudio-decontroladores-logicos-programables-2\/","url":"https:\/\/delorenzoglobal.com\/es\/producto\/entrenador-modular-para-el-estudio-decontroladores-logicos-programables-2\/","name":"ENTRENADOR MODULAR PARA EL ESTUDIO DECONTROLADORES L\u00d3GICOS PROGRAMABLES - De Lorenzo Training &amp; Didactical Equipment","isPartOf":{"@id":"https:\/\/delorenzoglobal.com\/es\/#website"},"primaryImageOfPage":{"@id":"https:\/\/delorenzoglobal.com\/es\/producto\/entrenador-modular-para-el-estudio-decontroladores-logicos-programables-2\/#primaryimage"},"image":{"@id":"https:\/\/delorenzoglobal.com\/es\/producto\/entrenador-modular-para-el-estudio-decontroladores-logicos-programables-2\/#primaryimage"},"thumbnailUrl":"https:\/\/delorenzoglobal.com\/wp-content\/uploads\/2024\/04\/DL-2110-131K-1-1-scaled.jpg","datePublished":"2024-04-10T13:45:52+00:00","dateModified":"2025-01-13T09:47:31+00:00","breadcrumb":{"@id":"https:\/\/delorenzoglobal.com\/es\/producto\/entrenador-modular-para-el-estudio-decontroladores-logicos-programables-2\/#breadcrumb"},"inLanguage":"es","potentialAction":[{"@type":"ReadAction","target":["https:\/\/delorenzoglobal.com\/es\/producto\/entrenador-modular-para-el-estudio-decontroladores-logicos-programables-2\/"]}]},{"@type":"ImageObject","inLanguage":"es","@id":"https:\/\/delorenzoglobal.com\/es\/producto\/entrenador-modular-para-el-estudio-decontroladores-logicos-programables-2\/#primaryimage","url":"https:\/\/delorenzoglobal.com\/wp-content\/uploads\/2024\/04\/DL-2110-131K-1-1-scaled.jpg","contentUrl":"https:\/\/delorenzoglobal.com\/wp-content\/uploads\/2024\/04\/DL-2110-131K-1-1-scaled.jpg","width":1895,"height":2560},{"@type":"BreadcrumbList","@id":"https:\/\/delorenzoglobal.com\/es\/producto\/entrenador-modular-para-el-estudio-decontroladores-logicos-programables-2\/#breadcrumb","itemListElement":[{"@type":"ListItem","position":1,"name":"Home","item":"https:\/\/delorenzoglobal.com\/es\/"},{"@type":"ListItem","position":2,"name":"Tienda","item":"https:\/\/delorenzoglobal.com\/es\/tienda\/"},{"@type":"ListItem","position":3,"name":"ENTRENADOR MODULAR PARA EL ESTUDIO DECONTROLADORES L\u00d3GICOS PROGRAMABLES"}]},{"@type":"WebSite","@id":"https:\/\/delorenzoglobal.com\/es\/#website","url":"https:\/\/delorenzoglobal.com\/es\/","name":"De Lorenzo Training &amp; Didactical Equipment","description":"","potentialAction":[{"@type":"SearchAction","target":{"@type":"EntryPoint","urlTemplate":"https:\/\/delorenzoglobal.com\/es\/?s={search_term_string}"},"query-input":{"@type":"PropertyValueSpecification","valueRequired":true,"valueName":"search_term_string"}}],"inLanguage":"es"}]}},"_links":{"self":[{"href":"https:\/\/delorenzoglobal.com\/es\/wp-json\/wp\/v2\/product\/3297","targetHints":{"allow":["GET"]}}],"collection":[{"href":"https:\/\/delorenzoglobal.com\/es\/wp-json\/wp\/v2\/product"}],"about":[{"href":"https:\/\/delorenzoglobal.com\/es\/wp-json\/wp\/v2\/types\/product"}],"wp:featuredmedia":[{"embeddable":true,"href":"https:\/\/delorenzoglobal.com\/es\/wp-json\/wp\/v2\/media\/3276"}],"wp:attachment":[{"href":"https:\/\/delorenzoglobal.com\/es\/wp-json\/wp\/v2\/media?parent=3297"}],"wp:term":[{"taxonomy":"product_brand","embeddable":true,"href":"https:\/\/delorenzoglobal.com\/es\/wp-json\/wp\/v2\/product_brand?post=3297"},{"taxonomy":"product_cat","embeddable":true,"href":"https:\/\/delorenzoglobal.com\/es\/wp-json\/wp\/v2\/product_cat?post=3297"},{"taxonomy":"product_tag","embeddable":true,"href":"https:\/\/delorenzoglobal.com\/es\/wp-json\/wp\/v2\/product_tag?post=3297"}],"curies":[{"name":"wp","href":"https:\/\/api.w.org\/{rel}","templated":true}]}}