{"id":3153,"date":"2024-04-10T14:42:39","date_gmt":"2024-04-10T12:42:39","guid":{"rendered":"https:\/\/delorenzoglobal.com\/?post_type=product&#038;p=3153"},"modified":"2026-04-17T09:09:44","modified_gmt":"2026-04-17T07:09:44","slug":"control-de-caudal","status":"publish","type":"product","link":"https:\/\/delorenzoglobal.com\/es\/producto\/control-de-caudal\/","title":{"rendered":"CONTROL DE CAUDAL"},"content":{"rendered":"<p>Este laboratorio est\u00e1 dise\u00f1ado para el estudio de la aplicaci\u00f3n de control de caudal para brindarle al alumno un entrenamiento pr\u00e1ctico al realizar una serie de experimentos guiados.<\/p>\n<p>Los componentes de tipo industrial son adaptados para su uso did\u00e1ctico en un sistema modular de paneles que permite hacer un montaje paso a paso que puede ir desde el circuito m\u00e1s simple hasta el sistema m\u00e1s complejo.<\/p>\n<p>&nbsp;<\/p>\n","protected":false},"excerpt":{"rendered":"<p>Este laboratorio est\u00e1 dise\u00f1ado para el estudio de la aplicaci\u00f3n de control de caudal para brindarle al alumno un entrenamiento pr\u00e1ctico al realizar una serie de experimentos guiados. Los componentes de tipo industrial son adaptados para su uso did\u00e1ctico en un sistema modular de paneles que permite hacer un montaje paso a paso que puede [&hellip;]<\/p>\n","protected":false},"featured_media":3142,"template":"","meta":{"_acf_changed":false},"product_brand":[],"product_cat":[181],"product_tag":[],"class_list":{"0":"post-3153","1":"product","2":"type-product","3":"status-publish","4":"has-post-thumbnail","6":"product_cat-tecnologia-de-control-automatico","8":"first","9":"instock","10":"shipping-taxable","11":"product-type-simple"},"acf":[],"yoast_head":"<!-- This site is optimized with the Yoast SEO plugin v27.0 - https:\/\/yoast.com\/product\/yoast-seo-wordpress\/ -->\n<title>CONTROL DE CAUDAL - De Lorenzo Training &amp; Didactical Equipment<\/title>\n<meta name=\"description\" content=\"Laboratorio dise\u00f1ado para el estudio de aplicaciones de control de flujo, que ofrece a los estudiantes formaci\u00f3n pr\u00e1ctica mediante actividades experimentales guiadas.\" \/>\n<meta name=\"robots\" content=\"index, follow, max-snippet:-1, max-image-preview:large, max-video-preview:-1\" \/>\n<link rel=\"canonical\" href=\"https:\/\/delorenzoglobal.com\/es\/producto\/control-de-caudal\/\" \/>\n<meta property=\"og:locale\" content=\"es_ES\" \/>\n<meta property=\"og:type\" content=\"article\" \/>\n<meta property=\"og:title\" content=\"CONTROL DE CAUDAL - De Lorenzo Training &amp; Didactical Equipment\" \/>\n<meta property=\"og:description\" content=\"Laboratorio dise\u00f1ado para el estudio de aplicaciones de control de flujo, que ofrece a los estudiantes formaci\u00f3n pr\u00e1ctica mediante actividades experimentales guiadas.\" \/>\n<meta property=\"og:url\" content=\"https:\/\/delorenzoglobal.com\/es\/producto\/control-de-caudal\/\" \/>\n<meta property=\"og:site_name\" content=\"De Lorenzo Training &amp; Didactical Equipment\" \/>\n<meta property=\"article:modified_time\" content=\"2026-04-17T07:09:44+00:00\" \/>\n<meta property=\"og:image\" content=\"https:\/\/delorenzoglobal.com\/wp-content\/uploads\/2024\/04\/FLO.jpg\" \/>\n\t<meta property=\"og:image:width\" content=\"1403\" \/>\n\t<meta property=\"og:image:height\" content=\"1102\" \/>\n\t<meta property=\"og:image:type\" content=\"image\/jpeg\" \/>\n<meta name=\"twitter:card\" content=\"summary_large_image\" \/>\n<meta name=\"twitter:label1\" content=\"Tiempo de lectura\" \/>\n\t<meta name=\"twitter:data1\" content=\"1 minuto\" \/>\n<script type=\"application\/ld+json\" class=\"yoast-schema-graph\">{\"@context\":\"https:\/\/schema.org\",\"@graph\":[{\"@type\":\"WebPage\",\"@id\":\"https:\/\/delorenzoglobal.com\/es\/producto\/control-de-caudal\/\",\"url\":\"https:\/\/delorenzoglobal.com\/es\/producto\/control-de-caudal\/\",\"name\":\"CONTROL DE CAUDAL - De Lorenzo Training &amp; Didactical Equipment\",\"isPartOf\":{\"@id\":\"https:\/\/delorenzoglobal.com\/es\/#website\"},\"primaryImageOfPage\":{\"@id\":\"https:\/\/delorenzoglobal.com\/es\/producto\/control-de-caudal\/#primaryimage\"},\"image\":{\"@id\":\"https:\/\/delorenzoglobal.com\/es\/producto\/control-de-caudal\/#primaryimage\"},\"thumbnailUrl\":\"https:\/\/delorenzoglobal.com\/wp-content\/uploads\/2024\/04\/FLO.jpg\",\"datePublished\":\"2024-04-10T12:42:39+00:00\",\"dateModified\":\"2026-04-17T07:09:44+00:00\",\"description\":\"Laboratorio dise\u00f1ado para el estudio de aplicaciones de control de flujo, que ofrece a los estudiantes formaci\u00f3n pr\u00e1ctica mediante actividades experimentales guiadas.\",\"breadcrumb\":{\"@id\":\"https:\/\/delorenzoglobal.com\/es\/producto\/control-de-caudal\/#breadcrumb\"},\"inLanguage\":\"es\",\"potentialAction\":[{\"@type\":\"ReadAction\",\"target\":[\"https:\/\/delorenzoglobal.com\/es\/producto\/control-de-caudal\/\"]}]},{\"@type\":\"ImageObject\",\"inLanguage\":\"es\",\"@id\":\"https:\/\/delorenzoglobal.com\/es\/producto\/control-de-caudal\/#primaryimage\",\"url\":\"https:\/\/delorenzoglobal.com\/wp-content\/uploads\/2024\/04\/FLO.jpg\",\"contentUrl\":\"https:\/\/delorenzoglobal.com\/wp-content\/uploads\/2024\/04\/FLO.jpg\",\"width\":1403,\"height\":1102},{\"@type\":\"BreadcrumbList\",\"@id\":\"https:\/\/delorenzoglobal.com\/es\/producto\/control-de-caudal\/#breadcrumb\",\"itemListElement\":[{\"@type\":\"ListItem\",\"position\":1,\"name\":\"Home\",\"item\":\"https:\/\/delorenzoglobal.com\/es\/\"},{\"@type\":\"ListItem\",\"position\":2,\"name\":\"Tienda\",\"item\":\"https:\/\/delorenzoglobal.com\/es\/tienda\/\"},{\"@type\":\"ListItem\",\"position\":3,\"name\":\"CONTROL DE CAUDAL\"}]},{\"@type\":\"WebSite\",\"@id\":\"https:\/\/delorenzoglobal.com\/es\/#website\",\"url\":\"https:\/\/delorenzoglobal.com\/es\/\",\"name\":\"De Lorenzo Training &amp; Didactical Equipment\",\"description\":\"\",\"potentialAction\":[{\"@type\":\"SearchAction\",\"target\":{\"@type\":\"EntryPoint\",\"urlTemplate\":\"https:\/\/delorenzoglobal.com\/es\/?s={search_term_string}\"},\"query-input\":{\"@type\":\"PropertyValueSpecification\",\"valueRequired\":true,\"valueName\":\"search_term_string\"}}],\"inLanguage\":\"es\"}]}<\/script>\n<!-- \/ Yoast SEO plugin. -->","yoast_head_json":{"title":"CONTROL DE CAUDAL - De Lorenzo Training &amp; Didactical Equipment","description":"Laboratorio dise\u00f1ado para el estudio de aplicaciones de control de flujo, que ofrece a los estudiantes formaci\u00f3n pr\u00e1ctica mediante actividades experimentales guiadas.","robots":{"index":"index","follow":"follow","max-snippet":"max-snippet:-1","max-image-preview":"max-image-preview:large","max-video-preview":"max-video-preview:-1"},"canonical":"https:\/\/delorenzoglobal.com\/es\/producto\/control-de-caudal\/","og_locale":"es_ES","og_type":"article","og_title":"CONTROL DE CAUDAL - De Lorenzo Training &amp; Didactical Equipment","og_description":"Laboratorio dise\u00f1ado para el estudio de aplicaciones de control de flujo, que ofrece a los estudiantes formaci\u00f3n pr\u00e1ctica mediante actividades experimentales guiadas.","og_url":"https:\/\/delorenzoglobal.com\/es\/producto\/control-de-caudal\/","og_site_name":"De Lorenzo Training &amp; Didactical Equipment","article_modified_time":"2026-04-17T07:09:44+00:00","og_image":[{"width":1403,"height":1102,"url":"https:\/\/delorenzoglobal.com\/wp-content\/uploads\/2024\/04\/FLO.jpg","type":"image\/jpeg"}],"twitter_card":"summary_large_image","twitter_misc":{"Tiempo de lectura":"1 minuto"},"schema":{"@context":"https:\/\/schema.org","@graph":[{"@type":"WebPage","@id":"https:\/\/delorenzoglobal.com\/es\/producto\/control-de-caudal\/","url":"https:\/\/delorenzoglobal.com\/es\/producto\/control-de-caudal\/","name":"CONTROL DE CAUDAL - De Lorenzo Training &amp; Didactical Equipment","isPartOf":{"@id":"https:\/\/delorenzoglobal.com\/es\/#website"},"primaryImageOfPage":{"@id":"https:\/\/delorenzoglobal.com\/es\/producto\/control-de-caudal\/#primaryimage"},"image":{"@id":"https:\/\/delorenzoglobal.com\/es\/producto\/control-de-caudal\/#primaryimage"},"thumbnailUrl":"https:\/\/delorenzoglobal.com\/wp-content\/uploads\/2024\/04\/FLO.jpg","datePublished":"2024-04-10T12:42:39+00:00","dateModified":"2026-04-17T07:09:44+00:00","description":"Laboratorio dise\u00f1ado para el estudio de aplicaciones de control de flujo, que ofrece a los estudiantes formaci\u00f3n pr\u00e1ctica mediante actividades experimentales guiadas.","breadcrumb":{"@id":"https:\/\/delorenzoglobal.com\/es\/producto\/control-de-caudal\/#breadcrumb"},"inLanguage":"es","potentialAction":[{"@type":"ReadAction","target":["https:\/\/delorenzoglobal.com\/es\/producto\/control-de-caudal\/"]}]},{"@type":"ImageObject","inLanguage":"es","@id":"https:\/\/delorenzoglobal.com\/es\/producto\/control-de-caudal\/#primaryimage","url":"https:\/\/delorenzoglobal.com\/wp-content\/uploads\/2024\/04\/FLO.jpg","contentUrl":"https:\/\/delorenzoglobal.com\/wp-content\/uploads\/2024\/04\/FLO.jpg","width":1403,"height":1102},{"@type":"BreadcrumbList","@id":"https:\/\/delorenzoglobal.com\/es\/producto\/control-de-caudal\/#breadcrumb","itemListElement":[{"@type":"ListItem","position":1,"name":"Home","item":"https:\/\/delorenzoglobal.com\/es\/"},{"@type":"ListItem","position":2,"name":"Tienda","item":"https:\/\/delorenzoglobal.com\/es\/tienda\/"},{"@type":"ListItem","position":3,"name":"CONTROL DE CAUDAL"}]},{"@type":"WebSite","@id":"https:\/\/delorenzoglobal.com\/es\/#website","url":"https:\/\/delorenzoglobal.com\/es\/","name":"De Lorenzo Training &amp; Didactical Equipment","description":"","potentialAction":[{"@type":"SearchAction","target":{"@type":"EntryPoint","urlTemplate":"https:\/\/delorenzoglobal.com\/es\/?s={search_term_string}"},"query-input":{"@type":"PropertyValueSpecification","valueRequired":true,"valueName":"search_term_string"}}],"inLanguage":"es"}]}},"_links":{"self":[{"href":"https:\/\/delorenzoglobal.com\/es\/wp-json\/wp\/v2\/product\/3153","targetHints":{"allow":["GET"]}}],"collection":[{"href":"https:\/\/delorenzoglobal.com\/es\/wp-json\/wp\/v2\/product"}],"about":[{"href":"https:\/\/delorenzoglobal.com\/es\/wp-json\/wp\/v2\/types\/product"}],"wp:featuredmedia":[{"embeddable":true,"href":"https:\/\/delorenzoglobal.com\/es\/wp-json\/wp\/v2\/media\/3142"}],"wp:attachment":[{"href":"https:\/\/delorenzoglobal.com\/es\/wp-json\/wp\/v2\/media?parent=3153"}],"wp:term":[{"taxonomy":"product_brand","embeddable":true,"href":"https:\/\/delorenzoglobal.com\/es\/wp-json\/wp\/v2\/product_brand?post=3153"},{"taxonomy":"product_cat","embeddable":true,"href":"https:\/\/delorenzoglobal.com\/es\/wp-json\/wp\/v2\/product_cat?post=3153"},{"taxonomy":"product_tag","embeddable":true,"href":"https:\/\/delorenzoglobal.com\/es\/wp-json\/wp\/v2\/product_tag?post=3153"}],"curies":[{"name":"wp","href":"https:\/\/api.w.org\/{rel}","templated":true}]}}