{"id":3088,"date":"2024-04-10T14:22:58","date_gmt":"2024-04-10T12:22:58","guid":{"rendered":"https:\/\/delorenzoglobal.com\/?post_type=product&#038;p=3088"},"modified":"2025-01-21T12:10:09","modified_gmt":"2025-01-21T11:10:09","slug":"energia-electrica-en-corriente-alterna","status":"publish","type":"product","link":"https:\/\/delorenzoglobal.com\/es\/producto\/energia-electrica-en-corriente-alterna\/","title":{"rendered":"ENERG\u00cdA EL\u00c9CTRICA EN CORRIENTE ALTERNA"},"content":{"rendered":"<p>El \u00a0dise\u00f1o y la construcci\u00f3n de circuitos electr\u00f3nicos para resolver problemas pr\u00e1cticos es \u00a0una \u00a0t\u00e9cnica \u00a0esencial \u00a0en \u00a0los campos de la ingenier\u00eda electr\u00f3nica y la ingenier\u00eda inform\u00e1tica.<\/p>\n<p>Con esta tarjeta los alumnos pueden estudiar el principio de funcionamiento de los transformadores \u00a0 monof\u00e1sicos \u00a0en \u00a0diferentes condiciones \u00a0de \u00a0carga \u00a0y \u00a0su \u00a0desplazamiento defase, as\u00ed como el principio del transformador de impulsos y su lazo de hist\u00e9resis correspondiente.<\/p>\n","protected":false},"excerpt":{"rendered":"<p>El \u00a0dise\u00f1o y la construcci\u00f3n de circuitos electr\u00f3nicos para resolver problemas pr\u00e1cticos es \u00a0una \u00a0t\u00e9cnica \u00a0esencial \u00a0en \u00a0los campos de la ingenier\u00eda electr\u00f3nica y la ingenier\u00eda inform\u00e1tica. Con esta tarjeta los alumnos pueden estudiar el principio de funcionamiento de los transformadores \u00a0 monof\u00e1sicos \u00a0en \u00a0diferentes condiciones \u00a0de \u00a0carga \u00a0y \u00a0su \u00a0desplazamiento defase, as\u00ed como el [&hellip;]<\/p>\n","protected":false},"featured_media":3049,"template":"","meta":{"_acf_changed":false},"product_brand":[],"product_cat":[218],"product_tag":[],"class_list":{"0":"post-3088","1":"product","2":"type-product","3":"status-publish","4":"has-post-thumbnail","6":"product_cat-electricidad-y-electromagnetismo","8":"first","9":"instock","10":"shipping-taxable","11":"product-type-simple"},"acf":[],"yoast_head":"<!-- This site is optimized with the Yoast SEO plugin v27.0 - https:\/\/yoast.com\/product\/yoast-seo-wordpress\/ -->\n<title>ENERG\u00cdA EL\u00c9CTRICA EN CORRIENTE ALTERNA - De Lorenzo Training &amp; Didactical Equipment<\/title>\n<meta name=\"robots\" content=\"index, follow, max-snippet:-1, max-image-preview:large, max-video-preview:-1\" \/>\n<link rel=\"canonical\" href=\"https:\/\/delorenzoglobal.com\/es\/producto\/energia-electrica-en-corriente-alterna\/\" \/>\n<meta property=\"og:locale\" content=\"es_ES\" \/>\n<meta property=\"og:type\" content=\"article\" \/>\n<meta property=\"og:title\" content=\"ENERG\u00cdA EL\u00c9CTRICA EN CORRIENTE ALTERNA - De Lorenzo Training &amp; Didactical Equipment\" \/>\n<meta property=\"og:description\" content=\"El \u00a0dise\u00f1o y la construcci\u00f3n de circuitos electr\u00f3nicos para resolver problemas pr\u00e1cticos es \u00a0una \u00a0t\u00e9cnica \u00a0esencial \u00a0en \u00a0los campos de la ingenier\u00eda electr\u00f3nica y la ingenier\u00eda inform\u00e1tica. Con esta tarjeta los alumnos pueden estudiar el principio de funcionamiento de los transformadores \u00a0 monof\u00e1sicos \u00a0en \u00a0diferentes condiciones \u00a0de \u00a0carga \u00a0y \u00a0su \u00a0desplazamiento defase, as\u00ed como el [&hellip;]\" \/>\n<meta property=\"og:url\" content=\"https:\/\/delorenzoglobal.com\/es\/producto\/energia-electrica-en-corriente-alterna\/\" \/>\n<meta property=\"og:site_name\" content=\"De Lorenzo Training &amp; Didactical Equipment\" \/>\n<meta property=\"article:modified_time\" content=\"2025-01-21T11:10:09+00:00\" \/>\n<meta property=\"og:image\" content=\"https:\/\/delorenzoglobal.com\/wp-content\/uploads\/2024\/04\/DL-3155M08-scaled.jpg\" \/>\n\t<meta property=\"og:image:width\" content=\"2560\" \/>\n\t<meta property=\"og:image:height\" content=\"2219\" \/>\n\t<meta property=\"og:image:type\" content=\"image\/jpeg\" \/>\n<meta name=\"twitter:card\" content=\"summary_large_image\" \/>\n<meta name=\"twitter:label1\" content=\"Tiempo de lectura\" \/>\n\t<meta name=\"twitter:data1\" content=\"1 minuto\" \/>\n<script type=\"application\/ld+json\" class=\"yoast-schema-graph\">{\"@context\":\"https:\/\/schema.org\",\"@graph\":[{\"@type\":\"WebPage\",\"@id\":\"https:\/\/delorenzoglobal.com\/es\/producto\/energia-electrica-en-corriente-alterna\/\",\"url\":\"https:\/\/delorenzoglobal.com\/es\/producto\/energia-electrica-en-corriente-alterna\/\",\"name\":\"ENERG\u00cdA EL\u00c9CTRICA EN CORRIENTE ALTERNA - De Lorenzo Training &amp; Didactical Equipment\",\"isPartOf\":{\"@id\":\"https:\/\/delorenzoglobal.com\/es\/#website\"},\"primaryImageOfPage\":{\"@id\":\"https:\/\/delorenzoglobal.com\/es\/producto\/energia-electrica-en-corriente-alterna\/#primaryimage\"},\"image\":{\"@id\":\"https:\/\/delorenzoglobal.com\/es\/producto\/energia-electrica-en-corriente-alterna\/#primaryimage\"},\"thumbnailUrl\":\"https:\/\/delorenzoglobal.com\/wp-content\/uploads\/2024\/04\/DL-3155M08-scaled.jpg\",\"datePublished\":\"2024-04-10T12:22:58+00:00\",\"dateModified\":\"2025-01-21T11:10:09+00:00\",\"breadcrumb\":{\"@id\":\"https:\/\/delorenzoglobal.com\/es\/producto\/energia-electrica-en-corriente-alterna\/#breadcrumb\"},\"inLanguage\":\"es\",\"potentialAction\":[{\"@type\":\"ReadAction\",\"target\":[\"https:\/\/delorenzoglobal.com\/es\/producto\/energia-electrica-en-corriente-alterna\/\"]}]},{\"@type\":\"ImageObject\",\"inLanguage\":\"es\",\"@id\":\"https:\/\/delorenzoglobal.com\/es\/producto\/energia-electrica-en-corriente-alterna\/#primaryimage\",\"url\":\"https:\/\/delorenzoglobal.com\/wp-content\/uploads\/2024\/04\/DL-3155M08-scaled.jpg\",\"contentUrl\":\"https:\/\/delorenzoglobal.com\/wp-content\/uploads\/2024\/04\/DL-3155M08-scaled.jpg\",\"width\":2560,\"height\":2219},{\"@type\":\"BreadcrumbList\",\"@id\":\"https:\/\/delorenzoglobal.com\/es\/producto\/energia-electrica-en-corriente-alterna\/#breadcrumb\",\"itemListElement\":[{\"@type\":\"ListItem\",\"position\":1,\"name\":\"Home\",\"item\":\"https:\/\/delorenzoglobal.com\/es\/\"},{\"@type\":\"ListItem\",\"position\":2,\"name\":\"Tienda\",\"item\":\"https:\/\/delorenzoglobal.com\/es\/tienda\/\"},{\"@type\":\"ListItem\",\"position\":3,\"name\":\"ENERG\u00cdA EL\u00c9CTRICA EN CORRIENTE ALTERNA\"}]},{\"@type\":\"WebSite\",\"@id\":\"https:\/\/delorenzoglobal.com\/es\/#website\",\"url\":\"https:\/\/delorenzoglobal.com\/es\/\",\"name\":\"De Lorenzo Training &amp; Didactical Equipment\",\"description\":\"\",\"potentialAction\":[{\"@type\":\"SearchAction\",\"target\":{\"@type\":\"EntryPoint\",\"urlTemplate\":\"https:\/\/delorenzoglobal.com\/es\/?s={search_term_string}\"},\"query-input\":{\"@type\":\"PropertyValueSpecification\",\"valueRequired\":true,\"valueName\":\"search_term_string\"}}],\"inLanguage\":\"es\"}]}<\/script>\n<!-- \/ Yoast SEO plugin. -->","yoast_head_json":{"title":"ENERG\u00cdA EL\u00c9CTRICA EN CORRIENTE ALTERNA - De Lorenzo Training &amp; Didactical Equipment","robots":{"index":"index","follow":"follow","max-snippet":"max-snippet:-1","max-image-preview":"max-image-preview:large","max-video-preview":"max-video-preview:-1"},"canonical":"https:\/\/delorenzoglobal.com\/es\/producto\/energia-electrica-en-corriente-alterna\/","og_locale":"es_ES","og_type":"article","og_title":"ENERG\u00cdA EL\u00c9CTRICA EN CORRIENTE ALTERNA - De Lorenzo Training &amp; Didactical Equipment","og_description":"El \u00a0dise\u00f1o y la construcci\u00f3n de circuitos electr\u00f3nicos para resolver problemas pr\u00e1cticos es \u00a0una \u00a0t\u00e9cnica \u00a0esencial \u00a0en \u00a0los campos de la ingenier\u00eda electr\u00f3nica y la ingenier\u00eda inform\u00e1tica. Con esta tarjeta los alumnos pueden estudiar el principio de funcionamiento de los transformadores \u00a0 monof\u00e1sicos \u00a0en \u00a0diferentes condiciones \u00a0de \u00a0carga \u00a0y \u00a0su \u00a0desplazamiento defase, as\u00ed como el [&hellip;]","og_url":"https:\/\/delorenzoglobal.com\/es\/producto\/energia-electrica-en-corriente-alterna\/","og_site_name":"De Lorenzo Training &amp; Didactical Equipment","article_modified_time":"2025-01-21T11:10:09+00:00","og_image":[{"width":2560,"height":2219,"url":"https:\/\/delorenzoglobal.com\/wp-content\/uploads\/2024\/04\/DL-3155M08-scaled.jpg","type":"image\/jpeg"}],"twitter_card":"summary_large_image","twitter_misc":{"Tiempo de lectura":"1 minuto"},"schema":{"@context":"https:\/\/schema.org","@graph":[{"@type":"WebPage","@id":"https:\/\/delorenzoglobal.com\/es\/producto\/energia-electrica-en-corriente-alterna\/","url":"https:\/\/delorenzoglobal.com\/es\/producto\/energia-electrica-en-corriente-alterna\/","name":"ENERG\u00cdA EL\u00c9CTRICA EN CORRIENTE ALTERNA - De Lorenzo Training &amp; Didactical Equipment","isPartOf":{"@id":"https:\/\/delorenzoglobal.com\/es\/#website"},"primaryImageOfPage":{"@id":"https:\/\/delorenzoglobal.com\/es\/producto\/energia-electrica-en-corriente-alterna\/#primaryimage"},"image":{"@id":"https:\/\/delorenzoglobal.com\/es\/producto\/energia-electrica-en-corriente-alterna\/#primaryimage"},"thumbnailUrl":"https:\/\/delorenzoglobal.com\/wp-content\/uploads\/2024\/04\/DL-3155M08-scaled.jpg","datePublished":"2024-04-10T12:22:58+00:00","dateModified":"2025-01-21T11:10:09+00:00","breadcrumb":{"@id":"https:\/\/delorenzoglobal.com\/es\/producto\/energia-electrica-en-corriente-alterna\/#breadcrumb"},"inLanguage":"es","potentialAction":[{"@type":"ReadAction","target":["https:\/\/delorenzoglobal.com\/es\/producto\/energia-electrica-en-corriente-alterna\/"]}]},{"@type":"ImageObject","inLanguage":"es","@id":"https:\/\/delorenzoglobal.com\/es\/producto\/energia-electrica-en-corriente-alterna\/#primaryimage","url":"https:\/\/delorenzoglobal.com\/wp-content\/uploads\/2024\/04\/DL-3155M08-scaled.jpg","contentUrl":"https:\/\/delorenzoglobal.com\/wp-content\/uploads\/2024\/04\/DL-3155M08-scaled.jpg","width":2560,"height":2219},{"@type":"BreadcrumbList","@id":"https:\/\/delorenzoglobal.com\/es\/producto\/energia-electrica-en-corriente-alterna\/#breadcrumb","itemListElement":[{"@type":"ListItem","position":1,"name":"Home","item":"https:\/\/delorenzoglobal.com\/es\/"},{"@type":"ListItem","position":2,"name":"Tienda","item":"https:\/\/delorenzoglobal.com\/es\/tienda\/"},{"@type":"ListItem","position":3,"name":"ENERG\u00cdA EL\u00c9CTRICA EN CORRIENTE ALTERNA"}]},{"@type":"WebSite","@id":"https:\/\/delorenzoglobal.com\/es\/#website","url":"https:\/\/delorenzoglobal.com\/es\/","name":"De Lorenzo Training &amp; Didactical Equipment","description":"","potentialAction":[{"@type":"SearchAction","target":{"@type":"EntryPoint","urlTemplate":"https:\/\/delorenzoglobal.com\/es\/?s={search_term_string}"},"query-input":{"@type":"PropertyValueSpecification","valueRequired":true,"valueName":"search_term_string"}}],"inLanguage":"es"}]}},"_links":{"self":[{"href":"https:\/\/delorenzoglobal.com\/es\/wp-json\/wp\/v2\/product\/3088","targetHints":{"allow":["GET"]}}],"collection":[{"href":"https:\/\/delorenzoglobal.com\/es\/wp-json\/wp\/v2\/product"}],"about":[{"href":"https:\/\/delorenzoglobal.com\/es\/wp-json\/wp\/v2\/types\/product"}],"wp:featuredmedia":[{"embeddable":true,"href":"https:\/\/delorenzoglobal.com\/es\/wp-json\/wp\/v2\/media\/3049"}],"wp:attachment":[{"href":"https:\/\/delorenzoglobal.com\/es\/wp-json\/wp\/v2\/media?parent=3088"}],"wp:term":[{"taxonomy":"product_brand","embeddable":true,"href":"https:\/\/delorenzoglobal.com\/es\/wp-json\/wp\/v2\/product_brand?post=3088"},{"taxonomy":"product_cat","embeddable":true,"href":"https:\/\/delorenzoglobal.com\/es\/wp-json\/wp\/v2\/product_cat?post=3088"},{"taxonomy":"product_tag","embeddable":true,"href":"https:\/\/delorenzoglobal.com\/es\/wp-json\/wp\/v2\/product_tag?post=3088"}],"curies":[{"name":"wp","href":"https:\/\/api.w.org\/{rel}","templated":true}]}}