{"id":3037,"date":"2024-04-10T14:14:59","date_gmt":"2024-04-10T12:14:59","guid":{"rendered":"https:\/\/delorenzoglobal.com\/?post_type=product&#038;p=3037"},"modified":"2026-04-16T12:26:09","modified_gmt":"2026-04-16T10:26:09","slug":"control-de-temperatura-2","status":"publish","type":"product","link":"https:\/\/delorenzoglobal.com\/es\/producto\/control-de-temperatura-2\/","title":{"rendered":"CONTROL DE TEMPERATURA"},"content":{"rendered":"<p>Este laboratorio est\u00e1 dise\u00f1ado para el estudio de la aplicaci\u00f3n de control de temperatura para permitir al alumno una formaci\u00f3n pr\u00e1ctica, basada en la realizaci\u00f3n de experimentos guiados.<\/p>\n<p>Los componentes de tipo industrial se adaptan educativamente mediante el uso de un sistema de panel modular que permite el montaje paso a paso desde el circuito m\u00e1s simple hasta el sistema m\u00e1s complejo.<\/p>\n<p>&nbsp;<\/p>\n","protected":false},"excerpt":{"rendered":"<p>Este laboratorio est\u00e1 dise\u00f1ado para el estudio de la aplicaci\u00f3n de control de temperatura para permitir al alumno una formaci\u00f3n pr\u00e1ctica, basada en la realizaci\u00f3n de experimentos guiados. Los componentes de tipo industrial se adaptan educativamente mediante el uso de un sistema de panel modular que permite el montaje paso a paso desde el circuito [&hellip;]<\/p>\n","protected":false},"featured_media":3026,"template":"","meta":{"_acf_changed":false},"product_brand":[],"product_cat":[181],"product_tag":[],"class_list":{"0":"post-3037","1":"product","2":"type-product","3":"status-publish","4":"has-post-thumbnail","6":"product_cat-tecnologia-de-control-automatico","8":"first","9":"instock","10":"shipping-taxable","11":"product-type-simple"},"acf":[],"yoast_head":"<!-- This site is optimized with the Yoast SEO plugin v27.0 - https:\/\/yoast.com\/product\/yoast-seo-wordpress\/ -->\n<title>CONTROL DE TEMPERATURA - De Lorenzo Training &amp; Didactical Equipment<\/title>\n<meta name=\"description\" content=\"Laboratorio did\u00e1ctico para el estudio del control de temperatura, que ofrece formaci\u00f3n pr\u00e1ctica basada en experimentos guiados y un sistema modular de paneles industriales.\" \/>\n<meta name=\"robots\" content=\"index, follow, max-snippet:-1, max-image-preview:large, max-video-preview:-1\" \/>\n<link rel=\"canonical\" href=\"https:\/\/delorenzoglobal.com\/es\/producto\/control-de-temperatura-2\/\" \/>\n<meta property=\"og:locale\" content=\"es_ES\" \/>\n<meta property=\"og:type\" content=\"article\" \/>\n<meta property=\"og:title\" content=\"CONTROL DE TEMPERATURA - De Lorenzo Training &amp; Didactical Equipment\" \/>\n<meta property=\"og:description\" content=\"Laboratorio did\u00e1ctico para el estudio del control de temperatura, que ofrece formaci\u00f3n pr\u00e1ctica basada en experimentos guiados y un sistema modular de paneles industriales.\" \/>\n<meta property=\"og:url\" content=\"https:\/\/delorenzoglobal.com\/es\/producto\/control-de-temperatura-2\/\" \/>\n<meta property=\"og:site_name\" content=\"De Lorenzo Training &amp; Didactical Equipment\" \/>\n<meta property=\"article:modified_time\" content=\"2026-04-16T10:26:09+00:00\" \/>\n<meta property=\"og:image\" content=\"https:\/\/delorenzoglobal.com\/wp-content\/uploads\/2024\/04\/TEM.jpg\" \/>\n\t<meta property=\"og:image:width\" content=\"1403\" \/>\n\t<meta property=\"og:image:height\" content=\"1146\" \/>\n\t<meta property=\"og:image:type\" content=\"image\/jpeg\" \/>\n<meta name=\"twitter:card\" content=\"summary_large_image\" \/>\n<meta name=\"twitter:label1\" content=\"Tiempo de lectura\" \/>\n\t<meta name=\"twitter:data1\" content=\"1 minuto\" \/>\n<script type=\"application\/ld+json\" class=\"yoast-schema-graph\">{\"@context\":\"https:\/\/schema.org\",\"@graph\":[{\"@type\":\"WebPage\",\"@id\":\"https:\/\/delorenzoglobal.com\/es\/producto\/control-de-temperatura-2\/\",\"url\":\"https:\/\/delorenzoglobal.com\/es\/producto\/control-de-temperatura-2\/\",\"name\":\"CONTROL DE TEMPERATURA - De Lorenzo Training &amp; Didactical Equipment\",\"isPartOf\":{\"@id\":\"https:\/\/delorenzoglobal.com\/es\/#website\"},\"primaryImageOfPage\":{\"@id\":\"https:\/\/delorenzoglobal.com\/es\/producto\/control-de-temperatura-2\/#primaryimage\"},\"image\":{\"@id\":\"https:\/\/delorenzoglobal.com\/es\/producto\/control-de-temperatura-2\/#primaryimage\"},\"thumbnailUrl\":\"https:\/\/delorenzoglobal.com\/wp-content\/uploads\/2024\/04\/TEM.jpg\",\"datePublished\":\"2024-04-10T12:14:59+00:00\",\"dateModified\":\"2026-04-16T10:26:09+00:00\",\"description\":\"Laboratorio did\u00e1ctico para el estudio del control de temperatura, que ofrece formaci\u00f3n pr\u00e1ctica basada en experimentos guiados y un sistema modular de paneles industriales.\",\"breadcrumb\":{\"@id\":\"https:\/\/delorenzoglobal.com\/es\/producto\/control-de-temperatura-2\/#breadcrumb\"},\"inLanguage\":\"es\",\"potentialAction\":[{\"@type\":\"ReadAction\",\"target\":[\"https:\/\/delorenzoglobal.com\/es\/producto\/control-de-temperatura-2\/\"]}]},{\"@type\":\"ImageObject\",\"inLanguage\":\"es\",\"@id\":\"https:\/\/delorenzoglobal.com\/es\/producto\/control-de-temperatura-2\/#primaryimage\",\"url\":\"https:\/\/delorenzoglobal.com\/wp-content\/uploads\/2024\/04\/TEM.jpg\",\"contentUrl\":\"https:\/\/delorenzoglobal.com\/wp-content\/uploads\/2024\/04\/TEM.jpg\",\"width\":1403,\"height\":1146},{\"@type\":\"BreadcrumbList\",\"@id\":\"https:\/\/delorenzoglobal.com\/es\/producto\/control-de-temperatura-2\/#breadcrumb\",\"itemListElement\":[{\"@type\":\"ListItem\",\"position\":1,\"name\":\"Home\",\"item\":\"https:\/\/delorenzoglobal.com\/es\/\"},{\"@type\":\"ListItem\",\"position\":2,\"name\":\"Tienda\",\"item\":\"https:\/\/delorenzoglobal.com\/es\/tienda\/\"},{\"@type\":\"ListItem\",\"position\":3,\"name\":\"CONTROL DE TEMPERATURA\"}]},{\"@type\":\"WebSite\",\"@id\":\"https:\/\/delorenzoglobal.com\/es\/#website\",\"url\":\"https:\/\/delorenzoglobal.com\/es\/\",\"name\":\"De Lorenzo Training &amp; Didactical Equipment\",\"description\":\"\",\"potentialAction\":[{\"@type\":\"SearchAction\",\"target\":{\"@type\":\"EntryPoint\",\"urlTemplate\":\"https:\/\/delorenzoglobal.com\/es\/?s={search_term_string}\"},\"query-input\":{\"@type\":\"PropertyValueSpecification\",\"valueRequired\":true,\"valueName\":\"search_term_string\"}}],\"inLanguage\":\"es\"}]}<\/script>\n<!-- \/ Yoast SEO plugin. -->","yoast_head_json":{"title":"CONTROL DE TEMPERATURA - De Lorenzo Training &amp; Didactical Equipment","description":"Laboratorio did\u00e1ctico para el estudio del control de temperatura, que ofrece formaci\u00f3n pr\u00e1ctica basada en experimentos guiados y un sistema modular de paneles industriales.","robots":{"index":"index","follow":"follow","max-snippet":"max-snippet:-1","max-image-preview":"max-image-preview:large","max-video-preview":"max-video-preview:-1"},"canonical":"https:\/\/delorenzoglobal.com\/es\/producto\/control-de-temperatura-2\/","og_locale":"es_ES","og_type":"article","og_title":"CONTROL DE TEMPERATURA - De Lorenzo Training &amp; Didactical Equipment","og_description":"Laboratorio did\u00e1ctico para el estudio del control de temperatura, que ofrece formaci\u00f3n pr\u00e1ctica basada en experimentos guiados y un sistema modular de paneles industriales.","og_url":"https:\/\/delorenzoglobal.com\/es\/producto\/control-de-temperatura-2\/","og_site_name":"De Lorenzo Training &amp; Didactical Equipment","article_modified_time":"2026-04-16T10:26:09+00:00","og_image":[{"width":1403,"height":1146,"url":"https:\/\/delorenzoglobal.com\/wp-content\/uploads\/2024\/04\/TEM.jpg","type":"image\/jpeg"}],"twitter_card":"summary_large_image","twitter_misc":{"Tiempo de lectura":"1 minuto"},"schema":{"@context":"https:\/\/schema.org","@graph":[{"@type":"WebPage","@id":"https:\/\/delorenzoglobal.com\/es\/producto\/control-de-temperatura-2\/","url":"https:\/\/delorenzoglobal.com\/es\/producto\/control-de-temperatura-2\/","name":"CONTROL DE TEMPERATURA - De Lorenzo Training &amp; Didactical Equipment","isPartOf":{"@id":"https:\/\/delorenzoglobal.com\/es\/#website"},"primaryImageOfPage":{"@id":"https:\/\/delorenzoglobal.com\/es\/producto\/control-de-temperatura-2\/#primaryimage"},"image":{"@id":"https:\/\/delorenzoglobal.com\/es\/producto\/control-de-temperatura-2\/#primaryimage"},"thumbnailUrl":"https:\/\/delorenzoglobal.com\/wp-content\/uploads\/2024\/04\/TEM.jpg","datePublished":"2024-04-10T12:14:59+00:00","dateModified":"2026-04-16T10:26:09+00:00","description":"Laboratorio did\u00e1ctico para el estudio del control de temperatura, que ofrece formaci\u00f3n pr\u00e1ctica basada en experimentos guiados y un sistema modular de paneles industriales.","breadcrumb":{"@id":"https:\/\/delorenzoglobal.com\/es\/producto\/control-de-temperatura-2\/#breadcrumb"},"inLanguage":"es","potentialAction":[{"@type":"ReadAction","target":["https:\/\/delorenzoglobal.com\/es\/producto\/control-de-temperatura-2\/"]}]},{"@type":"ImageObject","inLanguage":"es","@id":"https:\/\/delorenzoglobal.com\/es\/producto\/control-de-temperatura-2\/#primaryimage","url":"https:\/\/delorenzoglobal.com\/wp-content\/uploads\/2024\/04\/TEM.jpg","contentUrl":"https:\/\/delorenzoglobal.com\/wp-content\/uploads\/2024\/04\/TEM.jpg","width":1403,"height":1146},{"@type":"BreadcrumbList","@id":"https:\/\/delorenzoglobal.com\/es\/producto\/control-de-temperatura-2\/#breadcrumb","itemListElement":[{"@type":"ListItem","position":1,"name":"Home","item":"https:\/\/delorenzoglobal.com\/es\/"},{"@type":"ListItem","position":2,"name":"Tienda","item":"https:\/\/delorenzoglobal.com\/es\/tienda\/"},{"@type":"ListItem","position":3,"name":"CONTROL DE TEMPERATURA"}]},{"@type":"WebSite","@id":"https:\/\/delorenzoglobal.com\/es\/#website","url":"https:\/\/delorenzoglobal.com\/es\/","name":"De Lorenzo Training &amp; Didactical Equipment","description":"","potentialAction":[{"@type":"SearchAction","target":{"@type":"EntryPoint","urlTemplate":"https:\/\/delorenzoglobal.com\/es\/?s={search_term_string}"},"query-input":{"@type":"PropertyValueSpecification","valueRequired":true,"valueName":"search_term_string"}}],"inLanguage":"es"}]}},"_links":{"self":[{"href":"https:\/\/delorenzoglobal.com\/es\/wp-json\/wp\/v2\/product\/3037","targetHints":{"allow":["GET"]}}],"collection":[{"href":"https:\/\/delorenzoglobal.com\/es\/wp-json\/wp\/v2\/product"}],"about":[{"href":"https:\/\/delorenzoglobal.com\/es\/wp-json\/wp\/v2\/types\/product"}],"wp:featuredmedia":[{"embeddable":true,"href":"https:\/\/delorenzoglobal.com\/es\/wp-json\/wp\/v2\/media\/3026"}],"wp:attachment":[{"href":"https:\/\/delorenzoglobal.com\/es\/wp-json\/wp\/v2\/media?parent=3037"}],"wp:term":[{"taxonomy":"product_brand","embeddable":true,"href":"https:\/\/delorenzoglobal.com\/es\/wp-json\/wp\/v2\/product_brand?post=3037"},{"taxonomy":"product_cat","embeddable":true,"href":"https:\/\/delorenzoglobal.com\/es\/wp-json\/wp\/v2\/product_cat?post=3037"},{"taxonomy":"product_tag","embeddable":true,"href":"https:\/\/delorenzoglobal.com\/es\/wp-json\/wp\/v2\/product_tag?post=3037"}],"curies":[{"name":"wp","href":"https:\/\/api.w.org\/{rel}","templated":true}]}}