{"id":3001,"date":"2024-04-10T14:04:54","date_gmt":"2024-04-10T12:04:54","guid":{"rendered":"https:\/\/delorenzoglobal.com\/?post_type=product&#038;p=3001"},"modified":"2026-04-16T12:23:04","modified_gmt":"2026-04-16T10:23:04","slug":"control-de-un-motor-cc","status":"publish","type":"product","link":"https:\/\/delorenzoglobal.com\/es\/producto\/control-de-un-motor-cc\/","title":{"rendered":"CONTROL DE UN MOTOR CC"},"content":{"rendered":"<p>Este laboratorio est\u00e1 dise\u00f1ado para el estudio del control de un motor de corriente continua, brind\u00e1ndole al alumno un entrenamiento pr\u00e1ctico al realizar una serie de experimentos guiados.<\/p>\n<p>Los componentes de tipo industrial son adaptados para su uso did\u00e1ctico en un sistema modular de paneles que permite hacer un montaje paso a paso que puede ir desde el circuito m\u00e1s simple hasta el sistema m\u00e1s complejo.<\/p>\n<p>&nbsp;<\/p>\n","protected":false},"excerpt":{"rendered":"<p>Este laboratorio est\u00e1 dise\u00f1ado para el estudio del control de un motor de corriente continua, brind\u00e1ndole al alumno un entrenamiento pr\u00e1ctico al realizar una serie de experimentos guiados. Los componentes de tipo industrial son adaptados para su uso did\u00e1ctico en un sistema modular de paneles que permite hacer un montaje paso a paso que puede [&hellip;]<\/p>\n","protected":false},"featured_media":2977,"template":"","meta":{"_acf_changed":false},"product_brand":[],"product_cat":[181],"product_tag":[],"class_list":{"0":"post-3001","1":"product","2":"type-product","3":"status-publish","4":"has-post-thumbnail","6":"product_cat-tecnologia-de-control-automatico","8":"first","9":"instock","10":"shipping-taxable","11":"product-type-simple"},"acf":[],"yoast_head":"<!-- This site is optimized with the Yoast SEO plugin v27.4 - https:\/\/yoast.com\/product\/yoast-seo-wordpress\/ -->\n<title>CONTROL DE UN MOTOR CC - De Lorenzo Training &amp; Didactical Equipment<\/title>\n<meta name=\"description\" content=\"Laboratorio did\u00e1ctico para el estudio del control de motores de corriente continua, que ofrece formaci\u00f3n pr\u00e1ctica mediante experimentos guiados y un sistema modular de paneles industriales.\" \/>\n<meta name=\"robots\" content=\"index, follow, max-snippet:-1, max-image-preview:large, max-video-preview:-1\" \/>\n<link rel=\"canonical\" href=\"https:\/\/delorenzoglobal.com\/es\/producto\/control-de-un-motor-cc\/\" \/>\n<meta property=\"og:locale\" content=\"es_ES\" \/>\n<meta property=\"og:type\" content=\"article\" \/>\n<meta property=\"og:title\" content=\"CONTROL DE UN MOTOR CC - De Lorenzo Training &amp; Didactical Equipment\" \/>\n<meta property=\"og:description\" content=\"Laboratorio did\u00e1ctico para el estudio del control de motores de corriente continua, que ofrece formaci\u00f3n pr\u00e1ctica mediante experimentos guiados y un sistema modular de paneles industriales.\" \/>\n<meta property=\"og:url\" content=\"https:\/\/delorenzoglobal.com\/es\/producto\/control-de-un-motor-cc\/\" \/>\n<meta property=\"og:site_name\" content=\"De Lorenzo Training &amp; Didactical Equipment\" \/>\n<meta property=\"article:modified_time\" content=\"2026-04-16T10:23:04+00:00\" \/>\n<meta property=\"og:image\" content=\"https:\/\/delorenzoglobal.com\/wp-content\/uploads\/2024\/04\/MOT.jpg\" \/>\n\t<meta property=\"og:image:width\" content=\"1403\" \/>\n\t<meta property=\"og:image:height\" content=\"1077\" \/>\n\t<meta property=\"og:image:type\" content=\"image\/jpeg\" \/>\n<meta name=\"twitter:card\" content=\"summary_large_image\" \/>\n<meta name=\"twitter:label1\" content=\"Tiempo de lectura\" \/>\n\t<meta name=\"twitter:data1\" content=\"1 minuto\" \/>\n<script type=\"application\/ld+json\" class=\"yoast-schema-graph\">{\"@context\":\"https:\\\/\\\/schema.org\",\"@graph\":[{\"@type\":\"WebPage\",\"@id\":\"https:\\\/\\\/delorenzoglobal.com\\\/es\\\/producto\\\/control-de-un-motor-cc\\\/\",\"url\":\"https:\\\/\\\/delorenzoglobal.com\\\/es\\\/producto\\\/control-de-un-motor-cc\\\/\",\"name\":\"CONTROL DE UN MOTOR CC - De Lorenzo Training &amp; Didactical Equipment\",\"isPartOf\":{\"@id\":\"https:\\\/\\\/delorenzoglobal.com\\\/es\\\/#website\"},\"primaryImageOfPage\":{\"@id\":\"https:\\\/\\\/delorenzoglobal.com\\\/es\\\/producto\\\/control-de-un-motor-cc\\\/#primaryimage\"},\"image\":{\"@id\":\"https:\\\/\\\/delorenzoglobal.com\\\/es\\\/producto\\\/control-de-un-motor-cc\\\/#primaryimage\"},\"thumbnailUrl\":\"https:\\\/\\\/delorenzoglobal.com\\\/wp-content\\\/uploads\\\/2024\\\/04\\\/MOT.jpg\",\"datePublished\":\"2024-04-10T12:04:54+00:00\",\"dateModified\":\"2026-04-16T10:23:04+00:00\",\"description\":\"Laboratorio did\u00e1ctico para el estudio del control de motores de corriente continua, que ofrece formaci\u00f3n pr\u00e1ctica mediante experimentos guiados y un sistema modular de paneles industriales.\",\"breadcrumb\":{\"@id\":\"https:\\\/\\\/delorenzoglobal.com\\\/es\\\/producto\\\/control-de-un-motor-cc\\\/#breadcrumb\"},\"inLanguage\":\"es\",\"potentialAction\":[{\"@type\":\"ReadAction\",\"target\":[\"https:\\\/\\\/delorenzoglobal.com\\\/es\\\/producto\\\/control-de-un-motor-cc\\\/\"]}]},{\"@type\":\"ImageObject\",\"inLanguage\":\"es\",\"@id\":\"https:\\\/\\\/delorenzoglobal.com\\\/es\\\/producto\\\/control-de-un-motor-cc\\\/#primaryimage\",\"url\":\"https:\\\/\\\/delorenzoglobal.com\\\/wp-content\\\/uploads\\\/2024\\\/04\\\/MOT.jpg\",\"contentUrl\":\"https:\\\/\\\/delorenzoglobal.com\\\/wp-content\\\/uploads\\\/2024\\\/04\\\/MOT.jpg\",\"width\":1403,\"height\":1077},{\"@type\":\"BreadcrumbList\",\"@id\":\"https:\\\/\\\/delorenzoglobal.com\\\/es\\\/producto\\\/control-de-un-motor-cc\\\/#breadcrumb\",\"itemListElement\":[{\"@type\":\"ListItem\",\"position\":1,\"name\":\"Home\",\"item\":\"https:\\\/\\\/delorenzoglobal.com\\\/es\\\/\"},{\"@type\":\"ListItem\",\"position\":2,\"name\":\"Tienda\",\"item\":\"https:\\\/\\\/delorenzoglobal.com\\\/es\\\/tienda\\\/\"},{\"@type\":\"ListItem\",\"position\":3,\"name\":\"CONTROL DE UN MOTOR CC\"}]},{\"@type\":\"WebSite\",\"@id\":\"https:\\\/\\\/delorenzoglobal.com\\\/es\\\/#website\",\"url\":\"https:\\\/\\\/delorenzoglobal.com\\\/es\\\/\",\"name\":\"De Lorenzo Training &amp; Didactical Equipment\",\"description\":\"\",\"potentialAction\":[{\"@type\":\"SearchAction\",\"target\":{\"@type\":\"EntryPoint\",\"urlTemplate\":\"https:\\\/\\\/delorenzoglobal.com\\\/es\\\/?s={search_term_string}\"},\"query-input\":{\"@type\":\"PropertyValueSpecification\",\"valueRequired\":true,\"valueName\":\"search_term_string\"}}],\"inLanguage\":\"es\"}]}<\/script>\n<!-- \/ Yoast SEO plugin. -->","yoast_head_json":{"title":"CONTROL DE UN MOTOR CC - De Lorenzo Training &amp; Didactical Equipment","description":"Laboratorio did\u00e1ctico para el estudio del control de motores de corriente continua, que ofrece formaci\u00f3n pr\u00e1ctica mediante experimentos guiados y un sistema modular de paneles industriales.","robots":{"index":"index","follow":"follow","max-snippet":"max-snippet:-1","max-image-preview":"max-image-preview:large","max-video-preview":"max-video-preview:-1"},"canonical":"https:\/\/delorenzoglobal.com\/es\/producto\/control-de-un-motor-cc\/","og_locale":"es_ES","og_type":"article","og_title":"CONTROL DE UN MOTOR CC - De Lorenzo Training &amp; Didactical Equipment","og_description":"Laboratorio did\u00e1ctico para el estudio del control de motores de corriente continua, que ofrece formaci\u00f3n pr\u00e1ctica mediante experimentos guiados y un sistema modular de paneles industriales.","og_url":"https:\/\/delorenzoglobal.com\/es\/producto\/control-de-un-motor-cc\/","og_site_name":"De Lorenzo Training &amp; Didactical Equipment","article_modified_time":"2026-04-16T10:23:04+00:00","og_image":[{"width":1403,"height":1077,"url":"https:\/\/delorenzoglobal.com\/wp-content\/uploads\/2024\/04\/MOT.jpg","type":"image\/jpeg"}],"twitter_card":"summary_large_image","twitter_misc":{"Tiempo de lectura":"1 minuto"},"schema":{"@context":"https:\/\/schema.org","@graph":[{"@type":"WebPage","@id":"https:\/\/delorenzoglobal.com\/es\/producto\/control-de-un-motor-cc\/","url":"https:\/\/delorenzoglobal.com\/es\/producto\/control-de-un-motor-cc\/","name":"CONTROL DE UN MOTOR CC - De Lorenzo Training &amp; Didactical Equipment","isPartOf":{"@id":"https:\/\/delorenzoglobal.com\/es\/#website"},"primaryImageOfPage":{"@id":"https:\/\/delorenzoglobal.com\/es\/producto\/control-de-un-motor-cc\/#primaryimage"},"image":{"@id":"https:\/\/delorenzoglobal.com\/es\/producto\/control-de-un-motor-cc\/#primaryimage"},"thumbnailUrl":"https:\/\/delorenzoglobal.com\/wp-content\/uploads\/2024\/04\/MOT.jpg","datePublished":"2024-04-10T12:04:54+00:00","dateModified":"2026-04-16T10:23:04+00:00","description":"Laboratorio did\u00e1ctico para el estudio del control de motores de corriente continua, que ofrece formaci\u00f3n pr\u00e1ctica mediante experimentos guiados y un sistema modular de paneles industriales.","breadcrumb":{"@id":"https:\/\/delorenzoglobal.com\/es\/producto\/control-de-un-motor-cc\/#breadcrumb"},"inLanguage":"es","potentialAction":[{"@type":"ReadAction","target":["https:\/\/delorenzoglobal.com\/es\/producto\/control-de-un-motor-cc\/"]}]},{"@type":"ImageObject","inLanguage":"es","@id":"https:\/\/delorenzoglobal.com\/es\/producto\/control-de-un-motor-cc\/#primaryimage","url":"https:\/\/delorenzoglobal.com\/wp-content\/uploads\/2024\/04\/MOT.jpg","contentUrl":"https:\/\/delorenzoglobal.com\/wp-content\/uploads\/2024\/04\/MOT.jpg","width":1403,"height":1077},{"@type":"BreadcrumbList","@id":"https:\/\/delorenzoglobal.com\/es\/producto\/control-de-un-motor-cc\/#breadcrumb","itemListElement":[{"@type":"ListItem","position":1,"name":"Home","item":"https:\/\/delorenzoglobal.com\/es\/"},{"@type":"ListItem","position":2,"name":"Tienda","item":"https:\/\/delorenzoglobal.com\/es\/tienda\/"},{"@type":"ListItem","position":3,"name":"CONTROL DE UN MOTOR CC"}]},{"@type":"WebSite","@id":"https:\/\/delorenzoglobal.com\/es\/#website","url":"https:\/\/delorenzoglobal.com\/es\/","name":"De Lorenzo Training &amp; Didactical Equipment","description":"","potentialAction":[{"@type":"SearchAction","target":{"@type":"EntryPoint","urlTemplate":"https:\/\/delorenzoglobal.com\/es\/?s={search_term_string}"},"query-input":{"@type":"PropertyValueSpecification","valueRequired":true,"valueName":"search_term_string"}}],"inLanguage":"es"}]}},"_links":{"self":[{"href":"https:\/\/delorenzoglobal.com\/es\/wp-json\/wp\/v2\/product\/3001","targetHints":{"allow":["GET"]}}],"collection":[{"href":"https:\/\/delorenzoglobal.com\/es\/wp-json\/wp\/v2\/product"}],"about":[{"href":"https:\/\/delorenzoglobal.com\/es\/wp-json\/wp\/v2\/types\/product"}],"wp:featuredmedia":[{"embeddable":true,"href":"https:\/\/delorenzoglobal.com\/es\/wp-json\/wp\/v2\/media\/2977"}],"wp:attachment":[{"href":"https:\/\/delorenzoglobal.com\/es\/wp-json\/wp\/v2\/media?parent=3001"}],"wp:term":[{"taxonomy":"product_brand","embeddable":true,"href":"https:\/\/delorenzoglobal.com\/es\/wp-json\/wp\/v2\/product_brand?post=3001"},{"taxonomy":"product_cat","embeddable":true,"href":"https:\/\/delorenzoglobal.com\/es\/wp-json\/wp\/v2\/product_cat?post=3001"},{"taxonomy":"product_tag","embeddable":true,"href":"https:\/\/delorenzoglobal.com\/es\/wp-json\/wp\/v2\/product_tag?post=3001"}],"curies":[{"name":"wp","href":"https:\/\/api.w.org\/{rel}","templated":true}]}}