{"id":2963,"date":"2024-04-10T13:56:25","date_gmt":"2024-04-10T11:56:25","guid":{"rendered":"https:\/\/delorenzoglobal.com\/?post_type=product&#038;p=2963"},"modified":"2026-04-16T15:58:15","modified_gmt":"2026-04-16T13:58:15","slug":"control-automatico-discontinuo","status":"publish","type":"product","link":"https:\/\/delorenzoglobal.com\/es\/producto\/control-automatico-discontinuo\/","title":{"rendered":"CONTROL AUTOMATICO DISCONTINUO"},"content":{"rendered":"<p>Este laboratorio est\u00e1 dise\u00f1ado para el estudio de sistemas de Control Autom\u00e1tico Discontinuo donde el controlador est\u00e1 compuesto por un elemento de intervenci\u00f3n discontinua.<\/p>\n<p>Un controlador discontinuo se caracteriza por una salida que tiene dos o m\u00e1s estados fijos y su valor cambia entre estos estados de acuerdo con el valor de entrada.<\/p>\n<p>&nbsp;<\/p>\n","protected":false},"excerpt":{"rendered":"<p>Este laboratorio est\u00e1 dise\u00f1ado para el estudio de sistemas de Control Autom\u00e1tico Discontinuo donde el controlador est\u00e1 compuesto por un elemento de intervenci\u00f3n discontinua. Un controlador discontinuo se caracteriza por una salida que tiene dos o m\u00e1s estados fijos y su valor cambia entre estos estados de acuerdo con el valor de entrada. &nbsp;<\/p>\n","protected":false},"featured_media":2952,"template":"","meta":{"_acf_changed":false},"product_brand":[],"product_cat":[181],"product_tag":[],"class_list":{"0":"post-2963","1":"product","2":"type-product","3":"status-publish","4":"has-post-thumbnail","6":"product_cat-tecnologia-de-control-automatico","8":"first","9":"instock","10":"shipping-taxable","11":"product-type-simple"},"acf":[],"yoast_head":"<!-- This site is optimized with the Yoast SEO plugin v27.0 - https:\/\/yoast.com\/product\/yoast-seo-wordpress\/ -->\n<title>CONTROL AUTOMATICO DISCONTINUO - De Lorenzo Training &amp; Didactical Equipment<\/title>\n<meta name=\"description\" content=\"Laboratorio did\u00e1ctico para el estudio de sistemas de control autom\u00e1tico discontinuo, basado en controladores de estados discretos y formaci\u00f3n pr\u00e1ctica mediante experimentos guiados.\" \/>\n<meta name=\"robots\" content=\"index, follow, max-snippet:-1, max-image-preview:large, max-video-preview:-1\" \/>\n<link rel=\"canonical\" href=\"https:\/\/delorenzoglobal.com\/es\/producto\/control-automatico-discontinuo\/\" \/>\n<meta property=\"og:locale\" content=\"es_ES\" \/>\n<meta property=\"og:type\" content=\"article\" \/>\n<meta property=\"og:title\" content=\"CONTROL AUTOMATICO DISCONTINUO - De Lorenzo Training &amp; Didactical Equipment\" \/>\n<meta property=\"og:description\" content=\"Laboratorio did\u00e1ctico para el estudio de sistemas de control autom\u00e1tico discontinuo, basado en controladores de estados discretos y formaci\u00f3n pr\u00e1ctica mediante experimentos guiados.\" \/>\n<meta property=\"og:url\" content=\"https:\/\/delorenzoglobal.com\/es\/producto\/control-automatico-discontinuo\/\" \/>\n<meta property=\"og:site_name\" content=\"De Lorenzo Training &amp; Didactical Equipment\" \/>\n<meta property=\"article:modified_time\" content=\"2026-04-16T13:58:15+00:00\" \/>\n<meta property=\"og:image\" content=\"https:\/\/delorenzoglobal.com\/wp-content\/uploads\/2024\/04\/DAC.jpg\" \/>\n\t<meta property=\"og:image:width\" content=\"1403\" \/>\n\t<meta property=\"og:image:height\" content=\"1135\" \/>\n\t<meta property=\"og:image:type\" content=\"image\/jpeg\" \/>\n<meta name=\"twitter:card\" content=\"summary_large_image\" \/>\n<meta name=\"twitter:label1\" content=\"Tiempo de lectura\" \/>\n\t<meta name=\"twitter:data1\" content=\"1 minuto\" \/>\n<script type=\"application\/ld+json\" class=\"yoast-schema-graph\">{\"@context\":\"https:\/\/schema.org\",\"@graph\":[{\"@type\":\"WebPage\",\"@id\":\"https:\/\/delorenzoglobal.com\/es\/producto\/control-automatico-discontinuo\/\",\"url\":\"https:\/\/delorenzoglobal.com\/es\/producto\/control-automatico-discontinuo\/\",\"name\":\"CONTROL AUTOMATICO DISCONTINUO - De Lorenzo Training &amp; Didactical Equipment\",\"isPartOf\":{\"@id\":\"https:\/\/delorenzoglobal.com\/es\/#website\"},\"primaryImageOfPage\":{\"@id\":\"https:\/\/delorenzoglobal.com\/es\/producto\/control-automatico-discontinuo\/#primaryimage\"},\"image\":{\"@id\":\"https:\/\/delorenzoglobal.com\/es\/producto\/control-automatico-discontinuo\/#primaryimage\"},\"thumbnailUrl\":\"https:\/\/delorenzoglobal.com\/wp-content\/uploads\/2024\/04\/DAC.jpg\",\"datePublished\":\"2024-04-10T11:56:25+00:00\",\"dateModified\":\"2026-04-16T13:58:15+00:00\",\"description\":\"Laboratorio did\u00e1ctico para el estudio de sistemas de control autom\u00e1tico discontinuo, basado en controladores de estados discretos y formaci\u00f3n pr\u00e1ctica mediante experimentos guiados.\",\"breadcrumb\":{\"@id\":\"https:\/\/delorenzoglobal.com\/es\/producto\/control-automatico-discontinuo\/#breadcrumb\"},\"inLanguage\":\"es\",\"potentialAction\":[{\"@type\":\"ReadAction\",\"target\":[\"https:\/\/delorenzoglobal.com\/es\/producto\/control-automatico-discontinuo\/\"]}]},{\"@type\":\"ImageObject\",\"inLanguage\":\"es\",\"@id\":\"https:\/\/delorenzoglobal.com\/es\/producto\/control-automatico-discontinuo\/#primaryimage\",\"url\":\"https:\/\/delorenzoglobal.com\/wp-content\/uploads\/2024\/04\/DAC.jpg\",\"contentUrl\":\"https:\/\/delorenzoglobal.com\/wp-content\/uploads\/2024\/04\/DAC.jpg\",\"width\":1403,\"height\":1135},{\"@type\":\"BreadcrumbList\",\"@id\":\"https:\/\/delorenzoglobal.com\/es\/producto\/control-automatico-discontinuo\/#breadcrumb\",\"itemListElement\":[{\"@type\":\"ListItem\",\"position\":1,\"name\":\"Home\",\"item\":\"https:\/\/delorenzoglobal.com\/es\/\"},{\"@type\":\"ListItem\",\"position\":2,\"name\":\"Tienda\",\"item\":\"https:\/\/delorenzoglobal.com\/es\/tienda\/\"},{\"@type\":\"ListItem\",\"position\":3,\"name\":\"CONTROL AUTOMATICO DISCONTINUO\"}]},{\"@type\":\"WebSite\",\"@id\":\"https:\/\/delorenzoglobal.com\/es\/#website\",\"url\":\"https:\/\/delorenzoglobal.com\/es\/\",\"name\":\"De Lorenzo Training &amp; Didactical Equipment\",\"description\":\"\",\"potentialAction\":[{\"@type\":\"SearchAction\",\"target\":{\"@type\":\"EntryPoint\",\"urlTemplate\":\"https:\/\/delorenzoglobal.com\/es\/?s={search_term_string}\"},\"query-input\":{\"@type\":\"PropertyValueSpecification\",\"valueRequired\":true,\"valueName\":\"search_term_string\"}}],\"inLanguage\":\"es\"}]}<\/script>\n<!-- \/ Yoast SEO plugin. -->","yoast_head_json":{"title":"CONTROL AUTOMATICO DISCONTINUO - De Lorenzo Training &amp; Didactical Equipment","description":"Laboratorio did\u00e1ctico para el estudio de sistemas de control autom\u00e1tico discontinuo, basado en controladores de estados discretos y formaci\u00f3n pr\u00e1ctica mediante experimentos guiados.","robots":{"index":"index","follow":"follow","max-snippet":"max-snippet:-1","max-image-preview":"max-image-preview:large","max-video-preview":"max-video-preview:-1"},"canonical":"https:\/\/delorenzoglobal.com\/es\/producto\/control-automatico-discontinuo\/","og_locale":"es_ES","og_type":"article","og_title":"CONTROL AUTOMATICO DISCONTINUO - De Lorenzo Training &amp; Didactical Equipment","og_description":"Laboratorio did\u00e1ctico para el estudio de sistemas de control autom\u00e1tico discontinuo, basado en controladores de estados discretos y formaci\u00f3n pr\u00e1ctica mediante experimentos guiados.","og_url":"https:\/\/delorenzoglobal.com\/es\/producto\/control-automatico-discontinuo\/","og_site_name":"De Lorenzo Training &amp; Didactical Equipment","article_modified_time":"2026-04-16T13:58:15+00:00","og_image":[{"width":1403,"height":1135,"url":"https:\/\/delorenzoglobal.com\/wp-content\/uploads\/2024\/04\/DAC.jpg","type":"image\/jpeg"}],"twitter_card":"summary_large_image","twitter_misc":{"Tiempo de lectura":"1 minuto"},"schema":{"@context":"https:\/\/schema.org","@graph":[{"@type":"WebPage","@id":"https:\/\/delorenzoglobal.com\/es\/producto\/control-automatico-discontinuo\/","url":"https:\/\/delorenzoglobal.com\/es\/producto\/control-automatico-discontinuo\/","name":"CONTROL AUTOMATICO DISCONTINUO - De Lorenzo Training &amp; Didactical Equipment","isPartOf":{"@id":"https:\/\/delorenzoglobal.com\/es\/#website"},"primaryImageOfPage":{"@id":"https:\/\/delorenzoglobal.com\/es\/producto\/control-automatico-discontinuo\/#primaryimage"},"image":{"@id":"https:\/\/delorenzoglobal.com\/es\/producto\/control-automatico-discontinuo\/#primaryimage"},"thumbnailUrl":"https:\/\/delorenzoglobal.com\/wp-content\/uploads\/2024\/04\/DAC.jpg","datePublished":"2024-04-10T11:56:25+00:00","dateModified":"2026-04-16T13:58:15+00:00","description":"Laboratorio did\u00e1ctico para el estudio de sistemas de control autom\u00e1tico discontinuo, basado en controladores de estados discretos y formaci\u00f3n pr\u00e1ctica mediante experimentos guiados.","breadcrumb":{"@id":"https:\/\/delorenzoglobal.com\/es\/producto\/control-automatico-discontinuo\/#breadcrumb"},"inLanguage":"es","potentialAction":[{"@type":"ReadAction","target":["https:\/\/delorenzoglobal.com\/es\/producto\/control-automatico-discontinuo\/"]}]},{"@type":"ImageObject","inLanguage":"es","@id":"https:\/\/delorenzoglobal.com\/es\/producto\/control-automatico-discontinuo\/#primaryimage","url":"https:\/\/delorenzoglobal.com\/wp-content\/uploads\/2024\/04\/DAC.jpg","contentUrl":"https:\/\/delorenzoglobal.com\/wp-content\/uploads\/2024\/04\/DAC.jpg","width":1403,"height":1135},{"@type":"BreadcrumbList","@id":"https:\/\/delorenzoglobal.com\/es\/producto\/control-automatico-discontinuo\/#breadcrumb","itemListElement":[{"@type":"ListItem","position":1,"name":"Home","item":"https:\/\/delorenzoglobal.com\/es\/"},{"@type":"ListItem","position":2,"name":"Tienda","item":"https:\/\/delorenzoglobal.com\/es\/tienda\/"},{"@type":"ListItem","position":3,"name":"CONTROL AUTOMATICO DISCONTINUO"}]},{"@type":"WebSite","@id":"https:\/\/delorenzoglobal.com\/es\/#website","url":"https:\/\/delorenzoglobal.com\/es\/","name":"De Lorenzo Training &amp; Didactical Equipment","description":"","potentialAction":[{"@type":"SearchAction","target":{"@type":"EntryPoint","urlTemplate":"https:\/\/delorenzoglobal.com\/es\/?s={search_term_string}"},"query-input":{"@type":"PropertyValueSpecification","valueRequired":true,"valueName":"search_term_string"}}],"inLanguage":"es"}]}},"_links":{"self":[{"href":"https:\/\/delorenzoglobal.com\/es\/wp-json\/wp\/v2\/product\/2963","targetHints":{"allow":["GET"]}}],"collection":[{"href":"https:\/\/delorenzoglobal.com\/es\/wp-json\/wp\/v2\/product"}],"about":[{"href":"https:\/\/delorenzoglobal.com\/es\/wp-json\/wp\/v2\/types\/product"}],"wp:featuredmedia":[{"embeddable":true,"href":"https:\/\/delorenzoglobal.com\/es\/wp-json\/wp\/v2\/media\/2952"}],"wp:attachment":[{"href":"https:\/\/delorenzoglobal.com\/es\/wp-json\/wp\/v2\/media?parent=2963"}],"wp:term":[{"taxonomy":"product_brand","embeddable":true,"href":"https:\/\/delorenzoglobal.com\/es\/wp-json\/wp\/v2\/product_brand?post=2963"},{"taxonomy":"product_cat","embeddable":true,"href":"https:\/\/delorenzoglobal.com\/es\/wp-json\/wp\/v2\/product_cat?post=2963"},{"taxonomy":"product_tag","embeddable":true,"href":"https:\/\/delorenzoglobal.com\/es\/wp-json\/wp\/v2\/product_tag?post=2963"}],"curies":[{"name":"wp","href":"https:\/\/api.w.org\/{rel}","templated":true}]}}