{"id":2934,"date":"2024-04-10T13:45:20","date_gmt":"2024-04-10T11:45:20","guid":{"rendered":"https:\/\/delorenzoglobal.com\/?post_type=product&#038;p=2934"},"modified":"2026-04-16T12:29:35","modified_gmt":"2026-04-16T10:29:35","slug":"control-automatico-continuo","status":"publish","type":"product","link":"https:\/\/delorenzoglobal.com\/es\/producto\/control-automatico-continuo\/","title":{"rendered":"CONTROL AUTOMATICO CONTINUO"},"content":{"rendered":"<p>Este laboratorio est\u00e1 dise\u00f1ado para estudiar procesos y controladores adecuadamente combinados para simular y estudiar los problemas m\u00e1s comunes relacionados con el Control Autom\u00e1tico Continuo.<\/p>\n<p>El an\u00e1lisis de las interacciones entre controladores y procesos se complica por la posible presencia de ruido; en ocasiones, esto \u00faltimo puede desencadenar una serie de oscilaciones con consecuencias, potencialmente graves, para el proceso.<\/p>\n<p>&nbsp;<\/p>\n","protected":false},"excerpt":{"rendered":"<p>Este laboratorio est\u00e1 dise\u00f1ado para estudiar procesos y controladores adecuadamente combinados para simular y estudiar los problemas m\u00e1s comunes relacionados con el Control Autom\u00e1tico Continuo. El an\u00e1lisis de las interacciones entre controladores y procesos se complica por la posible presencia de ruido; en ocasiones, esto \u00faltimo puede desencadenar una serie de oscilaciones con consecuencias, potencialmente [&hellip;]<\/p>\n","protected":false},"featured_media":2923,"template":"","meta":{"_acf_changed":false},"product_brand":[],"product_cat":[181],"product_tag":[],"class_list":{"0":"post-2934","1":"product","2":"type-product","3":"status-publish","4":"has-post-thumbnail","6":"product_cat-tecnologia-de-control-automatico","8":"first","9":"instock","10":"shipping-taxable","11":"product-type-simple"},"acf":[],"yoast_head":"<!-- This site is optimized with the Yoast SEO plugin v27.0 - https:\/\/yoast.com\/product\/yoast-seo-wordpress\/ -->\n<title>CONTROL AUTOMATICO CONTINUO - De Lorenzo Training &amp; Didactical Equipment<\/title>\n<meta name=\"description\" content=\"Laboratorio did\u00e1ctico para el estudio de sistemas de control autom\u00e1tico continuo, enfocado en la interacci\u00f3n entre procesos y controladores y en el an\u00e1lisis de los efectos del ruido y las oscilaciones.\" \/>\n<meta name=\"robots\" content=\"index, follow, max-snippet:-1, max-image-preview:large, max-video-preview:-1\" \/>\n<link rel=\"canonical\" href=\"https:\/\/delorenzoglobal.com\/es\/producto\/control-automatico-continuo\/\" \/>\n<meta property=\"og:locale\" content=\"es_ES\" \/>\n<meta property=\"og:type\" content=\"article\" \/>\n<meta property=\"og:title\" content=\"CONTROL AUTOMATICO CONTINUO - De Lorenzo Training &amp; Didactical Equipment\" \/>\n<meta property=\"og:description\" content=\"Laboratorio did\u00e1ctico para el estudio de sistemas de control autom\u00e1tico continuo, enfocado en la interacci\u00f3n entre procesos y controladores y en el an\u00e1lisis de los efectos del ruido y las oscilaciones.\" \/>\n<meta property=\"og:url\" content=\"https:\/\/delorenzoglobal.com\/es\/producto\/control-automatico-continuo\/\" \/>\n<meta property=\"og:site_name\" content=\"De Lorenzo Training &amp; Didactical Equipment\" \/>\n<meta property=\"article:modified_time\" content=\"2026-04-16T10:29:35+00:00\" \/>\n<meta property=\"og:image\" content=\"https:\/\/delorenzoglobal.com\/wp-content\/uploads\/2024\/04\/CAC.jpg\" \/>\n\t<meta property=\"og:image:width\" content=\"1403\" \/>\n\t<meta property=\"og:image:height\" content=\"1073\" \/>\n\t<meta property=\"og:image:type\" content=\"image\/jpeg\" \/>\n<meta name=\"twitter:card\" content=\"summary_large_image\" \/>\n<meta name=\"twitter:label1\" content=\"Tiempo de lectura\" \/>\n\t<meta name=\"twitter:data1\" content=\"1 minuto\" \/>\n<script type=\"application\/ld+json\" class=\"yoast-schema-graph\">{\"@context\":\"https:\/\/schema.org\",\"@graph\":[{\"@type\":\"WebPage\",\"@id\":\"https:\/\/delorenzoglobal.com\/es\/producto\/control-automatico-continuo\/\",\"url\":\"https:\/\/delorenzoglobal.com\/es\/producto\/control-automatico-continuo\/\",\"name\":\"CONTROL AUTOMATICO CONTINUO - De Lorenzo Training &amp; Didactical Equipment\",\"isPartOf\":{\"@id\":\"https:\/\/delorenzoglobal.com\/es\/#website\"},\"primaryImageOfPage\":{\"@id\":\"https:\/\/delorenzoglobal.com\/es\/producto\/control-automatico-continuo\/#primaryimage\"},\"image\":{\"@id\":\"https:\/\/delorenzoglobal.com\/es\/producto\/control-automatico-continuo\/#primaryimage\"},\"thumbnailUrl\":\"https:\/\/delorenzoglobal.com\/wp-content\/uploads\/2024\/04\/CAC.jpg\",\"datePublished\":\"2024-04-10T11:45:20+00:00\",\"dateModified\":\"2026-04-16T10:29:35+00:00\",\"description\":\"Laboratorio did\u00e1ctico para el estudio de sistemas de control autom\u00e1tico continuo, enfocado en la interacci\u00f3n entre procesos y controladores y en el an\u00e1lisis de los efectos del ruido y las oscilaciones.\",\"breadcrumb\":{\"@id\":\"https:\/\/delorenzoglobal.com\/es\/producto\/control-automatico-continuo\/#breadcrumb\"},\"inLanguage\":\"es\",\"potentialAction\":[{\"@type\":\"ReadAction\",\"target\":[\"https:\/\/delorenzoglobal.com\/es\/producto\/control-automatico-continuo\/\"]}]},{\"@type\":\"ImageObject\",\"inLanguage\":\"es\",\"@id\":\"https:\/\/delorenzoglobal.com\/es\/producto\/control-automatico-continuo\/#primaryimage\",\"url\":\"https:\/\/delorenzoglobal.com\/wp-content\/uploads\/2024\/04\/CAC.jpg\",\"contentUrl\":\"https:\/\/delorenzoglobal.com\/wp-content\/uploads\/2024\/04\/CAC.jpg\",\"width\":1403,\"height\":1073},{\"@type\":\"BreadcrumbList\",\"@id\":\"https:\/\/delorenzoglobal.com\/es\/producto\/control-automatico-continuo\/#breadcrumb\",\"itemListElement\":[{\"@type\":\"ListItem\",\"position\":1,\"name\":\"Home\",\"item\":\"https:\/\/delorenzoglobal.com\/es\/\"},{\"@type\":\"ListItem\",\"position\":2,\"name\":\"Tienda\",\"item\":\"https:\/\/delorenzoglobal.com\/es\/tienda\/\"},{\"@type\":\"ListItem\",\"position\":3,\"name\":\"CONTROL AUTOMATICO CONTINUO\"}]},{\"@type\":\"WebSite\",\"@id\":\"https:\/\/delorenzoglobal.com\/es\/#website\",\"url\":\"https:\/\/delorenzoglobal.com\/es\/\",\"name\":\"De Lorenzo Training &amp; Didactical Equipment\",\"description\":\"\",\"potentialAction\":[{\"@type\":\"SearchAction\",\"target\":{\"@type\":\"EntryPoint\",\"urlTemplate\":\"https:\/\/delorenzoglobal.com\/es\/?s={search_term_string}\"},\"query-input\":{\"@type\":\"PropertyValueSpecification\",\"valueRequired\":true,\"valueName\":\"search_term_string\"}}],\"inLanguage\":\"es\"}]}<\/script>\n<!-- \/ Yoast SEO plugin. -->","yoast_head_json":{"title":"CONTROL AUTOMATICO CONTINUO - De Lorenzo Training &amp; Didactical Equipment","description":"Laboratorio did\u00e1ctico para el estudio de sistemas de control autom\u00e1tico continuo, enfocado en la interacci\u00f3n entre procesos y controladores y en el an\u00e1lisis de los efectos del ruido y las oscilaciones.","robots":{"index":"index","follow":"follow","max-snippet":"max-snippet:-1","max-image-preview":"max-image-preview:large","max-video-preview":"max-video-preview:-1"},"canonical":"https:\/\/delorenzoglobal.com\/es\/producto\/control-automatico-continuo\/","og_locale":"es_ES","og_type":"article","og_title":"CONTROL AUTOMATICO CONTINUO - De Lorenzo Training &amp; Didactical Equipment","og_description":"Laboratorio did\u00e1ctico para el estudio de sistemas de control autom\u00e1tico continuo, enfocado en la interacci\u00f3n entre procesos y controladores y en el an\u00e1lisis de los efectos del ruido y las oscilaciones.","og_url":"https:\/\/delorenzoglobal.com\/es\/producto\/control-automatico-continuo\/","og_site_name":"De Lorenzo Training &amp; Didactical Equipment","article_modified_time":"2026-04-16T10:29:35+00:00","og_image":[{"width":1403,"height":1073,"url":"https:\/\/delorenzoglobal.com\/wp-content\/uploads\/2024\/04\/CAC.jpg","type":"image\/jpeg"}],"twitter_card":"summary_large_image","twitter_misc":{"Tiempo de lectura":"1 minuto"},"schema":{"@context":"https:\/\/schema.org","@graph":[{"@type":"WebPage","@id":"https:\/\/delorenzoglobal.com\/es\/producto\/control-automatico-continuo\/","url":"https:\/\/delorenzoglobal.com\/es\/producto\/control-automatico-continuo\/","name":"CONTROL AUTOMATICO CONTINUO - De Lorenzo Training &amp; Didactical Equipment","isPartOf":{"@id":"https:\/\/delorenzoglobal.com\/es\/#website"},"primaryImageOfPage":{"@id":"https:\/\/delorenzoglobal.com\/es\/producto\/control-automatico-continuo\/#primaryimage"},"image":{"@id":"https:\/\/delorenzoglobal.com\/es\/producto\/control-automatico-continuo\/#primaryimage"},"thumbnailUrl":"https:\/\/delorenzoglobal.com\/wp-content\/uploads\/2024\/04\/CAC.jpg","datePublished":"2024-04-10T11:45:20+00:00","dateModified":"2026-04-16T10:29:35+00:00","description":"Laboratorio did\u00e1ctico para el estudio de sistemas de control autom\u00e1tico continuo, enfocado en la interacci\u00f3n entre procesos y controladores y en el an\u00e1lisis de los efectos del ruido y las oscilaciones.","breadcrumb":{"@id":"https:\/\/delorenzoglobal.com\/es\/producto\/control-automatico-continuo\/#breadcrumb"},"inLanguage":"es","potentialAction":[{"@type":"ReadAction","target":["https:\/\/delorenzoglobal.com\/es\/producto\/control-automatico-continuo\/"]}]},{"@type":"ImageObject","inLanguage":"es","@id":"https:\/\/delorenzoglobal.com\/es\/producto\/control-automatico-continuo\/#primaryimage","url":"https:\/\/delorenzoglobal.com\/wp-content\/uploads\/2024\/04\/CAC.jpg","contentUrl":"https:\/\/delorenzoglobal.com\/wp-content\/uploads\/2024\/04\/CAC.jpg","width":1403,"height":1073},{"@type":"BreadcrumbList","@id":"https:\/\/delorenzoglobal.com\/es\/producto\/control-automatico-continuo\/#breadcrumb","itemListElement":[{"@type":"ListItem","position":1,"name":"Home","item":"https:\/\/delorenzoglobal.com\/es\/"},{"@type":"ListItem","position":2,"name":"Tienda","item":"https:\/\/delorenzoglobal.com\/es\/tienda\/"},{"@type":"ListItem","position":3,"name":"CONTROL AUTOMATICO CONTINUO"}]},{"@type":"WebSite","@id":"https:\/\/delorenzoglobal.com\/es\/#website","url":"https:\/\/delorenzoglobal.com\/es\/","name":"De Lorenzo Training &amp; Didactical Equipment","description":"","potentialAction":[{"@type":"SearchAction","target":{"@type":"EntryPoint","urlTemplate":"https:\/\/delorenzoglobal.com\/es\/?s={search_term_string}"},"query-input":{"@type":"PropertyValueSpecification","valueRequired":true,"valueName":"search_term_string"}}],"inLanguage":"es"}]}},"_links":{"self":[{"href":"https:\/\/delorenzoglobal.com\/es\/wp-json\/wp\/v2\/product\/2934","targetHints":{"allow":["GET"]}}],"collection":[{"href":"https:\/\/delorenzoglobal.com\/es\/wp-json\/wp\/v2\/product"}],"about":[{"href":"https:\/\/delorenzoglobal.com\/es\/wp-json\/wp\/v2\/types\/product"}],"wp:featuredmedia":[{"embeddable":true,"href":"https:\/\/delorenzoglobal.com\/es\/wp-json\/wp\/v2\/media\/2923"}],"wp:attachment":[{"href":"https:\/\/delorenzoglobal.com\/es\/wp-json\/wp\/v2\/media?parent=2934"}],"wp:term":[{"taxonomy":"product_brand","embeddable":true,"href":"https:\/\/delorenzoglobal.com\/es\/wp-json\/wp\/v2\/product_brand?post=2934"},{"taxonomy":"product_cat","embeddable":true,"href":"https:\/\/delorenzoglobal.com\/es\/wp-json\/wp\/v2\/product_cat?post=2934"},{"taxonomy":"product_tag","embeddable":true,"href":"https:\/\/delorenzoglobal.com\/es\/wp-json\/wp\/v2\/product_tag?post=2934"}],"curies":[{"name":"wp","href":"https:\/\/api.w.org\/{rel}","templated":true}]}}