{"id":2799,"date":"2024-04-10T12:03:53","date_gmt":"2024-04-10T10:03:53","guid":{"rendered":"https:\/\/delorenzoglobal.com\/?post_type=product&#038;p=2799"},"modified":"2025-04-28T11:47:34","modified_gmt":"2025-04-28T09:47:34","slug":"componentes-transparentes-electro-hidraulicos","status":"publish","type":"product","link":"https:\/\/delorenzoglobal.com\/es\/producto\/componentes-transparentes-electro-hidraulicos\/","title":{"rendered":"COMPONENTES TRANSPARENTES ELECTROHIDR\u00c1ULICOS"},"content":{"rendered":"<p><strong>Componentes:<\/strong><\/p>\n<ul>\n<li data-start=\"170\" data-end=\"481\"><strong data-start=\"170\" data-end=\"207\">Fuente de alimentaci\u00f3n el\u00e9ctrica:<\/strong><br data-start=\"207\" data-end=\"210\" \/><strong>&#8211;<\/strong> 220 VCA\/24 VCC, I = 5 A.<br data-start=\"236\" data-end=\"239\" \/><strong>\u2013<\/strong> Protecci\u00f3n contra sobrecarga y cortocircuito.<br data-start=\"286\" data-end=\"289\" \/><strong>\u2013<\/strong> Interruptor de encendido\/apagado, luz indicadora de encendido\/apagado.<br data-start=\"361\" data-end=\"364\" \/><strong>\u2013<\/strong> Estabilizada electr\u00f3nicamente.<br data-start=\"396\" data-end=\"399\" \/><strong>\u2013<\/strong> Conectores r\u00e1pidos \u00d8 = 4 mm.<br data-start=\"429\" data-end=\"432\" \/><strong>\u2013<\/strong> Caja de pl\u00e1stico con tapa transparente impresa.<\/li>\n<li data-start=\"483\" data-end=\"985\"><strong data-start=\"483\" data-end=\"505\">Unidad de control:<\/strong><br data-start=\"505\" data-end=\"508\" \/><strong>\u2013<\/strong> 4 pulsadores, 2 verdes, 1 rojo, 1 amarillo, con 1 contacto normalmente abierto + 1 contacto normalmente cerrado cada uno.<br data-start=\"631\" data-end=\"634\" \/><strong>\u2013<\/strong> 1 interruptor con 1 contacto normalmente abierto + 1 contacto normalmente cerrado.<br data-start=\"718\" data-end=\"721\" \/><strong>\u2013<\/strong> 1 temporizador electr\u00f3nico de conexi\u00f3n \/ desconexi\u00f3n, regulaci\u00f3n de 0 a 6 segundos.<br data-start=\"806\" data-end=\"809\" \/><strong>\u2013<\/strong> 4 diodos de supresi\u00f3n de chispas.<br data-start=\"844\" data-end=\"847\" \/><strong>\u2013<\/strong> 4 luces indicadoras, 2 verdes, 1 roja y 1 amarilla.<br data-start=\"900\" data-end=\"903\" \/><strong>\u2013<\/strong> Conectores r\u00e1pidos \u00d8 = 4 mm.<br data-start=\"933\" data-end=\"936\" \/><strong>\u2013<\/strong> Caja de pl\u00e1stico con tapa transparente impresa.<\/li>\n<li data-start=\"987\" data-end=\"1384\"><strong data-start=\"987\" data-end=\"1007\">Unidad de rel\u00e9s:<\/strong><br data-start=\"1007\" data-end=\"1010\" \/><strong>\u2013<\/strong> 3 rel\u00e9s con 4 contactos intercambiados (conmutados) cada uno.<br data-start=\"1073\" data-end=\"1076\" \/><strong>\u2013<\/strong> Indicador luminoso de encendido\/apagado en cada solenoide de rel\u00e9.<br data-start=\"1144\" data-end=\"1147\" \/><strong>\u2013<\/strong> Diodo de supresi\u00f3n de chispas en cada solenoide.<br data-start=\"1197\" data-end=\"1200\" \/><strong>\u2013<\/strong> Divisor de 6 conexiones para tensi\u00f3n positiva.<br data-start=\"1248\" data-end=\"1251\" \/><strong>\u2013<\/strong> Divisor de 6 conexiones para tensi\u00f3n negativa.<br data-start=\"1299\" data-end=\"1302\" \/><strong>\u2013<\/strong> Conectores r\u00e1pidos \u00d8 = 4 mm.<br data-start=\"1332\" data-end=\"1335\" \/><strong>\u2013<\/strong> Caja de pl\u00e1stico con tapa transparente impresa.<\/li>\n<li data-start=\"1386\" data-end=\"1696\"><strong data-start=\"1386\" data-end=\"1418\">Juego de cables de conexi\u00f3n:<\/strong><br data-start=\"1418\" data-end=\"1421\" \/><strong>\u2013<\/strong> 14 cables azules, longitud 500 mm, con conectores macho \u00d8 = 4 mm.<br data-start=\"1488\" data-end=\"1491\" \/><strong>\u2013<\/strong> 14 cables rojos, longitud 500 mm, con conectores macho \u00d8 = 4 mm.<br data-start=\"1557\" data-end=\"1560\" \/><strong>\u2013<\/strong> 8 cables azules, longitud 1500 mm, con conectores macho \u00d8 = 4 mm.<br data-start=\"1627\" data-end=\"1630\" \/><strong>\u2013<\/strong> 8 cables rojos, longitud 1500 mm, con conectores macho \u00d8 = 4 mm.<\/li>\n<li data-start=\"1698\" data-end=\"1887\"><strong data-start=\"1698\" data-end=\"1740\">Juego de 3 conectores para solenoides:<\/strong><br data-start=\"1740\" data-end=\"1743\" \/><strong>\u2013<\/strong> 2 grises + 1 negro.<br \/>\nIncluye conector de solenoide 2P+G, l\u00e1mpara indicadora de encendido\/apagado, cable y macho. Conectores r\u00e1pidos \u00d8 = 4 mm.<\/li>\n<li data-start=\"1889\" data-end=\"1945\"><strong data-start=\"1889\" data-end=\"1912\">Electrov\u00e1lvula 4\/2: <\/strong>Retorno por resorte, 24 VCC.<\/li>\n<li data-start=\"1947\" data-end=\"2069\"><strong data-start=\"1947\" data-end=\"1970\">Electrov\u00e1lvula 4\/3: <\/strong>V\u00e1lvula 4\/3, resorte centrado. A, B, P y T cerrados en posici\u00f3n central. Solenoides de 24 VCC.<\/li>\n<li data-start=\"2071\" data-end=\"2260\"><strong data-start=\"2071\" data-end=\"2134\">Juego de dos interruptores de final de carrera con rodillo:<\/strong><br data-start=\"2134\" data-end=\"2137\" \/><strong>\u2013<\/strong> 1 contacto normalmente cerrado + 1 contacto normalmente abierto.<br data-start=\"2203\" data-end=\"2206\" \/><strong>\u2013<\/strong> Cuerpo transparente.<br data-start=\"2228\" data-end=\"2231\" \/><strong>\u2013<\/strong> Conectores hembra \u00d8 = 4 mm.<\/li>\n<li data-start=\"2262\" data-end=\"2314\"><strong>Libro de ejercicios con teor\u00eda y pr\u00e1cticas.<\/strong><\/li>\n<\/ul>\n","protected":false},"excerpt":{"rendered":"<p>Componentes: Fuente de alimentaci\u00f3n el\u00e9ctrica:&#8211; 220 VCA\/24 VCC, I = 5 A.\u2013 Protecci\u00f3n contra sobrecarga y cortocircuito.\u2013 Interruptor de encendido\/apagado, luz indicadora de encendido\/apagado.\u2013 Estabilizada electr\u00f3nicamente.\u2013 Conectores r\u00e1pidos \u00d8 = 4 mm.\u2013 Caja de pl\u00e1stico con tapa transparente impresa. Unidad de control:\u2013 4 pulsadores, 2 verdes, 1 rojo, 1 amarillo, con 1 contacto normalmente abierto [&hellip;]<\/p>\n","protected":false},"featured_media":2790,"template":"","meta":{"_acf_changed":false},"product_brand":[],"product_cat":[196],"product_tag":[],"class_list":{"0":"post-2799","1":"product","2":"type-product","3":"status-publish","4":"has-post-thumbnail","6":"product_cat-hidraulica","8":"first","9":"instock","10":"shipping-taxable","11":"product-type-simple"},"acf":[],"yoast_head":"<!-- This site is optimized with the Yoast SEO plugin v27.0 - https:\/\/yoast.com\/product\/yoast-seo-wordpress\/ -->\n<title>COMPONENTES TRANSPARENTES ELECTROHIDR\u00c1ULICOS - De Lorenzo Training &amp; Didactical Equipment<\/title>\n<meta name=\"robots\" content=\"index, follow, max-snippet:-1, max-image-preview:large, max-video-preview:-1\" \/>\n<link rel=\"canonical\" href=\"https:\/\/delorenzoglobal.com\/es\/producto\/componentes-transparentes-electro-hidraulicos\/\" \/>\n<meta property=\"og:locale\" content=\"es_ES\" \/>\n<meta property=\"og:type\" content=\"article\" \/>\n<meta property=\"og:title\" content=\"COMPONENTES TRANSPARENTES ELECTROHIDR\u00c1ULICOS - De Lorenzo Training &amp; Didactical Equipment\" \/>\n<meta property=\"og:description\" content=\"Componentes: Fuente de alimentaci\u00f3n el\u00e9ctrica:&#8211; 220 VCA\/24 VCC, I = 5 A.\u2013 Protecci\u00f3n contra sobrecarga y cortocircuito.\u2013 Interruptor de encendido\/apagado, luz indicadora de encendido\/apagado.\u2013 Estabilizada electr\u00f3nicamente.\u2013 Conectores r\u00e1pidos \u00d8 = 4 mm.\u2013 Caja de pl\u00e1stico con tapa transparente impresa. Unidad de control:\u2013 4 pulsadores, 2 verdes, 1 rojo, 1 amarillo, con 1 contacto normalmente abierto [&hellip;]\" \/>\n<meta property=\"og:url\" content=\"https:\/\/delorenzoglobal.com\/es\/producto\/componentes-transparentes-electro-hidraulicos\/\" \/>\n<meta property=\"og:site_name\" content=\"De Lorenzo Training &amp; Didactical Equipment\" \/>\n<meta property=\"article:modified_time\" content=\"2025-04-28T09:47:34+00:00\" \/>\n<meta property=\"og:image\" content=\"https:\/\/delorenzoglobal.com\/wp-content\/uploads\/2024\/04\/DL-8110ES-EH.png\" \/>\n\t<meta property=\"og:image:width\" content=\"492\" \/>\n\t<meta property=\"og:image:height\" content=\"321\" \/>\n\t<meta property=\"og:image:type\" content=\"image\/png\" \/>\n<meta name=\"twitter:card\" content=\"summary_large_image\" \/>\n<meta name=\"twitter:label1\" content=\"Tiempo de lectura\" \/>\n\t<meta name=\"twitter:data1\" content=\"2 minutos\" \/>\n<script type=\"application\/ld+json\" class=\"yoast-schema-graph\">{\"@context\":\"https:\/\/schema.org\",\"@graph\":[{\"@type\":\"WebPage\",\"@id\":\"https:\/\/delorenzoglobal.com\/es\/producto\/componentes-transparentes-electro-hidraulicos\/\",\"url\":\"https:\/\/delorenzoglobal.com\/es\/producto\/componentes-transparentes-electro-hidraulicos\/\",\"name\":\"COMPONENTES TRANSPARENTES ELECTROHIDR\u00c1ULICOS - De Lorenzo Training &amp; Didactical Equipment\",\"isPartOf\":{\"@id\":\"https:\/\/delorenzoglobal.com\/es\/#website\"},\"primaryImageOfPage\":{\"@id\":\"https:\/\/delorenzoglobal.com\/es\/producto\/componentes-transparentes-electro-hidraulicos\/#primaryimage\"},\"image\":{\"@id\":\"https:\/\/delorenzoglobal.com\/es\/producto\/componentes-transparentes-electro-hidraulicos\/#primaryimage\"},\"thumbnailUrl\":\"https:\/\/delorenzoglobal.com\/wp-content\/uploads\/2024\/04\/DL-8110ES-EH.png\",\"datePublished\":\"2024-04-10T10:03:53+00:00\",\"dateModified\":\"2025-04-28T09:47:34+00:00\",\"breadcrumb\":{\"@id\":\"https:\/\/delorenzoglobal.com\/es\/producto\/componentes-transparentes-electro-hidraulicos\/#breadcrumb\"},\"inLanguage\":\"es\",\"potentialAction\":[{\"@type\":\"ReadAction\",\"target\":[\"https:\/\/delorenzoglobal.com\/es\/producto\/componentes-transparentes-electro-hidraulicos\/\"]}]},{\"@type\":\"ImageObject\",\"inLanguage\":\"es\",\"@id\":\"https:\/\/delorenzoglobal.com\/es\/producto\/componentes-transparentes-electro-hidraulicos\/#primaryimage\",\"url\":\"https:\/\/delorenzoglobal.com\/wp-content\/uploads\/2024\/04\/DL-8110ES-EH.png\",\"contentUrl\":\"https:\/\/delorenzoglobal.com\/wp-content\/uploads\/2024\/04\/DL-8110ES-EH.png\",\"width\":492,\"height\":321},{\"@type\":\"BreadcrumbList\",\"@id\":\"https:\/\/delorenzoglobal.com\/es\/producto\/componentes-transparentes-electro-hidraulicos\/#breadcrumb\",\"itemListElement\":[{\"@type\":\"ListItem\",\"position\":1,\"name\":\"Home\",\"item\":\"https:\/\/delorenzoglobal.com\/es\/\"},{\"@type\":\"ListItem\",\"position\":2,\"name\":\"Tienda\",\"item\":\"https:\/\/delorenzoglobal.com\/es\/tienda\/\"},{\"@type\":\"ListItem\",\"position\":3,\"name\":\"COMPONENTES TRANSPARENTES ELECTROHIDR\u00c1ULICOS\"}]},{\"@type\":\"WebSite\",\"@id\":\"https:\/\/delorenzoglobal.com\/es\/#website\",\"url\":\"https:\/\/delorenzoglobal.com\/es\/\",\"name\":\"De Lorenzo Training &amp; Didactical Equipment\",\"description\":\"\",\"potentialAction\":[{\"@type\":\"SearchAction\",\"target\":{\"@type\":\"EntryPoint\",\"urlTemplate\":\"https:\/\/delorenzoglobal.com\/es\/?s={search_term_string}\"},\"query-input\":{\"@type\":\"PropertyValueSpecification\",\"valueRequired\":true,\"valueName\":\"search_term_string\"}}],\"inLanguage\":\"es\"}]}<\/script>\n<!-- \/ Yoast SEO plugin. -->","yoast_head_json":{"title":"COMPONENTES TRANSPARENTES ELECTROHIDR\u00c1ULICOS - De Lorenzo Training &amp; Didactical Equipment","robots":{"index":"index","follow":"follow","max-snippet":"max-snippet:-1","max-image-preview":"max-image-preview:large","max-video-preview":"max-video-preview:-1"},"canonical":"https:\/\/delorenzoglobal.com\/es\/producto\/componentes-transparentes-electro-hidraulicos\/","og_locale":"es_ES","og_type":"article","og_title":"COMPONENTES TRANSPARENTES ELECTROHIDR\u00c1ULICOS - De Lorenzo Training &amp; Didactical Equipment","og_description":"Componentes: Fuente de alimentaci\u00f3n el\u00e9ctrica:&#8211; 220 VCA\/24 VCC, I = 5 A.\u2013 Protecci\u00f3n contra sobrecarga y cortocircuito.\u2013 Interruptor de encendido\/apagado, luz indicadora de encendido\/apagado.\u2013 Estabilizada electr\u00f3nicamente.\u2013 Conectores r\u00e1pidos \u00d8 = 4 mm.\u2013 Caja de pl\u00e1stico con tapa transparente impresa. Unidad de control:\u2013 4 pulsadores, 2 verdes, 1 rojo, 1 amarillo, con 1 contacto normalmente abierto [&hellip;]","og_url":"https:\/\/delorenzoglobal.com\/es\/producto\/componentes-transparentes-electro-hidraulicos\/","og_site_name":"De Lorenzo Training &amp; Didactical Equipment","article_modified_time":"2025-04-28T09:47:34+00:00","og_image":[{"width":492,"height":321,"url":"https:\/\/delorenzoglobal.com\/wp-content\/uploads\/2024\/04\/DL-8110ES-EH.png","type":"image\/png"}],"twitter_card":"summary_large_image","twitter_misc":{"Tiempo de lectura":"2 minutos"},"schema":{"@context":"https:\/\/schema.org","@graph":[{"@type":"WebPage","@id":"https:\/\/delorenzoglobal.com\/es\/producto\/componentes-transparentes-electro-hidraulicos\/","url":"https:\/\/delorenzoglobal.com\/es\/producto\/componentes-transparentes-electro-hidraulicos\/","name":"COMPONENTES TRANSPARENTES ELECTROHIDR\u00c1ULICOS - De Lorenzo Training &amp; Didactical Equipment","isPartOf":{"@id":"https:\/\/delorenzoglobal.com\/es\/#website"},"primaryImageOfPage":{"@id":"https:\/\/delorenzoglobal.com\/es\/producto\/componentes-transparentes-electro-hidraulicos\/#primaryimage"},"image":{"@id":"https:\/\/delorenzoglobal.com\/es\/producto\/componentes-transparentes-electro-hidraulicos\/#primaryimage"},"thumbnailUrl":"https:\/\/delorenzoglobal.com\/wp-content\/uploads\/2024\/04\/DL-8110ES-EH.png","datePublished":"2024-04-10T10:03:53+00:00","dateModified":"2025-04-28T09:47:34+00:00","breadcrumb":{"@id":"https:\/\/delorenzoglobal.com\/es\/producto\/componentes-transparentes-electro-hidraulicos\/#breadcrumb"},"inLanguage":"es","potentialAction":[{"@type":"ReadAction","target":["https:\/\/delorenzoglobal.com\/es\/producto\/componentes-transparentes-electro-hidraulicos\/"]}]},{"@type":"ImageObject","inLanguage":"es","@id":"https:\/\/delorenzoglobal.com\/es\/producto\/componentes-transparentes-electro-hidraulicos\/#primaryimage","url":"https:\/\/delorenzoglobal.com\/wp-content\/uploads\/2024\/04\/DL-8110ES-EH.png","contentUrl":"https:\/\/delorenzoglobal.com\/wp-content\/uploads\/2024\/04\/DL-8110ES-EH.png","width":492,"height":321},{"@type":"BreadcrumbList","@id":"https:\/\/delorenzoglobal.com\/es\/producto\/componentes-transparentes-electro-hidraulicos\/#breadcrumb","itemListElement":[{"@type":"ListItem","position":1,"name":"Home","item":"https:\/\/delorenzoglobal.com\/es\/"},{"@type":"ListItem","position":2,"name":"Tienda","item":"https:\/\/delorenzoglobal.com\/es\/tienda\/"},{"@type":"ListItem","position":3,"name":"COMPONENTES TRANSPARENTES ELECTROHIDR\u00c1ULICOS"}]},{"@type":"WebSite","@id":"https:\/\/delorenzoglobal.com\/es\/#website","url":"https:\/\/delorenzoglobal.com\/es\/","name":"De Lorenzo Training &amp; Didactical Equipment","description":"","potentialAction":[{"@type":"SearchAction","target":{"@type":"EntryPoint","urlTemplate":"https:\/\/delorenzoglobal.com\/es\/?s={search_term_string}"},"query-input":{"@type":"PropertyValueSpecification","valueRequired":true,"valueName":"search_term_string"}}],"inLanguage":"es"}]}},"_links":{"self":[{"href":"https:\/\/delorenzoglobal.com\/es\/wp-json\/wp\/v2\/product\/2799","targetHints":{"allow":["GET"]}}],"collection":[{"href":"https:\/\/delorenzoglobal.com\/es\/wp-json\/wp\/v2\/product"}],"about":[{"href":"https:\/\/delorenzoglobal.com\/es\/wp-json\/wp\/v2\/types\/product"}],"wp:featuredmedia":[{"embeddable":true,"href":"https:\/\/delorenzoglobal.com\/es\/wp-json\/wp\/v2\/media\/2790"}],"wp:attachment":[{"href":"https:\/\/delorenzoglobal.com\/es\/wp-json\/wp\/v2\/media?parent=2799"}],"wp:term":[{"taxonomy":"product_brand","embeddable":true,"href":"https:\/\/delorenzoglobal.com\/es\/wp-json\/wp\/v2\/product_brand?post=2799"},{"taxonomy":"product_cat","embeddable":true,"href":"https:\/\/delorenzoglobal.com\/es\/wp-json\/wp\/v2\/product_cat?post=2799"},{"taxonomy":"product_tag","embeddable":true,"href":"https:\/\/delorenzoglobal.com\/es\/wp-json\/wp\/v2\/product_tag?post=2799"}],"curies":[{"name":"wp","href":"https:\/\/api.w.org\/{rel}","templated":true}]}}