{"id":2770,"date":"2024-04-10T11:44:52","date_gmt":"2024-04-10T09:44:52","guid":{"rendered":"https:\/\/delorenzoglobal.com\/?post_type=product&#038;p=2770"},"modified":"2025-04-28T12:06:27","modified_gmt":"2025-04-28T10:06:27","slug":"components-trasparentes-nivel-avanzado","status":"publish","type":"product","link":"https:\/\/delorenzoglobal.com\/es\/producto\/components-trasparentes-nivel-avanzado\/","title":{"rendered":"COMPONENTS TRASPARENTES NIVEL AVANZADO"},"content":{"rendered":"<p><strong>Componentes:<\/strong><\/p>\n<ul>\n<li><strong>V\u00e1lvula de alivio de presi\u00f3n con amortiguaci\u00f3n:<\/strong><br \/>\n<strong>&#8211;<\/strong> V\u00e1lvula de corredera con v\u00e1lvula de amortiguaci\u00f3n de 3 v\u00edas.<br \/>\n<strong>&#8211;<\/strong> Regulaci\u00f3n manual;<\/li>\n<li><strong>Cilindro de efecto simple:<\/strong><br \/>\n<strong>&#8211;<\/strong> \u00d820x \u00d810&#215;40 mm.<br \/>\n<strong>&#8211;<\/strong> Retorno por resorte;<\/li>\n<li><strong>V\u00e1lvula reductora de presi\u00f3n:<\/strong><br \/>\n<strong>&#8211;<\/strong> V\u00e1lvula reductora de 3 v\u00edas.<br \/>\n<strong>&#8211;<\/strong> Control directo.<br \/>\n<strong>&#8211;<\/strong> Regulaci\u00f3n manual;<\/li>\n<li><strong>Restrictor de flujo unidireccional:<\/strong> V\u00e1lvula de aguja con v\u00e1lvula de retenci\u00f3n de bypass;<\/li>\n<li><strong>V\u00e1lvula de cierre: <\/strong><br \/>\n<strong>&#8211;<\/strong> V\u00e1lvula de cierre 2\/2.<br \/>\n<strong>&#8211;<\/strong> Accionada manualmente;<\/li>\n<li><strong>Restrictor unidireccional pilotado:<\/strong> v\u00e1lvula de retenci\u00f3n accionada hidr\u00e1ulicamente;<\/li>\n<li><strong>V\u00e1lvula de control de flujo con compensaci\u00f3n de presi\u00f3n:<\/strong><br \/>\n<strong>&#8211;<\/strong> V\u00e1lvula hidrost\u00e1tica incorporada.<br \/>\n<strong>&#8211;<\/strong> Regulaci\u00f3n manual;<\/li>\n<li><strong>4 divisores de conexi\u00f3n:<\/strong> Conectores de ajuste r\u00e1pido y autosellado: 3 macho + 1 hembra;<\/li>\n<li><strong>Juego de mangueras: <\/strong><br \/>\n<strong>&#8211;<\/strong> 5 x 520 mm de longitud.<br \/>\n<strong>&#8211;<\/strong> Con conectores hembra de ajuste r\u00e1pido y autosellado;<\/li>\n<li><strong>Libro de ejercicios con teor\u00eda y pr\u00e1cticas.<\/strong><\/li>\n<\/ul>\n","protected":false},"excerpt":{"rendered":"<p>Componentes: V\u00e1lvula de alivio de presi\u00f3n con amortiguaci\u00f3n: &#8211; V\u00e1lvula de corredera con v\u00e1lvula de amortiguaci\u00f3n de 3 v\u00edas. &#8211; Regulaci\u00f3n manual; Cilindro de efecto simple: &#8211; \u00d820x \u00d810&#215;40 mm. &#8211; Retorno por resorte; V\u00e1lvula reductora de presi\u00f3n: &#8211; V\u00e1lvula reductora de 3 v\u00edas. &#8211; Control directo. &#8211; Regulaci\u00f3n manual; Restrictor de flujo unidireccional: V\u00e1lvula [&hellip;]<\/p>\n","protected":false},"featured_media":2943,"template":"","meta":{"_acf_changed":false},"product_brand":[],"product_cat":[196],"product_tag":[],"class_list":{"0":"post-2770","1":"product","2":"type-product","3":"status-publish","4":"has-post-thumbnail","6":"product_cat-hidraulica","8":"first","9":"instock","10":"shipping-taxable","11":"product-type-simple"},"acf":[],"yoast_head":"<!-- This site is optimized with the Yoast SEO plugin v27.0 - https:\/\/yoast.com\/product\/yoast-seo-wordpress\/ -->\n<title>COMPONENTS TRASPARENTES NIVEL AVANZADO - De Lorenzo Training &amp; Didactical Equipment<\/title>\n<meta name=\"robots\" content=\"index, follow, max-snippet:-1, max-image-preview:large, max-video-preview:-1\" \/>\n<link rel=\"canonical\" href=\"https:\/\/delorenzoglobal.com\/es\/producto\/components-trasparentes-nivel-avanzado\/\" \/>\n<meta property=\"og:locale\" content=\"es_ES\" \/>\n<meta property=\"og:type\" content=\"article\" \/>\n<meta property=\"og:title\" content=\"COMPONENTS TRASPARENTES NIVEL AVANZADO - De Lorenzo Training &amp; Didactical Equipment\" \/>\n<meta property=\"og:description\" content=\"Componentes: V\u00e1lvula de alivio de presi\u00f3n con amortiguaci\u00f3n: &#8211; V\u00e1lvula de corredera con v\u00e1lvula de amortiguaci\u00f3n de 3 v\u00edas. &#8211; Regulaci\u00f3n manual; Cilindro de efecto simple: &#8211; \u00d820x \u00d810&#215;40 mm. &#8211; Retorno por resorte; V\u00e1lvula reductora de presi\u00f3n: &#8211; V\u00e1lvula reductora de 3 v\u00edas. &#8211; Control directo. &#8211; Regulaci\u00f3n manual; Restrictor de flujo unidireccional: V\u00e1lvula [&hellip;]\" \/>\n<meta property=\"og:url\" content=\"https:\/\/delorenzoglobal.com\/es\/producto\/components-trasparentes-nivel-avanzado\/\" \/>\n<meta property=\"og:site_name\" content=\"De Lorenzo Training &amp; Didactical Equipment\" \/>\n<meta property=\"article:modified_time\" content=\"2025-04-28T10:06:27+00:00\" \/>\n<meta property=\"og:image\" content=\"https:\/\/delorenzoglobal.com\/wp-content\/uploads\/2024\/04\/DL-8110ES-2-1.png\" \/>\n\t<meta property=\"og:image:width\" content=\"419\" \/>\n\t<meta property=\"og:image:height\" content=\"247\" \/>\n\t<meta property=\"og:image:type\" content=\"image\/png\" \/>\n<meta name=\"twitter:card\" content=\"summary_large_image\" \/>\n<meta name=\"twitter:label1\" content=\"Tiempo de lectura\" \/>\n\t<meta name=\"twitter:data1\" content=\"1 minuto\" \/>\n<script type=\"application\/ld+json\" class=\"yoast-schema-graph\">{\"@context\":\"https:\/\/schema.org\",\"@graph\":[{\"@type\":\"WebPage\",\"@id\":\"https:\/\/delorenzoglobal.com\/es\/producto\/components-trasparentes-nivel-avanzado\/\",\"url\":\"https:\/\/delorenzoglobal.com\/es\/producto\/components-trasparentes-nivel-avanzado\/\",\"name\":\"COMPONENTS TRASPARENTES NIVEL AVANZADO - De Lorenzo Training &amp; Didactical Equipment\",\"isPartOf\":{\"@id\":\"https:\/\/delorenzoglobal.com\/es\/#website\"},\"primaryImageOfPage\":{\"@id\":\"https:\/\/delorenzoglobal.com\/es\/producto\/components-trasparentes-nivel-avanzado\/#primaryimage\"},\"image\":{\"@id\":\"https:\/\/delorenzoglobal.com\/es\/producto\/components-trasparentes-nivel-avanzado\/#primaryimage\"},\"thumbnailUrl\":\"https:\/\/delorenzoglobal.com\/wp-content\/uploads\/2024\/04\/DL-8110ES-2-1.png\",\"datePublished\":\"2024-04-10T09:44:52+00:00\",\"dateModified\":\"2025-04-28T10:06:27+00:00\",\"breadcrumb\":{\"@id\":\"https:\/\/delorenzoglobal.com\/es\/producto\/components-trasparentes-nivel-avanzado\/#breadcrumb\"},\"inLanguage\":\"es\",\"potentialAction\":[{\"@type\":\"ReadAction\",\"target\":[\"https:\/\/delorenzoglobal.com\/es\/producto\/components-trasparentes-nivel-avanzado\/\"]}]},{\"@type\":\"ImageObject\",\"inLanguage\":\"es\",\"@id\":\"https:\/\/delorenzoglobal.com\/es\/producto\/components-trasparentes-nivel-avanzado\/#primaryimage\",\"url\":\"https:\/\/delorenzoglobal.com\/wp-content\/uploads\/2024\/04\/DL-8110ES-2-1.png\",\"contentUrl\":\"https:\/\/delorenzoglobal.com\/wp-content\/uploads\/2024\/04\/DL-8110ES-2-1.png\",\"width\":419,\"height\":247},{\"@type\":\"BreadcrumbList\",\"@id\":\"https:\/\/delorenzoglobal.com\/es\/producto\/components-trasparentes-nivel-avanzado\/#breadcrumb\",\"itemListElement\":[{\"@type\":\"ListItem\",\"position\":1,\"name\":\"Home\",\"item\":\"https:\/\/delorenzoglobal.com\/es\/\"},{\"@type\":\"ListItem\",\"position\":2,\"name\":\"Tienda\",\"item\":\"https:\/\/delorenzoglobal.com\/es\/tienda\/\"},{\"@type\":\"ListItem\",\"position\":3,\"name\":\"COMPONENTS TRASPARENTES NIVEL AVANZADO\"}]},{\"@type\":\"WebSite\",\"@id\":\"https:\/\/delorenzoglobal.com\/es\/#website\",\"url\":\"https:\/\/delorenzoglobal.com\/es\/\",\"name\":\"De Lorenzo Training &amp; Didactical Equipment\",\"description\":\"\",\"potentialAction\":[{\"@type\":\"SearchAction\",\"target\":{\"@type\":\"EntryPoint\",\"urlTemplate\":\"https:\/\/delorenzoglobal.com\/es\/?s={search_term_string}\"},\"query-input\":{\"@type\":\"PropertyValueSpecification\",\"valueRequired\":true,\"valueName\":\"search_term_string\"}}],\"inLanguage\":\"es\"}]}<\/script>\n<!-- \/ Yoast SEO plugin. -->","yoast_head_json":{"title":"COMPONENTS TRASPARENTES NIVEL AVANZADO - De Lorenzo Training &amp; Didactical Equipment","robots":{"index":"index","follow":"follow","max-snippet":"max-snippet:-1","max-image-preview":"max-image-preview:large","max-video-preview":"max-video-preview:-1"},"canonical":"https:\/\/delorenzoglobal.com\/es\/producto\/components-trasparentes-nivel-avanzado\/","og_locale":"es_ES","og_type":"article","og_title":"COMPONENTS TRASPARENTES NIVEL AVANZADO - De Lorenzo Training &amp; Didactical Equipment","og_description":"Componentes: V\u00e1lvula de alivio de presi\u00f3n con amortiguaci\u00f3n: &#8211; V\u00e1lvula de corredera con v\u00e1lvula de amortiguaci\u00f3n de 3 v\u00edas. &#8211; Regulaci\u00f3n manual; Cilindro de efecto simple: &#8211; \u00d820x \u00d810&#215;40 mm. &#8211; Retorno por resorte; V\u00e1lvula reductora de presi\u00f3n: &#8211; V\u00e1lvula reductora de 3 v\u00edas. &#8211; Control directo. &#8211; Regulaci\u00f3n manual; Restrictor de flujo unidireccional: V\u00e1lvula [&hellip;]","og_url":"https:\/\/delorenzoglobal.com\/es\/producto\/components-trasparentes-nivel-avanzado\/","og_site_name":"De Lorenzo Training &amp; Didactical Equipment","article_modified_time":"2025-04-28T10:06:27+00:00","og_image":[{"width":419,"height":247,"url":"https:\/\/delorenzoglobal.com\/wp-content\/uploads\/2024\/04\/DL-8110ES-2-1.png","type":"image\/png"}],"twitter_card":"summary_large_image","twitter_misc":{"Tiempo de lectura":"1 minuto"},"schema":{"@context":"https:\/\/schema.org","@graph":[{"@type":"WebPage","@id":"https:\/\/delorenzoglobal.com\/es\/producto\/components-trasparentes-nivel-avanzado\/","url":"https:\/\/delorenzoglobal.com\/es\/producto\/components-trasparentes-nivel-avanzado\/","name":"COMPONENTS TRASPARENTES NIVEL AVANZADO - De Lorenzo Training &amp; Didactical Equipment","isPartOf":{"@id":"https:\/\/delorenzoglobal.com\/es\/#website"},"primaryImageOfPage":{"@id":"https:\/\/delorenzoglobal.com\/es\/producto\/components-trasparentes-nivel-avanzado\/#primaryimage"},"image":{"@id":"https:\/\/delorenzoglobal.com\/es\/producto\/components-trasparentes-nivel-avanzado\/#primaryimage"},"thumbnailUrl":"https:\/\/delorenzoglobal.com\/wp-content\/uploads\/2024\/04\/DL-8110ES-2-1.png","datePublished":"2024-04-10T09:44:52+00:00","dateModified":"2025-04-28T10:06:27+00:00","breadcrumb":{"@id":"https:\/\/delorenzoglobal.com\/es\/producto\/components-trasparentes-nivel-avanzado\/#breadcrumb"},"inLanguage":"es","potentialAction":[{"@type":"ReadAction","target":["https:\/\/delorenzoglobal.com\/es\/producto\/components-trasparentes-nivel-avanzado\/"]}]},{"@type":"ImageObject","inLanguage":"es","@id":"https:\/\/delorenzoglobal.com\/es\/producto\/components-trasparentes-nivel-avanzado\/#primaryimage","url":"https:\/\/delorenzoglobal.com\/wp-content\/uploads\/2024\/04\/DL-8110ES-2-1.png","contentUrl":"https:\/\/delorenzoglobal.com\/wp-content\/uploads\/2024\/04\/DL-8110ES-2-1.png","width":419,"height":247},{"@type":"BreadcrumbList","@id":"https:\/\/delorenzoglobal.com\/es\/producto\/components-trasparentes-nivel-avanzado\/#breadcrumb","itemListElement":[{"@type":"ListItem","position":1,"name":"Home","item":"https:\/\/delorenzoglobal.com\/es\/"},{"@type":"ListItem","position":2,"name":"Tienda","item":"https:\/\/delorenzoglobal.com\/es\/tienda\/"},{"@type":"ListItem","position":3,"name":"COMPONENTS TRASPARENTES NIVEL AVANZADO"}]},{"@type":"WebSite","@id":"https:\/\/delorenzoglobal.com\/es\/#website","url":"https:\/\/delorenzoglobal.com\/es\/","name":"De Lorenzo Training &amp; Didactical Equipment","description":"","potentialAction":[{"@type":"SearchAction","target":{"@type":"EntryPoint","urlTemplate":"https:\/\/delorenzoglobal.com\/es\/?s={search_term_string}"},"query-input":{"@type":"PropertyValueSpecification","valueRequired":true,"valueName":"search_term_string"}}],"inLanguage":"es"}]}},"_links":{"self":[{"href":"https:\/\/delorenzoglobal.com\/es\/wp-json\/wp\/v2\/product\/2770","targetHints":{"allow":["GET"]}}],"collection":[{"href":"https:\/\/delorenzoglobal.com\/es\/wp-json\/wp\/v2\/product"}],"about":[{"href":"https:\/\/delorenzoglobal.com\/es\/wp-json\/wp\/v2\/types\/product"}],"wp:featuredmedia":[{"embeddable":true,"href":"https:\/\/delorenzoglobal.com\/es\/wp-json\/wp\/v2\/media\/2943"}],"wp:attachment":[{"href":"https:\/\/delorenzoglobal.com\/es\/wp-json\/wp\/v2\/media?parent=2770"}],"wp:term":[{"taxonomy":"product_brand","embeddable":true,"href":"https:\/\/delorenzoglobal.com\/es\/wp-json\/wp\/v2\/product_brand?post=2770"},{"taxonomy":"product_cat","embeddable":true,"href":"https:\/\/delorenzoglobal.com\/es\/wp-json\/wp\/v2\/product_cat?post=2770"},{"taxonomy":"product_tag","embeddable":true,"href":"https:\/\/delorenzoglobal.com\/es\/wp-json\/wp\/v2\/product_tag?post=2770"}],"curies":[{"name":"wp","href":"https:\/\/api.w.org\/{rel}","templated":true}]}}