{"id":2732,"date":"2024-04-10T11:27:10","date_gmt":"2024-04-10T09:27:10","guid":{"rendered":"https:\/\/delorenzoglobal.com\/?post_type=product&#038;p=2732"},"modified":"2025-04-28T10:42:29","modified_gmt":"2025-04-28T08:42:29","slug":"banco-hidraulico-con-componentes-trasparentes","status":"publish","type":"product","link":"https:\/\/delorenzoglobal.com\/es\/producto\/banco-hidraulico-con-componentes-trasparentes\/","title":{"rendered":"BANCO HIDRAULICO CON COMPONENTES TRASPARENTES"},"content":{"rendered":"<p>ESTE ENTRENADOR EST\u00c1 COMPUESTO POR:<\/p>\n<ul>\n<li>Banco de trabajo que incluye:<\/li>\n<\/ul>\n<ol>\n<li>Panel de trabajo en metal totalmente recubierto de material pl\u00e1stico.<br \/>\nDimensiones del panel: 950 x 1050 mm. Con orificios de \u00d85 mm cada 50mm (horizontal y verticalmente) para la sujeci\u00f3n r\u00e1pida de componentes hidr\u00e1ulicos sin necesidad de herramientas adicionales;<\/li>\n<li>\u00a04 ruedas (las 2 ruedas delanteras pueden bloquearse);<\/li>\n<li>\u00a03 cajones con sistemas de cierre con llave para guardar los componentes;<\/li>\n<li>\u00a01 portapapeles situado en el lateral del banco de trabajo.<\/li>\n<\/ol>\n","protected":false},"excerpt":{"rendered":"<p>ESTE ENTRENADOR EST\u00c1 COMPUESTO POR: Banco de trabajo que incluye: Panel de trabajo en metal totalmente recubierto de material pl\u00e1stico. Dimensiones del panel: 950 x 1050 mm. Con orificios de \u00d85 mm cada 50mm (horizontal y verticalmente) para la sujeci\u00f3n r\u00e1pida de componentes hidr\u00e1ulicos sin necesidad de herramientas adicionales; \u00a04 ruedas (las 2 ruedas delanteras [&hellip;]<\/p>\n","protected":false},"featured_media":19404,"template":"","meta":{"_acf_changed":false},"product_brand":[],"product_cat":[196],"product_tag":[],"class_list":{"0":"post-2732","1":"product","2":"type-product","3":"status-publish","4":"has-post-thumbnail","6":"product_cat-hidraulica","8":"first","9":"instock","10":"shipping-taxable","11":"product-type-simple"},"acf":[],"yoast_head":"<!-- This site is optimized with the Yoast SEO plugin v27.0 - https:\/\/yoast.com\/product\/yoast-seo-wordpress\/ -->\n<title>BANCO HIDRAULICO CON COMPONENTES TRASPARENTES - De Lorenzo Training &amp; Didactical Equipment<\/title>\n<meta name=\"robots\" content=\"index, follow, max-snippet:-1, max-image-preview:large, max-video-preview:-1\" \/>\n<link rel=\"canonical\" href=\"https:\/\/delorenzoglobal.com\/es\/producto\/banco-hidraulico-con-componentes-trasparentes\/\" \/>\n<meta property=\"og:locale\" content=\"es_ES\" \/>\n<meta property=\"og:type\" content=\"article\" \/>\n<meta property=\"og:title\" content=\"BANCO HIDRAULICO CON COMPONENTES TRASPARENTES - De Lorenzo Training &amp; Didactical Equipment\" \/>\n<meta property=\"og:description\" content=\"ESTE ENTRENADOR EST\u00c1 COMPUESTO POR: Banco de trabajo que incluye: Panel de trabajo en metal totalmente recubierto de material pl\u00e1stico. Dimensiones del panel: 950 x 1050 mm. Con orificios de \u00d85 mm cada 50mm (horizontal y verticalmente) para la sujeci\u00f3n r\u00e1pida de componentes hidr\u00e1ulicos sin necesidad de herramientas adicionales; \u00a04 ruedas (las 2 ruedas delanteras [&hellip;]\" \/>\n<meta property=\"og:url\" content=\"https:\/\/delorenzoglobal.com\/es\/producto\/banco-hidraulico-con-componentes-trasparentes\/\" \/>\n<meta property=\"og:site_name\" content=\"De Lorenzo Training &amp; Didactical Equipment\" \/>\n<meta property=\"article:modified_time\" content=\"2025-04-28T08:42:29+00:00\" \/>\n<meta property=\"og:image\" content=\"https:\/\/delorenzoglobal.com\/wp-content\/uploads\/2024\/04\/DL-8110ES-scaled.jpg\" \/>\n\t<meta property=\"og:image:width\" content=\"1837\" \/>\n\t<meta property=\"og:image:height\" content=\"2560\" \/>\n\t<meta property=\"og:image:type\" content=\"image\/jpeg\" \/>\n<meta name=\"twitter:card\" content=\"summary_large_image\" \/>\n<meta name=\"twitter:label1\" content=\"Tiempo de lectura\" \/>\n\t<meta name=\"twitter:data1\" content=\"1 minuto\" \/>\n<script type=\"application\/ld+json\" class=\"yoast-schema-graph\">{\"@context\":\"https:\/\/schema.org\",\"@graph\":[{\"@type\":\"WebPage\",\"@id\":\"https:\/\/delorenzoglobal.com\/es\/producto\/banco-hidraulico-con-componentes-trasparentes\/\",\"url\":\"https:\/\/delorenzoglobal.com\/es\/producto\/banco-hidraulico-con-componentes-trasparentes\/\",\"name\":\"BANCO HIDRAULICO CON COMPONENTES TRASPARENTES - De Lorenzo Training &amp; Didactical Equipment\",\"isPartOf\":{\"@id\":\"https:\/\/delorenzoglobal.com\/es\/#website\"},\"primaryImageOfPage\":{\"@id\":\"https:\/\/delorenzoglobal.com\/es\/producto\/banco-hidraulico-con-componentes-trasparentes\/#primaryimage\"},\"image\":{\"@id\":\"https:\/\/delorenzoglobal.com\/es\/producto\/banco-hidraulico-con-componentes-trasparentes\/#primaryimage\"},\"thumbnailUrl\":\"https:\/\/delorenzoglobal.com\/wp-content\/uploads\/2024\/04\/DL-8110ES-scaled.jpg\",\"datePublished\":\"2024-04-10T09:27:10+00:00\",\"dateModified\":\"2025-04-28T08:42:29+00:00\",\"breadcrumb\":{\"@id\":\"https:\/\/delorenzoglobal.com\/es\/producto\/banco-hidraulico-con-componentes-trasparentes\/#breadcrumb\"},\"inLanguage\":\"es\",\"potentialAction\":[{\"@type\":\"ReadAction\",\"target\":[\"https:\/\/delorenzoglobal.com\/es\/producto\/banco-hidraulico-con-componentes-trasparentes\/\"]}]},{\"@type\":\"ImageObject\",\"inLanguage\":\"es\",\"@id\":\"https:\/\/delorenzoglobal.com\/es\/producto\/banco-hidraulico-con-componentes-trasparentes\/#primaryimage\",\"url\":\"https:\/\/delorenzoglobal.com\/wp-content\/uploads\/2024\/04\/DL-8110ES-scaled.jpg\",\"contentUrl\":\"https:\/\/delorenzoglobal.com\/wp-content\/uploads\/2024\/04\/DL-8110ES-scaled.jpg\",\"width\":1837,\"height\":2560},{\"@type\":\"BreadcrumbList\",\"@id\":\"https:\/\/delorenzoglobal.com\/es\/producto\/banco-hidraulico-con-componentes-trasparentes\/#breadcrumb\",\"itemListElement\":[{\"@type\":\"ListItem\",\"position\":1,\"name\":\"Home\",\"item\":\"https:\/\/delorenzoglobal.com\/es\/\"},{\"@type\":\"ListItem\",\"position\":2,\"name\":\"Tienda\",\"item\":\"https:\/\/delorenzoglobal.com\/es\/tienda\/\"},{\"@type\":\"ListItem\",\"position\":3,\"name\":\"BANCO HIDRAULICO CON COMPONENTES TRASPARENTES\"}]},{\"@type\":\"WebSite\",\"@id\":\"https:\/\/delorenzoglobal.com\/es\/#website\",\"url\":\"https:\/\/delorenzoglobal.com\/es\/\",\"name\":\"De Lorenzo Training &amp; Didactical Equipment\",\"description\":\"\",\"potentialAction\":[{\"@type\":\"SearchAction\",\"target\":{\"@type\":\"EntryPoint\",\"urlTemplate\":\"https:\/\/delorenzoglobal.com\/es\/?s={search_term_string}\"},\"query-input\":{\"@type\":\"PropertyValueSpecification\",\"valueRequired\":true,\"valueName\":\"search_term_string\"}}],\"inLanguage\":\"es\"}]}<\/script>\n<!-- \/ Yoast SEO plugin. -->","yoast_head_json":{"title":"BANCO HIDRAULICO CON COMPONENTES TRASPARENTES - De Lorenzo Training &amp; Didactical Equipment","robots":{"index":"index","follow":"follow","max-snippet":"max-snippet:-1","max-image-preview":"max-image-preview:large","max-video-preview":"max-video-preview:-1"},"canonical":"https:\/\/delorenzoglobal.com\/es\/producto\/banco-hidraulico-con-componentes-trasparentes\/","og_locale":"es_ES","og_type":"article","og_title":"BANCO HIDRAULICO CON COMPONENTES TRASPARENTES - De Lorenzo Training &amp; Didactical Equipment","og_description":"ESTE ENTRENADOR EST\u00c1 COMPUESTO POR: Banco de trabajo que incluye: Panel de trabajo en metal totalmente recubierto de material pl\u00e1stico. Dimensiones del panel: 950 x 1050 mm. Con orificios de \u00d85 mm cada 50mm (horizontal y verticalmente) para la sujeci\u00f3n r\u00e1pida de componentes hidr\u00e1ulicos sin necesidad de herramientas adicionales; \u00a04 ruedas (las 2 ruedas delanteras [&hellip;]","og_url":"https:\/\/delorenzoglobal.com\/es\/producto\/banco-hidraulico-con-componentes-trasparentes\/","og_site_name":"De Lorenzo Training &amp; Didactical Equipment","article_modified_time":"2025-04-28T08:42:29+00:00","og_image":[{"width":1837,"height":2560,"url":"https:\/\/delorenzoglobal.com\/wp-content\/uploads\/2024\/04\/DL-8110ES-scaled.jpg","type":"image\/jpeg"}],"twitter_card":"summary_large_image","twitter_misc":{"Tiempo de lectura":"1 minuto"},"schema":{"@context":"https:\/\/schema.org","@graph":[{"@type":"WebPage","@id":"https:\/\/delorenzoglobal.com\/es\/producto\/banco-hidraulico-con-componentes-trasparentes\/","url":"https:\/\/delorenzoglobal.com\/es\/producto\/banco-hidraulico-con-componentes-trasparentes\/","name":"BANCO HIDRAULICO CON COMPONENTES TRASPARENTES - De Lorenzo Training &amp; Didactical Equipment","isPartOf":{"@id":"https:\/\/delorenzoglobal.com\/es\/#website"},"primaryImageOfPage":{"@id":"https:\/\/delorenzoglobal.com\/es\/producto\/banco-hidraulico-con-componentes-trasparentes\/#primaryimage"},"image":{"@id":"https:\/\/delorenzoglobal.com\/es\/producto\/banco-hidraulico-con-componentes-trasparentes\/#primaryimage"},"thumbnailUrl":"https:\/\/delorenzoglobal.com\/wp-content\/uploads\/2024\/04\/DL-8110ES-scaled.jpg","datePublished":"2024-04-10T09:27:10+00:00","dateModified":"2025-04-28T08:42:29+00:00","breadcrumb":{"@id":"https:\/\/delorenzoglobal.com\/es\/producto\/banco-hidraulico-con-componentes-trasparentes\/#breadcrumb"},"inLanguage":"es","potentialAction":[{"@type":"ReadAction","target":["https:\/\/delorenzoglobal.com\/es\/producto\/banco-hidraulico-con-componentes-trasparentes\/"]}]},{"@type":"ImageObject","inLanguage":"es","@id":"https:\/\/delorenzoglobal.com\/es\/producto\/banco-hidraulico-con-componentes-trasparentes\/#primaryimage","url":"https:\/\/delorenzoglobal.com\/wp-content\/uploads\/2024\/04\/DL-8110ES-scaled.jpg","contentUrl":"https:\/\/delorenzoglobal.com\/wp-content\/uploads\/2024\/04\/DL-8110ES-scaled.jpg","width":1837,"height":2560},{"@type":"BreadcrumbList","@id":"https:\/\/delorenzoglobal.com\/es\/producto\/banco-hidraulico-con-componentes-trasparentes\/#breadcrumb","itemListElement":[{"@type":"ListItem","position":1,"name":"Home","item":"https:\/\/delorenzoglobal.com\/es\/"},{"@type":"ListItem","position":2,"name":"Tienda","item":"https:\/\/delorenzoglobal.com\/es\/tienda\/"},{"@type":"ListItem","position":3,"name":"BANCO HIDRAULICO CON COMPONENTES TRASPARENTES"}]},{"@type":"WebSite","@id":"https:\/\/delorenzoglobal.com\/es\/#website","url":"https:\/\/delorenzoglobal.com\/es\/","name":"De Lorenzo Training &amp; Didactical Equipment","description":"","potentialAction":[{"@type":"SearchAction","target":{"@type":"EntryPoint","urlTemplate":"https:\/\/delorenzoglobal.com\/es\/?s={search_term_string}"},"query-input":{"@type":"PropertyValueSpecification","valueRequired":true,"valueName":"search_term_string"}}],"inLanguage":"es"}]}},"_links":{"self":[{"href":"https:\/\/delorenzoglobal.com\/es\/wp-json\/wp\/v2\/product\/2732","targetHints":{"allow":["GET"]}}],"collection":[{"href":"https:\/\/delorenzoglobal.com\/es\/wp-json\/wp\/v2\/product"}],"about":[{"href":"https:\/\/delorenzoglobal.com\/es\/wp-json\/wp\/v2\/types\/product"}],"wp:featuredmedia":[{"embeddable":true,"href":"https:\/\/delorenzoglobal.com\/es\/wp-json\/wp\/v2\/media\/19404"}],"wp:attachment":[{"href":"https:\/\/delorenzoglobal.com\/es\/wp-json\/wp\/v2\/media?parent=2732"}],"wp:term":[{"taxonomy":"product_brand","embeddable":true,"href":"https:\/\/delorenzoglobal.com\/es\/wp-json\/wp\/v2\/product_brand?post=2732"},{"taxonomy":"product_cat","embeddable":true,"href":"https:\/\/delorenzoglobal.com\/es\/wp-json\/wp\/v2\/product_cat?post=2732"},{"taxonomy":"product_tag","embeddable":true,"href":"https:\/\/delorenzoglobal.com\/es\/wp-json\/wp\/v2\/product_tag?post=2732"}],"curies":[{"name":"wp","href":"https:\/\/api.w.org\/{rel}","templated":true}]}}