{"id":27027,"date":"2025-01-17T10:51:38","date_gmt":"2025-01-17T09:51:38","guid":{"rendered":"https:\/\/delorenzoglobal.com\/?post_type=product&#038;p=27027"},"modified":"2025-07-10T15:07:13","modified_gmt":"2025-07-10T13:07:13","slug":"laboratorio-didactico-para-la-telecomunicaciones","status":"publish","type":"product","link":"https:\/\/delorenzoglobal.com\/es\/producto\/laboratorio-didactico-para-la-telecomunicaciones\/","title":{"rendered":"LABORATORIO DID\u00c1CTICO PARA LA TELECOMUNICACIONES"},"content":{"rendered":"<p>DL TELECOMLAB es un laboratorio did\u00e1ctico dise\u00f1ado para proporcionar una comprensi\u00f3n completa de los sistemas modernos de telecomunicaciones. Ideal para institutos t\u00e9cnicos y universidades, el laboratorio abarca una amplia gama de temas, desde la transmisi\u00f3n anal\u00f3gica y digital hasta las aplicaciones virtuales y los sistemas avanzados de comunicaci\u00f3n \u00f3ptica.<\/p>\n<p><strong>Gracias a la modularidad de su equipamiento, los estudiantes pueden profundizar en los principios fundamentales y las tecnolog\u00edas avanzadas de manera pr\u00e1ctica e interactiva.<\/strong> Cada m\u00f3dulo est\u00e1 dise\u00f1ado para simular escenarios reales, permitiendo a los estudiantes adquirir habilidades espec\u00ed\ufb01cas y un conocimiento profundo de las tecnolog\u00edas de red, los sistemas de transmisi\u00f3n y las plataformas temporales. Adem\u00e1s, la integraci\u00f3n de herramientas did\u00e1cticas virtuales ofrece una experiencia de aprendizaje innovadora y \ufb02exible.<\/p>\n<p>El laboratorio no solo prepara a los estudiantes para comprender y utilizar las tecnolog\u00edas actuales de telecomunicaciones, sino que tambi\u00e9n les <strong>proporciona las competencias necesarias para enfrentar los desaf\u00edos futuros del sector, convirti\u00e9ndolo en una inversi\u00f3n estrat\u00e9gica para el desarrollo de profesionales cuali\ufb01cados.<\/strong><\/p>\n","protected":false},"excerpt":{"rendered":"<p>DL TELECOMLAB es un laboratorio did\u00e1ctico dise\u00f1ado para proporcionar una comprensi\u00f3n completa de los sistemas modernos de telecomunicaciones. Ideal para institutos t\u00e9cnicos y universidades, el laboratorio abarca una amplia gama de temas, desde la transmisi\u00f3n anal\u00f3gica y digital hasta las aplicaciones virtuales y los sistemas avanzados de comunicaci\u00f3n \u00f3ptica. Gracias a la modularidad de su [&hellip;]<\/p>\n","protected":false},"featured_media":27051,"template":"","meta":{"_acf_changed":false},"product_brand":[],"product_cat":[1956,3099],"product_tag":[],"class_list":{"0":"post-27027","1":"product","2":"type-product","3":"status-publish","4":"has-post-thumbnail","6":"product_cat-laboratori-chiavi-in-mano-es","7":"product_cat-solucion-de-laboratorio-para-la","9":"first","10":"instock","11":"shipping-taxable","12":"product-type-simple"},"acf":[],"yoast_head":"<!-- This site is optimized with the Yoast SEO plugin v27.4 - https:\/\/yoast.com\/product\/yoast-seo-wordpress\/ -->\n<title>LABORATORIO DID\u00c1CTICO PARA LA TELECOMUNICACIONES - De Lorenzo Training &amp; Didactical Equipment<\/title>\n<meta name=\"robots\" content=\"index, follow, max-snippet:-1, max-image-preview:large, max-video-preview:-1\" \/>\n<link rel=\"canonical\" href=\"https:\/\/delorenzoglobal.com\/es\/producto\/laboratorio-didactico-para-la-telecomunicaciones\/\" \/>\n<meta property=\"og:locale\" content=\"es_ES\" \/>\n<meta property=\"og:type\" content=\"article\" \/>\n<meta property=\"og:title\" content=\"LABORATORIO DID\u00c1CTICO PARA LA TELECOMUNICACIONES - De Lorenzo Training &amp; Didactical Equipment\" \/>\n<meta property=\"og:description\" content=\"DL TELECOMLAB es un laboratorio did\u00e1ctico dise\u00f1ado para proporcionar una comprensi\u00f3n completa de los sistemas modernos de telecomunicaciones. Ideal para institutos t\u00e9cnicos y universidades, el laboratorio abarca una amplia gama de temas, desde la transmisi\u00f3n anal\u00f3gica y digital hasta las aplicaciones virtuales y los sistemas avanzados de comunicaci\u00f3n \u00f3ptica. Gracias a la modularidad de su [&hellip;]\" \/>\n<meta property=\"og:url\" content=\"https:\/\/delorenzoglobal.com\/es\/producto\/laboratorio-didactico-para-la-telecomunicaciones\/\" \/>\n<meta property=\"og:site_name\" content=\"De Lorenzo Training &amp; Didactical Equipment\" \/>\n<meta property=\"article:modified_time\" content=\"2025-07-10T13:07:13+00:00\" \/>\n<meta property=\"og:image\" content=\"https:\/\/delorenzoglobal.com\/wp-content\/uploads\/2025\/01\/Telecommunications-SENZA-BORDO-1024x662.png\" \/>\n\t<meta property=\"og:image:width\" content=\"1024\" \/>\n\t<meta property=\"og:image:height\" content=\"662\" \/>\n\t<meta property=\"og:image:type\" content=\"image\/png\" \/>\n<meta name=\"twitter:card\" content=\"summary_large_image\" \/>\n<meta name=\"twitter:label1\" content=\"Tiempo de lectura\" \/>\n\t<meta name=\"twitter:data1\" content=\"2 minutos\" \/>\n<script type=\"application\/ld+json\" class=\"yoast-schema-graph\">{\"@context\":\"https:\\\/\\\/schema.org\",\"@graph\":[{\"@type\":\"WebPage\",\"@id\":\"https:\\\/\\\/delorenzoglobal.com\\\/es\\\/producto\\\/laboratorio-didactico-para-la-telecomunicaciones\\\/\",\"url\":\"https:\\\/\\\/delorenzoglobal.com\\\/es\\\/producto\\\/laboratorio-didactico-para-la-telecomunicaciones\\\/\",\"name\":\"LABORATORIO DID\u00c1CTICO PARA LA TELECOMUNICACIONES - De Lorenzo Training &amp; Didactical Equipment\",\"isPartOf\":{\"@id\":\"https:\\\/\\\/delorenzoglobal.com\\\/es\\\/#website\"},\"primaryImageOfPage\":{\"@id\":\"https:\\\/\\\/delorenzoglobal.com\\\/es\\\/producto\\\/laboratorio-didactico-para-la-telecomunicaciones\\\/#primaryimage\"},\"image\":{\"@id\":\"https:\\\/\\\/delorenzoglobal.com\\\/es\\\/producto\\\/laboratorio-didactico-para-la-telecomunicaciones\\\/#primaryimage\"},\"thumbnailUrl\":\"https:\\\/\\\/delorenzoglobal.com\\\/wp-content\\\/uploads\\\/2025\\\/01\\\/Telecommunications-SENZA-BORDO.png\",\"datePublished\":\"2025-01-17T09:51:38+00:00\",\"dateModified\":\"2025-07-10T13:07:13+00:00\",\"breadcrumb\":{\"@id\":\"https:\\\/\\\/delorenzoglobal.com\\\/es\\\/producto\\\/laboratorio-didactico-para-la-telecomunicaciones\\\/#breadcrumb\"},\"inLanguage\":\"es\",\"potentialAction\":[{\"@type\":\"ReadAction\",\"target\":[\"https:\\\/\\\/delorenzoglobal.com\\\/es\\\/producto\\\/laboratorio-didactico-para-la-telecomunicaciones\\\/\"]}]},{\"@type\":\"ImageObject\",\"inLanguage\":\"es\",\"@id\":\"https:\\\/\\\/delorenzoglobal.com\\\/es\\\/producto\\\/laboratorio-didactico-para-la-telecomunicaciones\\\/#primaryimage\",\"url\":\"https:\\\/\\\/delorenzoglobal.com\\\/wp-content\\\/uploads\\\/2025\\\/01\\\/Telecommunications-SENZA-BORDO.png\",\"contentUrl\":\"https:\\\/\\\/delorenzoglobal.com\\\/wp-content\\\/uploads\\\/2025\\\/01\\\/Telecommunications-SENZA-BORDO.png\",\"width\":2321,\"height\":1501},{\"@type\":\"BreadcrumbList\",\"@id\":\"https:\\\/\\\/delorenzoglobal.com\\\/es\\\/producto\\\/laboratorio-didactico-para-la-telecomunicaciones\\\/#breadcrumb\",\"itemListElement\":[{\"@type\":\"ListItem\",\"position\":1,\"name\":\"Home\",\"item\":\"https:\\\/\\\/delorenzoglobal.com\\\/es\\\/\"},{\"@type\":\"ListItem\",\"position\":2,\"name\":\"Tienda\",\"item\":\"https:\\\/\\\/delorenzoglobal.com\\\/es\\\/tienda\\\/\"},{\"@type\":\"ListItem\",\"position\":3,\"name\":\"LABORATORIO DID\u00c1CTICO PARA LA TELECOMUNICACIONES\"}]},{\"@type\":\"WebSite\",\"@id\":\"https:\\\/\\\/delorenzoglobal.com\\\/es\\\/#website\",\"url\":\"https:\\\/\\\/delorenzoglobal.com\\\/es\\\/\",\"name\":\"De Lorenzo Training &amp; Didactical Equipment\",\"description\":\"\",\"potentialAction\":[{\"@type\":\"SearchAction\",\"target\":{\"@type\":\"EntryPoint\",\"urlTemplate\":\"https:\\\/\\\/delorenzoglobal.com\\\/es\\\/?s={search_term_string}\"},\"query-input\":{\"@type\":\"PropertyValueSpecification\",\"valueRequired\":true,\"valueName\":\"search_term_string\"}}],\"inLanguage\":\"es\"}]}<\/script>\n<!-- \/ Yoast SEO plugin. -->","yoast_head_json":{"title":"LABORATORIO DID\u00c1CTICO PARA LA TELECOMUNICACIONES - De Lorenzo Training &amp; Didactical Equipment","robots":{"index":"index","follow":"follow","max-snippet":"max-snippet:-1","max-image-preview":"max-image-preview:large","max-video-preview":"max-video-preview:-1"},"canonical":"https:\/\/delorenzoglobal.com\/es\/producto\/laboratorio-didactico-para-la-telecomunicaciones\/","og_locale":"es_ES","og_type":"article","og_title":"LABORATORIO DID\u00c1CTICO PARA LA TELECOMUNICACIONES - De Lorenzo Training &amp; Didactical Equipment","og_description":"DL TELECOMLAB es un laboratorio did\u00e1ctico dise\u00f1ado para proporcionar una comprensi\u00f3n completa de los sistemas modernos de telecomunicaciones. Ideal para institutos t\u00e9cnicos y universidades, el laboratorio abarca una amplia gama de temas, desde la transmisi\u00f3n anal\u00f3gica y digital hasta las aplicaciones virtuales y los sistemas avanzados de comunicaci\u00f3n \u00f3ptica. Gracias a la modularidad de su [&hellip;]","og_url":"https:\/\/delorenzoglobal.com\/es\/producto\/laboratorio-didactico-para-la-telecomunicaciones\/","og_site_name":"De Lorenzo Training &amp; Didactical Equipment","article_modified_time":"2025-07-10T13:07:13+00:00","og_image":[{"width":1024,"height":662,"url":"https:\/\/delorenzoglobal.com\/wp-content\/uploads\/2025\/01\/Telecommunications-SENZA-BORDO-1024x662.png","type":"image\/png"}],"twitter_card":"summary_large_image","twitter_misc":{"Tiempo de lectura":"2 minutos"},"schema":{"@context":"https:\/\/schema.org","@graph":[{"@type":"WebPage","@id":"https:\/\/delorenzoglobal.com\/es\/producto\/laboratorio-didactico-para-la-telecomunicaciones\/","url":"https:\/\/delorenzoglobal.com\/es\/producto\/laboratorio-didactico-para-la-telecomunicaciones\/","name":"LABORATORIO DID\u00c1CTICO PARA LA TELECOMUNICACIONES - De Lorenzo Training &amp; Didactical Equipment","isPartOf":{"@id":"https:\/\/delorenzoglobal.com\/es\/#website"},"primaryImageOfPage":{"@id":"https:\/\/delorenzoglobal.com\/es\/producto\/laboratorio-didactico-para-la-telecomunicaciones\/#primaryimage"},"image":{"@id":"https:\/\/delorenzoglobal.com\/es\/producto\/laboratorio-didactico-para-la-telecomunicaciones\/#primaryimage"},"thumbnailUrl":"https:\/\/delorenzoglobal.com\/wp-content\/uploads\/2025\/01\/Telecommunications-SENZA-BORDO.png","datePublished":"2025-01-17T09:51:38+00:00","dateModified":"2025-07-10T13:07:13+00:00","breadcrumb":{"@id":"https:\/\/delorenzoglobal.com\/es\/producto\/laboratorio-didactico-para-la-telecomunicaciones\/#breadcrumb"},"inLanguage":"es","potentialAction":[{"@type":"ReadAction","target":["https:\/\/delorenzoglobal.com\/es\/producto\/laboratorio-didactico-para-la-telecomunicaciones\/"]}]},{"@type":"ImageObject","inLanguage":"es","@id":"https:\/\/delorenzoglobal.com\/es\/producto\/laboratorio-didactico-para-la-telecomunicaciones\/#primaryimage","url":"https:\/\/delorenzoglobal.com\/wp-content\/uploads\/2025\/01\/Telecommunications-SENZA-BORDO.png","contentUrl":"https:\/\/delorenzoglobal.com\/wp-content\/uploads\/2025\/01\/Telecommunications-SENZA-BORDO.png","width":2321,"height":1501},{"@type":"BreadcrumbList","@id":"https:\/\/delorenzoglobal.com\/es\/producto\/laboratorio-didactico-para-la-telecomunicaciones\/#breadcrumb","itemListElement":[{"@type":"ListItem","position":1,"name":"Home","item":"https:\/\/delorenzoglobal.com\/es\/"},{"@type":"ListItem","position":2,"name":"Tienda","item":"https:\/\/delorenzoglobal.com\/es\/tienda\/"},{"@type":"ListItem","position":3,"name":"LABORATORIO DID\u00c1CTICO PARA LA TELECOMUNICACIONES"}]},{"@type":"WebSite","@id":"https:\/\/delorenzoglobal.com\/es\/#website","url":"https:\/\/delorenzoglobal.com\/es\/","name":"De Lorenzo Training &amp; Didactical Equipment","description":"","potentialAction":[{"@type":"SearchAction","target":{"@type":"EntryPoint","urlTemplate":"https:\/\/delorenzoglobal.com\/es\/?s={search_term_string}"},"query-input":{"@type":"PropertyValueSpecification","valueRequired":true,"valueName":"search_term_string"}}],"inLanguage":"es"}]}},"_links":{"self":[{"href":"https:\/\/delorenzoglobal.com\/es\/wp-json\/wp\/v2\/product\/27027","targetHints":{"allow":["GET"]}}],"collection":[{"href":"https:\/\/delorenzoglobal.com\/es\/wp-json\/wp\/v2\/product"}],"about":[{"href":"https:\/\/delorenzoglobal.com\/es\/wp-json\/wp\/v2\/types\/product"}],"wp:featuredmedia":[{"embeddable":true,"href":"https:\/\/delorenzoglobal.com\/es\/wp-json\/wp\/v2\/media\/27051"}],"wp:attachment":[{"href":"https:\/\/delorenzoglobal.com\/es\/wp-json\/wp\/v2\/media?parent=27027"}],"wp:term":[{"taxonomy":"product_brand","embeddable":true,"href":"https:\/\/delorenzoglobal.com\/es\/wp-json\/wp\/v2\/product_brand?post=27027"},{"taxonomy":"product_cat","embeddable":true,"href":"https:\/\/delorenzoglobal.com\/es\/wp-json\/wp\/v2\/product_cat?post=27027"},{"taxonomy":"product_tag","embeddable":true,"href":"https:\/\/delorenzoglobal.com\/es\/wp-json\/wp\/v2\/product_tag?post=27027"}],"curies":[{"name":"wp","href":"https:\/\/api.w.org\/{rel}","templated":true}]}}