{"id":2661,"date":"2024-04-10T11:03:58","date_gmt":"2024-04-10T09:03:58","guid":{"rendered":"https:\/\/delorenzoglobal.com\/?post_type=product&#038;p=2661"},"modified":"2025-01-20T14:57:40","modified_gmt":"2025-01-20T13:57:40","slug":"kit-hidraulico-avanzado","status":"publish","type":"product","link":"https:\/\/delorenzoglobal.com\/es\/producto\/kit-hidraulico-avanzado\/","title":{"rendered":"KIT HIDR\u00c1ULICO AVANZADO"},"content":{"rendered":"<p>El DL 8110H es un banco hidr\u00e1ulico robusto y flexible con caracter\u00edsticas industriales dise\u00f1ado para el estudio de temas b\u00e1sicos de automatizaci\u00f3n hidr\u00e1ulica.<\/p>\n<p>Las caracter\u00edsticas del banco permiten ampliar la experiencia did\u00e1ctica con el kit de entrenador adicional como: kit adicional para estudio de \u00a0hidr\u00e1ulica avanzada (DL 8110H-2), kit adicional para estudio de electromec\u00e1nica hidr\u00e1ulica (DL 8110EH) y kit adicional para \u00a0estudio del control proporcional (DL 8110HCA).<\/p>\n","protected":false},"excerpt":{"rendered":"<p>El DL 8110H es un banco hidr\u00e1ulico robusto y flexible con caracter\u00edsticas industriales dise\u00f1ado para el estudio de temas b\u00e1sicos de automatizaci\u00f3n hidr\u00e1ulica. Las caracter\u00edsticas del banco permiten ampliar la experiencia did\u00e1ctica con el kit de entrenador adicional como: kit adicional para estudio de \u00a0hidr\u00e1ulica avanzada (DL 8110H-2), kit adicional para estudio de electromec\u00e1nica hidr\u00e1ulica [&hellip;]<\/p>\n","protected":false},"featured_media":2658,"template":"","meta":{"_acf_changed":false},"product_brand":[],"product_cat":[196],"product_tag":[],"class_list":{"0":"post-2661","1":"product","2":"type-product","3":"status-publish","4":"has-post-thumbnail","6":"product_cat-hidraulica","8":"first","9":"instock","10":"shipping-taxable","11":"product-type-simple"},"acf":[],"yoast_head":"<!-- This site is optimized with the Yoast SEO plugin v27.0 - https:\/\/yoast.com\/product\/yoast-seo-wordpress\/ -->\n<title>KIT HIDR\u00c1ULICO AVANZADO - De Lorenzo Training &amp; Didactical Equipment<\/title>\n<meta name=\"robots\" content=\"index, follow, max-snippet:-1, max-image-preview:large, max-video-preview:-1\" \/>\n<link rel=\"canonical\" href=\"https:\/\/delorenzoglobal.com\/es\/producto\/kit-hidraulico-avanzado\/\" \/>\n<meta property=\"og:locale\" content=\"es_ES\" \/>\n<meta property=\"og:type\" content=\"article\" \/>\n<meta property=\"og:title\" content=\"KIT HIDR\u00c1ULICO AVANZADO - De Lorenzo Training &amp; Didactical Equipment\" \/>\n<meta property=\"og:description\" content=\"El DL 8110H es un banco hidr\u00e1ulico robusto y flexible con caracter\u00edsticas industriales dise\u00f1ado para el estudio de temas b\u00e1sicos de automatizaci\u00f3n hidr\u00e1ulica. Las caracter\u00edsticas del banco permiten ampliar la experiencia did\u00e1ctica con el kit de entrenador adicional como: kit adicional para estudio de \u00a0hidr\u00e1ulica avanzada (DL 8110H-2), kit adicional para estudio de electromec\u00e1nica hidr\u00e1ulica [&hellip;]\" \/>\n<meta property=\"og:url\" content=\"https:\/\/delorenzoglobal.com\/es\/producto\/kit-hidraulico-avanzado\/\" \/>\n<meta property=\"og:site_name\" content=\"De Lorenzo Training &amp; Didactical Equipment\" \/>\n<meta property=\"article:modified_time\" content=\"2025-01-20T13:57:40+00:00\" \/>\n<meta property=\"og:image\" content=\"https:\/\/delorenzoglobal.com\/wp-content\/uploads\/2024\/04\/DL-8110H-2.png\" \/>\n\t<meta property=\"og:image:width\" content=\"335\" \/>\n\t<meta property=\"og:image:height\" content=\"448\" \/>\n\t<meta property=\"og:image:type\" content=\"image\/png\" \/>\n<meta name=\"twitter:card\" content=\"summary_large_image\" \/>\n<meta name=\"twitter:label1\" content=\"Tiempo de lectura\" \/>\n\t<meta name=\"twitter:data1\" content=\"1 minuto\" \/>\n<script type=\"application\/ld+json\" class=\"yoast-schema-graph\">{\"@context\":\"https:\/\/schema.org\",\"@graph\":[{\"@type\":\"WebPage\",\"@id\":\"https:\/\/delorenzoglobal.com\/es\/producto\/kit-hidraulico-avanzado\/\",\"url\":\"https:\/\/delorenzoglobal.com\/es\/producto\/kit-hidraulico-avanzado\/\",\"name\":\"KIT HIDR\u00c1ULICO AVANZADO - De Lorenzo Training &amp; Didactical Equipment\",\"isPartOf\":{\"@id\":\"https:\/\/delorenzoglobal.com\/es\/#website\"},\"primaryImageOfPage\":{\"@id\":\"https:\/\/delorenzoglobal.com\/es\/producto\/kit-hidraulico-avanzado\/#primaryimage\"},\"image\":{\"@id\":\"https:\/\/delorenzoglobal.com\/es\/producto\/kit-hidraulico-avanzado\/#primaryimage\"},\"thumbnailUrl\":\"https:\/\/delorenzoglobal.com\/wp-content\/uploads\/2024\/04\/DL-8110H-2.png\",\"datePublished\":\"2024-04-10T09:03:58+00:00\",\"dateModified\":\"2025-01-20T13:57:40+00:00\",\"breadcrumb\":{\"@id\":\"https:\/\/delorenzoglobal.com\/es\/producto\/kit-hidraulico-avanzado\/#breadcrumb\"},\"inLanguage\":\"es\",\"potentialAction\":[{\"@type\":\"ReadAction\",\"target\":[\"https:\/\/delorenzoglobal.com\/es\/producto\/kit-hidraulico-avanzado\/\"]}]},{\"@type\":\"ImageObject\",\"inLanguage\":\"es\",\"@id\":\"https:\/\/delorenzoglobal.com\/es\/producto\/kit-hidraulico-avanzado\/#primaryimage\",\"url\":\"https:\/\/delorenzoglobal.com\/wp-content\/uploads\/2024\/04\/DL-8110H-2.png\",\"contentUrl\":\"https:\/\/delorenzoglobal.com\/wp-content\/uploads\/2024\/04\/DL-8110H-2.png\",\"width\":335,\"height\":448},{\"@type\":\"BreadcrumbList\",\"@id\":\"https:\/\/delorenzoglobal.com\/es\/producto\/kit-hidraulico-avanzado\/#breadcrumb\",\"itemListElement\":[{\"@type\":\"ListItem\",\"position\":1,\"name\":\"Home\",\"item\":\"https:\/\/delorenzoglobal.com\/es\/\"},{\"@type\":\"ListItem\",\"position\":2,\"name\":\"Tienda\",\"item\":\"https:\/\/delorenzoglobal.com\/es\/tienda\/\"},{\"@type\":\"ListItem\",\"position\":3,\"name\":\"KIT HIDR\u00c1ULICO AVANZADO\"}]},{\"@type\":\"WebSite\",\"@id\":\"https:\/\/delorenzoglobal.com\/es\/#website\",\"url\":\"https:\/\/delorenzoglobal.com\/es\/\",\"name\":\"De Lorenzo Training &amp; Didactical Equipment\",\"description\":\"\",\"potentialAction\":[{\"@type\":\"SearchAction\",\"target\":{\"@type\":\"EntryPoint\",\"urlTemplate\":\"https:\/\/delorenzoglobal.com\/es\/?s={search_term_string}\"},\"query-input\":{\"@type\":\"PropertyValueSpecification\",\"valueRequired\":true,\"valueName\":\"search_term_string\"}}],\"inLanguage\":\"es\"}]}<\/script>\n<!-- \/ Yoast SEO plugin. -->","yoast_head_json":{"title":"KIT HIDR\u00c1ULICO AVANZADO - De Lorenzo Training &amp; Didactical Equipment","robots":{"index":"index","follow":"follow","max-snippet":"max-snippet:-1","max-image-preview":"max-image-preview:large","max-video-preview":"max-video-preview:-1"},"canonical":"https:\/\/delorenzoglobal.com\/es\/producto\/kit-hidraulico-avanzado\/","og_locale":"es_ES","og_type":"article","og_title":"KIT HIDR\u00c1ULICO AVANZADO - De Lorenzo Training &amp; Didactical Equipment","og_description":"El DL 8110H es un banco hidr\u00e1ulico robusto y flexible con caracter\u00edsticas industriales dise\u00f1ado para el estudio de temas b\u00e1sicos de automatizaci\u00f3n hidr\u00e1ulica. Las caracter\u00edsticas del banco permiten ampliar la experiencia did\u00e1ctica con el kit de entrenador adicional como: kit adicional para estudio de \u00a0hidr\u00e1ulica avanzada (DL 8110H-2), kit adicional para estudio de electromec\u00e1nica hidr\u00e1ulica [&hellip;]","og_url":"https:\/\/delorenzoglobal.com\/es\/producto\/kit-hidraulico-avanzado\/","og_site_name":"De Lorenzo Training &amp; Didactical Equipment","article_modified_time":"2025-01-20T13:57:40+00:00","og_image":[{"width":335,"height":448,"url":"https:\/\/delorenzoglobal.com\/wp-content\/uploads\/2024\/04\/DL-8110H-2.png","type":"image\/png"}],"twitter_card":"summary_large_image","twitter_misc":{"Tiempo de lectura":"1 minuto"},"schema":{"@context":"https:\/\/schema.org","@graph":[{"@type":"WebPage","@id":"https:\/\/delorenzoglobal.com\/es\/producto\/kit-hidraulico-avanzado\/","url":"https:\/\/delorenzoglobal.com\/es\/producto\/kit-hidraulico-avanzado\/","name":"KIT HIDR\u00c1ULICO AVANZADO - De Lorenzo Training &amp; Didactical Equipment","isPartOf":{"@id":"https:\/\/delorenzoglobal.com\/es\/#website"},"primaryImageOfPage":{"@id":"https:\/\/delorenzoglobal.com\/es\/producto\/kit-hidraulico-avanzado\/#primaryimage"},"image":{"@id":"https:\/\/delorenzoglobal.com\/es\/producto\/kit-hidraulico-avanzado\/#primaryimage"},"thumbnailUrl":"https:\/\/delorenzoglobal.com\/wp-content\/uploads\/2024\/04\/DL-8110H-2.png","datePublished":"2024-04-10T09:03:58+00:00","dateModified":"2025-01-20T13:57:40+00:00","breadcrumb":{"@id":"https:\/\/delorenzoglobal.com\/es\/producto\/kit-hidraulico-avanzado\/#breadcrumb"},"inLanguage":"es","potentialAction":[{"@type":"ReadAction","target":["https:\/\/delorenzoglobal.com\/es\/producto\/kit-hidraulico-avanzado\/"]}]},{"@type":"ImageObject","inLanguage":"es","@id":"https:\/\/delorenzoglobal.com\/es\/producto\/kit-hidraulico-avanzado\/#primaryimage","url":"https:\/\/delorenzoglobal.com\/wp-content\/uploads\/2024\/04\/DL-8110H-2.png","contentUrl":"https:\/\/delorenzoglobal.com\/wp-content\/uploads\/2024\/04\/DL-8110H-2.png","width":335,"height":448},{"@type":"BreadcrumbList","@id":"https:\/\/delorenzoglobal.com\/es\/producto\/kit-hidraulico-avanzado\/#breadcrumb","itemListElement":[{"@type":"ListItem","position":1,"name":"Home","item":"https:\/\/delorenzoglobal.com\/es\/"},{"@type":"ListItem","position":2,"name":"Tienda","item":"https:\/\/delorenzoglobal.com\/es\/tienda\/"},{"@type":"ListItem","position":3,"name":"KIT HIDR\u00c1ULICO AVANZADO"}]},{"@type":"WebSite","@id":"https:\/\/delorenzoglobal.com\/es\/#website","url":"https:\/\/delorenzoglobal.com\/es\/","name":"De Lorenzo Training &amp; Didactical Equipment","description":"","potentialAction":[{"@type":"SearchAction","target":{"@type":"EntryPoint","urlTemplate":"https:\/\/delorenzoglobal.com\/es\/?s={search_term_string}"},"query-input":{"@type":"PropertyValueSpecification","valueRequired":true,"valueName":"search_term_string"}}],"inLanguage":"es"}]}},"_links":{"self":[{"href":"https:\/\/delorenzoglobal.com\/es\/wp-json\/wp\/v2\/product\/2661","targetHints":{"allow":["GET"]}}],"collection":[{"href":"https:\/\/delorenzoglobal.com\/es\/wp-json\/wp\/v2\/product"}],"about":[{"href":"https:\/\/delorenzoglobal.com\/es\/wp-json\/wp\/v2\/types\/product"}],"wp:featuredmedia":[{"embeddable":true,"href":"https:\/\/delorenzoglobal.com\/es\/wp-json\/wp\/v2\/media\/2658"}],"wp:attachment":[{"href":"https:\/\/delorenzoglobal.com\/es\/wp-json\/wp\/v2\/media?parent=2661"}],"wp:term":[{"taxonomy":"product_brand","embeddable":true,"href":"https:\/\/delorenzoglobal.com\/es\/wp-json\/wp\/v2\/product_brand?post=2661"},{"taxonomy":"product_cat","embeddable":true,"href":"https:\/\/delorenzoglobal.com\/es\/wp-json\/wp\/v2\/product_cat?post=2661"},{"taxonomy":"product_tag","embeddable":true,"href":"https:\/\/delorenzoglobal.com\/es\/wp-json\/wp\/v2\/product_tag?post=2661"}],"curies":[{"name":"wp","href":"https:\/\/api.w.org\/{rel}","templated":true}]}}