{"id":2620,"date":"2024-04-10T10:46:30","date_gmt":"2024-04-10T08:46:30","guid":{"rendered":"https:\/\/delorenzoglobal.com\/?post_type=product&#038;p=2620"},"modified":"2026-03-30T10:55:35","modified_gmt":"2026-03-30T08:55:35","slug":"entrenador-de-electro-neumatica","status":"publish","type":"product","link":"https:\/\/delorenzoglobal.com\/es\/producto\/entrenador-de-electro-neumatica\/","title":{"rendered":"ENTRENADOR DE ELECTRO-NEUMATICA"},"content":{"rendered":"<p>Este entrenador compacto ha sido dise\u00f1ado para implementar programas de aplicaci\u00f3n completos en automatizaci\u00f3n electroneum\u00e1tica. Puede utilizarse para demostraciones y experimentos en el campo de la electroneum\u00e1tica.<\/p>\n<p>Es una colecci\u00f3n de componentes inte+rconectados que utilizan aire comprimido para realizar trabajos para equipos automatizados<\/p>\n","protected":false},"excerpt":{"rendered":"<p>Este entrenador compacto ha sido dise\u00f1ado para implementar programas de aplicaci\u00f3n completos en automatizaci\u00f3n electroneum\u00e1tica. Puede utilizarse para demostraciones y experimentos en el campo de la electroneum\u00e1tica. Es una colecci\u00f3n de componentes inte+rconectados que utilizan aire comprimido para realizar trabajos para equipos automatizados<\/p>\n","protected":false},"featured_media":21731,"template":"","meta":{"_acf_changed":false},"product_brand":[],"product_cat":[193],"product_tag":[],"class_list":{"0":"post-2620","1":"product","2":"type-product","3":"status-publish","4":"has-post-thumbnail","6":"product_cat-neumatica","8":"first","9":"instock","10":"shipping-taxable","11":"product-type-simple"},"acf":[],"yoast_head":"<!-- This site is optimized with the Yoast SEO plugin v27.4 - https:\/\/yoast.com\/product\/yoast-seo-wordpress\/ -->\n<title>ENTRENADOR DE ELECTRO-NEUMATICA - De Lorenzo Training &amp; Didactical Equipment<\/title>\n<meta name=\"description\" content=\"Entrenador para automatizaci\u00f3n neum\u00e1tica y electroneum\u00e1tica, ideal para formaci\u00f3n y pruebas pr\u00e1cticas. El sistema utiliza aire comprimido y es perfecto para 2\u20133 estudiantes.\" \/>\n<meta name=\"robots\" content=\"index, follow, max-snippet:-1, max-image-preview:large, max-video-preview:-1\" \/>\n<link rel=\"canonical\" href=\"https:\/\/delorenzoglobal.com\/es\/producto\/entrenador-de-electro-neumatica\/\" \/>\n<meta property=\"og:locale\" content=\"es_ES\" \/>\n<meta property=\"og:type\" content=\"article\" \/>\n<meta property=\"og:title\" content=\"ENTRENADOR DE ELECTRO-NEUMATICA - De Lorenzo Training &amp; Didactical Equipment\" \/>\n<meta property=\"og:description\" content=\"Entrenador para automatizaci\u00f3n neum\u00e1tica y electroneum\u00e1tica, ideal para formaci\u00f3n y pruebas pr\u00e1cticas. El sistema utiliza aire comprimido y es perfecto para 2\u20133 estudiantes.\" \/>\n<meta property=\"og:url\" content=\"https:\/\/delorenzoglobal.com\/es\/producto\/entrenador-de-electro-neumatica\/\" \/>\n<meta property=\"og:site_name\" content=\"De Lorenzo Training &amp; Didactical Equipment\" \/>\n<meta property=\"article:modified_time\" content=\"2026-03-30T08:55:35+00:00\" \/>\n<meta property=\"og:image\" content=\"https:\/\/delorenzoglobal.com\/wp-content\/uploads\/2024\/04\/DL-8171-xs.jpg\" \/>\n\t<meta property=\"og:image:width\" content=\"2317\" \/>\n\t<meta property=\"og:image:height\" content=\"2117\" \/>\n\t<meta property=\"og:image:type\" content=\"image\/jpeg\" \/>\n<meta name=\"twitter:card\" content=\"summary_large_image\" \/>\n<meta name=\"twitter:label1\" content=\"Tiempo de lectura\" \/>\n\t<meta name=\"twitter:data1\" content=\"1 minuto\" \/>\n<script type=\"application\/ld+json\" class=\"yoast-schema-graph\">{\"@context\":\"https:\\\/\\\/schema.org\",\"@graph\":[{\"@type\":\"WebPage\",\"@id\":\"https:\\\/\\\/delorenzoglobal.com\\\/es\\\/producto\\\/entrenador-de-electro-neumatica\\\/\",\"url\":\"https:\\\/\\\/delorenzoglobal.com\\\/es\\\/producto\\\/entrenador-de-electro-neumatica\\\/\",\"name\":\"ENTRENADOR DE ELECTRO-NEUMATICA - De Lorenzo Training &amp; Didactical Equipment\",\"isPartOf\":{\"@id\":\"https:\\\/\\\/delorenzoglobal.com\\\/es\\\/#website\"},\"primaryImageOfPage\":{\"@id\":\"https:\\\/\\\/delorenzoglobal.com\\\/es\\\/producto\\\/entrenador-de-electro-neumatica\\\/#primaryimage\"},\"image\":{\"@id\":\"https:\\\/\\\/delorenzoglobal.com\\\/es\\\/producto\\\/entrenador-de-electro-neumatica\\\/#primaryimage\"},\"thumbnailUrl\":\"https:\\\/\\\/delorenzoglobal.com\\\/wp-content\\\/uploads\\\/2024\\\/04\\\/DL-8171-xs.jpg\",\"datePublished\":\"2024-04-10T08:46:30+00:00\",\"dateModified\":\"2026-03-30T08:55:35+00:00\",\"description\":\"Entrenador para automatizaci\u00f3n neum\u00e1tica y electroneum\u00e1tica, ideal para formaci\u00f3n y pruebas pr\u00e1cticas. El sistema utiliza aire comprimido y es perfecto para 2\u20133 estudiantes.\",\"breadcrumb\":{\"@id\":\"https:\\\/\\\/delorenzoglobal.com\\\/es\\\/producto\\\/entrenador-de-electro-neumatica\\\/#breadcrumb\"},\"inLanguage\":\"es\",\"potentialAction\":[{\"@type\":\"ReadAction\",\"target\":[\"https:\\\/\\\/delorenzoglobal.com\\\/es\\\/producto\\\/entrenador-de-electro-neumatica\\\/\"]}]},{\"@type\":\"ImageObject\",\"inLanguage\":\"es\",\"@id\":\"https:\\\/\\\/delorenzoglobal.com\\\/es\\\/producto\\\/entrenador-de-electro-neumatica\\\/#primaryimage\",\"url\":\"https:\\\/\\\/delorenzoglobal.com\\\/wp-content\\\/uploads\\\/2024\\\/04\\\/DL-8171-xs.jpg\",\"contentUrl\":\"https:\\\/\\\/delorenzoglobal.com\\\/wp-content\\\/uploads\\\/2024\\\/04\\\/DL-8171-xs.jpg\",\"width\":2317,\"height\":2117},{\"@type\":\"BreadcrumbList\",\"@id\":\"https:\\\/\\\/delorenzoglobal.com\\\/es\\\/producto\\\/entrenador-de-electro-neumatica\\\/#breadcrumb\",\"itemListElement\":[{\"@type\":\"ListItem\",\"position\":1,\"name\":\"Home\",\"item\":\"https:\\\/\\\/delorenzoglobal.com\\\/es\\\/\"},{\"@type\":\"ListItem\",\"position\":2,\"name\":\"Tienda\",\"item\":\"https:\\\/\\\/delorenzoglobal.com\\\/es\\\/tienda\\\/\"},{\"@type\":\"ListItem\",\"position\":3,\"name\":\"ENTRENADOR DE ELECTRO-NEUMATICA\"}]},{\"@type\":\"WebSite\",\"@id\":\"https:\\\/\\\/delorenzoglobal.com\\\/es\\\/#website\",\"url\":\"https:\\\/\\\/delorenzoglobal.com\\\/es\\\/\",\"name\":\"De Lorenzo Training &amp; Didactical Equipment\",\"description\":\"\",\"potentialAction\":[{\"@type\":\"SearchAction\",\"target\":{\"@type\":\"EntryPoint\",\"urlTemplate\":\"https:\\\/\\\/delorenzoglobal.com\\\/es\\\/?s={search_term_string}\"},\"query-input\":{\"@type\":\"PropertyValueSpecification\",\"valueRequired\":true,\"valueName\":\"search_term_string\"}}],\"inLanguage\":\"es\"}]}<\/script>\n<!-- \/ Yoast SEO plugin. -->","yoast_head_json":{"title":"ENTRENADOR DE ELECTRO-NEUMATICA - De Lorenzo Training &amp; Didactical Equipment","description":"Entrenador para automatizaci\u00f3n neum\u00e1tica y electroneum\u00e1tica, ideal para formaci\u00f3n y pruebas pr\u00e1cticas. El sistema utiliza aire comprimido y es perfecto para 2\u20133 estudiantes.","robots":{"index":"index","follow":"follow","max-snippet":"max-snippet:-1","max-image-preview":"max-image-preview:large","max-video-preview":"max-video-preview:-1"},"canonical":"https:\/\/delorenzoglobal.com\/es\/producto\/entrenador-de-electro-neumatica\/","og_locale":"es_ES","og_type":"article","og_title":"ENTRENADOR DE ELECTRO-NEUMATICA - De Lorenzo Training &amp; Didactical Equipment","og_description":"Entrenador para automatizaci\u00f3n neum\u00e1tica y electroneum\u00e1tica, ideal para formaci\u00f3n y pruebas pr\u00e1cticas. El sistema utiliza aire comprimido y es perfecto para 2\u20133 estudiantes.","og_url":"https:\/\/delorenzoglobal.com\/es\/producto\/entrenador-de-electro-neumatica\/","og_site_name":"De Lorenzo Training &amp; Didactical Equipment","article_modified_time":"2026-03-30T08:55:35+00:00","og_image":[{"width":2317,"height":2117,"url":"https:\/\/delorenzoglobal.com\/wp-content\/uploads\/2024\/04\/DL-8171-xs.jpg","type":"image\/jpeg"}],"twitter_card":"summary_large_image","twitter_misc":{"Tiempo de lectura":"1 minuto"},"schema":{"@context":"https:\/\/schema.org","@graph":[{"@type":"WebPage","@id":"https:\/\/delorenzoglobal.com\/es\/producto\/entrenador-de-electro-neumatica\/","url":"https:\/\/delorenzoglobal.com\/es\/producto\/entrenador-de-electro-neumatica\/","name":"ENTRENADOR DE ELECTRO-NEUMATICA - De Lorenzo Training &amp; Didactical Equipment","isPartOf":{"@id":"https:\/\/delorenzoglobal.com\/es\/#website"},"primaryImageOfPage":{"@id":"https:\/\/delorenzoglobal.com\/es\/producto\/entrenador-de-electro-neumatica\/#primaryimage"},"image":{"@id":"https:\/\/delorenzoglobal.com\/es\/producto\/entrenador-de-electro-neumatica\/#primaryimage"},"thumbnailUrl":"https:\/\/delorenzoglobal.com\/wp-content\/uploads\/2024\/04\/DL-8171-xs.jpg","datePublished":"2024-04-10T08:46:30+00:00","dateModified":"2026-03-30T08:55:35+00:00","description":"Entrenador para automatizaci\u00f3n neum\u00e1tica y electroneum\u00e1tica, ideal para formaci\u00f3n y pruebas pr\u00e1cticas. El sistema utiliza aire comprimido y es perfecto para 2\u20133 estudiantes.","breadcrumb":{"@id":"https:\/\/delorenzoglobal.com\/es\/producto\/entrenador-de-electro-neumatica\/#breadcrumb"},"inLanguage":"es","potentialAction":[{"@type":"ReadAction","target":["https:\/\/delorenzoglobal.com\/es\/producto\/entrenador-de-electro-neumatica\/"]}]},{"@type":"ImageObject","inLanguage":"es","@id":"https:\/\/delorenzoglobal.com\/es\/producto\/entrenador-de-electro-neumatica\/#primaryimage","url":"https:\/\/delorenzoglobal.com\/wp-content\/uploads\/2024\/04\/DL-8171-xs.jpg","contentUrl":"https:\/\/delorenzoglobal.com\/wp-content\/uploads\/2024\/04\/DL-8171-xs.jpg","width":2317,"height":2117},{"@type":"BreadcrumbList","@id":"https:\/\/delorenzoglobal.com\/es\/producto\/entrenador-de-electro-neumatica\/#breadcrumb","itemListElement":[{"@type":"ListItem","position":1,"name":"Home","item":"https:\/\/delorenzoglobal.com\/es\/"},{"@type":"ListItem","position":2,"name":"Tienda","item":"https:\/\/delorenzoglobal.com\/es\/tienda\/"},{"@type":"ListItem","position":3,"name":"ENTRENADOR DE ELECTRO-NEUMATICA"}]},{"@type":"WebSite","@id":"https:\/\/delorenzoglobal.com\/es\/#website","url":"https:\/\/delorenzoglobal.com\/es\/","name":"De Lorenzo Training &amp; Didactical Equipment","description":"","potentialAction":[{"@type":"SearchAction","target":{"@type":"EntryPoint","urlTemplate":"https:\/\/delorenzoglobal.com\/es\/?s={search_term_string}"},"query-input":{"@type":"PropertyValueSpecification","valueRequired":true,"valueName":"search_term_string"}}],"inLanguage":"es"}]}},"_links":{"self":[{"href":"https:\/\/delorenzoglobal.com\/es\/wp-json\/wp\/v2\/product\/2620","targetHints":{"allow":["GET"]}}],"collection":[{"href":"https:\/\/delorenzoglobal.com\/es\/wp-json\/wp\/v2\/product"}],"about":[{"href":"https:\/\/delorenzoglobal.com\/es\/wp-json\/wp\/v2\/types\/product"}],"wp:featuredmedia":[{"embeddable":true,"href":"https:\/\/delorenzoglobal.com\/es\/wp-json\/wp\/v2\/media\/21731"}],"wp:attachment":[{"href":"https:\/\/delorenzoglobal.com\/es\/wp-json\/wp\/v2\/media?parent=2620"}],"wp:term":[{"taxonomy":"product_brand","embeddable":true,"href":"https:\/\/delorenzoglobal.com\/es\/wp-json\/wp\/v2\/product_brand?post=2620"},{"taxonomy":"product_cat","embeddable":true,"href":"https:\/\/delorenzoglobal.com\/es\/wp-json\/wp\/v2\/product_cat?post=2620"},{"taxonomy":"product_tag","embeddable":true,"href":"https:\/\/delorenzoglobal.com\/es\/wp-json\/wp\/v2\/product_tag?post=2620"}],"curies":[{"name":"wp","href":"https:\/\/api.w.org\/{rel}","templated":true}]}}