{"id":2581,"date":"2024-04-10T10:34:34","date_gmt":"2024-04-10T08:34:34","guid":{"rendered":"https:\/\/delorenzoglobal.com\/?post_type=product&#038;p=2581"},"modified":"2025-01-20T13:42:28","modified_gmt":"2025-01-20T12:42:28","slug":"entrenador-de-neumatica","status":"publish","type":"product","link":"https:\/\/delorenzoglobal.com\/es\/producto\/entrenador-de-neumatica\/","title":{"rendered":"ENTRENADOR DE NEUMATICA"},"content":{"rendered":"<p>Formadores para demostraciones y experimentos en el campo neum\u00e1tico.<\/p>\n<p>El entrenador incluye un marco de metal que soporta los siguientes m\u00f3dulos:<\/p>\n<ul>\n<li>Una placa neum\u00e1tica, donde todos los componentes est\u00e1n montados e identificados mediante un s\u00edmbolo claro.<\/li>\n<\/ul>\n<p>Incluyen: 2 cilindros de doble efecto con 3 v\u00e1lvulas de retenci\u00f3n de orificio de retorno, 4 v\u00e1lvulas de palanca de rodillo y 1 palanca 3\/2, 2 v\u00e1lvulas 5\/2 estables y 2 inestables, 2 Y, 2 O y 1 NO, 1 v\u00e1lvula de mariposa, 1 capacidad, 1 v\u00e1lvula de alivio r\u00e1pido y 1 divisor.<\/p>\n<p>Se suministra con 75 m de tubo de pl\u00e1stico \u00f84 y 3 m de \u00f86, 10 tees y 10 tapones, as\u00ed como 1 cortatubos, manual de servicio y cuaderno de ejercicios con experimentos.<\/p>\n<ul>\n<li>Cuadro vertical de suministro de aire, provisto de 1 interruptor principal de palanca, 1 filtro, 2 reguladores de presi\u00f3n con 2 man\u00f3metros, 1 pulsador tipo hongo y 3 pulsadores digitales 3\/2, 1 selector de palanca 5\/2 y 1 pulsador digital 5\/2. bot\u00f3n.<\/li>\n<\/ul>\n<p>Experimentos<\/p>\n<ul>\n<li>Circuitos monocil\u00edndricos con o sin regulaci\u00f3n de velocidad<\/li>\n<li>Circuitos con dispositivos l\u00f3gicos<\/li>\n<li>Circuitos con dispositivos de retardo<\/li>\n<li>Control de secuencia \u00fanica o continua de dos o m\u00e1s cilindros<\/li>\n<li>Circuitos con control de emergencia<\/li>\n<li>Circuitos de memoria<\/li>\n<\/ul>\n","protected":false},"excerpt":{"rendered":"<p>Formadores para demostraciones y experimentos en el campo neum\u00e1tico. El entrenador incluye un marco de metal que soporta los siguientes m\u00f3dulos: Una placa neum\u00e1tica, donde todos los componentes est\u00e1n montados e identificados mediante un s\u00edmbolo claro. Incluyen: 2 cilindros de doble efecto con 3 v\u00e1lvulas de retenci\u00f3n de orificio de retorno, 4 v\u00e1lvulas de palanca [&hellip;]<\/p>\n","protected":false},"featured_media":2569,"template":"","meta":{"_acf_changed":false},"product_brand":[],"product_cat":[193],"product_tag":[],"class_list":{"0":"post-2581","1":"product","2":"type-product","3":"status-publish","4":"has-post-thumbnail","6":"product_cat-neumatica","8":"first","9":"instock","10":"shipping-taxable","11":"product-type-simple"},"acf":[],"yoast_head":"<!-- This site is optimized with the Yoast SEO plugin v27.0 - https:\/\/yoast.com\/product\/yoast-seo-wordpress\/ -->\n<title>ENTRENADOR DE NEUMATICA - De Lorenzo Training &amp; Didactical Equipment<\/title>\n<meta name=\"robots\" content=\"index, follow, max-snippet:-1, max-image-preview:large, max-video-preview:-1\" \/>\n<link rel=\"canonical\" href=\"https:\/\/delorenzoglobal.com\/es\/producto\/entrenador-de-neumatica\/\" \/>\n<meta property=\"og:locale\" content=\"es_ES\" \/>\n<meta property=\"og:type\" content=\"article\" \/>\n<meta property=\"og:title\" content=\"ENTRENADOR DE NEUMATICA - De Lorenzo Training &amp; Didactical Equipment\" \/>\n<meta property=\"og:description\" content=\"Formadores para demostraciones y experimentos en el campo neum\u00e1tico. El entrenador incluye un marco de metal que soporta los siguientes m\u00f3dulos: Una placa neum\u00e1tica, donde todos los componentes est\u00e1n montados e identificados mediante un s\u00edmbolo claro. Incluyen: 2 cilindros de doble efecto con 3 v\u00e1lvulas de retenci\u00f3n de orificio de retorno, 4 v\u00e1lvulas de palanca [&hellip;]\" \/>\n<meta property=\"og:url\" content=\"https:\/\/delorenzoglobal.com\/es\/producto\/entrenador-de-neumatica\/\" \/>\n<meta property=\"og:site_name\" content=\"De Lorenzo Training &amp; Didactical Equipment\" \/>\n<meta property=\"article:modified_time\" content=\"2025-01-20T12:42:28+00:00\" \/>\n<meta property=\"og:image\" content=\"https:\/\/delorenzoglobal.com\/wp-content\/uploads\/2024\/04\/DL-8161-scaled.jpg\" \/>\n\t<meta property=\"og:image:width\" content=\"2560\" \/>\n\t<meta property=\"og:image:height\" content=\"1920\" \/>\n\t<meta property=\"og:image:type\" content=\"image\/jpeg\" \/>\n<meta name=\"twitter:card\" content=\"summary_large_image\" \/>\n<meta name=\"twitter:label1\" content=\"Tiempo de lectura\" \/>\n\t<meta name=\"twitter:data1\" content=\"2 minutos\" \/>\n<script type=\"application\/ld+json\" class=\"yoast-schema-graph\">{\"@context\":\"https:\/\/schema.org\",\"@graph\":[{\"@type\":\"WebPage\",\"@id\":\"https:\/\/delorenzoglobal.com\/es\/producto\/entrenador-de-neumatica\/\",\"url\":\"https:\/\/delorenzoglobal.com\/es\/producto\/entrenador-de-neumatica\/\",\"name\":\"ENTRENADOR DE NEUMATICA - De Lorenzo Training &amp; Didactical Equipment\",\"isPartOf\":{\"@id\":\"https:\/\/delorenzoglobal.com\/es\/#website\"},\"primaryImageOfPage\":{\"@id\":\"https:\/\/delorenzoglobal.com\/es\/producto\/entrenador-de-neumatica\/#primaryimage\"},\"image\":{\"@id\":\"https:\/\/delorenzoglobal.com\/es\/producto\/entrenador-de-neumatica\/#primaryimage\"},\"thumbnailUrl\":\"https:\/\/delorenzoglobal.com\/wp-content\/uploads\/2024\/04\/DL-8161-scaled.jpg\",\"datePublished\":\"2024-04-10T08:34:34+00:00\",\"dateModified\":\"2025-01-20T12:42:28+00:00\",\"breadcrumb\":{\"@id\":\"https:\/\/delorenzoglobal.com\/es\/producto\/entrenador-de-neumatica\/#breadcrumb\"},\"inLanguage\":\"es\",\"potentialAction\":[{\"@type\":\"ReadAction\",\"target\":[\"https:\/\/delorenzoglobal.com\/es\/producto\/entrenador-de-neumatica\/\"]}]},{\"@type\":\"ImageObject\",\"inLanguage\":\"es\",\"@id\":\"https:\/\/delorenzoglobal.com\/es\/producto\/entrenador-de-neumatica\/#primaryimage\",\"url\":\"https:\/\/delorenzoglobal.com\/wp-content\/uploads\/2024\/04\/DL-8161-scaled.jpg\",\"contentUrl\":\"https:\/\/delorenzoglobal.com\/wp-content\/uploads\/2024\/04\/DL-8161-scaled.jpg\",\"width\":2560,\"height\":1920},{\"@type\":\"BreadcrumbList\",\"@id\":\"https:\/\/delorenzoglobal.com\/es\/producto\/entrenador-de-neumatica\/#breadcrumb\",\"itemListElement\":[{\"@type\":\"ListItem\",\"position\":1,\"name\":\"Home\",\"item\":\"https:\/\/delorenzoglobal.com\/es\/\"},{\"@type\":\"ListItem\",\"position\":2,\"name\":\"Tienda\",\"item\":\"https:\/\/delorenzoglobal.com\/es\/tienda\/\"},{\"@type\":\"ListItem\",\"position\":3,\"name\":\"ENTRENADOR DE NEUMATICA\"}]},{\"@type\":\"WebSite\",\"@id\":\"https:\/\/delorenzoglobal.com\/es\/#website\",\"url\":\"https:\/\/delorenzoglobal.com\/es\/\",\"name\":\"De Lorenzo Training &amp; Didactical Equipment\",\"description\":\"\",\"potentialAction\":[{\"@type\":\"SearchAction\",\"target\":{\"@type\":\"EntryPoint\",\"urlTemplate\":\"https:\/\/delorenzoglobal.com\/es\/?s={search_term_string}\"},\"query-input\":{\"@type\":\"PropertyValueSpecification\",\"valueRequired\":true,\"valueName\":\"search_term_string\"}}],\"inLanguage\":\"es\"}]}<\/script>\n<!-- \/ Yoast SEO plugin. -->","yoast_head_json":{"title":"ENTRENADOR DE NEUMATICA - De Lorenzo Training &amp; Didactical Equipment","robots":{"index":"index","follow":"follow","max-snippet":"max-snippet:-1","max-image-preview":"max-image-preview:large","max-video-preview":"max-video-preview:-1"},"canonical":"https:\/\/delorenzoglobal.com\/es\/producto\/entrenador-de-neumatica\/","og_locale":"es_ES","og_type":"article","og_title":"ENTRENADOR DE NEUMATICA - De Lorenzo Training &amp; Didactical Equipment","og_description":"Formadores para demostraciones y experimentos en el campo neum\u00e1tico. El entrenador incluye un marco de metal que soporta los siguientes m\u00f3dulos: Una placa neum\u00e1tica, donde todos los componentes est\u00e1n montados e identificados mediante un s\u00edmbolo claro. Incluyen: 2 cilindros de doble efecto con 3 v\u00e1lvulas de retenci\u00f3n de orificio de retorno, 4 v\u00e1lvulas de palanca [&hellip;]","og_url":"https:\/\/delorenzoglobal.com\/es\/producto\/entrenador-de-neumatica\/","og_site_name":"De Lorenzo Training &amp; Didactical Equipment","article_modified_time":"2025-01-20T12:42:28+00:00","og_image":[{"width":2560,"height":1920,"url":"https:\/\/delorenzoglobal.com\/wp-content\/uploads\/2024\/04\/DL-8161-scaled.jpg","type":"image\/jpeg"}],"twitter_card":"summary_large_image","twitter_misc":{"Tiempo de lectura":"2 minutos"},"schema":{"@context":"https:\/\/schema.org","@graph":[{"@type":"WebPage","@id":"https:\/\/delorenzoglobal.com\/es\/producto\/entrenador-de-neumatica\/","url":"https:\/\/delorenzoglobal.com\/es\/producto\/entrenador-de-neumatica\/","name":"ENTRENADOR DE NEUMATICA - De Lorenzo Training &amp; Didactical Equipment","isPartOf":{"@id":"https:\/\/delorenzoglobal.com\/es\/#website"},"primaryImageOfPage":{"@id":"https:\/\/delorenzoglobal.com\/es\/producto\/entrenador-de-neumatica\/#primaryimage"},"image":{"@id":"https:\/\/delorenzoglobal.com\/es\/producto\/entrenador-de-neumatica\/#primaryimage"},"thumbnailUrl":"https:\/\/delorenzoglobal.com\/wp-content\/uploads\/2024\/04\/DL-8161-scaled.jpg","datePublished":"2024-04-10T08:34:34+00:00","dateModified":"2025-01-20T12:42:28+00:00","breadcrumb":{"@id":"https:\/\/delorenzoglobal.com\/es\/producto\/entrenador-de-neumatica\/#breadcrumb"},"inLanguage":"es","potentialAction":[{"@type":"ReadAction","target":["https:\/\/delorenzoglobal.com\/es\/producto\/entrenador-de-neumatica\/"]}]},{"@type":"ImageObject","inLanguage":"es","@id":"https:\/\/delorenzoglobal.com\/es\/producto\/entrenador-de-neumatica\/#primaryimage","url":"https:\/\/delorenzoglobal.com\/wp-content\/uploads\/2024\/04\/DL-8161-scaled.jpg","contentUrl":"https:\/\/delorenzoglobal.com\/wp-content\/uploads\/2024\/04\/DL-8161-scaled.jpg","width":2560,"height":1920},{"@type":"BreadcrumbList","@id":"https:\/\/delorenzoglobal.com\/es\/producto\/entrenador-de-neumatica\/#breadcrumb","itemListElement":[{"@type":"ListItem","position":1,"name":"Home","item":"https:\/\/delorenzoglobal.com\/es\/"},{"@type":"ListItem","position":2,"name":"Tienda","item":"https:\/\/delorenzoglobal.com\/es\/tienda\/"},{"@type":"ListItem","position":3,"name":"ENTRENADOR DE NEUMATICA"}]},{"@type":"WebSite","@id":"https:\/\/delorenzoglobal.com\/es\/#website","url":"https:\/\/delorenzoglobal.com\/es\/","name":"De Lorenzo Training &amp; Didactical Equipment","description":"","potentialAction":[{"@type":"SearchAction","target":{"@type":"EntryPoint","urlTemplate":"https:\/\/delorenzoglobal.com\/es\/?s={search_term_string}"},"query-input":{"@type":"PropertyValueSpecification","valueRequired":true,"valueName":"search_term_string"}}],"inLanguage":"es"}]}},"_links":{"self":[{"href":"https:\/\/delorenzoglobal.com\/es\/wp-json\/wp\/v2\/product\/2581","targetHints":{"allow":["GET"]}}],"collection":[{"href":"https:\/\/delorenzoglobal.com\/es\/wp-json\/wp\/v2\/product"}],"about":[{"href":"https:\/\/delorenzoglobal.com\/es\/wp-json\/wp\/v2\/types\/product"}],"wp:featuredmedia":[{"embeddable":true,"href":"https:\/\/delorenzoglobal.com\/es\/wp-json\/wp\/v2\/media\/2569"}],"wp:attachment":[{"href":"https:\/\/delorenzoglobal.com\/es\/wp-json\/wp\/v2\/media?parent=2581"}],"wp:term":[{"taxonomy":"product_brand","embeddable":true,"href":"https:\/\/delorenzoglobal.com\/es\/wp-json\/wp\/v2\/product_brand?post=2581"},{"taxonomy":"product_cat","embeddable":true,"href":"https:\/\/delorenzoglobal.com\/es\/wp-json\/wp\/v2\/product_cat?post=2581"},{"taxonomy":"product_tag","embeddable":true,"href":"https:\/\/delorenzoglobal.com\/es\/wp-json\/wp\/v2\/product_tag?post=2581"}],"curies":[{"name":"wp","href":"https:\/\/api.w.org\/{rel}","templated":true}]}}