{"id":24779,"date":"2024-12-20T11:52:52","date_gmt":"2024-12-20T10:52:52","guid":{"rendered":"https:\/\/delorenzoglobal.com\/?post_type=product&#038;p=24779"},"modified":"2025-06-03T16:51:12","modified_gmt":"2025-06-03T14:51:12","slug":"laboratorio-didactico-para-industria-4-0","status":"publish","type":"product","link":"https:\/\/delorenzoglobal.com\/es\/producto\/laboratorio-didactico-para-industria-4-0\/","title":{"rendered":"LABORATORIO DID\u00c1CTICO PARA LA INDUSTRIA 4.0"},"content":{"rendered":"<p><strong>Industria 4.0 (I4.0) es el t\u00e9rmino referido a la Cuarta Revoluci\u00f3n Industrial que describe fen\u00f3menos de transformaci\u00f3n digital aplicados a la industria<\/strong>. Se caracteriza por la interacci\u00f3n total entre los elementos y procesos que constituyen una unidad de producci\u00f3n. La digitalizaci\u00f3n y la automatizaci\u00f3n de los procesos industriales impulsan la pr\u00f3xima revoluci\u00f3n industrial, dando lugar a las f\u00e1bricas inteligentes. Su objetivo es conectar a todos los actores de una industria y\/o empresa para que exista un \ufb02ujo e\ufb01caz de informaci\u00f3n. Permite visualizar los procesos en tiempo real para aplicar conceptos de inteligencia arti\ufb01cial a los procesos de fabricaci\u00f3n y a la cadena de suministro (inteligencia empresarial). <strong>Esto permite una r\u00e1pida toma de decisiones para cambiar din\u00e1micamente las estrategias y los procesos, anticipando escenarios futuros<\/strong> y proporcionando la \ufb02exibilidad necesaria para adaptarse a los cambios del mercado (time to market). <strong>Los sistemas did\u00e1cticos de De Lorenzo consiguen el funcionamiento completo de una f\u00e1brica a escala dentro de un laboratorio escolar para ilustrar la Smart Factory del futuro<\/strong>. Los entrenadores integran elementos utilizados en la Industria, como Hardware, Software y Procesos Industriales Simulados. La plataforma colaborativa\u00a0 fomenta la creaci\u00f3n de grupos multidisciplinares para simular en el aula condiciones y problemas t\u00edpicos de la industria, desarrollando habilidades <strong>como el trabajo en equipo, el liderazgo y el pensamiento cr\u00edtico<\/strong>. La acumulaci\u00f3n de datos mediante herramientas de miner\u00eda de datos permite al alumno identi\ufb01car elementos clave y desarrollar las habilidades que requiere la cuarta revoluci\u00f3n industrial para una plani\ufb01caci\u00f3n m\u00e1s e\ufb01ciente y un uso m\u00e1s \ufb02exible de los recursos.<\/p>\n<ul>\n<li>4.0 Fundamentos De La Industria<\/li>\n<li>Curso Sobre Industria 4.0<\/li>\n<li>Fabricaci\u00f3n Aditiva<\/li>\n<\/ul>\n","protected":false},"excerpt":{"rendered":"<p>Industria 4.0 (I4.0) es el t\u00e9rmino referido a la Cuarta Revoluci\u00f3n Industrial que describe fen\u00f3menos de transformaci\u00f3n digital aplicados a la industria. Se caracteriza por la interacci\u00f3n total entre los elementos y procesos que constituyen una unidad de producci\u00f3n. La digitalizaci\u00f3n y la automatizaci\u00f3n de los procesos industriales impulsan la pr\u00f3xima revoluci\u00f3n industrial, dando lugar [&hellip;]<\/p>\n","protected":false},"featured_media":24764,"template":"","meta":{"_acf_changed":false},"product_brand":[],"product_cat":[1956,2241],"product_tag":[],"class_list":{"0":"post-24779","1":"product","2":"type-product","3":"status-publish","4":"has-post-thumbnail","6":"product_cat-laboratori-chiavi-in-mano-es","7":"product_cat-soluzione-laboratorio-industry-4-0-es","9":"first","10":"instock","11":"shipping-taxable","12":"product-type-simple"},"acf":[],"yoast_head":"<!-- This site is optimized with the Yoast SEO plugin v27.4 - https:\/\/yoast.com\/product\/yoast-seo-wordpress\/ -->\n<title>LABORATORIO DID\u00c1CTICO PARA LA INDUSTRIA 4.0 - De Lorenzo Training &amp; Didactical Equipment<\/title>\n<meta name=\"robots\" content=\"index, follow, max-snippet:-1, max-image-preview:large, max-video-preview:-1\" \/>\n<link rel=\"canonical\" href=\"https:\/\/delorenzoglobal.com\/es\/producto\/laboratorio-didactico-para-industria-4-0\/\" \/>\n<meta property=\"og:locale\" content=\"es_ES\" \/>\n<meta property=\"og:type\" content=\"article\" \/>\n<meta property=\"og:title\" content=\"LABORATORIO DID\u00c1CTICO PARA LA INDUSTRIA 4.0 - De Lorenzo Training &amp; Didactical Equipment\" \/>\n<meta property=\"og:description\" content=\"Industria 4.0 (I4.0) es el t\u00e9rmino referido a la Cuarta Revoluci\u00f3n Industrial que describe fen\u00f3menos de transformaci\u00f3n digital aplicados a la industria. Se caracteriza por la interacci\u00f3n total entre los elementos y procesos que constituyen una unidad de producci\u00f3n. La digitalizaci\u00f3n y la automatizaci\u00f3n de los procesos industriales impulsan la pr\u00f3xima revoluci\u00f3n industrial, dando lugar [&hellip;]\" \/>\n<meta property=\"og:url\" content=\"https:\/\/delorenzoglobal.com\/es\/producto\/laboratorio-didactico-para-industria-4-0\/\" \/>\n<meta property=\"og:site_name\" content=\"De Lorenzo Training &amp; Didactical Equipment\" \/>\n<meta property=\"article:modified_time\" content=\"2025-06-03T14:51:12+00:00\" \/>\n<meta property=\"og:image\" content=\"https:\/\/delorenzoglobal.com\/wp-content\/uploads\/2024\/12\/industry-4.0.jpg\" \/>\n\t<meta property=\"og:image:width\" content=\"2315\" \/>\n\t<meta property=\"og:image:height\" content=\"1493\" \/>\n\t<meta property=\"og:image:type\" content=\"image\/jpeg\" \/>\n<meta name=\"twitter:card\" content=\"summary_large_image\" \/>\n<meta name=\"twitter:label1\" content=\"Tiempo de lectura\" \/>\n\t<meta name=\"twitter:data1\" content=\"2 minutos\" \/>\n<script type=\"application\/ld+json\" class=\"yoast-schema-graph\">{\"@context\":\"https:\\\/\\\/schema.org\",\"@graph\":[{\"@type\":\"WebPage\",\"@id\":\"https:\\\/\\\/delorenzoglobal.com\\\/es\\\/producto\\\/laboratorio-didactico-para-industria-4-0\\\/\",\"url\":\"https:\\\/\\\/delorenzoglobal.com\\\/es\\\/producto\\\/laboratorio-didactico-para-industria-4-0\\\/\",\"name\":\"LABORATORIO DID\u00c1CTICO PARA LA INDUSTRIA 4.0 - De Lorenzo Training &amp; Didactical Equipment\",\"isPartOf\":{\"@id\":\"https:\\\/\\\/delorenzoglobal.com\\\/es\\\/#website\"},\"primaryImageOfPage\":{\"@id\":\"https:\\\/\\\/delorenzoglobal.com\\\/es\\\/producto\\\/laboratorio-didactico-para-industria-4-0\\\/#primaryimage\"},\"image\":{\"@id\":\"https:\\\/\\\/delorenzoglobal.com\\\/es\\\/producto\\\/laboratorio-didactico-para-industria-4-0\\\/#primaryimage\"},\"thumbnailUrl\":\"https:\\\/\\\/delorenzoglobal.com\\\/wp-content\\\/uploads\\\/2024\\\/12\\\/industry-4.0.jpg\",\"datePublished\":\"2024-12-20T10:52:52+00:00\",\"dateModified\":\"2025-06-03T14:51:12+00:00\",\"breadcrumb\":{\"@id\":\"https:\\\/\\\/delorenzoglobal.com\\\/es\\\/producto\\\/laboratorio-didactico-para-industria-4-0\\\/#breadcrumb\"},\"inLanguage\":\"es\",\"potentialAction\":[{\"@type\":\"ReadAction\",\"target\":[\"https:\\\/\\\/delorenzoglobal.com\\\/es\\\/producto\\\/laboratorio-didactico-para-industria-4-0\\\/\"]}]},{\"@type\":\"ImageObject\",\"inLanguage\":\"es\",\"@id\":\"https:\\\/\\\/delorenzoglobal.com\\\/es\\\/producto\\\/laboratorio-didactico-para-industria-4-0\\\/#primaryimage\",\"url\":\"https:\\\/\\\/delorenzoglobal.com\\\/wp-content\\\/uploads\\\/2024\\\/12\\\/industry-4.0.jpg\",\"contentUrl\":\"https:\\\/\\\/delorenzoglobal.com\\\/wp-content\\\/uploads\\\/2024\\\/12\\\/industry-4.0.jpg\",\"width\":2315,\"height\":1493},{\"@type\":\"BreadcrumbList\",\"@id\":\"https:\\\/\\\/delorenzoglobal.com\\\/es\\\/producto\\\/laboratorio-didactico-para-industria-4-0\\\/#breadcrumb\",\"itemListElement\":[{\"@type\":\"ListItem\",\"position\":1,\"name\":\"Home\",\"item\":\"https:\\\/\\\/delorenzoglobal.com\\\/es\\\/\"},{\"@type\":\"ListItem\",\"position\":2,\"name\":\"Tienda\",\"item\":\"https:\\\/\\\/delorenzoglobal.com\\\/es\\\/tienda\\\/\"},{\"@type\":\"ListItem\",\"position\":3,\"name\":\"LABORATORIO DID\u00c1CTICO PARA LA INDUSTRIA 4.0\"}]},{\"@type\":\"WebSite\",\"@id\":\"https:\\\/\\\/delorenzoglobal.com\\\/es\\\/#website\",\"url\":\"https:\\\/\\\/delorenzoglobal.com\\\/es\\\/\",\"name\":\"De Lorenzo Training &amp; Didactical Equipment\",\"description\":\"\",\"potentialAction\":[{\"@type\":\"SearchAction\",\"target\":{\"@type\":\"EntryPoint\",\"urlTemplate\":\"https:\\\/\\\/delorenzoglobal.com\\\/es\\\/?s={search_term_string}\"},\"query-input\":{\"@type\":\"PropertyValueSpecification\",\"valueRequired\":true,\"valueName\":\"search_term_string\"}}],\"inLanguage\":\"es\"}]}<\/script>\n<!-- \/ Yoast SEO plugin. -->","yoast_head_json":{"title":"LABORATORIO DID\u00c1CTICO PARA LA INDUSTRIA 4.0 - De Lorenzo Training &amp; Didactical Equipment","robots":{"index":"index","follow":"follow","max-snippet":"max-snippet:-1","max-image-preview":"max-image-preview:large","max-video-preview":"max-video-preview:-1"},"canonical":"https:\/\/delorenzoglobal.com\/es\/producto\/laboratorio-didactico-para-industria-4-0\/","og_locale":"es_ES","og_type":"article","og_title":"LABORATORIO DID\u00c1CTICO PARA LA INDUSTRIA 4.0 - De Lorenzo Training &amp; Didactical Equipment","og_description":"Industria 4.0 (I4.0) es el t\u00e9rmino referido a la Cuarta Revoluci\u00f3n Industrial que describe fen\u00f3menos de transformaci\u00f3n digital aplicados a la industria. Se caracteriza por la interacci\u00f3n total entre los elementos y procesos que constituyen una unidad de producci\u00f3n. La digitalizaci\u00f3n y la automatizaci\u00f3n de los procesos industriales impulsan la pr\u00f3xima revoluci\u00f3n industrial, dando lugar [&hellip;]","og_url":"https:\/\/delorenzoglobal.com\/es\/producto\/laboratorio-didactico-para-industria-4-0\/","og_site_name":"De Lorenzo Training &amp; Didactical Equipment","article_modified_time":"2025-06-03T14:51:12+00:00","og_image":[{"width":2315,"height":1493,"url":"https:\/\/delorenzoglobal.com\/wp-content\/uploads\/2024\/12\/industry-4.0.jpg","type":"image\/jpeg"}],"twitter_card":"summary_large_image","twitter_misc":{"Tiempo de lectura":"2 minutos"},"schema":{"@context":"https:\/\/schema.org","@graph":[{"@type":"WebPage","@id":"https:\/\/delorenzoglobal.com\/es\/producto\/laboratorio-didactico-para-industria-4-0\/","url":"https:\/\/delorenzoglobal.com\/es\/producto\/laboratorio-didactico-para-industria-4-0\/","name":"LABORATORIO DID\u00c1CTICO PARA LA INDUSTRIA 4.0 - De Lorenzo Training &amp; Didactical Equipment","isPartOf":{"@id":"https:\/\/delorenzoglobal.com\/es\/#website"},"primaryImageOfPage":{"@id":"https:\/\/delorenzoglobal.com\/es\/producto\/laboratorio-didactico-para-industria-4-0\/#primaryimage"},"image":{"@id":"https:\/\/delorenzoglobal.com\/es\/producto\/laboratorio-didactico-para-industria-4-0\/#primaryimage"},"thumbnailUrl":"https:\/\/delorenzoglobal.com\/wp-content\/uploads\/2024\/12\/industry-4.0.jpg","datePublished":"2024-12-20T10:52:52+00:00","dateModified":"2025-06-03T14:51:12+00:00","breadcrumb":{"@id":"https:\/\/delorenzoglobal.com\/es\/producto\/laboratorio-didactico-para-industria-4-0\/#breadcrumb"},"inLanguage":"es","potentialAction":[{"@type":"ReadAction","target":["https:\/\/delorenzoglobal.com\/es\/producto\/laboratorio-didactico-para-industria-4-0\/"]}]},{"@type":"ImageObject","inLanguage":"es","@id":"https:\/\/delorenzoglobal.com\/es\/producto\/laboratorio-didactico-para-industria-4-0\/#primaryimage","url":"https:\/\/delorenzoglobal.com\/wp-content\/uploads\/2024\/12\/industry-4.0.jpg","contentUrl":"https:\/\/delorenzoglobal.com\/wp-content\/uploads\/2024\/12\/industry-4.0.jpg","width":2315,"height":1493},{"@type":"BreadcrumbList","@id":"https:\/\/delorenzoglobal.com\/es\/producto\/laboratorio-didactico-para-industria-4-0\/#breadcrumb","itemListElement":[{"@type":"ListItem","position":1,"name":"Home","item":"https:\/\/delorenzoglobal.com\/es\/"},{"@type":"ListItem","position":2,"name":"Tienda","item":"https:\/\/delorenzoglobal.com\/es\/tienda\/"},{"@type":"ListItem","position":3,"name":"LABORATORIO DID\u00c1CTICO PARA LA INDUSTRIA 4.0"}]},{"@type":"WebSite","@id":"https:\/\/delorenzoglobal.com\/es\/#website","url":"https:\/\/delorenzoglobal.com\/es\/","name":"De Lorenzo Training &amp; Didactical Equipment","description":"","potentialAction":[{"@type":"SearchAction","target":{"@type":"EntryPoint","urlTemplate":"https:\/\/delorenzoglobal.com\/es\/?s={search_term_string}"},"query-input":{"@type":"PropertyValueSpecification","valueRequired":true,"valueName":"search_term_string"}}],"inLanguage":"es"}]}},"_links":{"self":[{"href":"https:\/\/delorenzoglobal.com\/es\/wp-json\/wp\/v2\/product\/24779","targetHints":{"allow":["GET"]}}],"collection":[{"href":"https:\/\/delorenzoglobal.com\/es\/wp-json\/wp\/v2\/product"}],"about":[{"href":"https:\/\/delorenzoglobal.com\/es\/wp-json\/wp\/v2\/types\/product"}],"wp:featuredmedia":[{"embeddable":true,"href":"https:\/\/delorenzoglobal.com\/es\/wp-json\/wp\/v2\/media\/24764"}],"wp:attachment":[{"href":"https:\/\/delorenzoglobal.com\/es\/wp-json\/wp\/v2\/media?parent=24779"}],"wp:term":[{"taxonomy":"product_brand","embeddable":true,"href":"https:\/\/delorenzoglobal.com\/es\/wp-json\/wp\/v2\/product_brand?post=24779"},{"taxonomy":"product_cat","embeddable":true,"href":"https:\/\/delorenzoglobal.com\/es\/wp-json\/wp\/v2\/product_cat?post=24779"},{"taxonomy":"product_tag","embeddable":true,"href":"https:\/\/delorenzoglobal.com\/es\/wp-json\/wp\/v2\/product_tag?post=24779"}],"curies":[{"name":"wp","href":"https:\/\/api.w.org\/{rel}","templated":true}]}}