{"id":24746,"date":"2024-12-20T11:31:38","date_gmt":"2024-12-20T10:31:38","guid":{"rendered":"https:\/\/delorenzoglobal.com\/?post_type=product&#038;p=24746"},"modified":"2025-04-24T12:50:13","modified_gmt":"2025-04-24T10:50:13","slug":"laboratorio-didactico-para-la-mecanica-de-fluidos","status":"publish","type":"product","link":"https:\/\/delorenzoglobal.com\/es\/producto\/laboratorio-didactico-para-la-mecanica-de-fluidos\/","title":{"rendered":"LABORATORIO DID\u00c1CTICO PARA LA MEC\u00c1NICA DE FLUIDOS"},"content":{"rendered":"<p>La <strong>Mec\u00e1nica de Fluidos<\/strong> estudia las leyes del movimiento de los \ufb02uidos y sus procesos de interacci\u00f3n con los cuerpos s\u00f3lidos. La Mec\u00e1nica de Fluidos es una mezcla de teor\u00eda y experimentaci\u00f3n derivada de la investigaci\u00f3n de los ingenieros hidr\u00e1ulicos, y tambi\u00e9n de la re\ufb02exi\u00f3n de matem\u00e1ticos y f\u00edsicos, que abordan los problemas desde un enfoque anal\u00edtico.<br \/>\nLa caracter\u00edstica fundamental de los \ufb02uidos es la llamada \ufb02uidez. Un \ufb02uido cambia de forma continuamente cuando se somete a un esfuerzo, es decir, un \ufb02uido no es capaz de soportar un esfuerzo cortante sin moverse durante ning\u00fan intervalo de tiempo. Algunos l\u00edquidos se mover\u00e1n m\u00e1s lentamente que otros, pero bajo un esfuerzo cortante siempre se mover\u00e1n.<br \/>\nLa mec\u00e1nica de \ufb02uidos es fundamental en campos tan diversos como la aeron\u00e1utica, la ingenier\u00eda qu\u00edmica, civil e industrial, la meteorolog\u00eda, la construcci\u00f3n naval y la oceanograf\u00eda.<br \/>\n<strong>Con nuestra propuesta de sistemas did\u00e1cticos De Lorenzo busca mejorar, potenciar y desarrollar los procesos cognitivos y sociales en t\u00e9rminos de competencias profesionales integradas por conocimientos, habilidades y actitudes para una formaci\u00f3n integral del estudiante en el \u00e1rea de Mec\u00e1nica de Fluidos<\/strong>.<\/p>\n<ul>\n<li>Principios Fundamentales De La Mec\u00e1nica De Fluidos<\/li>\n<li>M\u00e1quinas Hidr\u00e1ulicas<\/li>\n<li>Canal Hidr\u00e1ulico<\/li>\n<\/ul>\n","protected":false},"excerpt":{"rendered":"<p>La Mec\u00e1nica de Fluidos estudia las leyes del movimiento de los \ufb02uidos y sus procesos de interacci\u00f3n con los cuerpos s\u00f3lidos. La Mec\u00e1nica de Fluidos es una mezcla de teor\u00eda y experimentaci\u00f3n derivada de la investigaci\u00f3n de los ingenieros hidr\u00e1ulicos, y tambi\u00e9n de la re\ufb02exi\u00f3n de matem\u00e1ticos y f\u00edsicos, que abordan los problemas desde un [&hellip;]<\/p>\n","protected":false},"featured_media":24759,"template":"","meta":{"_acf_changed":false},"product_brand":[],"product_cat":[1956,2293],"product_tag":[],"class_list":{"0":"post-24746","1":"product","2":"type-product","3":"status-publish","4":"has-post-thumbnail","6":"product_cat-laboratori-chiavi-in-mano-es","7":"product_cat-mecanica-de-fluidos-es","9":"first","10":"instock","11":"shipping-taxable","12":"product-type-simple"},"acf":[],"yoast_head":"<!-- This site is optimized with the Yoast SEO plugin v27.4 - https:\/\/yoast.com\/product\/yoast-seo-wordpress\/ -->\n<title>LABORATORIO DID\u00c1CTICO PARA LA MEC\u00c1NICA DE FLUIDOS - De Lorenzo Training &amp; Didactical Equipment<\/title>\n<meta name=\"robots\" content=\"index, follow, max-snippet:-1, max-image-preview:large, max-video-preview:-1\" \/>\n<link rel=\"canonical\" href=\"https:\/\/delorenzoglobal.com\/es\/producto\/laboratorio-didactico-para-la-mecanica-de-fluidos\/\" \/>\n<meta property=\"og:locale\" content=\"es_ES\" \/>\n<meta property=\"og:type\" content=\"article\" \/>\n<meta property=\"og:title\" content=\"LABORATORIO DID\u00c1CTICO PARA LA MEC\u00c1NICA DE FLUIDOS - De Lorenzo Training &amp; Didactical Equipment\" \/>\n<meta property=\"og:description\" content=\"La Mec\u00e1nica de Fluidos estudia las leyes del movimiento de los \ufb02uidos y sus procesos de interacci\u00f3n con los cuerpos s\u00f3lidos. La Mec\u00e1nica de Fluidos es una mezcla de teor\u00eda y experimentaci\u00f3n derivada de la investigaci\u00f3n de los ingenieros hidr\u00e1ulicos, y tambi\u00e9n de la re\ufb02exi\u00f3n de matem\u00e1ticos y f\u00edsicos, que abordan los problemas desde un [&hellip;]\" \/>\n<meta property=\"og:url\" content=\"https:\/\/delorenzoglobal.com\/es\/producto\/laboratorio-didactico-para-la-mecanica-de-fluidos\/\" \/>\n<meta property=\"og:site_name\" content=\"De Lorenzo Training &amp; Didactical Equipment\" \/>\n<meta property=\"article:modified_time\" content=\"2025-04-24T10:50:13+00:00\" \/>\n<meta property=\"og:image\" content=\"https:\/\/delorenzoglobal.com\/wp-content\/uploads\/2024\/12\/Fluid-mechanics.jpg\" \/>\n\t<meta property=\"og:image:width\" content=\"2323\" \/>\n\t<meta property=\"og:image:height\" content=\"1502\" \/>\n\t<meta property=\"og:image:type\" content=\"image\/jpeg\" \/>\n<meta name=\"twitter:card\" content=\"summary_large_image\" \/>\n<meta name=\"twitter:label1\" content=\"Tiempo de lectura\" \/>\n\t<meta name=\"twitter:data1\" content=\"2 minutos\" \/>\n<script type=\"application\/ld+json\" class=\"yoast-schema-graph\">{\"@context\":\"https:\\\/\\\/schema.org\",\"@graph\":[{\"@type\":\"WebPage\",\"@id\":\"https:\\\/\\\/delorenzoglobal.com\\\/es\\\/producto\\\/laboratorio-didactico-para-la-mecanica-de-fluidos\\\/\",\"url\":\"https:\\\/\\\/delorenzoglobal.com\\\/es\\\/producto\\\/laboratorio-didactico-para-la-mecanica-de-fluidos\\\/\",\"name\":\"LABORATORIO DID\u00c1CTICO PARA LA MEC\u00c1NICA DE FLUIDOS - De Lorenzo Training &amp; Didactical Equipment\",\"isPartOf\":{\"@id\":\"https:\\\/\\\/delorenzoglobal.com\\\/es\\\/#website\"},\"primaryImageOfPage\":{\"@id\":\"https:\\\/\\\/delorenzoglobal.com\\\/es\\\/producto\\\/laboratorio-didactico-para-la-mecanica-de-fluidos\\\/#primaryimage\"},\"image\":{\"@id\":\"https:\\\/\\\/delorenzoglobal.com\\\/es\\\/producto\\\/laboratorio-didactico-para-la-mecanica-de-fluidos\\\/#primaryimage\"},\"thumbnailUrl\":\"https:\\\/\\\/delorenzoglobal.com\\\/wp-content\\\/uploads\\\/2024\\\/12\\\/Fluid-mechanics.jpg\",\"datePublished\":\"2024-12-20T10:31:38+00:00\",\"dateModified\":\"2025-04-24T10:50:13+00:00\",\"breadcrumb\":{\"@id\":\"https:\\\/\\\/delorenzoglobal.com\\\/es\\\/producto\\\/laboratorio-didactico-para-la-mecanica-de-fluidos\\\/#breadcrumb\"},\"inLanguage\":\"es\",\"potentialAction\":[{\"@type\":\"ReadAction\",\"target\":[\"https:\\\/\\\/delorenzoglobal.com\\\/es\\\/producto\\\/laboratorio-didactico-para-la-mecanica-de-fluidos\\\/\"]}]},{\"@type\":\"ImageObject\",\"inLanguage\":\"es\",\"@id\":\"https:\\\/\\\/delorenzoglobal.com\\\/es\\\/producto\\\/laboratorio-didactico-para-la-mecanica-de-fluidos\\\/#primaryimage\",\"url\":\"https:\\\/\\\/delorenzoglobal.com\\\/wp-content\\\/uploads\\\/2024\\\/12\\\/Fluid-mechanics.jpg\",\"contentUrl\":\"https:\\\/\\\/delorenzoglobal.com\\\/wp-content\\\/uploads\\\/2024\\\/12\\\/Fluid-mechanics.jpg\",\"width\":2323,\"height\":1502},{\"@type\":\"BreadcrumbList\",\"@id\":\"https:\\\/\\\/delorenzoglobal.com\\\/es\\\/producto\\\/laboratorio-didactico-para-la-mecanica-de-fluidos\\\/#breadcrumb\",\"itemListElement\":[{\"@type\":\"ListItem\",\"position\":1,\"name\":\"Home\",\"item\":\"https:\\\/\\\/delorenzoglobal.com\\\/es\\\/\"},{\"@type\":\"ListItem\",\"position\":2,\"name\":\"Tienda\",\"item\":\"https:\\\/\\\/delorenzoglobal.com\\\/es\\\/tienda\\\/\"},{\"@type\":\"ListItem\",\"position\":3,\"name\":\"LABORATORIO DID\u00c1CTICO PARA LA MEC\u00c1NICA DE FLUIDOS\"}]},{\"@type\":\"WebSite\",\"@id\":\"https:\\\/\\\/delorenzoglobal.com\\\/es\\\/#website\",\"url\":\"https:\\\/\\\/delorenzoglobal.com\\\/es\\\/\",\"name\":\"De Lorenzo Training &amp; Didactical Equipment\",\"description\":\"\",\"potentialAction\":[{\"@type\":\"SearchAction\",\"target\":{\"@type\":\"EntryPoint\",\"urlTemplate\":\"https:\\\/\\\/delorenzoglobal.com\\\/es\\\/?s={search_term_string}\"},\"query-input\":{\"@type\":\"PropertyValueSpecification\",\"valueRequired\":true,\"valueName\":\"search_term_string\"}}],\"inLanguage\":\"es\"}]}<\/script>\n<!-- \/ Yoast SEO plugin. -->","yoast_head_json":{"title":"LABORATORIO DID\u00c1CTICO PARA LA MEC\u00c1NICA DE FLUIDOS - De Lorenzo Training &amp; Didactical Equipment","robots":{"index":"index","follow":"follow","max-snippet":"max-snippet:-1","max-image-preview":"max-image-preview:large","max-video-preview":"max-video-preview:-1"},"canonical":"https:\/\/delorenzoglobal.com\/es\/producto\/laboratorio-didactico-para-la-mecanica-de-fluidos\/","og_locale":"es_ES","og_type":"article","og_title":"LABORATORIO DID\u00c1CTICO PARA LA MEC\u00c1NICA DE FLUIDOS - De Lorenzo Training &amp; Didactical Equipment","og_description":"La Mec\u00e1nica de Fluidos estudia las leyes del movimiento de los \ufb02uidos y sus procesos de interacci\u00f3n con los cuerpos s\u00f3lidos. La Mec\u00e1nica de Fluidos es una mezcla de teor\u00eda y experimentaci\u00f3n derivada de la investigaci\u00f3n de los ingenieros hidr\u00e1ulicos, y tambi\u00e9n de la re\ufb02exi\u00f3n de matem\u00e1ticos y f\u00edsicos, que abordan los problemas desde un [&hellip;]","og_url":"https:\/\/delorenzoglobal.com\/es\/producto\/laboratorio-didactico-para-la-mecanica-de-fluidos\/","og_site_name":"De Lorenzo Training &amp; Didactical Equipment","article_modified_time":"2025-04-24T10:50:13+00:00","og_image":[{"width":2323,"height":1502,"url":"https:\/\/delorenzoglobal.com\/wp-content\/uploads\/2024\/12\/Fluid-mechanics.jpg","type":"image\/jpeg"}],"twitter_card":"summary_large_image","twitter_misc":{"Tiempo de lectura":"2 minutos"},"schema":{"@context":"https:\/\/schema.org","@graph":[{"@type":"WebPage","@id":"https:\/\/delorenzoglobal.com\/es\/producto\/laboratorio-didactico-para-la-mecanica-de-fluidos\/","url":"https:\/\/delorenzoglobal.com\/es\/producto\/laboratorio-didactico-para-la-mecanica-de-fluidos\/","name":"LABORATORIO DID\u00c1CTICO PARA LA MEC\u00c1NICA DE FLUIDOS - De Lorenzo Training &amp; Didactical Equipment","isPartOf":{"@id":"https:\/\/delorenzoglobal.com\/es\/#website"},"primaryImageOfPage":{"@id":"https:\/\/delorenzoglobal.com\/es\/producto\/laboratorio-didactico-para-la-mecanica-de-fluidos\/#primaryimage"},"image":{"@id":"https:\/\/delorenzoglobal.com\/es\/producto\/laboratorio-didactico-para-la-mecanica-de-fluidos\/#primaryimage"},"thumbnailUrl":"https:\/\/delorenzoglobal.com\/wp-content\/uploads\/2024\/12\/Fluid-mechanics.jpg","datePublished":"2024-12-20T10:31:38+00:00","dateModified":"2025-04-24T10:50:13+00:00","breadcrumb":{"@id":"https:\/\/delorenzoglobal.com\/es\/producto\/laboratorio-didactico-para-la-mecanica-de-fluidos\/#breadcrumb"},"inLanguage":"es","potentialAction":[{"@type":"ReadAction","target":["https:\/\/delorenzoglobal.com\/es\/producto\/laboratorio-didactico-para-la-mecanica-de-fluidos\/"]}]},{"@type":"ImageObject","inLanguage":"es","@id":"https:\/\/delorenzoglobal.com\/es\/producto\/laboratorio-didactico-para-la-mecanica-de-fluidos\/#primaryimage","url":"https:\/\/delorenzoglobal.com\/wp-content\/uploads\/2024\/12\/Fluid-mechanics.jpg","contentUrl":"https:\/\/delorenzoglobal.com\/wp-content\/uploads\/2024\/12\/Fluid-mechanics.jpg","width":2323,"height":1502},{"@type":"BreadcrumbList","@id":"https:\/\/delorenzoglobal.com\/es\/producto\/laboratorio-didactico-para-la-mecanica-de-fluidos\/#breadcrumb","itemListElement":[{"@type":"ListItem","position":1,"name":"Home","item":"https:\/\/delorenzoglobal.com\/es\/"},{"@type":"ListItem","position":2,"name":"Tienda","item":"https:\/\/delorenzoglobal.com\/es\/tienda\/"},{"@type":"ListItem","position":3,"name":"LABORATORIO DID\u00c1CTICO PARA LA MEC\u00c1NICA DE FLUIDOS"}]},{"@type":"WebSite","@id":"https:\/\/delorenzoglobal.com\/es\/#website","url":"https:\/\/delorenzoglobal.com\/es\/","name":"De Lorenzo Training &amp; Didactical Equipment","description":"","potentialAction":[{"@type":"SearchAction","target":{"@type":"EntryPoint","urlTemplate":"https:\/\/delorenzoglobal.com\/es\/?s={search_term_string}"},"query-input":{"@type":"PropertyValueSpecification","valueRequired":true,"valueName":"search_term_string"}}],"inLanguage":"es"}]}},"_links":{"self":[{"href":"https:\/\/delorenzoglobal.com\/es\/wp-json\/wp\/v2\/product\/24746","targetHints":{"allow":["GET"]}}],"collection":[{"href":"https:\/\/delorenzoglobal.com\/es\/wp-json\/wp\/v2\/product"}],"about":[{"href":"https:\/\/delorenzoglobal.com\/es\/wp-json\/wp\/v2\/types\/product"}],"wp:featuredmedia":[{"embeddable":true,"href":"https:\/\/delorenzoglobal.com\/es\/wp-json\/wp\/v2\/media\/24759"}],"wp:attachment":[{"href":"https:\/\/delorenzoglobal.com\/es\/wp-json\/wp\/v2\/media?parent=24746"}],"wp:term":[{"taxonomy":"product_brand","embeddable":true,"href":"https:\/\/delorenzoglobal.com\/es\/wp-json\/wp\/v2\/product_brand?post=24746"},{"taxonomy":"product_cat","embeddable":true,"href":"https:\/\/delorenzoglobal.com\/es\/wp-json\/wp\/v2\/product_cat?post=24746"},{"taxonomy":"product_tag","embeddable":true,"href":"https:\/\/delorenzoglobal.com\/es\/wp-json\/wp\/v2\/product_tag?post=24746"}],"curies":[{"name":"wp","href":"https:\/\/api.w.org\/{rel}","templated":true}]}}