{"id":24609,"date":"2024-12-19T15:32:26","date_gmt":"2024-12-19T14:32:26","guid":{"rendered":"https:\/\/delorenzoglobal.com\/?post_type=product&#038;p=24609"},"modified":"2025-05-07T16:33:57","modified_gmt":"2025-05-07T14:33:57","slug":"laboratorio-didactico-para-la-ingenieria-de-energia-electrica","status":"publish","type":"product","link":"https:\/\/delorenzoglobal.com\/es\/producto\/laboratorio-didactico-para-la-ingenieria-de-energia-electrica\/","title":{"rendered":"LABORATORIO DID\u00c1CTICO PARA LA INGENIER\u00cdA DE ENERG\u00cdA EL\u00c9CTRICA"},"content":{"rendered":"<p>La energ\u00eda el\u00e9ctrica es un elemento fundamental para el desarrollo industrial y social, pero su producci\u00f3n, a menudo vinculada a combustibles f\u00f3siles no renovables, enfrenta desaf\u00edos crecientes debido al aumento de la demanda global. La gesti\u00f3n e\ufb01ciente de los recursos energ\u00e9ticos limitados es esencial, especialmente en un contexto en el que los sistemas el\u00e9ctricos son cada vez m\u00e1s complejos y requieren tecnolog\u00edas avanzadas para integrar fuentes renovables en las redes del futuro.<br \/>\n<strong>Los cursos ofrecidos por De Lorenzo, a trav\u00e9s del uso de bancos did\u00e1cticos de \u00faltima generaci\u00f3n, brindan una oportunidad \u00fanica para aprender ingenier\u00eda de energ\u00eda el\u00e9ctrica. Estas herramientas cubren todas las etapas principales del sector: desde la generaci\u00f3n y el uso de la energ\u00eda, hasta la transmisi\u00f3n, distribuci\u00f3n y protecci\u00f3n de los sistemas. Gracias a la modularidad de los bancos, que reproducen a escala secciones completas de un sistema el\u00e9ctrico con equipos de nivel industrial, los estudiantes pueden experimentar una \ufb02exibilidad incomparable, adaptable a diversas aplicaciones<\/strong>. La plataforma SCADA integrada permite la monitorizaci\u00f3n y el control en tiempo real, con un software que permite crear y personalizar experimentos educativos, promoviendo as\u00ed un aprendizaje interactivo y enfocado. El itinerario educativo propuesto comienza con los conceptos b\u00e1sicos de la ingenier\u00eda el\u00e9ctrica y avanza hacia simulaciones de redes complejas, ofreciendo una comprensi\u00f3n profunda de las redes el\u00e9ctricas modernas.<br \/>\n<strong>Gracias a un enfoque pr\u00e1ctico y realista, los estudiantes desarrollan habilidades anal\u00edticas y de resoluci\u00f3n de problemas, prepar\u00e1ndolos para afrontar las complejidades de los sistemas el\u00e9ctricos actuales. Los cursos de De Lorenzo no solo ofrecen conocimientos te\u00f3ricos, sino tambi\u00e9n experiencias pr\u00e1cticas concretas, formando profesionales listos para el futuro de la energ\u00eda<\/strong>.<\/p>\n<ul>\n<li>Generaci\u00f3n De Energ\u00eda<\/li>\n<li>Distribuci\u00f3n<\/li>\n<li>Protecci\u00f3n Y Gesti\u00f3n<\/li>\n<\/ul>\n","protected":false},"excerpt":{"rendered":"<p>La energ\u00eda el\u00e9ctrica es un elemento fundamental para el desarrollo industrial y social, pero su producci\u00f3n, a menudo vinculada a combustibles f\u00f3siles no renovables, enfrenta desaf\u00edos crecientes debido al aumento de la demanda global. La gesti\u00f3n e\ufb01ciente de los recursos energ\u00e9ticos limitados es esencial, especialmente en un contexto en el que los sistemas el\u00e9ctricos son [&hellip;]<\/p>\n","protected":false},"featured_media":24593,"template":"","meta":{"_acf_changed":false},"product_brand":[],"product_cat":[1956,2431],"product_tag":[],"class_list":{"0":"post-24609","1":"product","2":"type-product","3":"status-publish","4":"has-post-thumbnail","6":"product_cat-laboratori-chiavi-in-mano-es","7":"product_cat-laboratorio-de-la-electronica-de-potencia","9":"first","10":"instock","11":"shipping-taxable","12":"product-type-simple"},"acf":[],"yoast_head":"<!-- This site is optimized with the Yoast SEO plugin v27.4 - https:\/\/yoast.com\/product\/yoast-seo-wordpress\/ -->\n<title>LABORATORIO DID\u00c1CTICO PARA LA INGENIER\u00cdA DE ENERG\u00cdA EL\u00c9CTRICA - De Lorenzo Training &amp; Didactical Equipment<\/title>\n<meta name=\"robots\" content=\"index, follow, max-snippet:-1, max-image-preview:large, max-video-preview:-1\" \/>\n<link rel=\"canonical\" href=\"https:\/\/delorenzoglobal.com\/es\/producto\/laboratorio-didactico-para-la-ingenieria-de-energia-electrica\/\" \/>\n<meta property=\"og:locale\" content=\"es_ES\" \/>\n<meta property=\"og:type\" content=\"article\" \/>\n<meta property=\"og:title\" content=\"LABORATORIO DID\u00c1CTICO PARA LA INGENIER\u00cdA DE ENERG\u00cdA EL\u00c9CTRICA - De Lorenzo Training &amp; Didactical Equipment\" \/>\n<meta property=\"og:description\" content=\"La energ\u00eda el\u00e9ctrica es un elemento fundamental para el desarrollo industrial y social, pero su producci\u00f3n, a menudo vinculada a combustibles f\u00f3siles no renovables, enfrenta desaf\u00edos crecientes debido al aumento de la demanda global. La gesti\u00f3n e\ufb01ciente de los recursos energ\u00e9ticos limitados es esencial, especialmente en un contexto en el que los sistemas el\u00e9ctricos son [&hellip;]\" \/>\n<meta property=\"og:url\" content=\"https:\/\/delorenzoglobal.com\/es\/producto\/laboratorio-didactico-para-la-ingenieria-de-energia-electrica\/\" \/>\n<meta property=\"og:site_name\" content=\"De Lorenzo Training &amp; Didactical Equipment\" \/>\n<meta property=\"article:modified_time\" content=\"2025-05-07T14:33:57+00:00\" \/>\n<meta property=\"og:image\" content=\"https:\/\/delorenzoglobal.com\/wp-content\/uploads\/2024\/12\/Power-engineering.jpg\" \/>\n\t<meta property=\"og:image:width\" content=\"2321\" \/>\n\t<meta property=\"og:image:height\" content=\"1501\" \/>\n\t<meta property=\"og:image:type\" content=\"image\/jpeg\" \/>\n<meta name=\"twitter:card\" content=\"summary_large_image\" \/>\n<meta name=\"twitter:label1\" content=\"Tiempo de lectura\" \/>\n\t<meta name=\"twitter:data1\" content=\"2 minutos\" \/>\n<script type=\"application\/ld+json\" class=\"yoast-schema-graph\">{\"@context\":\"https:\\\/\\\/schema.org\",\"@graph\":[{\"@type\":\"WebPage\",\"@id\":\"https:\\\/\\\/delorenzoglobal.com\\\/es\\\/producto\\\/laboratorio-didactico-para-la-ingenieria-de-energia-electrica\\\/\",\"url\":\"https:\\\/\\\/delorenzoglobal.com\\\/es\\\/producto\\\/laboratorio-didactico-para-la-ingenieria-de-energia-electrica\\\/\",\"name\":\"LABORATORIO DID\u00c1CTICO PARA LA INGENIER\u00cdA DE ENERG\u00cdA EL\u00c9CTRICA - De Lorenzo Training &amp; Didactical Equipment\",\"isPartOf\":{\"@id\":\"https:\\\/\\\/delorenzoglobal.com\\\/es\\\/#website\"},\"primaryImageOfPage\":{\"@id\":\"https:\\\/\\\/delorenzoglobal.com\\\/es\\\/producto\\\/laboratorio-didactico-para-la-ingenieria-de-energia-electrica\\\/#primaryimage\"},\"image\":{\"@id\":\"https:\\\/\\\/delorenzoglobal.com\\\/es\\\/producto\\\/laboratorio-didactico-para-la-ingenieria-de-energia-electrica\\\/#primaryimage\"},\"thumbnailUrl\":\"https:\\\/\\\/delorenzoglobal.com\\\/wp-content\\\/uploads\\\/2024\\\/12\\\/Power-engineering.jpg\",\"datePublished\":\"2024-12-19T14:32:26+00:00\",\"dateModified\":\"2025-05-07T14:33:57+00:00\",\"breadcrumb\":{\"@id\":\"https:\\\/\\\/delorenzoglobal.com\\\/es\\\/producto\\\/laboratorio-didactico-para-la-ingenieria-de-energia-electrica\\\/#breadcrumb\"},\"inLanguage\":\"es\",\"potentialAction\":[{\"@type\":\"ReadAction\",\"target\":[\"https:\\\/\\\/delorenzoglobal.com\\\/es\\\/producto\\\/laboratorio-didactico-para-la-ingenieria-de-energia-electrica\\\/\"]}]},{\"@type\":\"ImageObject\",\"inLanguage\":\"es\",\"@id\":\"https:\\\/\\\/delorenzoglobal.com\\\/es\\\/producto\\\/laboratorio-didactico-para-la-ingenieria-de-energia-electrica\\\/#primaryimage\",\"url\":\"https:\\\/\\\/delorenzoglobal.com\\\/wp-content\\\/uploads\\\/2024\\\/12\\\/Power-engineering.jpg\",\"contentUrl\":\"https:\\\/\\\/delorenzoglobal.com\\\/wp-content\\\/uploads\\\/2024\\\/12\\\/Power-engineering.jpg\",\"width\":2321,\"height\":1501},{\"@type\":\"BreadcrumbList\",\"@id\":\"https:\\\/\\\/delorenzoglobal.com\\\/es\\\/producto\\\/laboratorio-didactico-para-la-ingenieria-de-energia-electrica\\\/#breadcrumb\",\"itemListElement\":[{\"@type\":\"ListItem\",\"position\":1,\"name\":\"Home\",\"item\":\"https:\\\/\\\/delorenzoglobal.com\\\/es\\\/\"},{\"@type\":\"ListItem\",\"position\":2,\"name\":\"Tienda\",\"item\":\"https:\\\/\\\/delorenzoglobal.com\\\/es\\\/tienda\\\/\"},{\"@type\":\"ListItem\",\"position\":3,\"name\":\"LABORATORIO DID\u00c1CTICO PARA LA INGENIER\u00cdA DE ENERG\u00cdA EL\u00c9CTRICA\"}]},{\"@type\":\"WebSite\",\"@id\":\"https:\\\/\\\/delorenzoglobal.com\\\/es\\\/#website\",\"url\":\"https:\\\/\\\/delorenzoglobal.com\\\/es\\\/\",\"name\":\"De Lorenzo Training &amp; Didactical Equipment\",\"description\":\"\",\"potentialAction\":[{\"@type\":\"SearchAction\",\"target\":{\"@type\":\"EntryPoint\",\"urlTemplate\":\"https:\\\/\\\/delorenzoglobal.com\\\/es\\\/?s={search_term_string}\"},\"query-input\":{\"@type\":\"PropertyValueSpecification\",\"valueRequired\":true,\"valueName\":\"search_term_string\"}}],\"inLanguage\":\"es\"}]}<\/script>\n<!-- \/ Yoast SEO plugin. -->","yoast_head_json":{"title":"LABORATORIO DID\u00c1CTICO PARA LA INGENIER\u00cdA DE ENERG\u00cdA EL\u00c9CTRICA - De Lorenzo Training &amp; Didactical Equipment","robots":{"index":"index","follow":"follow","max-snippet":"max-snippet:-1","max-image-preview":"max-image-preview:large","max-video-preview":"max-video-preview:-1"},"canonical":"https:\/\/delorenzoglobal.com\/es\/producto\/laboratorio-didactico-para-la-ingenieria-de-energia-electrica\/","og_locale":"es_ES","og_type":"article","og_title":"LABORATORIO DID\u00c1CTICO PARA LA INGENIER\u00cdA DE ENERG\u00cdA EL\u00c9CTRICA - De Lorenzo Training &amp; Didactical Equipment","og_description":"La energ\u00eda el\u00e9ctrica es un elemento fundamental para el desarrollo industrial y social, pero su producci\u00f3n, a menudo vinculada a combustibles f\u00f3siles no renovables, enfrenta desaf\u00edos crecientes debido al aumento de la demanda global. La gesti\u00f3n e\ufb01ciente de los recursos energ\u00e9ticos limitados es esencial, especialmente en un contexto en el que los sistemas el\u00e9ctricos son [&hellip;]","og_url":"https:\/\/delorenzoglobal.com\/es\/producto\/laboratorio-didactico-para-la-ingenieria-de-energia-electrica\/","og_site_name":"De Lorenzo Training &amp; Didactical Equipment","article_modified_time":"2025-05-07T14:33:57+00:00","og_image":[{"width":2321,"height":1501,"url":"https:\/\/delorenzoglobal.com\/wp-content\/uploads\/2024\/12\/Power-engineering.jpg","type":"image\/jpeg"}],"twitter_card":"summary_large_image","twitter_misc":{"Tiempo de lectura":"2 minutos"},"schema":{"@context":"https:\/\/schema.org","@graph":[{"@type":"WebPage","@id":"https:\/\/delorenzoglobal.com\/es\/producto\/laboratorio-didactico-para-la-ingenieria-de-energia-electrica\/","url":"https:\/\/delorenzoglobal.com\/es\/producto\/laboratorio-didactico-para-la-ingenieria-de-energia-electrica\/","name":"LABORATORIO DID\u00c1CTICO PARA LA INGENIER\u00cdA DE ENERG\u00cdA EL\u00c9CTRICA - De Lorenzo Training &amp; Didactical Equipment","isPartOf":{"@id":"https:\/\/delorenzoglobal.com\/es\/#website"},"primaryImageOfPage":{"@id":"https:\/\/delorenzoglobal.com\/es\/producto\/laboratorio-didactico-para-la-ingenieria-de-energia-electrica\/#primaryimage"},"image":{"@id":"https:\/\/delorenzoglobal.com\/es\/producto\/laboratorio-didactico-para-la-ingenieria-de-energia-electrica\/#primaryimage"},"thumbnailUrl":"https:\/\/delorenzoglobal.com\/wp-content\/uploads\/2024\/12\/Power-engineering.jpg","datePublished":"2024-12-19T14:32:26+00:00","dateModified":"2025-05-07T14:33:57+00:00","breadcrumb":{"@id":"https:\/\/delorenzoglobal.com\/es\/producto\/laboratorio-didactico-para-la-ingenieria-de-energia-electrica\/#breadcrumb"},"inLanguage":"es","potentialAction":[{"@type":"ReadAction","target":["https:\/\/delorenzoglobal.com\/es\/producto\/laboratorio-didactico-para-la-ingenieria-de-energia-electrica\/"]}]},{"@type":"ImageObject","inLanguage":"es","@id":"https:\/\/delorenzoglobal.com\/es\/producto\/laboratorio-didactico-para-la-ingenieria-de-energia-electrica\/#primaryimage","url":"https:\/\/delorenzoglobal.com\/wp-content\/uploads\/2024\/12\/Power-engineering.jpg","contentUrl":"https:\/\/delorenzoglobal.com\/wp-content\/uploads\/2024\/12\/Power-engineering.jpg","width":2321,"height":1501},{"@type":"BreadcrumbList","@id":"https:\/\/delorenzoglobal.com\/es\/producto\/laboratorio-didactico-para-la-ingenieria-de-energia-electrica\/#breadcrumb","itemListElement":[{"@type":"ListItem","position":1,"name":"Home","item":"https:\/\/delorenzoglobal.com\/es\/"},{"@type":"ListItem","position":2,"name":"Tienda","item":"https:\/\/delorenzoglobal.com\/es\/tienda\/"},{"@type":"ListItem","position":3,"name":"LABORATORIO DID\u00c1CTICO PARA LA INGENIER\u00cdA DE ENERG\u00cdA EL\u00c9CTRICA"}]},{"@type":"WebSite","@id":"https:\/\/delorenzoglobal.com\/es\/#website","url":"https:\/\/delorenzoglobal.com\/es\/","name":"De Lorenzo Training &amp; Didactical Equipment","description":"","potentialAction":[{"@type":"SearchAction","target":{"@type":"EntryPoint","urlTemplate":"https:\/\/delorenzoglobal.com\/es\/?s={search_term_string}"},"query-input":{"@type":"PropertyValueSpecification","valueRequired":true,"valueName":"search_term_string"}}],"inLanguage":"es"}]}},"_links":{"self":[{"href":"https:\/\/delorenzoglobal.com\/es\/wp-json\/wp\/v2\/product\/24609","targetHints":{"allow":["GET"]}}],"collection":[{"href":"https:\/\/delorenzoglobal.com\/es\/wp-json\/wp\/v2\/product"}],"about":[{"href":"https:\/\/delorenzoglobal.com\/es\/wp-json\/wp\/v2\/types\/product"}],"wp:featuredmedia":[{"embeddable":true,"href":"https:\/\/delorenzoglobal.com\/es\/wp-json\/wp\/v2\/media\/24593"}],"wp:attachment":[{"href":"https:\/\/delorenzoglobal.com\/es\/wp-json\/wp\/v2\/media?parent=24609"}],"wp:term":[{"taxonomy":"product_brand","embeddable":true,"href":"https:\/\/delorenzoglobal.com\/es\/wp-json\/wp\/v2\/product_brand?post=24609"},{"taxonomy":"product_cat","embeddable":true,"href":"https:\/\/delorenzoglobal.com\/es\/wp-json\/wp\/v2\/product_cat?post=24609"},{"taxonomy":"product_tag","embeddable":true,"href":"https:\/\/delorenzoglobal.com\/es\/wp-json\/wp\/v2\/product_tag?post=24609"}],"curies":[{"name":"wp","href":"https:\/\/api.w.org\/{rel}","templated":true}]}}