{"id":24551,"date":"2024-12-19T14:28:32","date_gmt":"2024-12-19T13:28:32","guid":{"rendered":"https:\/\/delorenzoglobal.com\/?post_type=product&#038;p=24551"},"modified":"2026-01-22T16:09:44","modified_gmt":"2026-01-22T15:09:44","slug":"entrenador-para-el-estudio-del-paquete-de-bateria-en-vehiculos-electricos","status":"publish","type":"product","link":"https:\/\/delorenzoglobal.com\/es\/producto\/entrenador-para-el-estudio-del-paquete-de-bateria-en-vehiculos-electricos\/","title":{"rendered":"ENTRENADOR PARA EL ESTUDIO DEL PAQUETE DE BATER\u00cdA EN VEH\u00cdCULOS EL\u00c9CTRICOS"},"content":{"rendered":"<p>Algunos de los principales retos a los que se enfrenta un profesional del sector automotriz est\u00e1n relacionados con el diagn\u00f3stico, el mantenimiento y la reparaci\u00f3n de bater\u00edas de alta tensi\u00f3n (HV). Organizar una jornada de formaci\u00f3n sobre bater\u00edas de alta tensi\u00f3n en un entorno seguro se considera una tarea casi imposible.<\/p>\n<p>La industria necesita un sistema que les ayude a ofrecer capacitaci\u00f3n segura y de calidad sobre bater\u00edas de alto voltaje a sus colegas y clientes.<\/p>\n<p>Este entrenador<strong> DL HV-BST <\/strong>proporciona una forma moderna y segura de ense\u00f1ar sobre bater\u00edas de alto voltaje en todos los centros e institutos de capacitaci\u00f3n.<\/p>\n","protected":false},"excerpt":{"rendered":"<p>Algunos de los principales retos a los que se enfrenta un profesional del sector automotriz est\u00e1n relacionados con el diagn\u00f3stico, el mantenimiento y la reparaci\u00f3n de bater\u00edas de alta tensi\u00f3n (HV). Organizar una jornada de formaci\u00f3n sobre bater\u00edas de alta tensi\u00f3n en un entorno seguro se considera una tarea casi imposible. La industria necesita un [&hellip;]<\/p>\n","protected":false},"featured_media":24502,"template":"","meta":{"_acf_changed":false},"product_brand":[],"product_cat":[3156,387],"product_tag":[],"class_list":{"0":"post-24551","1":"product","2":"type-product","3":"status-publish","4":"has-post-thumbnail","6":"product_cat-sistemas-basicos-para-autotronica","7":"product_cat-vehiculo-electrico","9":"first","10":"instock","11":"shipping-taxable","12":"product-type-simple"},"acf":[],"yoast_head":"<!-- This site is optimized with the Yoast SEO plugin v27.4 - https:\/\/yoast.com\/product\/yoast-seo-wordpress\/ -->\n<title>ENTRENADOR PARA EL ESTUDIO DEL PAQUETE DE BATER\u00cdA EN VEH\u00cdCULOS EL\u00c9CTRICOS - De Lorenzo Training &amp; Didactical Equipment<\/title>\n<meta name=\"robots\" content=\"index, follow, max-snippet:-1, max-image-preview:large, max-video-preview:-1\" \/>\n<link rel=\"canonical\" href=\"https:\/\/delorenzoglobal.com\/es\/producto\/entrenador-para-el-estudio-del-paquete-de-bateria-en-vehiculos-electricos\/\" \/>\n<meta property=\"og:locale\" content=\"es_ES\" \/>\n<meta property=\"og:type\" content=\"article\" \/>\n<meta property=\"og:title\" content=\"ENTRENADOR PARA EL ESTUDIO DEL PAQUETE DE BATER\u00cdA EN VEH\u00cdCULOS EL\u00c9CTRICOS - De Lorenzo Training &amp; Didactical Equipment\" \/>\n<meta property=\"og:description\" content=\"Algunos de los principales retos a los que se enfrenta un profesional del sector automotriz est\u00e1n relacionados con el diagn\u00f3stico, el mantenimiento y la reparaci\u00f3n de bater\u00edas de alta tensi\u00f3n (HV). Organizar una jornada de formaci\u00f3n sobre bater\u00edas de alta tensi\u00f3n en un entorno seguro se considera una tarea casi imposible. La industria necesita un [&hellip;]\" \/>\n<meta property=\"og:url\" content=\"https:\/\/delorenzoglobal.com\/es\/producto\/entrenador-para-el-estudio-del-paquete-de-bateria-en-vehiculos-electricos\/\" \/>\n<meta property=\"og:site_name\" content=\"De Lorenzo Training &amp; Didactical Equipment\" \/>\n<meta property=\"article:modified_time\" content=\"2026-01-22T15:09:44+00:00\" \/>\n<meta property=\"og:image\" content=\"https:\/\/delorenzoglobal.com\/wp-content\/uploads\/2024\/12\/DL-HV-BST.jpg\" \/>\n\t<meta property=\"og:image:width\" content=\"800\" \/>\n\t<meta property=\"og:image:height\" content=\"459\" \/>\n\t<meta property=\"og:image:type\" content=\"image\/jpeg\" \/>\n<meta name=\"twitter:card\" content=\"summary_large_image\" \/>\n<meta name=\"twitter:label1\" content=\"Tiempo de lectura\" \/>\n\t<meta name=\"twitter:data1\" content=\"1 minuto\" \/>\n<script type=\"application\/ld+json\" class=\"yoast-schema-graph\">{\"@context\":\"https:\\\/\\\/schema.org\",\"@graph\":[{\"@type\":\"WebPage\",\"@id\":\"https:\\\/\\\/delorenzoglobal.com\\\/es\\\/producto\\\/entrenador-para-el-estudio-del-paquete-de-bateria-en-vehiculos-electricos\\\/\",\"url\":\"https:\\\/\\\/delorenzoglobal.com\\\/es\\\/producto\\\/entrenador-para-el-estudio-del-paquete-de-bateria-en-vehiculos-electricos\\\/\",\"name\":\"ENTRENADOR PARA EL ESTUDIO DEL PAQUETE DE BATER\u00cdA EN VEH\u00cdCULOS EL\u00c9CTRICOS - De Lorenzo Training &amp; Didactical Equipment\",\"isPartOf\":{\"@id\":\"https:\\\/\\\/delorenzoglobal.com\\\/es\\\/#website\"},\"primaryImageOfPage\":{\"@id\":\"https:\\\/\\\/delorenzoglobal.com\\\/es\\\/producto\\\/entrenador-para-el-estudio-del-paquete-de-bateria-en-vehiculos-electricos\\\/#primaryimage\"},\"image\":{\"@id\":\"https:\\\/\\\/delorenzoglobal.com\\\/es\\\/producto\\\/entrenador-para-el-estudio-del-paquete-de-bateria-en-vehiculos-electricos\\\/#primaryimage\"},\"thumbnailUrl\":\"https:\\\/\\\/delorenzoglobal.com\\\/wp-content\\\/uploads\\\/2024\\\/12\\\/DL-HV-BST.jpg\",\"datePublished\":\"2024-12-19T13:28:32+00:00\",\"dateModified\":\"2026-01-22T15:09:44+00:00\",\"breadcrumb\":{\"@id\":\"https:\\\/\\\/delorenzoglobal.com\\\/es\\\/producto\\\/entrenador-para-el-estudio-del-paquete-de-bateria-en-vehiculos-electricos\\\/#breadcrumb\"},\"inLanguage\":\"es\",\"potentialAction\":[{\"@type\":\"ReadAction\",\"target\":[\"https:\\\/\\\/delorenzoglobal.com\\\/es\\\/producto\\\/entrenador-para-el-estudio-del-paquete-de-bateria-en-vehiculos-electricos\\\/\"]}]},{\"@type\":\"ImageObject\",\"inLanguage\":\"es\",\"@id\":\"https:\\\/\\\/delorenzoglobal.com\\\/es\\\/producto\\\/entrenador-para-el-estudio-del-paquete-de-bateria-en-vehiculos-electricos\\\/#primaryimage\",\"url\":\"https:\\\/\\\/delorenzoglobal.com\\\/wp-content\\\/uploads\\\/2024\\\/12\\\/DL-HV-BST.jpg\",\"contentUrl\":\"https:\\\/\\\/delorenzoglobal.com\\\/wp-content\\\/uploads\\\/2024\\\/12\\\/DL-HV-BST.jpg\",\"width\":800,\"height\":459},{\"@type\":\"BreadcrumbList\",\"@id\":\"https:\\\/\\\/delorenzoglobal.com\\\/es\\\/producto\\\/entrenador-para-el-estudio-del-paquete-de-bateria-en-vehiculos-electricos\\\/#breadcrumb\",\"itemListElement\":[{\"@type\":\"ListItem\",\"position\":1,\"name\":\"Home\",\"item\":\"https:\\\/\\\/delorenzoglobal.com\\\/es\\\/\"},{\"@type\":\"ListItem\",\"position\":2,\"name\":\"Tienda\",\"item\":\"https:\\\/\\\/delorenzoglobal.com\\\/es\\\/tienda\\\/\"},{\"@type\":\"ListItem\",\"position\":3,\"name\":\"ENTRENADOR PARA EL ESTUDIO DEL PAQUETE DE BATER\u00cdA EN VEH\u00cdCULOS EL\u00c9CTRICOS\"}]},{\"@type\":\"WebSite\",\"@id\":\"https:\\\/\\\/delorenzoglobal.com\\\/es\\\/#website\",\"url\":\"https:\\\/\\\/delorenzoglobal.com\\\/es\\\/\",\"name\":\"De Lorenzo Training &amp; Didactical Equipment\",\"description\":\"\",\"potentialAction\":[{\"@type\":\"SearchAction\",\"target\":{\"@type\":\"EntryPoint\",\"urlTemplate\":\"https:\\\/\\\/delorenzoglobal.com\\\/es\\\/?s={search_term_string}\"},\"query-input\":{\"@type\":\"PropertyValueSpecification\",\"valueRequired\":true,\"valueName\":\"search_term_string\"}}],\"inLanguage\":\"es\"}]}<\/script>\n<!-- \/ Yoast SEO plugin. -->","yoast_head_json":{"title":"ENTRENADOR PARA EL ESTUDIO DEL PAQUETE DE BATER\u00cdA EN VEH\u00cdCULOS EL\u00c9CTRICOS - De Lorenzo Training &amp; Didactical Equipment","robots":{"index":"index","follow":"follow","max-snippet":"max-snippet:-1","max-image-preview":"max-image-preview:large","max-video-preview":"max-video-preview:-1"},"canonical":"https:\/\/delorenzoglobal.com\/es\/producto\/entrenador-para-el-estudio-del-paquete-de-bateria-en-vehiculos-electricos\/","og_locale":"es_ES","og_type":"article","og_title":"ENTRENADOR PARA EL ESTUDIO DEL PAQUETE DE BATER\u00cdA EN VEH\u00cdCULOS EL\u00c9CTRICOS - De Lorenzo Training &amp; Didactical Equipment","og_description":"Algunos de los principales retos a los que se enfrenta un profesional del sector automotriz est\u00e1n relacionados con el diagn\u00f3stico, el mantenimiento y la reparaci\u00f3n de bater\u00edas de alta tensi\u00f3n (HV). Organizar una jornada de formaci\u00f3n sobre bater\u00edas de alta tensi\u00f3n en un entorno seguro se considera una tarea casi imposible. La industria necesita un [&hellip;]","og_url":"https:\/\/delorenzoglobal.com\/es\/producto\/entrenador-para-el-estudio-del-paquete-de-bateria-en-vehiculos-electricos\/","og_site_name":"De Lorenzo Training &amp; Didactical Equipment","article_modified_time":"2026-01-22T15:09:44+00:00","og_image":[{"width":800,"height":459,"url":"https:\/\/delorenzoglobal.com\/wp-content\/uploads\/2024\/12\/DL-HV-BST.jpg","type":"image\/jpeg"}],"twitter_card":"summary_large_image","twitter_misc":{"Tiempo de lectura":"1 minuto"},"schema":{"@context":"https:\/\/schema.org","@graph":[{"@type":"WebPage","@id":"https:\/\/delorenzoglobal.com\/es\/producto\/entrenador-para-el-estudio-del-paquete-de-bateria-en-vehiculos-electricos\/","url":"https:\/\/delorenzoglobal.com\/es\/producto\/entrenador-para-el-estudio-del-paquete-de-bateria-en-vehiculos-electricos\/","name":"ENTRENADOR PARA EL ESTUDIO DEL PAQUETE DE BATER\u00cdA EN VEH\u00cdCULOS EL\u00c9CTRICOS - De Lorenzo Training &amp; Didactical Equipment","isPartOf":{"@id":"https:\/\/delorenzoglobal.com\/es\/#website"},"primaryImageOfPage":{"@id":"https:\/\/delorenzoglobal.com\/es\/producto\/entrenador-para-el-estudio-del-paquete-de-bateria-en-vehiculos-electricos\/#primaryimage"},"image":{"@id":"https:\/\/delorenzoglobal.com\/es\/producto\/entrenador-para-el-estudio-del-paquete-de-bateria-en-vehiculos-electricos\/#primaryimage"},"thumbnailUrl":"https:\/\/delorenzoglobal.com\/wp-content\/uploads\/2024\/12\/DL-HV-BST.jpg","datePublished":"2024-12-19T13:28:32+00:00","dateModified":"2026-01-22T15:09:44+00:00","breadcrumb":{"@id":"https:\/\/delorenzoglobal.com\/es\/producto\/entrenador-para-el-estudio-del-paquete-de-bateria-en-vehiculos-electricos\/#breadcrumb"},"inLanguage":"es","potentialAction":[{"@type":"ReadAction","target":["https:\/\/delorenzoglobal.com\/es\/producto\/entrenador-para-el-estudio-del-paquete-de-bateria-en-vehiculos-electricos\/"]}]},{"@type":"ImageObject","inLanguage":"es","@id":"https:\/\/delorenzoglobal.com\/es\/producto\/entrenador-para-el-estudio-del-paquete-de-bateria-en-vehiculos-electricos\/#primaryimage","url":"https:\/\/delorenzoglobal.com\/wp-content\/uploads\/2024\/12\/DL-HV-BST.jpg","contentUrl":"https:\/\/delorenzoglobal.com\/wp-content\/uploads\/2024\/12\/DL-HV-BST.jpg","width":800,"height":459},{"@type":"BreadcrumbList","@id":"https:\/\/delorenzoglobal.com\/es\/producto\/entrenador-para-el-estudio-del-paquete-de-bateria-en-vehiculos-electricos\/#breadcrumb","itemListElement":[{"@type":"ListItem","position":1,"name":"Home","item":"https:\/\/delorenzoglobal.com\/es\/"},{"@type":"ListItem","position":2,"name":"Tienda","item":"https:\/\/delorenzoglobal.com\/es\/tienda\/"},{"@type":"ListItem","position":3,"name":"ENTRENADOR PARA EL ESTUDIO DEL PAQUETE DE BATER\u00cdA EN VEH\u00cdCULOS EL\u00c9CTRICOS"}]},{"@type":"WebSite","@id":"https:\/\/delorenzoglobal.com\/es\/#website","url":"https:\/\/delorenzoglobal.com\/es\/","name":"De Lorenzo Training &amp; Didactical Equipment","description":"","potentialAction":[{"@type":"SearchAction","target":{"@type":"EntryPoint","urlTemplate":"https:\/\/delorenzoglobal.com\/es\/?s={search_term_string}"},"query-input":{"@type":"PropertyValueSpecification","valueRequired":true,"valueName":"search_term_string"}}],"inLanguage":"es"}]}},"_links":{"self":[{"href":"https:\/\/delorenzoglobal.com\/es\/wp-json\/wp\/v2\/product\/24551","targetHints":{"allow":["GET"]}}],"collection":[{"href":"https:\/\/delorenzoglobal.com\/es\/wp-json\/wp\/v2\/product"}],"about":[{"href":"https:\/\/delorenzoglobal.com\/es\/wp-json\/wp\/v2\/types\/product"}],"wp:featuredmedia":[{"embeddable":true,"href":"https:\/\/delorenzoglobal.com\/es\/wp-json\/wp\/v2\/media\/24502"}],"wp:attachment":[{"href":"https:\/\/delorenzoglobal.com\/es\/wp-json\/wp\/v2\/media?parent=24551"}],"wp:term":[{"taxonomy":"product_brand","embeddable":true,"href":"https:\/\/delorenzoglobal.com\/es\/wp-json\/wp\/v2\/product_brand?post=24551"},{"taxonomy":"product_cat","embeddable":true,"href":"https:\/\/delorenzoglobal.com\/es\/wp-json\/wp\/v2\/product_cat?post=24551"},{"taxonomy":"product_tag","embeddable":true,"href":"https:\/\/delorenzoglobal.com\/es\/wp-json\/wp\/v2\/product_tag?post=24551"}],"curies":[{"name":"wp","href":"https:\/\/api.w.org\/{rel}","templated":true}]}}