{"id":2438,"date":"2024-04-10T09:46:02","date_gmt":"2024-04-10T07:46:02","guid":{"rendered":"https:\/\/delorenzoglobal.com\/?post_type=product&#038;p=2438"},"modified":"2025-01-20T12:47:36","modified_gmt":"2025-01-20T11:47:36","slug":"entrenador-de-neumatica-basica","status":"publish","type":"product","link":"https:\/\/delorenzoglobal.com\/es\/producto\/entrenador-de-neumatica-basica\/","title":{"rendered":"ENTRENADOR DE NEUM\u00c1TICA B\u00c1SICA"},"content":{"rendered":"<p>Este entrenador modular ha sido dise\u00f1ado para implementar programas de aplicaci\u00f3n completos en automatizaci\u00f3n neum\u00e1tica. Se puede utilizar para demostraciones y experimentos en el campo neum\u00e1tico.<br \/>\nEs una colecci\u00f3n de m\u00f3dulos montados sobre un bastidor, que incluye componentes neum\u00e1ticos y que utilizan aire comprimido para realizar trabajos en equipos automatizados, y se sugiere como estaci\u00f3n de trabajo para dos o tres estudiantes para colocar sobre cualquier mesa.<br \/>\nIncluye muchos de los componentes que necesitan tratamiento del aire comprimido como filtro con regulador de presi\u00f3n, man\u00f3metros, v\u00e1lvulas neum\u00e1ticas de operaci\u00f3n manual, v\u00e1lvulas de operaci\u00f3n neum\u00e1tica de diferentes tipos, v\u00e1lvulas l\u00f3gicas, cilindros SA y DA, finales de carrera neum\u00e1ticos, etc.<br \/>\nTodos los componentes est\u00e1n montados e identificados mediante s\u00edmbolos claros.<\/p>\n","protected":false},"excerpt":{"rendered":"<p>Este entrenador modular ha sido dise\u00f1ado para implementar programas de aplicaci\u00f3n completos en automatizaci\u00f3n neum\u00e1tica. Se puede utilizar para demostraciones y experimentos en el campo neum\u00e1tico. Es una colecci\u00f3n de m\u00f3dulos montados sobre un bastidor, que incluye componentes neum\u00e1ticos y que utilizan aire comprimido para realizar trabajos en equipos automatizados, y se sugiere como estaci\u00f3n [&hellip;]<\/p>\n","protected":false},"featured_media":21802,"template":"","meta":{"_acf_changed":false},"product_brand":[],"product_cat":[193],"product_tag":[],"class_list":{"0":"post-2438","1":"product","2":"type-product","3":"status-publish","4":"has-post-thumbnail","6":"product_cat-neumatica","8":"first","9":"instock","10":"shipping-taxable","11":"product-type-simple"},"acf":[],"yoast_head":"<!-- This site is optimized with the Yoast SEO plugin v27.0 - https:\/\/yoast.com\/product\/yoast-seo-wordpress\/ -->\n<title>ENTRENADOR DE NEUM\u00c1TICA B\u00c1SICA - De Lorenzo Training &amp; Didactical Equipment<\/title>\n<meta name=\"robots\" content=\"index, follow, max-snippet:-1, max-image-preview:large, max-video-preview:-1\" \/>\n<link rel=\"canonical\" href=\"https:\/\/delorenzoglobal.com\/es\/producto\/entrenador-de-neumatica-basica\/\" \/>\n<meta property=\"og:locale\" content=\"es_ES\" \/>\n<meta property=\"og:type\" content=\"article\" \/>\n<meta property=\"og:title\" content=\"ENTRENADOR DE NEUM\u00c1TICA B\u00c1SICA - De Lorenzo Training &amp; Didactical Equipment\" \/>\n<meta property=\"og:description\" content=\"Este entrenador modular ha sido dise\u00f1ado para implementar programas de aplicaci\u00f3n completos en automatizaci\u00f3n neum\u00e1tica. Se puede utilizar para demostraciones y experimentos en el campo neum\u00e1tico. Es una colecci\u00f3n de m\u00f3dulos montados sobre un bastidor, que incluye componentes neum\u00e1ticos y que utilizan aire comprimido para realizar trabajos en equipos automatizados, y se sugiere como estaci\u00f3n [&hellip;]\" \/>\n<meta property=\"og:url\" content=\"https:\/\/delorenzoglobal.com\/es\/producto\/entrenador-de-neumatica-basica\/\" \/>\n<meta property=\"og:site_name\" content=\"De Lorenzo Training &amp; Didactical Equipment\" \/>\n<meta property=\"article:modified_time\" content=\"2025-01-20T11:47:36+00:00\" \/>\n<meta property=\"og:image\" content=\"https:\/\/delorenzoglobal.com\/wp-content\/uploads\/2024\/04\/DL-8110PB.jpg\" \/>\n\t<meta property=\"og:image:width\" content=\"1546\" \/>\n\t<meta property=\"og:image:height\" content=\"1663\" \/>\n\t<meta property=\"og:image:type\" content=\"image\/jpeg\" \/>\n<meta name=\"twitter:card\" content=\"summary_large_image\" \/>\n<meta name=\"twitter:label1\" content=\"Tiempo de lectura\" \/>\n\t<meta name=\"twitter:data1\" content=\"1 minuto\" \/>\n<script type=\"application\/ld+json\" class=\"yoast-schema-graph\">{\"@context\":\"https:\/\/schema.org\",\"@graph\":[{\"@type\":\"WebPage\",\"@id\":\"https:\/\/delorenzoglobal.com\/es\/producto\/entrenador-de-neumatica-basica\/\",\"url\":\"https:\/\/delorenzoglobal.com\/es\/producto\/entrenador-de-neumatica-basica\/\",\"name\":\"ENTRENADOR DE NEUM\u00c1TICA B\u00c1SICA - De Lorenzo Training &amp; Didactical Equipment\",\"isPartOf\":{\"@id\":\"https:\/\/delorenzoglobal.com\/es\/#website\"},\"primaryImageOfPage\":{\"@id\":\"https:\/\/delorenzoglobal.com\/es\/producto\/entrenador-de-neumatica-basica\/#primaryimage\"},\"image\":{\"@id\":\"https:\/\/delorenzoglobal.com\/es\/producto\/entrenador-de-neumatica-basica\/#primaryimage\"},\"thumbnailUrl\":\"https:\/\/delorenzoglobal.com\/wp-content\/uploads\/2024\/04\/DL-8110PB.jpg\",\"datePublished\":\"2024-04-10T07:46:02+00:00\",\"dateModified\":\"2025-01-20T11:47:36+00:00\",\"breadcrumb\":{\"@id\":\"https:\/\/delorenzoglobal.com\/es\/producto\/entrenador-de-neumatica-basica\/#breadcrumb\"},\"inLanguage\":\"es\",\"potentialAction\":[{\"@type\":\"ReadAction\",\"target\":[\"https:\/\/delorenzoglobal.com\/es\/producto\/entrenador-de-neumatica-basica\/\"]}]},{\"@type\":\"ImageObject\",\"inLanguage\":\"es\",\"@id\":\"https:\/\/delorenzoglobal.com\/es\/producto\/entrenador-de-neumatica-basica\/#primaryimage\",\"url\":\"https:\/\/delorenzoglobal.com\/wp-content\/uploads\/2024\/04\/DL-8110PB.jpg\",\"contentUrl\":\"https:\/\/delorenzoglobal.com\/wp-content\/uploads\/2024\/04\/DL-8110PB.jpg\",\"width\":1546,\"height\":1663},{\"@type\":\"BreadcrumbList\",\"@id\":\"https:\/\/delorenzoglobal.com\/es\/producto\/entrenador-de-neumatica-basica\/#breadcrumb\",\"itemListElement\":[{\"@type\":\"ListItem\",\"position\":1,\"name\":\"Home\",\"item\":\"https:\/\/delorenzoglobal.com\/es\/\"},{\"@type\":\"ListItem\",\"position\":2,\"name\":\"Tienda\",\"item\":\"https:\/\/delorenzoglobal.com\/es\/tienda\/\"},{\"@type\":\"ListItem\",\"position\":3,\"name\":\"ENTRENADOR DE NEUM\u00c1TICA B\u00c1SICA\"}]},{\"@type\":\"WebSite\",\"@id\":\"https:\/\/delorenzoglobal.com\/es\/#website\",\"url\":\"https:\/\/delorenzoglobal.com\/es\/\",\"name\":\"De Lorenzo Training &amp; Didactical Equipment\",\"description\":\"\",\"potentialAction\":[{\"@type\":\"SearchAction\",\"target\":{\"@type\":\"EntryPoint\",\"urlTemplate\":\"https:\/\/delorenzoglobal.com\/es\/?s={search_term_string}\"},\"query-input\":{\"@type\":\"PropertyValueSpecification\",\"valueRequired\":true,\"valueName\":\"search_term_string\"}}],\"inLanguage\":\"es\"}]}<\/script>\n<!-- \/ Yoast SEO plugin. -->","yoast_head_json":{"title":"ENTRENADOR DE NEUM\u00c1TICA B\u00c1SICA - De Lorenzo Training &amp; Didactical Equipment","robots":{"index":"index","follow":"follow","max-snippet":"max-snippet:-1","max-image-preview":"max-image-preview:large","max-video-preview":"max-video-preview:-1"},"canonical":"https:\/\/delorenzoglobal.com\/es\/producto\/entrenador-de-neumatica-basica\/","og_locale":"es_ES","og_type":"article","og_title":"ENTRENADOR DE NEUM\u00c1TICA B\u00c1SICA - De Lorenzo Training &amp; Didactical Equipment","og_description":"Este entrenador modular ha sido dise\u00f1ado para implementar programas de aplicaci\u00f3n completos en automatizaci\u00f3n neum\u00e1tica. Se puede utilizar para demostraciones y experimentos en el campo neum\u00e1tico. Es una colecci\u00f3n de m\u00f3dulos montados sobre un bastidor, que incluye componentes neum\u00e1ticos y que utilizan aire comprimido para realizar trabajos en equipos automatizados, y se sugiere como estaci\u00f3n [&hellip;]","og_url":"https:\/\/delorenzoglobal.com\/es\/producto\/entrenador-de-neumatica-basica\/","og_site_name":"De Lorenzo Training &amp; Didactical Equipment","article_modified_time":"2025-01-20T11:47:36+00:00","og_image":[{"width":1546,"height":1663,"url":"https:\/\/delorenzoglobal.com\/wp-content\/uploads\/2024\/04\/DL-8110PB.jpg","type":"image\/jpeg"}],"twitter_card":"summary_large_image","twitter_misc":{"Tiempo de lectura":"1 minuto"},"schema":{"@context":"https:\/\/schema.org","@graph":[{"@type":"WebPage","@id":"https:\/\/delorenzoglobal.com\/es\/producto\/entrenador-de-neumatica-basica\/","url":"https:\/\/delorenzoglobal.com\/es\/producto\/entrenador-de-neumatica-basica\/","name":"ENTRENADOR DE NEUM\u00c1TICA B\u00c1SICA - De Lorenzo Training &amp; Didactical Equipment","isPartOf":{"@id":"https:\/\/delorenzoglobal.com\/es\/#website"},"primaryImageOfPage":{"@id":"https:\/\/delorenzoglobal.com\/es\/producto\/entrenador-de-neumatica-basica\/#primaryimage"},"image":{"@id":"https:\/\/delorenzoglobal.com\/es\/producto\/entrenador-de-neumatica-basica\/#primaryimage"},"thumbnailUrl":"https:\/\/delorenzoglobal.com\/wp-content\/uploads\/2024\/04\/DL-8110PB.jpg","datePublished":"2024-04-10T07:46:02+00:00","dateModified":"2025-01-20T11:47:36+00:00","breadcrumb":{"@id":"https:\/\/delorenzoglobal.com\/es\/producto\/entrenador-de-neumatica-basica\/#breadcrumb"},"inLanguage":"es","potentialAction":[{"@type":"ReadAction","target":["https:\/\/delorenzoglobal.com\/es\/producto\/entrenador-de-neumatica-basica\/"]}]},{"@type":"ImageObject","inLanguage":"es","@id":"https:\/\/delorenzoglobal.com\/es\/producto\/entrenador-de-neumatica-basica\/#primaryimage","url":"https:\/\/delorenzoglobal.com\/wp-content\/uploads\/2024\/04\/DL-8110PB.jpg","contentUrl":"https:\/\/delorenzoglobal.com\/wp-content\/uploads\/2024\/04\/DL-8110PB.jpg","width":1546,"height":1663},{"@type":"BreadcrumbList","@id":"https:\/\/delorenzoglobal.com\/es\/producto\/entrenador-de-neumatica-basica\/#breadcrumb","itemListElement":[{"@type":"ListItem","position":1,"name":"Home","item":"https:\/\/delorenzoglobal.com\/es\/"},{"@type":"ListItem","position":2,"name":"Tienda","item":"https:\/\/delorenzoglobal.com\/es\/tienda\/"},{"@type":"ListItem","position":3,"name":"ENTRENADOR DE NEUM\u00c1TICA B\u00c1SICA"}]},{"@type":"WebSite","@id":"https:\/\/delorenzoglobal.com\/es\/#website","url":"https:\/\/delorenzoglobal.com\/es\/","name":"De Lorenzo Training &amp; Didactical Equipment","description":"","potentialAction":[{"@type":"SearchAction","target":{"@type":"EntryPoint","urlTemplate":"https:\/\/delorenzoglobal.com\/es\/?s={search_term_string}"},"query-input":{"@type":"PropertyValueSpecification","valueRequired":true,"valueName":"search_term_string"}}],"inLanguage":"es"}]}},"_links":{"self":[{"href":"https:\/\/delorenzoglobal.com\/es\/wp-json\/wp\/v2\/product\/2438","targetHints":{"allow":["GET"]}}],"collection":[{"href":"https:\/\/delorenzoglobal.com\/es\/wp-json\/wp\/v2\/product"}],"about":[{"href":"https:\/\/delorenzoglobal.com\/es\/wp-json\/wp\/v2\/types\/product"}],"wp:featuredmedia":[{"embeddable":true,"href":"https:\/\/delorenzoglobal.com\/es\/wp-json\/wp\/v2\/media\/21802"}],"wp:attachment":[{"href":"https:\/\/delorenzoglobal.com\/es\/wp-json\/wp\/v2\/media?parent=2438"}],"wp:term":[{"taxonomy":"product_brand","embeddable":true,"href":"https:\/\/delorenzoglobal.com\/es\/wp-json\/wp\/v2\/product_brand?post=2438"},{"taxonomy":"product_cat","embeddable":true,"href":"https:\/\/delorenzoglobal.com\/es\/wp-json\/wp\/v2\/product_cat?post=2438"},{"taxonomy":"product_tag","embeddable":true,"href":"https:\/\/delorenzoglobal.com\/es\/wp-json\/wp\/v2\/product_tag?post=2438"}],"curies":[{"name":"wp","href":"https:\/\/api.w.org\/{rel}","templated":true}]}}